{"id":343,"date":"2011-04-02T15:53:46","date_gmt":"2011-04-02T13:53:46","guid":{"rendered":"http:\/\/www.bilderstapel.de\/test\/wp\/?page_id=343"},"modified":"2011-05-31T20:00:53","modified_gmt":"2011-05-31T18:00:53","slug":"schweden","status":"publish","type":"page","link":"http:\/\/www.denkfried.de\/wp\/?page_id=343","title":{"rendered":"Schweden"},"content":{"rendered":"<p>&nbsp;<\/p>\n<p>Hauptstadt: <span style=\"text-decoration: underline; color: #ff0000;\"><strong>Stockholm<\/strong><\/span><\/p>\n<p>Kriegsgr\u00e4berabkommen: 21.09.1966<\/p>\n<p>Die  Anzahl der Toten erheben nicht den Anspruch auf Richtigkeit und  Vollst\u00e4ndigkeit. Durch zwischenzeitliche Bergungen k\u00f6nnen sich die  Zahlen st\u00e4ndig \u00e4ndern.<\/p>\n<p>Schweden war w\u00e4hrend des Zweiten  Weltkrieges ein neutrales Land.Da es zu keinen Kampfhandlungen auf dem  Boden von Schweden gab, so sind doch Kriegstote bestattet.<br \/>\nEs handelt sich vor allem um abgest\u00fcrzte Flugzeugbestzungen, angeschwemmte Tote und auf Transporten verstorbene Menschen.<\/p>\n<p><a title=\"G\u00d6TEBORG\" href=\"http:\/\/www.denkfried.de\/wp\/?page_id=1844\">G\u00f6teborg-Kviberg<\/a><br \/>\n<a title=\"HELSINGBORG-PALSJ\u00d6-FRIEDHOF\" href=\"http:\/\/www.denkfried.de\/wp\/?page_id=1847\">Helsingborg<\/a><\/p>\n<p><a title=\"HELSINGBORG-brit.FH\" href=\"http:\/\/www.denkfried.de\/wp\/?page_id=1857\">Helsingborg-briti.FH<\/a><br \/>\n<a title=\"TRELLEBORG\" href=\"http:\/\/www.denkfried.de\/wp\/?page_id=1866\">Trelleborg<\/a><\/p>\n<p>&nbsp;<\/p>\n","protected":false},"excerpt":{"rendered":"<p>&nbsp; Hauptstadt: Stockholm Kriegsgr\u00e4berabkommen: 21.09.1966 Die Anzahl der Toten erheben nicht den Anspruch auf Richtigkeit und Vollst\u00e4ndigkeit. Durch zwischenzeitliche Bergungen k\u00f6nnen sich die Zahlen st\u00e4ndig \u00e4ndern. Schweden war w\u00e4hrend des Zweiten Weltkrieges ein neutrales Land.Da es zu keinen Kampfhandlungen auf &hellip; <a href=\"http:\/\/www.denkfried.de\/wp\/?page_id=343\">Weiterlesen <span class=\"meta-nav\">&rarr;<\/span><\/a><\/p>\n","protected":false},"author":2,"featured_media":0,"parent":122,"menu_order":27,"comment_status":"open","ping_status":"open","template":"","meta":{"footnotes":""},"class_list":["post-343","page","type-page","status-publish","hentry"],"_links":{"self":[{"href":"http:\/\/www.denkfried.de\/wp\/index.php?rest_route=\/wp\/v2\/pages\/343","targetHints":{"allow":["GET"]}}],"collection":[{"href":"http:\/\/www.denkfried.de\/wp\/index.php?rest_route=\/wp\/v2\/pages"}],"about":[{"href":"http:\/\/www.denkfried.de\/wp\/index.php?rest_route=\/wp\/v2\/types\/page"}],"author":[{"embeddable":true,"href":"http:\/\/www.denkfried.de\/wp\/index.php?rest_route=\/wp\/v2\/users\/2"}],"replies":[{"embeddable":true,"href":"http:\/\/www.denkfried.de\/wp\/index.php?rest_route=%2Fwp%2Fv2%2Fcomments&post=343"}],"version-history":[{"count":6,"href":"http:\/\/www.denkfried.de\/wp\/index.php?rest_route=\/wp\/v2\/pages\/343\/revisions"}],"predecessor-version":[{"id":8736,"href":"http:\/\/www.denkfried.de\/wp\/index.php?rest_route=\/wp\/v2\/pages\/343\/revisions\/8736"}],"up":[{"embeddable":true,"href":"http:\/\/www.denkfried.de\/wp\/index.php?rest_route=\/wp\/v2\/pages\/122"}],"wp:attachment":[{"href":"http:\/\/www.denkfried.de\/wp\/index.php?rest_route=%2Fwp%2Fv2%2Fmedia&parent=343"}],"curies":[{"name":"wp","href":"https:\/\/api.w.org\/{rel}","templated":true}]}}