{"id":3426,"date":"2011-04-16T21:08:09","date_gmt":"2011-04-16T19:08:09","guid":{"rendered":"http:\/\/www.denkfried.de\/wp\/?page_id=3426"},"modified":"2011-06-01T22:50:10","modified_gmt":"2011-06-01T20:50:10","slug":"monheim-weilheim","status":"publish","type":"page","link":"http:\/\/www.denkfried.de\/wp\/?page_id=3426","title":{"rendered":"Monheim-Weilheim"},"content":{"rendered":"<p>&nbsp;<\/p>\n<p><span style=\"text-decoration: underline; color: #ff0000;\"><strong>86653 Monheim-Weilheim<\/strong><\/span><\/p>\n<p><span style=\"color: #ff0000;\"><\/span><span style=\"color: #ff0000;\"><span style=\"color: #000000;\">1 Kriegsgr\u00e4berst\u00e4tte mit 9 Toten<\/span><\/span><span style=\"text-decoration: underline; color: #ff0000;\"><strong><br \/>\n<\/strong><\/span><\/p>\n<p>Auf  dem kleinen Ortsfriedhof in Monheim-Weilheim gleich hinter der Kirche  wurde ein Gemeinschaftsgrab f\u00fcr 9 Polen die beim Bombenangriff vom  21.4.1945 get\u00f6tet wurden angelegt. Ihre Namen wurden auf einer  Bronzetafel verewigt. Die Anlage macht einen gepflegten Eindruck.<\/p>\n<p>Beitrag und Fotos von Hubert M.<\/p>\n<div id='gallery-1' class='gallery galleryid-3426 gallery-columns-4 gallery-size-thumbnail'><dl class='gallery-item'>\n\t\t\t<dt class='gallery-icon portrait'>\n\t\t\t\t<a href='http:\/\/www.denkfried.de\/wp\/?attachment_id=3427'><img loading=\"lazy\" decoding=\"async\" width=\"150\" height=\"150\" src=\"http:\/\/www.denkfried.de\/wp\/wp-content\/uploads\/2011\/04\/Kriegsgr\u00e4berst\u00e4tte-Mohnheim-Weilheim-02-150x150.jpg\" class=\"attachment-thumbnail size-thumbnail\" alt=\"\" \/><\/a>\n\t\t\t<\/dt><\/dl><dl class='gallery-item'>\n\t\t\t<dt class='gallery-icon landscape'>\n\t\t\t\t<a href='http:\/\/www.denkfried.de\/wp\/?attachment_id=3428'><img loading=\"lazy\" decoding=\"async\" width=\"150\" height=\"150\" src=\"http:\/\/www.denkfried.de\/wp\/wp-content\/uploads\/2011\/04\/Kriegsgr\u00e4berst\u00e4tte-Mohnheim-Weilheim01-150x150.jpg\" class=\"attachment-thumbnail size-thumbnail\" alt=\"\" \/><\/a>\n\t\t\t<\/dt><\/dl>\n\t\t\t<br style='clear: both' \/>\n\t\t<\/div>\n\n","protected":false},"excerpt":{"rendered":"<p>&nbsp; 86653 Monheim-Weilheim 1 Kriegsgr\u00e4berst\u00e4tte mit 9 Toten Auf dem kleinen Ortsfriedhof in Monheim-Weilheim gleich hinter der Kirche wurde ein Gemeinschaftsgrab f\u00fcr 9 Polen die beim Bombenangriff vom 21.4.1945 get\u00f6tet wurden angelegt. Ihre Namen wurden auf einer Bronzetafel verewigt. Die &hellip; <a href=\"http:\/\/www.denkfried.de\/wp\/?page_id=3426\">Weiterlesen <span class=\"meta-nav\">&rarr;<\/span><\/a><\/p>\n","protected":false},"author":2,"featured_media":0,"parent":3422,"menu_order":0,"comment_status":"closed","ping_status":"open","template":"","meta":{"footnotes":""},"class_list":["post-3426","page","type-page","status-publish","hentry"],"_links":{"self":[{"href":"http:\/\/www.denkfried.de\/wp\/index.php?rest_route=\/wp\/v2\/pages\/3426","targetHints":{"allow":["GET"]}}],"collection":[{"href":"http:\/\/www.denkfried.de\/wp\/index.php?rest_route=\/wp\/v2\/pages"}],"about":[{"href":"http:\/\/www.denkfried.de\/wp\/index.php?rest_route=\/wp\/v2\/types\/page"}],"author":[{"embeddable":true,"href":"http:\/\/www.denkfried.de\/wp\/index.php?rest_route=\/wp\/v2\/users\/2"}],"replies":[{"embeddable":true,"href":"http:\/\/www.denkfried.de\/wp\/index.php?rest_route=%2Fwp%2Fv2%2Fcomments&post=3426"}],"version-history":[{"count":4,"href":"http:\/\/www.denkfried.de\/wp\/index.php?rest_route=\/wp\/v2\/pages\/3426\/revisions"}],"predecessor-version":[{"id":3431,"href":"http:\/\/www.denkfried.de\/wp\/index.php?rest_route=\/wp\/v2\/pages\/3426\/revisions\/3431"}],"up":[{"embeddable":true,"href":"http:\/\/www.denkfried.de\/wp\/index.php?rest_route=\/wp\/v2\/pages\/3422"}],"wp:attachment":[{"href":"http:\/\/www.denkfried.de\/wp\/index.php?rest_route=%2Fwp%2Fv2%2Fmedia&parent=3426"}],"curies":[{"name":"wp","href":"https:\/\/api.w.org\/{rel}","templated":true}]}}