{"id":34232,"date":"2014-02-18T16:30:27","date_gmt":"2014-02-18T15:30:27","guid":{"rendered":"http:\/\/www.denkfried.de\/wp\/?page_id=34232"},"modified":"2014-03-09T13:59:11","modified_gmt":"2014-03-09T12:59:11","slug":"marzahn","status":"publish","type":"page","link":"http:\/\/www.denkfried.de\/wp\/?page_id=34232","title":{"rendered":"Marzahn"},"content":{"rendered":"<p>&nbsp;<\/p>\n<p><strong>Berlin-Marzahn<\/strong><\/p>\n<p>Marzahn ist ein Ortsteil im Berliner Bezirk Marzahn-Hellersdorf. Der Begriff Marzahn bezeichnet zugleich den ehemaligen Berliner Stadtbezirk Marzahn und die gr\u00f6\u00dfte Gro\u00dfsiedlung auf dem seinerzeitigen Gebiet der DDR.<\/p>\n<p>Der Ortsteil Marzahn geht auf ein mittelalterliches Angerdorf zur\u00fcck, das, seinen d\u00f6rflichen Charakter bewahrend, noch heute erhalten ist. Der Dorfkern steht seit 1977 unter Denkmalschutz. Infos: <a href=\"http:\/\/de.wikipedia.org\/wiki\/Berlin-Marzahn\">Wikipedia.de<\/a><\/p>\n<ul>\n<li><a href=\"http:\/\/www.denkfried.de\/wp\/?page_id=34213\">Marzahn &#8211; Denkmal, Gedenktafel<\/a><\/li>\n<li><a href=\"http:\/\/www.denkfried.de\/wp\/?page_id=34280\">Marzahn &#8211; Alter Dorfkirchhof<\/a><\/li>\n<li><a href=\"http:\/\/www.denkfried.de\/wp\/?page_id=4542\">Marzahn &#8211; Parkfriedhof Kriegsgr\u00e4ber, Denkm\u00e4ler<\/a><\/li>\n<li><a href=\"http:\/\/www.denkfried.de\/wp\/?page_id=34255\">Marzahn &#8211; Parkfriedhof Opfer des Faschismus<\/a><\/li>\n<li><a href=\"http:\/\/www.denkfried.de\/wp\/?page_id=34242\">Marzahn &#8211; Sowjetischer Ehrenfriedhof<\/a><\/li>\n<\/ul>\n","protected":false},"excerpt":{"rendered":"<p>&nbsp; Berlin-Marzahn Marzahn ist ein Ortsteil im Berliner Bezirk Marzahn-Hellersdorf. Der Begriff Marzahn bezeichnet zugleich den ehemaligen Berliner Stadtbezirk Marzahn und die gr\u00f6\u00dfte Gro\u00dfsiedlung auf dem seinerzeitigen Gebiet der DDR. Der Ortsteil Marzahn geht auf ein mittelalterliches Angerdorf zur\u00fcck, das, &hellip; <a href=\"http:\/\/www.denkfried.de\/wp\/?page_id=34232\">Weiterlesen <span class=\"meta-nav\">&rarr;<\/span><\/a><\/p>\n","protected":false},"author":9,"featured_media":0,"parent":4539,"menu_order":0,"comment_status":"closed","ping_status":"open","template":"","meta":{"footnotes":""},"class_list":["post-34232","page","type-page","status-publish","hentry"],"_links":{"self":[{"href":"http:\/\/www.denkfried.de\/wp\/index.php?rest_route=\/wp\/v2\/pages\/34232","targetHints":{"allow":["GET"]}}],"collection":[{"href":"http:\/\/www.denkfried.de\/wp\/index.php?rest_route=\/wp\/v2\/pages"}],"about":[{"href":"http:\/\/www.denkfried.de\/wp\/index.php?rest_route=\/wp\/v2\/types\/page"}],"author":[{"embeddable":true,"href":"http:\/\/www.denkfried.de\/wp\/index.php?rest_route=\/wp\/v2\/users\/9"}],"replies":[{"embeddable":true,"href":"http:\/\/www.denkfried.de\/wp\/index.php?rest_route=%2Fwp%2Fv2%2Fcomments&post=34232"}],"version-history":[{"count":10,"href":"http:\/\/www.denkfried.de\/wp\/index.php?rest_route=\/wp\/v2\/pages\/34232\/revisions"}],"predecessor-version":[{"id":34689,"href":"http:\/\/www.denkfried.de\/wp\/index.php?rest_route=\/wp\/v2\/pages\/34232\/revisions\/34689"}],"up":[{"embeddable":true,"href":"http:\/\/www.denkfried.de\/wp\/index.php?rest_route=\/wp\/v2\/pages\/4539"}],"wp:attachment":[{"href":"http:\/\/www.denkfried.de\/wp\/index.php?rest_route=%2Fwp%2Fv2%2Fmedia&parent=34232"}],"curies":[{"name":"wp","href":"https:\/\/api.w.org\/{rel}","templated":true}]}}