{"id":3413,"date":"2011-04-16T20:59:34","date_gmt":"2011-04-16T18:59:34","guid":{"rendered":"http:\/\/www.denkfried.de\/wp\/?page_id=3413"},"modified":"2012-12-08T15:13:39","modified_gmt":"2012-12-08T14:13:39","slug":"lk-augsburg","status":"publish","type":"page","link":"http:\/\/www.denkfried.de\/wp\/?page_id=3413","title":{"rendered":"LK AUGSBURG"},"content":{"rendered":"<p>&nbsp;<\/p>\n<p>Verwaltungssitz: <span style=\"text-decoration: underline;\"><strong>86150 Augsburg, Prinzregentenplatz 4<\/strong><\/span><\/p>\n<p>******************************************************<\/p>\n<p><strong>St\u00e4dte<\/strong><\/p>\n<ul>\n<li><a title=\"Bobingen\" href=\"http:\/\/www.denkfried.de\/wp\/?page_id=3416\">Bobingen<\/a><\/li>\n<li>Gersthofen<\/li>\n<li>K\u00f6nigsbrunn<\/li>\n<li>Neus\u00e4\u00df<\/li>\n<li>Schwabm\u00fcnchen<\/li>\n<li>Stadtbergen<\/li>\n<\/ul>\n<p><strong>M\u00e4rkte<\/strong><\/p>\n<ul>\n<li>Biberbach<\/li>\n<li>Diedorf<\/li>\n<li>Dinkelscherben<\/li>\n<li>Fischach<\/li>\n<li>Meitingen<\/li>\n<li>Thierhaupten<\/li>\n<li>Welden<\/li>\n<li>Zusmarshausen<\/li>\n<\/ul>\n<p><strong>Gemeinden<\/strong><\/p>\n<ul>\n<li>Adelsried<\/li>\n<li>Allmannshofen<\/li>\n<li>Altenm\u00fcnster<\/li>\n<li>Aystetten<\/li>\n<li>Bonstetten<\/li>\n<li>Ehingen<\/li>\n<li>Ellgau<\/li>\n<li>Emersacker<\/li>\n<li>Gablingen<\/li>\n<li>Gessertshausen<\/li>\n<li>Graben<\/li>\n<li>Gro\u00dfaitingen<\/li>\n<li>Heretsried<\/li>\n<li>Hiltenfingen<\/li>\n<li>Horgau<\/li>\n<li>Kleinaitingen<\/li>\n<li>Klosterlechfeld<\/li>\n<li>K\u00fchlenthal<\/li>\n<li>Kutzenhausen<\/li>\n<li>Langenneufnach<\/li>\n<li>Langerringen<\/li>\n<li>Langweid a. Lech<\/li>\n<li>Mickhausen<\/li>\n<li>Mittelneufnach<\/li>\n<li>Nordendorf<\/li>\n<li>Oberottmarshausen<\/li>\n<li>Scherstetten<\/li>\n<li>Untermeitingen<\/li>\n<li>Ustersbach<\/li>\n<li>Walkertshofen<\/li>\n<li>Wehringen<\/li>\n<li>Westendorf<\/li>\n<\/ul>\n<p>&nbsp;<\/p>\n","protected":false},"excerpt":{"rendered":"<p>&nbsp; Verwaltungssitz: 86150 Augsburg, Prinzregentenplatz 4 ****************************************************** St\u00e4dte Bobingen Gersthofen K\u00f6nigsbrunn Neus\u00e4\u00df Schwabm\u00fcnchen Stadtbergen M\u00e4rkte Biberbach Diedorf Dinkelscherben Fischach Meitingen Thierhaupten Welden Zusmarshausen Gemeinden Adelsried Allmannshofen Altenm\u00fcnster Aystetten Bonstetten Ehingen Ellgau Emersacker Gablingen Gessertshausen Graben Gro\u00dfaitingen Heretsried Hiltenfingen Horgau Kleinaitingen &hellip; <a href=\"http:\/\/www.denkfried.de\/wp\/?page_id=3413\">Weiterlesen <span class=\"meta-nav\">&rarr;<\/span><\/a><\/p>\n","protected":false},"author":2,"featured_media":0,"parent":27824,"menu_order":0,"comment_status":"closed","ping_status":"open","template":"","meta":{"footnotes":""},"class_list":["post-3413","page","type-page","status-publish","hentry"],"_links":{"self":[{"href":"http:\/\/www.denkfried.de\/wp\/index.php?rest_route=\/wp\/v2\/pages\/3413","targetHints":{"allow":["GET"]}}],"collection":[{"href":"http:\/\/www.denkfried.de\/wp\/index.php?rest_route=\/wp\/v2\/pages"}],"about":[{"href":"http:\/\/www.denkfried.de\/wp\/index.php?rest_route=\/wp\/v2\/types\/page"}],"author":[{"embeddable":true,"href":"http:\/\/www.denkfried.de\/wp\/index.php?rest_route=\/wp\/v2\/users\/2"}],"replies":[{"embeddable":true,"href":"http:\/\/www.denkfried.de\/wp\/index.php?rest_route=%2Fwp%2Fv2%2Fcomments&post=3413"}],"version-history":[{"count":7,"href":"http:\/\/www.denkfried.de\/wp\/index.php?rest_route=\/wp\/v2\/pages\/3413\/revisions"}],"predecessor-version":[{"id":8782,"href":"http:\/\/www.denkfried.de\/wp\/index.php?rest_route=\/wp\/v2\/pages\/3413\/revisions\/8782"}],"up":[{"embeddable":true,"href":"http:\/\/www.denkfried.de\/wp\/index.php?rest_route=\/wp\/v2\/pages\/27824"}],"wp:attachment":[{"href":"http:\/\/www.denkfried.de\/wp\/index.php?rest_route=%2Fwp%2Fv2%2Fmedia&parent=3413"}],"curies":[{"name":"wp","href":"https:\/\/api.w.org\/{rel}","templated":true}]}}