{"id":34113,"date":"2014-02-14T15:57:02","date_gmt":"2014-02-14T14:57:02","guid":{"rendered":"http:\/\/www.denkfried.de\/wp\/?page_id=34113"},"modified":"2015-07-31T09:44:00","modified_gmt":"2015-07-31T07:44:00","slug":"friedrich-ebert-oberschule","status":"publish","type":"page","link":"http:\/\/www.denkfried.de\/wp\/?page_id=34113","title":{"rendered":"Friedrich-Ebert Oberschule"},"content":{"rendered":"<p>&nbsp;<\/p>\n<p><strong>Berlin-Wilmersdorf <\/strong><\/p>\n<p>Friedrich-Ebert Oberschule, Blissestra\u00dfe\u00a022. Im selben Geb\u00e4ude befindet sich au\u00dferdem das Abendgymnasium Peter-A.-Silbermann-Schule.<\/p>\n<p>Bericht und Bilder von Thomas\u00a0<a href=\"http:\/\/g-bb.jimdo.com\/\">Gefallenendenkm\u00e4ler Berlin\/Brandenburg<\/a><\/p>\n<div id='gallery-1' class='gallery galleryid-34113 gallery-columns-4 gallery-size-thumbnail'><dl class='gallery-item'>\n\t\t\t<dt class='gallery-icon portrait'>\n\t\t\t\t<a href='http:\/\/www.denkfried.de\/wp\/?attachment_id=34117'><img loading=\"lazy\" decoding=\"async\" width=\"150\" height=\"150\" src=\"http:\/\/www.denkfried.de\/wp\/wp-content\/uploads\/2014\/02\/Berlin-Wilmersdorf-Denkmal-Silbermannschule-2-150x150.jpg\" class=\"attachment-thumbnail size-thumbnail\" alt=\"\" \/><\/a>\n\t\t\t<\/dt><\/dl><dl class='gallery-item'>\n\t\t\t<dt class='gallery-icon portrait'>\n\t\t\t\t<a href='http:\/\/www.denkfried.de\/wp\/?attachment_id=34116'><img loading=\"lazy\" decoding=\"async\" width=\"150\" height=\"150\" src=\"http:\/\/www.denkfried.de\/wp\/wp-content\/uploads\/2014\/02\/Berlin-Wilmersdorf-Denkmal-Silbermannschule-150x150.jpg\" class=\"attachment-thumbnail size-thumbnail\" alt=\"\" \/><\/a>\n\t\t\t<\/dt><\/dl><dl class='gallery-item'>\n\t\t\t<dt class='gallery-icon landscape'>\n\t\t\t\t<a href='http:\/\/www.denkfried.de\/wp\/?attachment_id=34118'><img loading=\"lazy\" decoding=\"async\" width=\"150\" height=\"150\" src=\"http:\/\/www.denkfried.de\/wp\/wp-content\/uploads\/2014\/02\/Berlin-Wilmersdorf-Denkmal-Silbermannschule-3-150x150.jpg\" class=\"attachment-thumbnail size-thumbnail\" alt=\"\" \/><\/a>\n\t\t\t<\/dt><\/dl><dl class='gallery-item'>\n\t\t\t<dt class='gallery-icon landscape'>\n\t\t\t\t<a href='http:\/\/www.denkfried.de\/wp\/?attachment_id=34119'><img loading=\"lazy\" decoding=\"async\" width=\"150\" height=\"150\" src=\"http:\/\/www.denkfried.de\/wp\/wp-content\/uploads\/2014\/02\/Gedenktafel-Silbermannschule-Berlin-Wilmersdorf-150x150.jpg\" class=\"attachment-thumbnail size-thumbnail\" alt=\"\" \/><\/a>\n\t\t\t<\/dt><\/dl><br style=\"clear: both\" \/>\n\t\t<\/div>\n\n<p><strong>Denkmal<\/strong><\/p>\n<p>Auf dem Schulhof befinet sich ein Gedenkstein. Im Denkmal ist die Zahl 1919 angegeben, warscheinlich wurde das Denkmal in diesem Jahr aufgestellt. Darunter ist folgende Inschrift:<\/p>\n<address style=\"text-align: center;\"><em><strong>Unseren Toten<\/strong><\/em><\/address>\n<address style=\"text-align: center;\"><em><strong>Zum<\/strong><\/em><\/address>\n<address style=\"text-align: center;\"><em><strong>Gedenken<\/strong><\/em><\/address>\n<address style=\"text-align: center;\">\u00a0<\/address>\n<p><strong>Gedenktafel<\/strong><\/p>\n<p>Die Edelstahltafel wurde am 6.7.2009 links neben der Eingangst\u00fcr zur Peter-A.-Silbermann-Schule (und zum Friedrich-Ebert-Gymnasium) enth\u00fcllt. Sie wurde von Bernd Karl Vogel, Absolvent des Jahrgans 1963 der Peter-A.-Silbermann-Schule angeregt.<br \/>\nvgl. die Rede des Stellvertretenden Bezirksb\u00fcrgermeisters Klaus-Dieter Gr\u00f6hler zur Enth\u00fcllung<\/p>\n<p>Inschrift:<\/p>\n<p style=\"text-align: center;\">Am ersten Abendgymnasium f\u00fcr Berufst\u00e4tige in Deutschland,<br \/>\nder heutigen Peter-A.-Silbermann-Schule, war<br \/>\n<strong>Dr. Mildred Harnack-Fish<\/strong><br \/>\n(16.9.1902 in Milwaukee, Wisconsin &#8211; 16.2.1943 Berlin)<br \/>\nvon 1932 bis 1936 als Englischlehrerin t\u00e4tig.<br \/>\nMit ihren Sch\u00fclern Karl Behrens, Bodo Schl\u00f6singer und Wilhelm Utech<br \/>\ngeh\u00f6rte sie zum Widerstandskreis um ihren Mann Arvid Harnack.<br \/>\nIm Herbst 1942 wurden das Ehepaar Harnack und Karl Behrens<br \/>\nverhaftet, zum Tode verurteilt und sp\u00e4ter in Pl\u00f6tzensee ermordet.<\/p>\n<p style=\"text-align: left;\">Quelle: Informationen zur Gedenktafel von <a href=\"http:\/\/www.berlin.de\/ba-charlottenburg-wilmersdorf\/bezirk\/gedenktafeln\/harnackfish.html\">Berlin.de<\/a><\/p>\n","protected":false},"excerpt":{"rendered":"<p>&nbsp; Berlin-Wilmersdorf Friedrich-Ebert Oberschule, Blissestra\u00dfe\u00a022. Im selben Geb\u00e4ude befindet sich au\u00dferdem das Abendgymnasium Peter-A.-Silbermann-Schule. Bericht und Bilder von Thomas\u00a0Gefallenendenkm\u00e4ler Berlin\/Brandenburg Denkmal Auf dem Schulhof befinet sich ein Gedenkstein. Im Denkmal ist die Zahl 1919 angegeben, warscheinlich wurde das Denkmal in &hellip; <a href=\"http:\/\/www.denkfried.de\/wp\/?page_id=34113\">Weiterlesen <span class=\"meta-nav\">&rarr;<\/span><\/a><\/p>\n","protected":false},"author":9,"featured_media":0,"parent":15516,"menu_order":0,"comment_status":"closed","ping_status":"open","template":"","meta":{"footnotes":""},"class_list":["post-34113","page","type-page","status-publish","hentry"],"_links":{"self":[{"href":"http:\/\/www.denkfried.de\/wp\/index.php?rest_route=\/wp\/v2\/pages\/34113","targetHints":{"allow":["GET"]}}],"collection":[{"href":"http:\/\/www.denkfried.de\/wp\/index.php?rest_route=\/wp\/v2\/pages"}],"about":[{"href":"http:\/\/www.denkfried.de\/wp\/index.php?rest_route=\/wp\/v2\/types\/page"}],"author":[{"embeddable":true,"href":"http:\/\/www.denkfried.de\/wp\/index.php?rest_route=\/wp\/v2\/users\/9"}],"replies":[{"embeddable":true,"href":"http:\/\/www.denkfried.de\/wp\/index.php?rest_route=%2Fwp%2Fv2%2Fcomments&post=34113"}],"version-history":[{"count":8,"href":"http:\/\/www.denkfried.de\/wp\/index.php?rest_route=\/wp\/v2\/pages\/34113\/revisions"}],"predecessor-version":[{"id":38863,"href":"http:\/\/www.denkfried.de\/wp\/index.php?rest_route=\/wp\/v2\/pages\/34113\/revisions\/38863"}],"up":[{"embeddable":true,"href":"http:\/\/www.denkfried.de\/wp\/index.php?rest_route=\/wp\/v2\/pages\/15516"}],"wp:attachment":[{"href":"http:\/\/www.denkfried.de\/wp\/index.php?rest_route=%2Fwp%2Fv2%2Fmedia&parent=34113"}],"curies":[{"name":"wp","href":"https:\/\/api.w.org\/{rel}","templated":true}]}}