{"id":34050,"date":"2014-02-11T15:25:53","date_gmt":"2014-02-11T14:25:53","guid":{"rendered":"http:\/\/www.denkfried.de\/wp\/?page_id=34050"},"modified":"2014-02-13T15:24:20","modified_gmt":"2014-02-13T14:24:20","slug":"koepenick-gedenken-juedischer-opfer","status":"publish","type":"page","link":"http:\/\/www.denkfried.de\/wp\/?page_id=34050","title":{"rendered":"K\u00f6penick &#8211; Gedenken J\u00fcdischer Opfer"},"content":{"rendered":"<p>&nbsp;<\/p>\n<p><strong>Berlin-K\u00f6penick<\/strong> Gedenken J\u00fcdischer Opfer<\/p>\n<p>Bericht und Bilder von Thomas 2014<\/p>\n<div id='gallery-1' class='gallery galleryid-34050 gallery-columns-3 gallery-size-thumbnail'><dl class='gallery-item'>\n\t\t\t<dt class='gallery-icon landscape'>\n\t\t\t\t<a href='http:\/\/www.denkfried.de\/wp\/?attachment_id=34057'><img loading=\"lazy\" decoding=\"async\" width=\"150\" height=\"150\" src=\"http:\/\/www.denkfried.de\/wp\/wp-content\/uploads\/2014\/02\/J\u00fcdische-Opfer-Berlin-K\u00f6penick-Schlo\u00dfkirchengemeindehaus-7-150x150.jpg\" class=\"attachment-thumbnail size-thumbnail\" alt=\"\" aria-describedby=\"gallery-1-34057\" \/><\/a>\n\t\t\t<\/dt>\n\t\t\t\t<dd class='wp-caption-text gallery-caption' id='gallery-1-34057'>\n\t\t\t\tGemeinde Eingangstor\n\t\t\t\t<\/dd><\/dl><dl class='gallery-item'>\n\t\t\t<dt class='gallery-icon landscape'>\n\t\t\t\t<a href='http:\/\/www.denkfried.de\/wp\/?attachment_id=34054'><img loading=\"lazy\" decoding=\"async\" width=\"150\" height=\"150\" src=\"http:\/\/www.denkfried.de\/wp\/wp-content\/uploads\/2014\/02\/J\u00fcdische-Opfer-Berlin-K\u00f6penick-Schlo\u00dfkirchengemeindehaus-6-150x150.jpg\" class=\"attachment-thumbnail size-thumbnail\" alt=\"\" aria-describedby=\"gallery-1-34054\" \/><\/a>\n\t\t\t<\/dt>\n\t\t\t\t<dd class='wp-caption-text gallery-caption' id='gallery-1-34054'>\n\t\t\t\tGemeinde Eingangstor\n\t\t\t\t<\/dd><\/dl><dl class='gallery-item'>\n\t\t\t<dt class='gallery-icon landscape'>\n\t\t\t\t<a href='http:\/\/www.denkfried.de\/wp\/?attachment_id=34080'><img loading=\"lazy\" decoding=\"async\" width=\"150\" height=\"150\" src=\"http:\/\/www.denkfried.de\/wp\/wp-content\/uploads\/2014\/02\/Gedenktafel-K\u00f6penick-150x150.jpg\" class=\"attachment-thumbnail size-thumbnail\" alt=\"\" aria-describedby=\"gallery-1-34080\" \/><\/a>\n\t\t\t<\/dt>\n\t\t\t\t<dd class='wp-caption-text gallery-caption' id='gallery-1-34080'>\n\t\t\t\tGemeindetor Au\u00dfen\n\t\t\t\t<\/dd><\/dl><br style=\"clear: both\" \/><dl class='gallery-item'>\n\t\t\t<dt class='gallery-icon portrait'>\n\t\t\t\t<a href='http:\/\/www.denkfried.de\/wp\/?attachment_id=34079'><img loading=\"lazy\" decoding=\"async\" width=\"150\" height=\"150\" src=\"http:\/\/www.denkfried.de\/wp\/wp-content\/uploads\/2014\/02\/Gedenktafel-berlin-K\u00f6penick-Synagoge-150x150.jpg\" class=\"attachment-thumbnail size-thumbnail\" alt=\"\" aria-describedby=\"gallery-1-34079\" \/><\/a>\n\t\t\t<\/dt>\n\t\t\t\t<dd class='wp-caption-text gallery-caption' id='gallery-1-34079'>\n\t\t\t\tSynagoge\n\t\t\t\t<\/dd><\/dl><dl class='gallery-item'>\n\t\t\t<dt class='gallery-icon landscape'>\n\t\t\t\t<a href='http:\/\/www.denkfried.de\/wp\/?attachment_id=34055'><img loading=\"lazy\" decoding=\"async\" width=\"150\" height=\"150\" src=\"http:\/\/www.denkfried.de\/wp\/wp-content\/uploads\/2014\/02\/Cohn_Emilie-150x150.jpg\" class=\"attachment-thumbnail size-thumbnail\" alt=\"\" aria-describedby=\"gallery-1-34055\" \/><\/a>\n\t\t\t<\/dt>\n\t\t\t\t<dd class='wp-caption-text gallery-caption' id='gallery-1-34055'>\n\t\t\t\tSchlo\u00dfstr.\n\t\t\t\t<\/dd><\/dl><dl class='gallery-item'>\n\t\t\t<dt class='gallery-icon landscape'>\n\t\t\t\t<a href='http:\/\/www.denkfried.de\/wp\/?attachment_id=34056'><img loading=\"lazy\" decoding=\"async\" width=\"150\" height=\"150\" src=\"http:\/\/www.denkfried.de\/wp\/wp-content\/uploads\/2014\/02\/Bernstein_Stolpersteine-150x150.jpg\" class=\"attachment-thumbnail size-thumbnail\" alt=\"\" aria-describedby=\"gallery-1-34056\" \/><\/a>\n\t\t\t<\/dt>\n\t\t\t\t<dd class='wp-caption-text gallery-caption' id='gallery-1-34056'>\n\t\t\t\tSchlo\u00dfstr.\n\t\t\t\t<\/dd><\/dl><br style=\"clear: both\" \/>\n\t\t<\/div>\n\n<p>Schlichte Gedenktafeln im Eingangsportal des Gemeindeb\u00fcros, Freiheit 14.<\/p>\n<address style=\"text-align: center;\"><em><strong>Gedenkliste f\u00fcr die w\u00e4hrend der NS-Zeit deportierten<\/strong><\/em><\/address>\n<address style=\"text-align: center;\"><em><strong>oder in den Tod getriebenen K\u00f6penicker Juden<\/strong><\/em><\/address>\n<address style=\"text-align: center;\">\u00a0<\/address>\n<p>Einige Daten sind hier zusammengetragen worden, Namen, Wohnort, wann Deportiert und wo Ermordet. Den Toten werden nach und nach &#8222;Stolpersteine&#8220; zum Gedenken verlegt. Wie hier schon Dokumentiert, vor den Wohnh\u00e4usern in der Schlo\u00dfstra\u00dfe. Links au\u00dfen am Eingangstor eine weitere Gedenktafel.<\/p>\n<address style=\"text-align: center;\"><em><strong>Georg Rasch<\/strong><\/em><\/address>\n<address style=\"text-align: center;\"><em><strong>Pfarrer der Reformierten Gemeinde\u00a0 1927-1947<\/strong><\/em><\/address>\n<address style=\"text-align: center;\"><em><strong>Seine Ehefrau Alide und die Gemeinde<\/strong><\/em><\/address>\n<address style=\"text-align: center;\"><em><strong>machten dieses Pfarrhaus zu einer<\/strong><\/em><\/address>\n<address style=\"text-align: center;\"><em><strong>St\u00e4tte der Zuflucht und der Hilfe<\/strong><\/em><\/address>\n<address style=\"text-align: center;\"><em><strong>F\u00fcr Antifaschisten, Juden und Opfer des Krieges<\/strong><\/em><\/address>\n<address style=\"text-align: center;\"><em><strong>in den Jahren 1933-1945<\/strong><\/em><\/address>\n<address style=\"text-align: center;\">\u00a0<\/address>\n<p>Dem Gegen\u00fcber befindet sich eine Gedenktafel, welche an die Synagoge erinnert.<\/p>\n<address style=\"text-align: center;\"><em><strong>Und Hier ist das Tor des Himmels<\/strong><\/em><\/address>\n<address style=\"text-align: center;\">\u00a0<\/address>\n<address style=\"text-align: center;\"><em><strong>Zur Erinnerung an die<\/strong><\/em><\/address>\n<address style=\"text-align: center;\"><em><strong>J\u00fcdische Gemeinde zu K\u00f6penick<\/strong><\/em><\/address>\n<address style=\"text-align: center;\"><em><strong>und ihre Synagoge<\/strong><\/em><\/address>\n<address style=\"text-align: center;\"><em><strong>Die am 9. November 1938 in der<\/strong><\/em><\/address>\n<address style=\"text-align: center;\"><em><strong>Pogromnacht zerst\u00f6rt wurde.<\/strong><\/em><\/address>\n<address style=\"text-align: center;\">\u00a0<\/address>\n<p>Die drei Stolpersteine,\u00a0 sind schon mit Bild in die Datenbank. Die restlichen Namen werden noch in die Datenbank eingepflegt.<\/p>\n","protected":false},"excerpt":{"rendered":"<p>&nbsp; Berlin-K\u00f6penick Gedenken J\u00fcdischer Opfer Bericht und Bilder von Thomas 2014 Schlichte Gedenktafeln im Eingangsportal des Gemeindeb\u00fcros, Freiheit 14. Gedenkliste f\u00fcr die w\u00e4hrend der NS-Zeit deportierten oder in den Tod getriebenen K\u00f6penicker Juden \u00a0 Einige Daten sind hier zusammengetragen worden, &hellip; <a href=\"http:\/\/www.denkfried.de\/wp\/?page_id=34050\">Weiterlesen <span class=\"meta-nav\">&rarr;<\/span><\/a><\/p>\n","protected":false},"author":9,"featured_media":0,"parent":26927,"menu_order":0,"comment_status":"closed","ping_status":"open","template":"","meta":{"footnotes":""},"class_list":["post-34050","page","type-page","status-publish","hentry"],"_links":{"self":[{"href":"http:\/\/www.denkfried.de\/wp\/index.php?rest_route=\/wp\/v2\/pages\/34050","targetHints":{"allow":["GET"]}}],"collection":[{"href":"http:\/\/www.denkfried.de\/wp\/index.php?rest_route=\/wp\/v2\/pages"}],"about":[{"href":"http:\/\/www.denkfried.de\/wp\/index.php?rest_route=\/wp\/v2\/types\/page"}],"author":[{"embeddable":true,"href":"http:\/\/www.denkfried.de\/wp\/index.php?rest_route=\/wp\/v2\/users\/9"}],"replies":[{"embeddable":true,"href":"http:\/\/www.denkfried.de\/wp\/index.php?rest_route=%2Fwp%2Fv2%2Fcomments&post=34050"}],"version-history":[{"count":9,"href":"http:\/\/www.denkfried.de\/wp\/index.php?rest_route=\/wp\/v2\/pages\/34050\/revisions"}],"predecessor-version":[{"id":34082,"href":"http:\/\/www.denkfried.de\/wp\/index.php?rest_route=\/wp\/v2\/pages\/34050\/revisions\/34082"}],"up":[{"embeddable":true,"href":"http:\/\/www.denkfried.de\/wp\/index.php?rest_route=\/wp\/v2\/pages\/26927"}],"wp:attachment":[{"href":"http:\/\/www.denkfried.de\/wp\/index.php?rest_route=%2Fwp%2Fv2%2Fmedia&parent=34050"}],"curies":[{"name":"wp","href":"https:\/\/api.w.org\/{rel}","templated":true}]}}