{"id":340,"date":"2011-04-02T15:53:01","date_gmt":"2011-04-02T13:53:01","guid":{"rendered":"http:\/\/www.bilderstapel.de\/test\/wp\/?page_id=340"},"modified":"2021-02-13T18:58:05","modified_gmt":"2021-02-13T17:58:05","slug":"russland","status":"publish","type":"page","link":"http:\/\/www.denkfried.de\/wp\/?page_id=340","title":{"rendered":"Russland"},"content":{"rendered":"<h2><strong>Hauptstadt: Moskau<\/strong><\/h2>\n<p>Kriegsgr\u00e4berabkommen: 16.12.1992<\/p>\n<p>Das Kriegsgr\u00e4berabkommen war der erste Vertrag dieser Art mit einem Staat der ehemaligen Sowjetunion.<br \/>\nAnsprechpartner ist die russische Stiftung &#8222;Military-Memorials&#8220;.<\/p>\n<p>\u00dcber die H\u00f6he der deutschen Verluste und die Anzahl der Grablagenorte gibt es keine genauen Angaben.<br \/>\nDie deutschen Verluste in der ehemaligen SU w\u00e4hrend des zweiten Weltkrieges werden auf ca. 2,2 Millionen Kriegstote gesch\u00e4tzt.<br \/>\nF\u00fcr etwa 1,88 Millionen liegen Todes-oder Grabmeldungen vor.<br \/>\nAu\u00dfer der Instandsetzung der Kriegsgefangenen-und Interniertenfriedh\u00f6fe werden neue Sammelfriedh\u00f6fe\u00a0 angelegt sowie Anlagen des ersten Weltkrieges instandgesetzt.<\/p>\n<p>Die Anzahl der Toten erheben nicht den Anspruch auf Richtigkeit und Vollst\u00e4ndigkeit. Durch zwischenzeitliche Bergungen k\u00f6nnen sich die Zahlen st\u00e4ndig \u00e4ndern.<\/p>\n<ul>\n<li><a title=\"APSCHERONSK\" href=\"http:\/\/www.denkfried.de\/wp\/?page_id=2058\">Apscheronsk<\/a>\n<ul>\n<li><a title=\"Krasnodar-Apscheronsk\" href=\"http:\/\/www.denkfried.de\/wp\/?page_id=9693\">Krasnodar-Apscheronsk<\/a><\/li>\n<\/ul>\n<\/li>\n<li>Balga (Vesloe)<\/li>\n<li>Besedino- Kursk<\/li>\n<li>Chislawitschi<\/li>\n<li>Dobrowolsk\u00a0 \u00a0 \u00a0 \u00a0 \u00a0 \u00a0 \u00a0 \u00a0 \u00a0 \u00a0 \u00a0Einweihung:01.08.1998\u00a0 \u00a0 \u00a0 \u00a0 \u00a0 \u00a0 \u00a0 \u00a0 \u00a0 \u00a0 \u00a0 \u00a0 \u00a0 \u00a0 \u00a0 \u00a0 \u00a0 \u00a0 \u00a0 \u00a0 \u00a0 \u00a0 \u00a0 \u00a0 \u00a0 \u00a0 (400)<\/li>\n<li>Ebenrode\u00a0 \u00a0 \u00a0 \u00a0 \u00a0 \u00a0 \u00a0 \u00a0 \u00a0 \u00a0 \u00a0 \u00a0 \u00a0 \u00a0 \u00a0 \u00a0 \u00a0 \u00a0 \u00a0 \u00a0 \u00a0 \u00a0 \u00a0 \u00a0 \u00a0 \u00a0 \u00a0 \u00a0 \u00a0 \u00a0 \u00a0 \u00a0 \u00a0 \u00a0 \u00a0 \u00a0 \u00a0 \u00a0 \u00a0 \u00a0 \u00a0 \u00a0 \u00a0 \u00a0 \u00a0 \u00a0 \u00a0 \u00a0 \u00a0 \u00a0 \u00a0 \u00a0 \u00a0 2.WK:\u00a0 \u00a0 400<\/li>\n<li>Fischhausen (Primorsk)\u00a0 \u00a0 \u00a0 Einweihung 07.07.1996\u00a0 \u00a0 \u00a0 \u00a0 \u00a0 \u00a0 \u00a0 \u00a0 \u00a0 \u00a0 \u00a0 \u00a0 \u00a0 \u00a0 \u00a0 \u00a0 \u00a0 \u00a0 2.WK:\u00a0 1.068<\/li>\n<li>Gagarin<\/li>\n<li>Gerdauen I\u00a0 \u00a0 &#8211;\u00a0 205 Deutsche\u00a0 \u00a0 \u00a0 \u00a0 \u00a040 Russen\u00a0 \u00a0 (2.Weltkrieg)<\/li>\n<li>Germau (Ruskoe)\u00a0 \u00a0 \u00a0 \u00a0 \u00a0 \u00a0 \u00a0 Einweihung 20.08.1995\u00a0 \u00a0 \u00a0 \u00a0 \u00a0 \u00a0 \u00a0 \u00a0 \u00a0 \u00a0 \u00a0 \u00a0 \u00a0 \u00a0\u00a0 \u00a0 \u00a0 \u00a0 \u00a0 2.WK: 4.687<\/li>\n<li>Heiligenbeil (Mamanovo)\u00a0 \u00a0 \u00a0Einweihung 29.06.2002\u00a0 \u00a0 \u00a0 \u00a0 \u00a0 \u00a0 \u00a0 \u00a0 \u00a0 \u00a0 \u00a0 \u00a0 \u00a0 \u00a0 \u00a0 \u00a0 \u00a0 2.WK: 4.653<\/li>\n<li>Insterburg (Cernjachovsk)\u00a0 Einweihung 06.07.1996\u00a0 \u00a0 \u00a0\u00a0 1.WK:\u00a0 556 Tote\u00a0 \u00a0 2.WK:\u00a0 8.679<\/li>\n<li><a title=\"KALININGRAD\" href=\"http:\/\/www.denkfried.de\/wp\/?page_id=2064\">K\u00f6nigsberg (Kaliningrad)<\/a> Einweihung 23.08.2003\u00a0 \u00a0 \u00a0 \u00a0 \u00a0 \u00a02.Weltkrieg\u00a0 7.798 Tote<\/li>\n<li><a title=\"KOROSTYN\" href=\"http:\/\/www.denkfried.de\/wp\/?page_id=2070\">Korostyn<\/a><\/li>\n<li><a title=\"KORPOWO\" href=\"http:\/\/www.denkfried.de\/wp\/?page_id=2075\">Korpowo<\/a><\/li>\n<li>Kronstadt\u00a0 \u00a0 \u00a0 \u00a0 \u00a0 \u00a0 \u00a0 \u00a0 \u00a0 \u00a0 \u00a0 \u00a0Einweihung 22.09.1996\u00a0 \u00a0 \u00a0 \u00a0 \u00a0 \u00a02.Weltkrieg\u00a0 \u00a0 \u00a0 \u00a046 Tote<\/li>\n<li>Krymsk<\/li>\n<li><a title=\"MAMONOWO\" href=\"http:\/\/www.denkfried.de\/wp\/?page_id=2079\">Mamonowo<\/a><\/li>\n<li><a href=\"http:\/\/www.denkfried.de\/wp\/?page_id=27390\">Mokryze<\/a> 1.WK<\/li>\n<li><a title=\"NOWGOROD\" href=\"http:\/\/www.denkfried.de\/wp\/?page_id=2083\">Nowgorod<\/a><\/li>\n<li>Nowikowo<\/li>\n<li>Nowosokolniki<\/li>\n<li><a title=\"PETSCHENGA\" href=\"http:\/\/www.denkfried.de\/wp\/?page_id=2086\">Petschenga<\/a><\/li>\n<li>Pillau (Baltijsk)\u00a0 \u00a0 \u00a0 \u00a0 \u00a0 \u00a0 \u00a0 \u00a0 \u00a0Einweihung 20.08.2000\u00a0 \u00a0 \u00a0 \u00a0 \u00a0 \u00a0 \u00a0 \u00a0 \u00a0 \u00a0 \u00a0 \u00a0 \u00a0 \u00a0 \u00a0 \u00a0 \u00a0 \u00a0 \u00a0\u00a0 \u00a0\u00a0 2.WK: 11.588<\/li>\n<li><a title=\"RSCHEW\" href=\"http:\/\/www.denkfried.de\/wp\/?page_id=2098\">Rshew<\/a><\/li>\n<li><a title=\"ROSSOSCHKA\" href=\"http:\/\/www.denkfried.de\/wp\/?page_id=2089\">Rossoschka<\/a><\/li>\n<li><a title=\"SANKT PETERSBURG\" href=\"http:\/\/www.denkfried.de\/wp\/?page_id=2104\">St.Petersburg<\/a><\/li>\n<li><a title=\"SALLA\" href=\"http:\/\/www.denkfried.de\/wp\/?page_id=2101\">Salla<\/a><\/li>\n<li><a title=\"SEBESCH\" href=\"http:\/\/www.denkfried.de\/wp\/?page_id=2108\">Sebesch<\/a><\/li>\n<li>Schlossberg (Dobrovolsk)\u00a0 \u00a0Einweihung 01.08.1998\u00a0 \u00a0 \u00a0 \u00a0 \u00a0 \u00a0 \u00a0 \u00a0 \u00a0 \u00a0 \u00a0 \u00a0 \u00a0 \u00a0 \u00a0 \u00a0 \u00a0 \u00a0 \u00a0\u00a0 2.WK:\u00a0 \u00a0 \u00a0795<\/li>\n<li><a title=\"Sologubowka\" href=\"http:\/\/www.denkfried.de\/wp\/?page_id=9682\">Sologubowka<\/a><\/li>\n<li><a title=\"SMOLENSK\" href=\"http:\/\/www.denkfried.de\/wp\/?page_id=2116\">Smolensk<\/a><\/li>\n<li>Tilsit (Sovetsk)\u00a0 \u00a0 \u00a0 \u00a0 \u00a0 \u00a0 \u00a0 \u00a0 Einweihung 30.06.2006\u00a0 \u00a0 \u00a0 \u00a0 \u00a0 \u00a0 \u00a0 \u00a0 \u00a0 \u00a0 \u00a0 \u00a0 \u00a0 \u00a0 \u00a0 \u00a0 \u00a0 \u00a0 2.Wk: 1.003<\/li>\n<li>Tambow\u00a0 \u00a0 \u00a0 \u00a0 \u00a0 \u00a0\u00a0 Einweihung:08.08.1998\u00a0 \u00a0\u00a0 (20.000)<\/li>\n<li><a title=\"WERCHNIJ BISCHKIN\" href=\"http:\/\/www.denkfried.de\/wp\/?page_id=2119\">Werchnij Bischkin<\/a><\/li>\n<\/ul>\n<p>&nbsp;<\/p>\n<p>_________________________________________________<\/p>\n<p><span style=\"text-decoration: underline;\"><strong>Kriegsgefangenenfriedh\u00f6fe<\/strong><\/span><br \/>\nAlpajewsk (351)<br \/>\nAnshero Sudshensk I (122)<br \/>\nAnshero Sudshensk II (?)<br \/>\nArs (1.906)<br \/>\nArtemowskij (131)<br \/>\nAsbest (153)<br \/>\nAstrachan-Station (3.223)<br \/>\nAtkarsk (792)<\/p>\n<p>Beriosowskij (116)<br \/>\nBolschewo (96)<br \/>\nBorowitschi-Schibotowo (904)<br \/>\nBoxitogorsk I (392)<br \/>\nBastriagi (639)<\/p>\n<p>Degtjarski I (217)<\/p>\n<p>Glasow I (275)<br \/>\nGlasow II (?)<\/p>\n<p>Insa (167)<br \/>\nJegla (389)<br \/>\nJelabuga (621)<br \/>\nJusha (19)<\/p>\n<p>Kamensk-Uralskij (203)<br \/>\nKameschkowo (1.611)<br \/>\nKandalakscha I u.II (1.000)<br \/>\nKasan (7)<br \/>\nKirsanow (1.555)<br \/>\nKiseljewsk (182)<br \/>\nKisner (62)<br \/>\n<a title=\"KOLPINO\" href=\"http:\/\/www.denkfried.de\/wp\/?page_id=2066\">Kolpino<\/a><br \/>\nKommunar (122)\u00a0 \u00a0 \u00a0 \u00a0 \u00a0 \u00a0 \u00a0 \u00a0 \u00a0 \u00a0 \u00a0 \u00a0 \u00a0 Einweihung 28.05.1999<br \/>\nKoshino (82)<br \/>\nKrasnogorsk (211)<br \/>\nKrasnooktjabrsk (30)<br \/>\nKrasnoturjinsk (221)<br \/>\nKura 5 (47)<\/p>\n<p>Leninsk Kuznezkij (344)<br \/>\nLeninskij (?)<br \/>\nLeshnewo (444)<br \/>\nLewicha (58)<br \/>\nLopatino (359)<br \/>\nLynga (211)<br \/>\nLynga II (30)<\/p>\n<p>Mirnyi (?)<br \/>\nMischeron (89)<br \/>\nMolwa (270)<br \/>\nMorschansk I (4.751)<br \/>\nMorschansk II (3.000)<br \/>\nMoshga I (1.906)<br \/>\nMugreewo (70)<\/p>\n<p>N.Kusjma (?)<br \/>\nNetienen (?)<br \/>\nNischnaja Kusma (?)<br \/>\nNishne-Isjezk (48)<br \/>\nNishni Baskuntschak (167)<br \/>\nNishnij-Tagil I (1.140)<\/p>\n<p><a title=\"NOWGOROD\" href=\"http:\/\/www.denkfried.de\/wp\/?page_id=2083\">Nowgorod<\/a><br \/>\nNowokubansk-Semoje Otdelenije (300)<br \/>\nNowokusnezk (273)<br \/>\nNowosibirsk (254)<\/p>\n<p>Oranski (1.400)<br \/>\nOsherelje (42)<\/p>\n<p>Petrosawodsk-Peski (1.036)<br \/>\nPerwomajskij II (116)<br \/>\nPetropawlowo I (?)<br \/>\nPetropawlowo II (76)<br \/>\nPlast (91)<br \/>\nPoshoga (49)<br \/>\nPotanino (259)<br \/>\nPrusyuskaja Gorka (29)<br \/>\nPudem ( 35)<\/p>\n<p>Radowitzy (65)<\/p>\n<p>Resh (437)<br \/>\nRjasan-Djagelowo (532)<\/p>\n<p><a title=\"ROSSOSCHKA\" href=\"http:\/\/www.denkfried.de\/wp\/?page_id=2089\">Rossoschka<\/a><\/p>\n<p>Sadowyj Chutor (64)<br \/>\nSaelzowskij (273)<br \/>\nSanarskij (?)<br \/>\nSapogavo, Siedlung Iskra (1.910)<br \/>\nSaratow I (655)<br \/>\nSaratow II (564)<br \/>\nSaretschny (2.083)<br \/>\nSarkus (76)<br \/>\nSchadrinsk (85)<br \/>\nSchaturtorf (125)<br \/>\nSelenodolsk (1.839)<br \/>\nSerpuchow I (220)<br \/>\n<a title=\"SESTROREZK\" href=\"http:\/\/www.denkfried.de\/wp\/?page_id=2113\">Sestrorezk<\/a><br \/>\nSwir-3 (169)<\/p>\n<p>Taliza (396)<br \/>\nTalizy (127)<br \/>\nTambow-Rada (24.000)<br \/>\nTeplitschnyj (1.047)<br \/>\nTscheremschanka (89)<br \/>\nTschernzy (30)<br \/>\nTugaless (70)<br \/>\nTuma I (193)<\/p>\n<p>Uglitsch (419)<br \/>\nUljanowsk (1.547)<\/p>\n<p>Welikije Luki (260)<br \/>\nWertiatschewo (22)<br \/>\nWolshsk (591)<br \/>\nWolsk I (3.174)<br \/>\nWolsk II (278)<br \/>\nWostotschny (?)<\/p>\n<p>Werchnij Bischkin<\/p>\n","protected":false},"excerpt":{"rendered":"<p>Hauptstadt: Moskau Kriegsgr\u00e4berabkommen: 16.12.1992 Das Kriegsgr\u00e4berabkommen war der erste Vertrag dieser Art mit einem Staat der ehemaligen Sowjetunion. Ansprechpartner ist die russische Stiftung &#8222;Military-Memorials&#8220;. \u00dcber die H\u00f6he der deutschen Verluste und die Anzahl der Grablagenorte gibt es keine genauen Angaben. &hellip; <a href=\"http:\/\/www.denkfried.de\/wp\/?page_id=340\">Weiterlesen <span class=\"meta-nav\">&rarr;<\/span><\/a><\/p>\n","protected":false},"author":2,"featured_media":0,"parent":122,"menu_order":26,"comment_status":"open","ping_status":"open","template":"","meta":{"footnotes":""},"class_list":["post-340","page","type-page","status-publish","hentry"],"_links":{"self":[{"href":"http:\/\/www.denkfried.de\/wp\/index.php?rest_route=\/wp\/v2\/pages\/340","targetHints":{"allow":["GET"]}}],"collection":[{"href":"http:\/\/www.denkfried.de\/wp\/index.php?rest_route=\/wp\/v2\/pages"}],"about":[{"href":"http:\/\/www.denkfried.de\/wp\/index.php?rest_route=\/wp\/v2\/types\/page"}],"author":[{"embeddable":true,"href":"http:\/\/www.denkfried.de\/wp\/index.php?rest_route=\/wp\/v2\/users\/2"}],"replies":[{"embeddable":true,"href":"http:\/\/www.denkfried.de\/wp\/index.php?rest_route=%2Fwp%2Fv2%2Fcomments&post=340"}],"version-history":[{"count":11,"href":"http:\/\/www.denkfried.de\/wp\/index.php?rest_route=\/wp\/v2\/pages\/340\/revisions"}],"predecessor-version":[{"id":41961,"href":"http:\/\/www.denkfried.de\/wp\/index.php?rest_route=\/wp\/v2\/pages\/340\/revisions\/41961"}],"up":[{"embeddable":true,"href":"http:\/\/www.denkfried.de\/wp\/index.php?rest_route=\/wp\/v2\/pages\/122"}],"wp:attachment":[{"href":"http:\/\/www.denkfried.de\/wp\/index.php?rest_route=%2Fwp%2Fv2%2Fmedia&parent=340"}],"curies":[{"name":"wp","href":"https:\/\/api.w.org\/{rel}","templated":true}]}}