{"id":33988,"date":"2014-01-25T00:55:28","date_gmt":"2014-01-24T23:55:28","guid":{"rendered":"http:\/\/www.denkfried.de\/wp\/?page_id=33988"},"modified":"2014-01-25T00:55:28","modified_gmt":"2014-01-24T23:55:28","slug":"aalen","status":"publish","type":"page","link":"http:\/\/www.denkfried.de\/wp\/?page_id=33988","title":{"rendered":"AALEN"},"content":{"rendered":"<p><span style=\"text-decoration: underline;\"><strong>73430 Aalen<\/strong><\/span><\/p>\n<p>Stadtverwaltung: Marktplatz 30, 73430 Aalen<\/p>\n<p>****************************************************<\/p>\n<p><strong>Gedenkstein an der Schillerlinde<\/strong><\/p>\n<p>Erinnerung an 4 get\u00f6tete H\u00e4ftlinge des KZ-Au\u00dfenlagers<\/p>\n<p>_________________________________________<\/p>\n<p><strong>Mahnmal auf dem Friedhof<\/strong><\/p>\n<p>Erinnerung an die Zwangsarbeiter die in einem sowjetischen und polnischen Gr\u00e4berfeld beigesetzt sind<\/p>\n<p>_________________________________________<\/p>\n<p><strong>Kriegerdenkmal 1870<\/strong><\/p>\n<p>Fotos: U.Ahlbrecht<\/p>\n<p>&nbsp;<\/p>\n<div id='gallery-1' class='gallery galleryid-33988 gallery-columns-3 gallery-size-thumbnail'><dl class='gallery-item'>\n\t\t\t<dt class='gallery-icon landscape'>\n\t\t\t\t<a href='http:\/\/www.denkfried.de\/wp\/?attachment_id=33992'><img loading=\"lazy\" decoding=\"async\" width=\"150\" height=\"150\" src=\"http:\/\/www.denkfried.de\/wp\/wp-content\/uploads\/2014\/01\/IMG_5030-150x150.jpg\" class=\"attachment-thumbnail size-thumbnail\" alt=\"\" aria-describedby=\"gallery-1-33992\" \/><\/a>\n\t\t\t<\/dt>\n\t\t\t\t<dd class='wp-caption-text gallery-caption' id='gallery-1-33992'>\n\t\t\t\tKriegerdenkmal 1870\n\t\t\t\t<\/dd><\/dl><dl class='gallery-item'>\n\t\t\t<dt class='gallery-icon portrait'>\n\t\t\t\t<a href='http:\/\/www.denkfried.de\/wp\/?attachment_id=33990'><img loading=\"lazy\" decoding=\"async\" width=\"150\" height=\"150\" src=\"http:\/\/www.denkfried.de\/wp\/wp-content\/uploads\/2014\/01\/IMG_5032-150x150.jpg\" class=\"attachment-thumbnail size-thumbnail\" alt=\"\" \/><\/a>\n\t\t\t<\/dt><\/dl><dl class='gallery-item'>\n\t\t\t<dt class='gallery-icon landscape'>\n\t\t\t\t<a href='http:\/\/www.denkfried.de\/wp\/?attachment_id=33991'><img loading=\"lazy\" decoding=\"async\" width=\"150\" height=\"150\" src=\"http:\/\/www.denkfried.de\/wp\/wp-content\/uploads\/2014\/01\/IMG_5033-150x150.jpg\" class=\"attachment-thumbnail size-thumbnail\" alt=\"\" \/><\/a>\n\t\t\t<\/dt><\/dl><br style=\"clear: both\" \/>\n\t\t<\/div>\n\n","protected":false},"excerpt":{"rendered":"<p>73430 Aalen Stadtverwaltung: Marktplatz 30, 73430 Aalen **************************************************** Gedenkstein an der Schillerlinde Erinnerung an 4 get\u00f6tete H\u00e4ftlinge des KZ-Au\u00dfenlagers _________________________________________ Mahnmal auf dem Friedhof Erinnerung an die Zwangsarbeiter die in einem sowjetischen und polnischen Gr\u00e4berfeld beigesetzt sind _________________________________________ Kriegerdenkmal 1870 &hellip; <a href=\"http:\/\/www.denkfried.de\/wp\/?page_id=33988\">Weiterlesen <span class=\"meta-nav\">&rarr;<\/span><\/a><\/p>\n","protected":false},"author":2,"featured_media":0,"parent":3110,"menu_order":0,"comment_status":"closed","ping_status":"open","template":"","meta":{"footnotes":""},"class_list":["post-33988","page","type-page","status-publish","hentry"],"_links":{"self":[{"href":"http:\/\/www.denkfried.de\/wp\/index.php?rest_route=\/wp\/v2\/pages\/33988","targetHints":{"allow":["GET"]}}],"collection":[{"href":"http:\/\/www.denkfried.de\/wp\/index.php?rest_route=\/wp\/v2\/pages"}],"about":[{"href":"http:\/\/www.denkfried.de\/wp\/index.php?rest_route=\/wp\/v2\/types\/page"}],"author":[{"embeddable":true,"href":"http:\/\/www.denkfried.de\/wp\/index.php?rest_route=\/wp\/v2\/users\/2"}],"replies":[{"embeddable":true,"href":"http:\/\/www.denkfried.de\/wp\/index.php?rest_route=%2Fwp%2Fv2%2Fcomments&post=33988"}],"version-history":[{"count":2,"href":"http:\/\/www.denkfried.de\/wp\/index.php?rest_route=\/wp\/v2\/pages\/33988\/revisions"}],"predecessor-version":[{"id":33993,"href":"http:\/\/www.denkfried.de\/wp\/index.php?rest_route=\/wp\/v2\/pages\/33988\/revisions\/33993"}],"up":[{"embeddable":true,"href":"http:\/\/www.denkfried.de\/wp\/index.php?rest_route=\/wp\/v2\/pages\/3110"}],"wp:attachment":[{"href":"http:\/\/www.denkfried.de\/wp\/index.php?rest_route=%2Fwp%2Fv2%2Fmedia&parent=33988"}],"curies":[{"name":"wp","href":"https:\/\/api.w.org\/{rel}","templated":true}]}}