{"id":33882,"date":"2014-01-08T20:18:32","date_gmt":"2014-01-08T19:18:32","guid":{"rendered":"http:\/\/www.denkfried.de\/wp\/?page_id=33882"},"modified":"2016-11-22T13:56:31","modified_gmt":"2016-11-22T12:56:31","slug":"lichterfelde-garde-schuetzen","status":"publish","type":"page","link":"http:\/\/www.denkfried.de\/wp\/?page_id=33882","title":{"rendered":"&#8211; Realgymnasium"},"content":{"rendered":"<p>&nbsp;<\/p>\n<p><strong>Potsdam <\/strong>Realgymnasium\u00a0Gedenktafel und Gedenkschrift<\/p>\n<p>Bericht und Bilder von Thomas <a href=\"http:\/\/potsdamer-ehrenmale.de.tl\/Hauptseite.htm\">Potsdamer-Ehrenmale.de<\/a><\/p>\n<address style=\"text-align: center;\"><div id='gallery-1' class='gallery galleryid-33882 gallery-columns-4 gallery-size-thumbnail'><dl class='gallery-item'>\n\t\t\t<dt class='gallery-icon portrait'>\n\t\t\t\t<a href='http:\/\/www.denkfried.de\/wp\/?attachment_id=33934'><img loading=\"lazy\" decoding=\"async\" width=\"150\" height=\"150\" src=\"http:\/\/www.denkfried.de\/wp\/wp-content\/uploads\/2014\/01\/Potsdam-Realgymnasium-Ehrentafel-Gedenktafel-2-150x150.jpg\" class=\"attachment-thumbnail size-thumbnail\" alt=\"\" \/><\/a>\n\t\t\t<\/dt><\/dl><dl class='gallery-item'>\n\t\t\t<dt class='gallery-icon landscape'>\n\t\t\t\t<a href='http:\/\/www.denkfried.de\/wp\/?attachment_id=33931'><img loading=\"lazy\" decoding=\"async\" width=\"150\" height=\"150\" src=\"http:\/\/www.denkfried.de\/wp\/wp-content\/uploads\/2014\/01\/Potsdam-Realgymnasium-Ehrentafel-Gedenktafel-Inschrift-150x150.jpg\" class=\"attachment-thumbnail size-thumbnail\" alt=\"\" \/><\/a>\n\t\t\t<\/dt><\/dl><dl class='gallery-item'>\n\t\t\t<dt class='gallery-icon portrait'>\n\t\t\t\t<a href='http:\/\/www.denkfried.de\/wp\/?attachment_id=33914'><img loading=\"lazy\" decoding=\"async\" width=\"150\" height=\"150\" src=\"http:\/\/www.denkfried.de\/wp\/wp-content\/uploads\/2014\/01\/Potsdam-Realgymnasium-Gedenkschrift-150x150.jpg\" class=\"attachment-thumbnail size-thumbnail\" alt=\"\" \/><\/a>\n\t\t\t<\/dt><\/dl><dl class='gallery-item'>\n\t\t\t<dt class='gallery-icon landscape'>\n\t\t\t\t<a href='http:\/\/www.denkfried.de\/wp\/?attachment_id=33913'><img loading=\"lazy\" decoding=\"async\" width=\"150\" height=\"150\" src=\"http:\/\/www.denkfried.de\/wp\/wp-content\/uploads\/2014\/01\/Gedenkschrift-Sch\u00fcler-150x150.jpg\" class=\"attachment-thumbnail size-thumbnail\" alt=\"\" \/><\/a>\n\t\t\t<\/dt><\/dl><br style=\"clear: both\" \/>\n\t\t<\/div>\n<\/p>\n<\/address>\n<p><span style=\"text-decoration: underline;\"><strong>Gedenktafel<\/strong><\/span><\/p>\n<p>Nach eine aufwendigen Spendensammlung und das zusammentragen der Namen und Daten, der gefallenen. Konnte am 13. August 1921 eine Gedenktafel aus Bronze, im Treppenhaus angebracht werden. Welche vom Bildhauer Metzner in Charlottenburg angefertigt wurde. Aufgrund der hohen Anzahl der Toten, sind auf der Tafel nur die Namen aufgef\u00fchrt. \u00dcber den Namen, unter einem Eisernem Kreuz im Lorbeerkranz, ist folgende Inschrift:<\/p>\n<address style=\"text-align: center;\"><em><strong>Unsern f\u00fcr das Vaterland<\/strong><\/em><\/address>\n<address style=\"text-align: center;\"><em><strong>gefallenen Lehrer und Sch\u00fcler<\/strong><\/em><\/address>\n<address style=\"text-align: center;\"><em><strong>1914 &#8211; 1918<\/strong><\/em><\/address>\n<p>unter den Namen:<\/p>\n<p style=\"text-align: center;\"><em><strong>Vergiss die treuen Toten nicht<\/strong><\/em><\/p>\n<p><span style=\"text-decoration: underline;\"><strong>Gedenkschrift<\/strong><\/span><\/p>\n<p>In Anlehnung einer Gedenkfeier und als Dank an die vielen Spender, wurde diese Schrift gedruckt. Es gab etliche Gedenktage um an die Toten zu Gedenken. In Potsdamer Tageszeitungen wurde, ein Aufruf gemacht um m\u00f6glichts viele Daten von Angeh\u00f6rige zu bekommen. Nach langer und m\u00fchevoller Arbeit, k\u00f6nnten die Namen von 2 Lehrer und 95 Sch\u00fcller zusammengetragen werden. Es konnten mit den Namen auch Geburts- und Todesdaten, Geburstorte, Arbeit, Dienstr\u00e4nge und Einheiten aufgef\u00fchrt werden.<\/p>\n<p>In der Gedenkschrift ist auch die Ansprache des Direktors Dr. W\u00fcllenweber von der Gedenkfeier am 23. November 1920 abgedruckt. Sowie ein Abschiedbrief eines fr\u00fcheren Sch\u00fclers, weitere ausz\u00fcge von Feldbriefen.<\/p>\n<p>Die Namen werden in die Datenbank eingepflegt.<\/p>\n","protected":false},"excerpt":{"rendered":"<p>&nbsp; Potsdam Realgymnasium\u00a0Gedenktafel und Gedenkschrift Bericht und Bilder von Thomas Potsdamer-Ehrenmale.de Gedenktafel Nach eine aufwendigen Spendensammlung und das zusammentragen der Namen und Daten, der gefallenen. Konnte am 13. August 1921 eine Gedenktafel aus Bronze, im Treppenhaus angebracht werden. Welche vom &hellip; <a href=\"http:\/\/www.denkfried.de\/wp\/?page_id=33882\">Weiterlesen <span class=\"meta-nav\">&rarr;<\/span><\/a><\/p>\n","protected":false},"author":9,"featured_media":0,"parent":4652,"menu_order":0,"comment_status":"closed","ping_status":"open","template":"","meta":{"footnotes":""},"class_list":["post-33882","page","type-page","status-publish","hentry"],"_links":{"self":[{"href":"http:\/\/www.denkfried.de\/wp\/index.php?rest_route=\/wp\/v2\/pages\/33882","targetHints":{"allow":["GET"]}}],"collection":[{"href":"http:\/\/www.denkfried.de\/wp\/index.php?rest_route=\/wp\/v2\/pages"}],"about":[{"href":"http:\/\/www.denkfried.de\/wp\/index.php?rest_route=\/wp\/v2\/types\/page"}],"author":[{"embeddable":true,"href":"http:\/\/www.denkfried.de\/wp\/index.php?rest_route=\/wp\/v2\/users\/9"}],"replies":[{"embeddable":true,"href":"http:\/\/www.denkfried.de\/wp\/index.php?rest_route=%2Fwp%2Fv2%2Fcomments&post=33882"}],"version-history":[{"count":25,"href":"http:\/\/www.denkfried.de\/wp\/index.php?rest_route=\/wp\/v2\/pages\/33882\/revisions"}],"predecessor-version":[{"id":40941,"href":"http:\/\/www.denkfried.de\/wp\/index.php?rest_route=\/wp\/v2\/pages\/33882\/revisions\/40941"}],"up":[{"embeddable":true,"href":"http:\/\/www.denkfried.de\/wp\/index.php?rest_route=\/wp\/v2\/pages\/4652"}],"wp:attachment":[{"href":"http:\/\/www.denkfried.de\/wp\/index.php?rest_route=%2Fwp%2Fv2%2Fmedia&parent=33882"}],"curies":[{"name":"wp","href":"https:\/\/api.w.org\/{rel}","templated":true}]}}