{"id":3374,"date":"2011-04-16T20:01:53","date_gmt":"2011-04-16T18:01:53","guid":{"rendered":"http:\/\/www.denkfried.de\/wp\/?page_id=3374"},"modified":"2012-12-08T14:55:40","modified_gmt":"2012-12-08T13:55:40","slug":"lk-bayreuth","status":"publish","type":"page","link":"http:\/\/www.denkfried.de\/wp\/?page_id=3374","title":{"rendered":"LK BAYREUTH"},"content":{"rendered":"<p>&nbsp;<\/p>\n<p>Verwaltungssitz: <span style=\"text-decoration: underline;\"><strong>95448 Bayreuth<\/strong><\/span> , Markgrafenallee 5<\/p>\n<p>*******************************************************<\/p>\n<p>&nbsp;<\/p>\n<p><strong>St\u00e4dte<\/strong><\/p>\n<ul>\n<li>Bad Berneck i. Fichtelgebirge<\/li>\n<li>Betzenstein<\/li>\n<li>Creu\u00dfen<\/li>\n<li>Gefrees<\/li>\n<li>Goldkronach<\/li>\n<li>Hollfeld<\/li>\n<li>Pegnitz<\/li>\n<li>Pottenstein<\/li>\n<li>Waischenfeld<\/li>\n<\/ul>\n<p><strong>M\u00e4rkte<\/strong><\/p>\n<ul>\n<li>Plech<\/li>\n<li>Schnabelwaid<\/li>\n<li>Weidenberg<\/li>\n<\/ul>\n<p><strong>Gemeinden<\/strong><\/p>\n<ul>\n<li>Ahorntal<\/li>\n<li>Aufse\u00df<\/li>\n<li>Bindlach<\/li>\n<li>Bischofsgr\u00fcn<\/li>\n<li>Eckersdorf<\/li>\n<li>Emtmannsberg<\/li>\n<li><a title=\"Fichtelberg\" href=\"http:\/\/www.denkfried.de\/wp\/?page_id=3377\">Fichtelberg<\/a><\/li>\n<li>Gesees<\/li>\n<li>Glash\u00fctten<\/li>\n<li>Haag<\/li>\n<li>Heinersreuth<\/li>\n<li>Hummeltal<\/li>\n<li>Kirchenpingarten<\/li>\n<li>Mehlmeisel<\/li>\n<li>Mistelbach<\/li>\n<li>Mistelgau<\/li>\n<li>Plankenfels<\/li>\n<li>Prebitz<\/li>\n<li>Seybothenreuth<\/li>\n<li>Speichersdorf<\/li>\n<li>Warmensteinach<\/li>\n<\/ul>\n<p>&nbsp;<\/p>\n<p>&nbsp;<\/p>\n<p>&nbsp;<\/p>\n","protected":false},"excerpt":{"rendered":"<p>&nbsp; Verwaltungssitz: 95448 Bayreuth , Markgrafenallee 5 ******************************************************* &nbsp; St\u00e4dte Bad Berneck i. Fichtelgebirge Betzenstein Creu\u00dfen Gefrees Goldkronach Hollfeld Pegnitz Pottenstein Waischenfeld M\u00e4rkte Plech Schnabelwaid Weidenberg Gemeinden Ahorntal Aufse\u00df Bindlach Bischofsgr\u00fcn Eckersdorf Emtmannsberg Fichtelberg Gesees Glash\u00fctten Haag Heinersreuth Hummeltal Kirchenpingarten &hellip; <a href=\"http:\/\/www.denkfried.de\/wp\/?page_id=3374\">Weiterlesen <span class=\"meta-nav\">&rarr;<\/span><\/a><\/p>\n","protected":false},"author":2,"featured_media":0,"parent":27813,"menu_order":0,"comment_status":"closed","ping_status":"open","template":"","meta":{"footnotes":""},"class_list":["post-3374","page","type-page","status-publish","hentry"],"_links":{"self":[{"href":"http:\/\/www.denkfried.de\/wp\/index.php?rest_route=\/wp\/v2\/pages\/3374","targetHints":{"allow":["GET"]}}],"collection":[{"href":"http:\/\/www.denkfried.de\/wp\/index.php?rest_route=\/wp\/v2\/pages"}],"about":[{"href":"http:\/\/www.denkfried.de\/wp\/index.php?rest_route=\/wp\/v2\/types\/page"}],"author":[{"embeddable":true,"href":"http:\/\/www.denkfried.de\/wp\/index.php?rest_route=\/wp\/v2\/users\/2"}],"replies":[{"embeddable":true,"href":"http:\/\/www.denkfried.de\/wp\/index.php?rest_route=%2Fwp%2Fv2%2Fcomments&post=3374"}],"version-history":[{"count":7,"href":"http:\/\/www.denkfried.de\/wp\/index.php?rest_route=\/wp\/v2\/pages\/3374\/revisions"}],"predecessor-version":[{"id":8787,"href":"http:\/\/www.denkfried.de\/wp\/index.php?rest_route=\/wp\/v2\/pages\/3374\/revisions\/8787"}],"up":[{"embeddable":true,"href":"http:\/\/www.denkfried.de\/wp\/index.php?rest_route=\/wp\/v2\/pages\/27813"}],"wp:attachment":[{"href":"http:\/\/www.denkfried.de\/wp\/index.php?rest_route=%2Fwp%2Fv2%2Fmedia&parent=3374"}],"curies":[{"name":"wp","href":"https:\/\/api.w.org\/{rel}","templated":true}]}}