{"id":33534,"date":"2013-10-19T21:47:31","date_gmt":"2013-10-19T19:47:31","guid":{"rendered":"http:\/\/www.denkfried.de\/wp\/?page_id=33534"},"modified":"2013-10-19T22:07:58","modified_gmt":"2013-10-19T20:07:58","slug":"probstheida","status":"publish","type":"page","link":"http:\/\/www.denkfried.de\/wp\/?page_id=33534","title":{"rendered":"Probstheida"},"content":{"rendered":"<p>&nbsp;<\/p>\n<p><strong>04289 Probstheida<\/strong> ist ein Ortsteil in der Stadt Leipzig im Bezirk S\u00fcdost<\/p>\n<ul>\n<li><a href=\"http:\/\/www.denkfried.de\/wp\/?page_id=33525\">V\u00f6lkerschlachtdenkmal<\/a><\/li>\n<li><a href=\"http:\/\/www.denkfried.de\/wp\/?page_id=33542\">Denkm\u00e4ler 1813<\/a><\/li>\n<li><a href=\"http:\/\/www.denkfried.de\/wp\/?page_id=33512\">S\u00fcdfriedhof Denkm\u00e4ler<\/a><\/li>\n<li><a href=\"http:\/\/www.denkfried.de\/wp\/?page_id=7652\">S\u00fcdfriedhof Kriegsgr\u00e4berst\u00e4tte<\/a><\/li>\n<\/ul>\n","protected":false},"excerpt":{"rendered":"<p>&nbsp; 04289 Probstheida ist ein Ortsteil in der Stadt Leipzig im Bezirk S\u00fcdost V\u00f6lkerschlachtdenkmal Denkm\u00e4ler 1813 S\u00fcdfriedhof Denkm\u00e4ler S\u00fcdfriedhof Kriegsgr\u00e4berst\u00e4tte<\/p>\n","protected":false},"author":9,"featured_media":0,"parent":33456,"menu_order":0,"comment_status":"closed","ping_status":"open","template":"","meta":{"footnotes":""},"class_list":["post-33534","page","type-page","status-publish","hentry"],"_links":{"self":[{"href":"http:\/\/www.denkfried.de\/wp\/index.php?rest_route=\/wp\/v2\/pages\/33534","targetHints":{"allow":["GET"]}}],"collection":[{"href":"http:\/\/www.denkfried.de\/wp\/index.php?rest_route=\/wp\/v2\/pages"}],"about":[{"href":"http:\/\/www.denkfried.de\/wp\/index.php?rest_route=\/wp\/v2\/types\/page"}],"author":[{"embeddable":true,"href":"http:\/\/www.denkfried.de\/wp\/index.php?rest_route=\/wp\/v2\/users\/9"}],"replies":[{"embeddable":true,"href":"http:\/\/www.denkfried.de\/wp\/index.php?rest_route=%2Fwp%2Fv2%2Fcomments&post=33534"}],"version-history":[{"count":7,"href":"http:\/\/www.denkfried.de\/wp\/index.php?rest_route=\/wp\/v2\/pages\/33534\/revisions"}],"predecessor-version":[{"id":33536,"href":"http:\/\/www.denkfried.de\/wp\/index.php?rest_route=\/wp\/v2\/pages\/33534\/revisions\/33536"}],"up":[{"embeddable":true,"href":"http:\/\/www.denkfried.de\/wp\/index.php?rest_route=\/wp\/v2\/pages\/33456"}],"wp:attachment":[{"href":"http:\/\/www.denkfried.de\/wp\/index.php?rest_route=%2Fwp%2Fv2%2Fmedia&parent=33534"}],"curies":[{"name":"wp","href":"https:\/\/api.w.org\/{rel}","templated":true}]}}