{"id":33512,"date":"2013-10-19T21:29:13","date_gmt":"2013-10-19T19:29:13","guid":{"rendered":"http:\/\/www.denkfried.de\/wp\/?page_id=33512"},"modified":"2015-12-27T17:56:33","modified_gmt":"2015-12-27T16:56:33","slug":"leipzig-suedfriedhof-dm","status":"publish","type":"page","link":"http:\/\/www.denkfried.de\/wp\/?page_id=33512","title":{"rendered":"Leipzig S\u00fcdfriedhof DM"},"content":{"rendered":"<p>&nbsp;<\/p>\n<p><strong>04291 Leipzig <\/strong>S\u00fcdfriedhof, Friedhofsweg 3<strong><br \/>\n<\/strong><\/p>\n<p>Bericht und Bilder von Thomas\u00a0<a href=\"http:\/\/g-bb.jimdo.com\/\">Gefallenendenkm\u00e4ler Berlin\/Brandenburg<\/a><\/p>\n<div id='gallery-1' class='gallery galleryid-33512 gallery-columns-3 gallery-size-thumbnail'><dl class='gallery-item'>\n\t\t\t<dt class='gallery-icon landscape'>\n\t\t\t\t<a href='http:\/\/www.denkfried.de\/wp\/?attachment_id=33515'><img loading=\"lazy\" decoding=\"async\" width=\"150\" height=\"150\" src=\"http:\/\/www.denkfried.de\/wp\/wp-content\/uploads\/2013\/10\/Leipzig-Denkmal-S\u00fcdfriedhof-150x150.jpg\" class=\"attachment-thumbnail size-thumbnail\" alt=\"\" \/><\/a>\n\t\t\t<\/dt><\/dl><dl class='gallery-item'>\n\t\t\t<dt class='gallery-icon portrait'>\n\t\t\t\t<a href='http:\/\/www.denkfried.de\/wp\/?attachment_id=33518'><img loading=\"lazy\" decoding=\"async\" width=\"150\" height=\"150\" src=\"http:\/\/www.denkfried.de\/wp\/wp-content\/uploads\/2013\/10\/Leipzig-Denkmal-S\u00fcdfriedhof-7-150x150.jpg\" class=\"attachment-thumbnail size-thumbnail\" alt=\"\" \/><\/a>\n\t\t\t<\/dt><\/dl><dl class='gallery-item'>\n\t\t\t<dt class='gallery-icon portrait'>\n\t\t\t\t<a href='http:\/\/www.denkfried.de\/wp\/?attachment_id=33517'><img loading=\"lazy\" decoding=\"async\" width=\"150\" height=\"150\" src=\"http:\/\/www.denkfried.de\/wp\/wp-content\/uploads\/2013\/10\/Leipzig-Denkmal-S\u00fcdfriedhof-6-150x150.jpg\" class=\"attachment-thumbnail size-thumbnail\" alt=\"\" \/><\/a>\n\t\t\t<\/dt><\/dl><br style=\"clear: both\" \/><dl class='gallery-item'>\n\t\t\t<dt class='gallery-icon portrait'>\n\t\t\t\t<a href='http:\/\/www.denkfried.de\/wp\/?attachment_id=33516'><img loading=\"lazy\" decoding=\"async\" width=\"150\" height=\"150\" src=\"http:\/\/www.denkfried.de\/wp\/wp-content\/uploads\/2013\/10\/Leipzig-Denkmal-S\u00fcdfriedhof-4-150x150.jpg\" class=\"attachment-thumbnail size-thumbnail\" alt=\"\" \/><\/a>\n\t\t\t<\/dt><\/dl><dl class='gallery-item'>\n\t\t\t<dt class='gallery-icon landscape'>\n\t\t\t\t<a href='http:\/\/www.denkfried.de\/wp\/?attachment_id=33519'><img loading=\"lazy\" decoding=\"async\" width=\"150\" height=\"150\" src=\"http:\/\/www.denkfried.de\/wp\/wp-content\/uploads\/2013\/10\/Leipzig-S\u00fcdfriedhof-private-Gedenken-150x150.jpg\" class=\"attachment-thumbnail size-thumbnail\" alt=\"\" \/><\/a>\n\t\t\t<\/dt><\/dl><dl class='gallery-item'>\n\t\t\t<dt class='gallery-icon landscape'>\n\t\t\t\t<a href='http:\/\/www.denkfried.de\/wp\/?attachment_id=33520'><img loading=\"lazy\" decoding=\"async\" width=\"150\" height=\"150\" src=\"http:\/\/www.denkfried.de\/wp\/wp-content\/uploads\/2013\/10\/Leipzig-S\u00fcdfriedhof-private-Gedenken-5-150x150.jpg\" class=\"attachment-thumbnail size-thumbnail\" alt=\"\" \/><\/a>\n\t\t\t<\/dt><\/dl><br style=\"clear: both\" \/>\n\t\t<\/div>\n\n<p>Ein Denkmal in Form eines Rondels, befindet sich sich f\u00fcr die Toten des ersten Weltkrieges. Von au\u00dfen sind unter drei bronzenen Soldatenk\u00f6pfen, die Schlachtorte des Regiments aufgef\u00fchrt. Innen sind noch drei Gedenktafel angebracht, sowie ein Gedenken der Toten des zweiten Weltkrieges.<\/p>\n<p>Tafel 1:<\/p>\n<address style=\"text-align: center;\"><em><strong>Vom 8 Infanterie-Regiment &#8222;Prinz Johann-Georg Nr. 107<\/strong><\/em><\/address>\n<address style=\"text-align: center;\"><em><strong>und der Machinengewehr-Abteilung Nr. 8 blieben im Weltkriege<\/strong><\/em><\/address>\n<address style=\"text-align: center;\"><em><strong>1914 &#8211; 1918 auf dem Felde der Ehre, starben an im Kampfe<\/strong><\/em><\/address>\n<address style=\"text-align: center;\"><em><strong>erlittene Wunden oder an schweren Krankheiten<\/strong><\/em><\/address>\n<address style=\"text-align: center;\"><em><strong>104 Offiziere<\/strong><\/em><\/address>\n<address style=\"text-align: center;\"><em><strong>3093 Unteroffiziere<\/strong><\/em><\/address>\n<address style=\"text-align: center;\"><em><strong>und Mannschaften<\/strong><\/em><\/address>\n<address style=\"text-align: center;\"><em><strong>In treuster Pflichterf\u00fcllung gaben sie ihr Leben dahin<\/strong><\/em><\/address>\n<address style=\"text-align: center;\"><em><strong>f\u00fcr K\u00f6nig, Kaiser und Vaterland.<\/strong><\/em><\/address>\n<address style=\"text-align: center;\"><em><strong>Das Ged\u00e4chtnis ihrer Taten und ihres Heldentodes<\/strong><\/em><\/address>\n<address style=\"text-align: center;\"><em><strong>soll unausl\u00f6schlich in Deutschen Herzen brennen.<\/strong><\/em><\/address>\n<address style=\"text-align: center;\"><em><strong>Das Reich muss uns doch bleiben!<\/strong><\/em><\/address>\n<p>Tafel 2:<\/p>\n<address style=\"text-align: center;\"><em><strong>Im Gewaltigen V\u00f6lkerringen 1914-1918<\/strong><\/em><\/address>\n<address style=\"text-align: center;\"><em><strong>verlor das Landwehr-Infanterie-Regiment 107<\/strong><\/em><\/address>\n<address style=\"text-align: center;\"><em><strong>47 Offiziere<\/strong><\/em><\/address>\n<address style=\"text-align: center;\"><em><strong>979 Unteroffiziere<\/strong><\/em><\/address>\n<address style=\"text-align: center;\"><em><strong>und Mannschaften<\/strong><\/em><\/address>\n<address style=\"text-align: center;\"><em><strong>Tapfer, k\u00e4mpfend fielen sie auf blutiger Wallstatt.<\/strong><\/em><\/address>\n<address style=\"text-align: center;\"><em><strong>Erlagen t\u00f6dlichen Wunden oder schweren Krankheiten.<\/strong><\/em><\/address>\n<address style=\"text-align: center;\"><em><strong>In erf\u00fclling ihres Fahneneides setzten sie das Leben ein<\/strong><\/em><\/address>\n<address style=\"text-align: center;\"><em><strong>f\u00fcr K\u00f6nig, Kaiser und Reich, f\u00fcr die Ehre des<\/strong><\/em><\/address>\n<address style=\"text-align: center;\"><em><strong>Deutschen Volkes und die Freiheit der Heimaterde.<\/strong><\/em><\/address>\n<address style=\"text-align: center;\"><em><strong>Sei getreu bis an den Tod, so will ich dir<\/strong><\/em><\/address>\n<address style=\"text-align: center;\"><em><strong>die Krone des Lebens geben.<\/strong><\/em><\/address>\n<address style=\"text-align: center;\">\u00a0<\/address>\n<p style=\"text-align: left;\">Tafel 3:<\/p>\n<address style=\"text-align: center;\"><em><strong>Aus den Reihen des Reserve-Infanterie-Regiments 107<\/strong><\/em><\/address>\n<address style=\"text-align: center;\"><em><strong>starben im gro\u00dfen Kriege 1914-1918<\/strong><\/em><\/address>\n<address style=\"text-align: center;\"><em><strong>gegen eine Welt von Feinden den Heldentod,<\/strong><\/em><\/address>\n<address style=\"text-align: center;\"><em><strong>erlagen schweren Wunden oder den<\/strong><\/em><\/address>\n<address style=\"text-align: center;\"><em><strong>Anstrengungen des Kampfes.<\/strong><\/em><\/address>\n<address style=\"text-align: center;\"><em><strong>99 Offiziere<\/strong><\/em><\/address>\n<address style=\"text-align: center;\"><em><strong>3560 Unteroffiziere<\/strong><\/em><\/address>\n<address style=\"text-align: center;\"><em><strong>und Mannschaften<\/strong><\/em><\/address>\n<address style=\"text-align: center;\"><em><strong>Getreu ihrem Fahneneide opferten sie ihr Leben<\/strong><\/em><\/address>\n<address style=\"text-align: center;\"><em><strong>F\u00fcr K\u00f6nig und Vaterland, Kaiser und Reich.<\/strong><\/em><\/address>\n<address style=\"text-align: center;\"><em><strong>Im Glauben an den Sieg und an Deutschlands Gr\u00f6sse.<\/strong><\/em><\/address>\n<address style=\"text-align: center;\"><em><strong>Ehre ihrem Ged\u00e4chtnis!<\/strong><\/em><\/address>\n<p>&nbsp;<\/p>\n<p><strong>Denkmal 245. Infanterie-Regiment XX Abteilung<\/strong><\/p>\n<p>Gedenkstele<\/p>\n<p><strong>Denkmal f\u00fcr die Toten der Feldartillerie<\/strong><\/p>\n<p>Quadratisches Denkmal mit Stufen am Sockel.<\/p>\n<p><strong>Steinkreuz<\/strong><\/p>\n<p>Ein sternendes Gedenkreuz f\u00fcr die Opfer des zweiten Weltkrieges.<\/p>\n<p style=\"text-align: center;\"><em><strong>Die Opfer des Zweiten Weltkrieges klagen an!<\/strong><\/em><\/p>\n<p>Es konnten noch 9 private Gedenken dokumentiert werden, die Namen wurden in die Datenbanken eingepflegt.<\/p>\n","protected":false},"excerpt":{"rendered":"<p>&nbsp; 04291 Leipzig S\u00fcdfriedhof, Friedhofsweg 3 Bericht und Bilder von Thomas\u00a0Gefallenendenkm\u00e4ler Berlin\/Brandenburg Ein Denkmal in Form eines Rondels, befindet sich sich f\u00fcr die Toten des ersten Weltkrieges. Von au\u00dfen sind unter drei bronzenen Soldatenk\u00f6pfen, die Schlachtorte des Regiments aufgef\u00fchrt. Innen &hellip; <a href=\"http:\/\/www.denkfried.de\/wp\/?page_id=33512\">Weiterlesen <span class=\"meta-nav\">&rarr;<\/span><\/a><\/p>\n","protected":false},"author":9,"featured_media":0,"parent":33534,"menu_order":0,"comment_status":"closed","ping_status":"open","template":"","meta":{"footnotes":""},"class_list":["post-33512","page","type-page","status-publish","hentry"],"_links":{"self":[{"href":"http:\/\/www.denkfried.de\/wp\/index.php?rest_route=\/wp\/v2\/pages\/33512","targetHints":{"allow":["GET"]}}],"collection":[{"href":"http:\/\/www.denkfried.de\/wp\/index.php?rest_route=\/wp\/v2\/pages"}],"about":[{"href":"http:\/\/www.denkfried.de\/wp\/index.php?rest_route=\/wp\/v2\/types\/page"}],"author":[{"embeddable":true,"href":"http:\/\/www.denkfried.de\/wp\/index.php?rest_route=\/wp\/v2\/users\/9"}],"replies":[{"embeddable":true,"href":"http:\/\/www.denkfried.de\/wp\/index.php?rest_route=%2Fwp%2Fv2%2Fcomments&post=33512"}],"version-history":[{"count":11,"href":"http:\/\/www.denkfried.de\/wp\/index.php?rest_route=\/wp\/v2\/pages\/33512\/revisions"}],"predecessor-version":[{"id":39855,"href":"http:\/\/www.denkfried.de\/wp\/index.php?rest_route=\/wp\/v2\/pages\/33512\/revisions\/39855"}],"up":[{"embeddable":true,"href":"http:\/\/www.denkfried.de\/wp\/index.php?rest_route=\/wp\/v2\/pages\/33534"}],"wp:attachment":[{"href":"http:\/\/www.denkfried.de\/wp\/index.php?rest_route=%2Fwp%2Fv2%2Fmedia&parent=33512"}],"curies":[{"name":"wp","href":"https:\/\/api.w.org\/{rel}","templated":true}]}}