{"id":33446,"date":"2013-10-19T20:00:59","date_gmt":"2013-10-19T18:00:59","guid":{"rendered":"http:\/\/www.denkfried.de\/wp\/?page_id=33446"},"modified":"2013-10-19T20:02:14","modified_gmt":"2013-10-19T18:02:14","slug":"nordost","status":"publish","type":"page","link":"http:\/\/www.denkfried.de\/wp\/?page_id=33446","title":{"rendered":"Nordost"},"content":{"rendered":"<p>&nbsp;<\/p>\n<p><strong>Stadt Leipzig<\/strong> Stadtbezirk Nordost<\/p>\n<p>Ortsteile:<\/p>\n<ul>\n<li>Mockau<\/li>\n<li>Plau\u00dfig-Portitz<\/li>\n<li>Sch\u00f6nefeld-Abtnaundorf<\/li>\n<li>Sch\u00f6nefeld-Ost<\/li>\n<li>Thekla<\/li>\n<\/ul>\n<p>&nbsp;<\/p>\n","protected":false},"excerpt":{"rendered":"<p>&nbsp; Stadt Leipzig Stadtbezirk Nordost Ortsteile: Mockau Plau\u00dfig-Portitz Sch\u00f6nefeld-Abtnaundorf Sch\u00f6nefeld-Ost Thekla &nbsp;<\/p>\n","protected":false},"author":9,"featured_media":0,"parent":7640,"menu_order":0,"comment_status":"closed","ping_status":"open","template":"","meta":{"footnotes":""},"class_list":["post-33446","page","type-page","status-publish","hentry"],"_links":{"self":[{"href":"http:\/\/www.denkfried.de\/wp\/index.php?rest_route=\/wp\/v2\/pages\/33446","targetHints":{"allow":["GET"]}}],"collection":[{"href":"http:\/\/www.denkfried.de\/wp\/index.php?rest_route=\/wp\/v2\/pages"}],"about":[{"href":"http:\/\/www.denkfried.de\/wp\/index.php?rest_route=\/wp\/v2\/types\/page"}],"author":[{"embeddable":true,"href":"http:\/\/www.denkfried.de\/wp\/index.php?rest_route=\/wp\/v2\/users\/9"}],"replies":[{"embeddable":true,"href":"http:\/\/www.denkfried.de\/wp\/index.php?rest_route=%2Fwp%2Fv2%2Fcomments&post=33446"}],"version-history":[{"count":3,"href":"http:\/\/www.denkfried.de\/wp\/index.php?rest_route=\/wp\/v2\/pages\/33446\/revisions"}],"predecessor-version":[{"id":33449,"href":"http:\/\/www.denkfried.de\/wp\/index.php?rest_route=\/wp\/v2\/pages\/33446\/revisions\/33449"}],"up":[{"embeddable":true,"href":"http:\/\/www.denkfried.de\/wp\/index.php?rest_route=\/wp\/v2\/pages\/7640"}],"wp:attachment":[{"href":"http:\/\/www.denkfried.de\/wp\/index.php?rest_route=%2Fwp%2Fv2%2Fmedia&parent=33446"}],"curies":[{"name":"wp","href":"https:\/\/api.w.org\/{rel}","templated":true}]}}