{"id":32890,"date":"2013-09-30T19:05:33","date_gmt":"2013-09-30T17:05:33","guid":{"rendered":"http:\/\/www.denkfried.de\/wp\/?page_id=32890"},"modified":"2013-09-30T19:05:33","modified_gmt":"2013-09-30T17:05:33","slug":"bligny-marne","status":"publish","type":"page","link":"http:\/\/www.denkfried.de\/wp\/?page_id=32890","title":{"rendered":"Bligny Marne"},"content":{"rendered":"<p>&nbsp;<\/p>\n<p><span style=\"text-decoration: underline;\"><strong>10200 Bligny<\/strong><\/span><\/p>\n<p>Heute ist der 14.09.2013 und wir erreichen den Deutschen Soldatenfriedhof Bligny\/Marne in der Region Champagne in den Ardennen. Das Gr\u00e4berfeld, f\u00fcr die 4732 gefallenen Soldaten des 1.Weltkriegs, wurde nach Kriegsende von den franz\u00f6sischen Milit\u00e4rbeh\u00f6rden aus 32 Gemeinden ,haupts\u00e4chlich aus den K\u00e4mpfen n\u00f6rdlich und nordwestlich um Bligny angelegt. 1928 wurden B\u00fcsche und B\u00e4ume gepflanzt, das Gemeinschaftsgrab mit einer Natursteinmauer eingefasst, und ein Hochkreuz aus Naturstein wurde errichtet. 1972 wurde der Soldatenfriedhof g\u00e4rtnerisch \u00fcberarbeitet und die Holzkreuze gegen Steinkreuze ausgetauscht.Das schmiedeeiserne Eingangstor mit zwei Steins\u00e4ulen wurde angelegt. Von den 1670im Gemeinschaftsgrab ruhenden gefallenen Soldaten, sind nur 511 namentlich bekannt. Das Gr\u00e4berfeld vermittelt einen gepflegten Eindruck.<\/p>\n<p>Gr\u00fc\u00dfe Hubert<\/p>\n<p><a href=\"http:\/\/www.denkfried.de\/wp\/wp-content\/uploads\/2013\/09\/Bligny-Marne-1.W.K.-4732-gef.-14.09.2013-3.jpg\"><img loading=\"lazy\" decoding=\"async\" class=\"alignnone size-medium wp-image-32891\" alt=\"Bligny-Marne, 1.W.K. 4732 gef. 14.09.2013 (3)\" src=\"http:\/\/www.denkfried.de\/wp\/wp-content\/uploads\/2013\/09\/Bligny-Marne-1.W.K.-4732-gef.-14.09.2013-3-300x199.jpg\" width=\"300\" height=\"199\" srcset=\"http:\/\/www.denkfried.de\/wp\/wp-content\/uploads\/2013\/09\/Bligny-Marne-1.W.K.-4732-gef.-14.09.2013-3-300x199.jpg 300w, http:\/\/www.denkfried.de\/wp\/wp-content\/uploads\/2013\/09\/Bligny-Marne-1.W.K.-4732-gef.-14.09.2013-3.jpg 720w\" sizes=\"auto, (max-width: 300px) 100vw, 300px\" \/><\/a> <a href=\"http:\/\/www.denkfried.de\/wp\/wp-content\/uploads\/2013\/09\/Bligny-Marne-1.W.K.-4732-gef.-14.09.2013-2.jpg\"><img loading=\"lazy\" decoding=\"async\" class=\"alignnone size-medium wp-image-32892\" alt=\"Bligny-Marne, 1.W.K. 4732 gef. 14.09.2013 (2)\" src=\"http:\/\/www.denkfried.de\/wp\/wp-content\/uploads\/2013\/09\/Bligny-Marne-1.W.K.-4732-gef.-14.09.2013-2-300x199.jpg\" width=\"300\" height=\"199\" srcset=\"http:\/\/www.denkfried.de\/wp\/wp-content\/uploads\/2013\/09\/Bligny-Marne-1.W.K.-4732-gef.-14.09.2013-2-300x199.jpg 300w, http:\/\/www.denkfried.de\/wp\/wp-content\/uploads\/2013\/09\/Bligny-Marne-1.W.K.-4732-gef.-14.09.2013-2.jpg 720w\" sizes=\"auto, (max-width: 300px) 100vw, 300px\" \/><\/a> <a href=\"http:\/\/www.denkfried.de\/wp\/wp-content\/uploads\/2013\/09\/Bligny-Marne-1.W.K.-4732-gef.-14.09.2013-1.jpg\"><img loading=\"lazy\" decoding=\"async\" class=\"alignnone size-medium wp-image-32893\" alt=\"Bligny-Marne, 1.W.K. 4732 gef. 14.09.2013 (1)\" src=\"http:\/\/www.denkfried.de\/wp\/wp-content\/uploads\/2013\/09\/Bligny-Marne-1.W.K.-4732-gef.-14.09.2013-1-300x199.jpg\" width=\"300\" height=\"199\" srcset=\"http:\/\/www.denkfried.de\/wp\/wp-content\/uploads\/2013\/09\/Bligny-Marne-1.W.K.-4732-gef.-14.09.2013-1-300x199.jpg 300w, http:\/\/www.denkfried.de\/wp\/wp-content\/uploads\/2013\/09\/Bligny-Marne-1.W.K.-4732-gef.-14.09.2013-1.jpg 720w\" sizes=\"auto, (max-width: 300px) 100vw, 300px\" \/><\/a> <a href=\"http:\/\/www.denkfried.de\/wp\/wp-content\/uploads\/2013\/09\/Bligny-Marne-1.W.K.-4732-gef.-14.09.2013-5.jpg\"><img loading=\"lazy\" decoding=\"async\" class=\"alignnone size-medium wp-image-32894\" alt=\"Bligny-Marne, 1.W.K. 4732 gef. 14.09.2013 (5)\" src=\"http:\/\/www.denkfried.de\/wp\/wp-content\/uploads\/2013\/09\/Bligny-Marne-1.W.K.-4732-gef.-14.09.2013-5-300x199.jpg\" width=\"300\" height=\"199\" srcset=\"http:\/\/www.denkfried.de\/wp\/wp-content\/uploads\/2013\/09\/Bligny-Marne-1.W.K.-4732-gef.-14.09.2013-5-300x199.jpg 300w, http:\/\/www.denkfried.de\/wp\/wp-content\/uploads\/2013\/09\/Bligny-Marne-1.W.K.-4732-gef.-14.09.2013-5.jpg 720w\" sizes=\"auto, (max-width: 300px) 100vw, 300px\" \/><\/a> <a href=\"http:\/\/www.denkfried.de\/wp\/wp-content\/uploads\/2013\/09\/Bligny-Marne-1.W.K.-4732-gef.-14.09.2013-6.jpg\"><img loading=\"lazy\" decoding=\"async\" class=\"alignnone size-medium wp-image-32895\" alt=\"Bligny-Marne, 1.W.K. 4732 gef. 14.09.2013 (6)\" src=\"http:\/\/www.denkfried.de\/wp\/wp-content\/uploads\/2013\/09\/Bligny-Marne-1.W.K.-4732-gef.-14.09.2013-6-300x199.jpg\" width=\"300\" height=\"199\" srcset=\"http:\/\/www.denkfried.de\/wp\/wp-content\/uploads\/2013\/09\/Bligny-Marne-1.W.K.-4732-gef.-14.09.2013-6-300x199.jpg 300w, http:\/\/www.denkfried.de\/wp\/wp-content\/uploads\/2013\/09\/Bligny-Marne-1.W.K.-4732-gef.-14.09.2013-6.jpg 720w\" sizes=\"auto, (max-width: 300px) 100vw, 300px\" \/><\/a> <a href=\"http:\/\/www.denkfried.de\/wp\/wp-content\/uploads\/2013\/09\/Bligny-Marne-1.W.K.-4732-gef.-14.09.2013-7.jpg\"><img loading=\"lazy\" decoding=\"async\" class=\"alignnone size-medium wp-image-32896\" alt=\"Bligny-Marne, 1.W.K. 4732 gef. 14.09.2013 (7)\" src=\"http:\/\/www.denkfried.de\/wp\/wp-content\/uploads\/2013\/09\/Bligny-Marne-1.W.K.-4732-gef.-14.09.2013-7-199x300.jpg\" width=\"199\" height=\"300\" srcset=\"http:\/\/www.denkfried.de\/wp\/wp-content\/uploads\/2013\/09\/Bligny-Marne-1.W.K.-4732-gef.-14.09.2013-7-199x300.jpg 199w, http:\/\/www.denkfried.de\/wp\/wp-content\/uploads\/2013\/09\/Bligny-Marne-1.W.K.-4732-gef.-14.09.2013-7.jpg 478w\" sizes=\"auto, (max-width: 199px) 100vw, 199px\" \/><\/a> <a href=\"http:\/\/www.denkfried.de\/wp\/wp-content\/uploads\/2013\/09\/Bligny-Marne-1.W.K.-4732-gef.-14.09.2013-11.jpg\"><img loading=\"lazy\" decoding=\"async\" class=\"alignnone size-medium wp-image-32897\" alt=\"Bligny-Marne, 1.W.K. 4732 gef. 14.09.2013 (11)\" src=\"http:\/\/www.denkfried.de\/wp\/wp-content\/uploads\/2013\/09\/Bligny-Marne-1.W.K.-4732-gef.-14.09.2013-11-300x199.jpg\" width=\"300\" height=\"199\" srcset=\"http:\/\/www.denkfried.de\/wp\/wp-content\/uploads\/2013\/09\/Bligny-Marne-1.W.K.-4732-gef.-14.09.2013-11-300x199.jpg 300w, http:\/\/www.denkfried.de\/wp\/wp-content\/uploads\/2013\/09\/Bligny-Marne-1.W.K.-4732-gef.-14.09.2013-11.jpg 720w\" sizes=\"auto, (max-width: 300px) 100vw, 300px\" \/><\/a> <a href=\"http:\/\/www.denkfried.de\/wp\/wp-content\/uploads\/2013\/09\/Bligny-Marne-1.W.K.-4732-gef.-14.09.2013-12.jpg\"><img loading=\"lazy\" decoding=\"async\" class=\"alignnone size-medium wp-image-32898\" alt=\"Bligny-Marne, 1.W.K. 4732 gef. 14.09.2013 (12)\" src=\"http:\/\/www.denkfried.de\/wp\/wp-content\/uploads\/2013\/09\/Bligny-Marne-1.W.K.-4732-gef.-14.09.2013-12-199x300.jpg\" width=\"199\" height=\"300\" srcset=\"http:\/\/www.denkfried.de\/wp\/wp-content\/uploads\/2013\/09\/Bligny-Marne-1.W.K.-4732-gef.-14.09.2013-12-199x300.jpg 199w, http:\/\/www.denkfried.de\/wp\/wp-content\/uploads\/2013\/09\/Bligny-Marne-1.W.K.-4732-gef.-14.09.2013-12.jpg 478w\" sizes=\"auto, (max-width: 199px) 100vw, 199px\" \/><\/a> <a href=\"http:\/\/www.denkfried.de\/wp\/wp-content\/uploads\/2013\/09\/Bligny-Marne-1.W.K.-4732-gef.-14.09.2013-13.jpg\"><img loading=\"lazy\" decoding=\"async\" class=\"alignnone size-medium wp-image-32899\" alt=\"Bligny-Marne, 1.W.K. 4732 gef. 14.09.2013 (13)\" src=\"http:\/\/www.denkfried.de\/wp\/wp-content\/uploads\/2013\/09\/Bligny-Marne-1.W.K.-4732-gef.-14.09.2013-13-199x300.jpg\" width=\"199\" height=\"300\" srcset=\"http:\/\/www.denkfried.de\/wp\/wp-content\/uploads\/2013\/09\/Bligny-Marne-1.W.K.-4732-gef.-14.09.2013-13-199x300.jpg 199w, http:\/\/www.denkfried.de\/wp\/wp-content\/uploads\/2013\/09\/Bligny-Marne-1.W.K.-4732-gef.-14.09.2013-13.jpg 478w\" sizes=\"auto, (max-width: 199px) 100vw, 199px\" \/><\/a> <a href=\"http:\/\/www.denkfried.de\/wp\/wp-content\/uploads\/2013\/09\/Bligny-Marne-1.W.K.-4732-gef.-14.09.2013-14.jpg\"><img loading=\"lazy\" decoding=\"async\" class=\"alignnone size-medium wp-image-32900\" alt=\"Bligny-Marne, 1.W.K. 4732 gef. 14.09.2013 (14)\" src=\"http:\/\/www.denkfried.de\/wp\/wp-content\/uploads\/2013\/09\/Bligny-Marne-1.W.K.-4732-gef.-14.09.2013-14-300x199.jpg\" width=\"300\" height=\"199\" srcset=\"http:\/\/www.denkfried.de\/wp\/wp-content\/uploads\/2013\/09\/Bligny-Marne-1.W.K.-4732-gef.-14.09.2013-14-300x199.jpg 300w, http:\/\/www.denkfried.de\/wp\/wp-content\/uploads\/2013\/09\/Bligny-Marne-1.W.K.-4732-gef.-14.09.2013-14.jpg 720w\" sizes=\"auto, (max-width: 300px) 100vw, 300px\" \/><\/a> <a href=\"http:\/\/www.denkfried.de\/wp\/wp-content\/uploads\/2013\/09\/Bligny-Marne-1.W.K.-4732-gef.-14.09.2013-15.jpg\"><img loading=\"lazy\" decoding=\"async\" class=\"alignnone size-medium wp-image-32901\" alt=\"Bligny-Marne, 1.W.K. 4732 gef. 14.09.2013 (15)\" src=\"http:\/\/www.denkfried.de\/wp\/wp-content\/uploads\/2013\/09\/Bligny-Marne-1.W.K.-4732-gef.-14.09.2013-15-199x300.jpg\" width=\"199\" height=\"300\" srcset=\"http:\/\/www.denkfried.de\/wp\/wp-content\/uploads\/2013\/09\/Bligny-Marne-1.W.K.-4732-gef.-14.09.2013-15-199x300.jpg 199w, http:\/\/www.denkfried.de\/wp\/wp-content\/uploads\/2013\/09\/Bligny-Marne-1.W.K.-4732-gef.-14.09.2013-15.jpg 478w\" sizes=\"auto, (max-width: 199px) 100vw, 199px\" \/><\/a> <a href=\"http:\/\/www.denkfried.de\/wp\/wp-content\/uploads\/2013\/09\/Bligny-Marne-1.W.K.-4732-gef.-14.09.2013-16.jpg\"><img loading=\"lazy\" decoding=\"async\" class=\"alignnone size-medium wp-image-32902\" alt=\"Bligny-Marne, 1.W.K. 4732 gef. 14.09.2013 (16)\" src=\"http:\/\/www.denkfried.de\/wp\/wp-content\/uploads\/2013\/09\/Bligny-Marne-1.W.K.-4732-gef.-14.09.2013-16-199x300.jpg\" width=\"199\" height=\"300\" srcset=\"http:\/\/www.denkfried.de\/wp\/wp-content\/uploads\/2013\/09\/Bligny-Marne-1.W.K.-4732-gef.-14.09.2013-16-199x300.jpg 199w, http:\/\/www.denkfried.de\/wp\/wp-content\/uploads\/2013\/09\/Bligny-Marne-1.W.K.-4732-gef.-14.09.2013-16.jpg 478w\" sizes=\"auto, (max-width: 199px) 100vw, 199px\" \/><\/a> <a href=\"http:\/\/www.denkfried.de\/wp\/wp-content\/uploads\/2013\/09\/Bligny-Marne-1.W.K.-4732-gef.-14.09.2013-17.jpg\"><img loading=\"lazy\" decoding=\"async\" class=\"alignnone size-medium wp-image-32903\" alt=\"Bligny-Marne, 1.W.K. 4732 gef. 14.09.2013 (17)\" src=\"http:\/\/www.denkfried.de\/wp\/wp-content\/uploads\/2013\/09\/Bligny-Marne-1.W.K.-4732-gef.-14.09.2013-17-300x199.jpg\" width=\"300\" height=\"199\" srcset=\"http:\/\/www.denkfried.de\/wp\/wp-content\/uploads\/2013\/09\/Bligny-Marne-1.W.K.-4732-gef.-14.09.2013-17-300x199.jpg 300w, http:\/\/www.denkfried.de\/wp\/wp-content\/uploads\/2013\/09\/Bligny-Marne-1.W.K.-4732-gef.-14.09.2013-17.jpg 720w\" sizes=\"auto, (max-width: 300px) 100vw, 300px\" \/><\/a><\/p>\n","protected":false},"excerpt":{"rendered":"<p>&nbsp; 10200 Bligny Heute ist der 14.09.2013 und wir erreichen den Deutschen Soldatenfriedhof Bligny\/Marne in der Region Champagne in den Ardennen. Das Gr\u00e4berfeld, f\u00fcr die 4732 gefallenen Soldaten des 1.Weltkriegs, wurde nach Kriegsende von den franz\u00f6sischen Milit\u00e4rbeh\u00f6rden aus 32 Gemeinden &hellip; <a href=\"http:\/\/www.denkfried.de\/wp\/?page_id=32890\">Weiterlesen <span class=\"meta-nav\">&rarr;<\/span><\/a><\/p>\n","protected":false},"author":7,"featured_media":0,"parent":8258,"menu_order":0,"comment_status":"closed","ping_status":"open","template":"","meta":{"footnotes":""},"class_list":["post-32890","page","type-page","status-publish","hentry"],"_links":{"self":[{"href":"http:\/\/www.denkfried.de\/wp\/index.php?rest_route=\/wp\/v2\/pages\/32890","targetHints":{"allow":["GET"]}}],"collection":[{"href":"http:\/\/www.denkfried.de\/wp\/index.php?rest_route=\/wp\/v2\/pages"}],"about":[{"href":"http:\/\/www.denkfried.de\/wp\/index.php?rest_route=\/wp\/v2\/types\/page"}],"author":[{"embeddable":true,"href":"http:\/\/www.denkfried.de\/wp\/index.php?rest_route=\/wp\/v2\/users\/7"}],"replies":[{"embeddable":true,"href":"http:\/\/www.denkfried.de\/wp\/index.php?rest_route=%2Fwp%2Fv2%2Fcomments&post=32890"}],"version-history":[{"count":1,"href":"http:\/\/www.denkfried.de\/wp\/index.php?rest_route=\/wp\/v2\/pages\/32890\/revisions"}],"predecessor-version":[{"id":32904,"href":"http:\/\/www.denkfried.de\/wp\/index.php?rest_route=\/wp\/v2\/pages\/32890\/revisions\/32904"}],"up":[{"embeddable":true,"href":"http:\/\/www.denkfried.de\/wp\/index.php?rest_route=\/wp\/v2\/pages\/8258"}],"wp:attachment":[{"href":"http:\/\/www.denkfried.de\/wp\/index.php?rest_route=%2Fwp%2Fv2%2Fmedia&parent=32890"}],"curies":[{"name":"wp","href":"https:\/\/api.w.org\/{rel}","templated":true}]}}