{"id":32852,"date":"2013-09-29T13:36:46","date_gmt":"2013-09-29T11:36:46","guid":{"rendered":"http:\/\/www.denkfried.de\/wp\/?page_id=32852"},"modified":"2013-09-29T14:04:58","modified_gmt":"2013-09-29T12:04:58","slug":"azannes-i","status":"publish","type":"page","link":"http:\/\/www.denkfried.de\/wp\/?page_id=32852","title":{"rendered":"Azannes I"},"content":{"rendered":"<p>&nbsp;<\/p>\n<p><span style=\"text-decoration: underline;\"><strong>55150 Azannes I<\/strong><\/span><\/p>\n<p>Am 07.09.2013 erreichen wir in der Region Lotringen, Department Maas an einem Feldweg etwas ausserhalb des Ortes Azannes den Soldatenfriedhof f\u00fcr 811 gefallene deutsche Soldaten aus dem 1.Weltkrieg. Metallkreuze mit jeweils zwei Namen auf der Vorder-und R\u00fcckseite kennzeichnen die Grablagen der hier zur letzten Ruhe gebetteten. Mit Beginn der Schlacht um Verdun von den Deutschen Truppen hier angelegt,fielen die meisten hier bestatteten Soldaten schon in den ersten drei Monaten der K\u00e4mpfe. Das k\u00f6nigliche bayerische Armierungsbataillion X setzte seinen Gefallenen ein Denkmal.Das Gr\u00e4berfeld \u00fcbermittelt einen gepflegten Zustand.<\/p>\n<p>Koordinaten: N49\u00b017.577 O5\u00b027.837<\/p>\n<p>Gr\u00fc\u00dfe Hubert<\/p>\n<div id=\"attachment_32853\" style=\"width: 310px\" class=\"wp-caption alignnone\"><a href=\"http:\/\/www.denkfried.de\/wp\/wp-content\/uploads\/2013\/09\/AzannesNr.I-1.W.K.811-deutsche-am-Feldweg-07.09.2013-067-1.jpg\"><img loading=\"lazy\" decoding=\"async\" aria-describedby=\"caption-attachment-32853\" class=\"size-medium wp-image-32853\" alt=\"Azannes,I Gr\u00e4berfeld\" src=\"http:\/\/www.denkfried.de\/wp\/wp-content\/uploads\/2013\/09\/AzannesNr.I-1.W.K.811-deutsche-am-Feldweg-07.09.2013-067-1-300x199.jpg\" width=\"300\" height=\"199\" srcset=\"http:\/\/www.denkfried.de\/wp\/wp-content\/uploads\/2013\/09\/AzannesNr.I-1.W.K.811-deutsche-am-Feldweg-07.09.2013-067-1-300x199.jpg 300w, http:\/\/www.denkfried.de\/wp\/wp-content\/uploads\/2013\/09\/AzannesNr.I-1.W.K.811-deutsche-am-Feldweg-07.09.2013-067-1.jpg 720w\" sizes=\"auto, (max-width: 300px) 100vw, 300px\" \/><\/a><p id=\"caption-attachment-32853\" class=\"wp-caption-text\">Azannes,I Gr\u00e4berfeld<\/p><\/div>\n<p><a href=\"http:\/\/www.denkfried.de\/wp\/wp-content\/uploads\/2013\/09\/AzannesNr.I-1.W.K.811-deutsche-am-Feldweg-07.09.2013-067-2.jpg\"><img loading=\"lazy\" decoding=\"async\" class=\"alignnone size-medium wp-image-32854\" alt=\"Azannes,Nr.I- 1.W.K.811 deutsche, am Feldweg, 07.09.2013 067 (2)\" src=\"http:\/\/www.denkfried.de\/wp\/wp-content\/uploads\/2013\/09\/AzannesNr.I-1.W.K.811-deutsche-am-Feldweg-07.09.2013-067-2-300x199.jpg\" width=\"300\" height=\"199\" srcset=\"http:\/\/www.denkfried.de\/wp\/wp-content\/uploads\/2013\/09\/AzannesNr.I-1.W.K.811-deutsche-am-Feldweg-07.09.2013-067-2-300x199.jpg 300w, http:\/\/www.denkfried.de\/wp\/wp-content\/uploads\/2013\/09\/AzannesNr.I-1.W.K.811-deutsche-am-Feldweg-07.09.2013-067-2.jpg 720w\" sizes=\"auto, (max-width: 300px) 100vw, 300px\" \/><\/a> <a href=\"http:\/\/www.denkfried.de\/wp\/wp-content\/uploads\/2013\/09\/AzannesNr.I-1.W.K.811-deutsche-am-Feldweg-07.09.2013-067-3.jpg\"><img loading=\"lazy\" decoding=\"async\" class=\"alignnone size-medium wp-image-32855\" alt=\"Azannes,Nr.I- 1.W.K.811 deutsche, am Feldweg, 07.09.2013 067 (3)\" src=\"http:\/\/www.denkfried.de\/wp\/wp-content\/uploads\/2013\/09\/AzannesNr.I-1.W.K.811-deutsche-am-Feldweg-07.09.2013-067-3-300x199.jpg\" width=\"300\" height=\"199\" srcset=\"http:\/\/www.denkfried.de\/wp\/wp-content\/uploads\/2013\/09\/AzannesNr.I-1.W.K.811-deutsche-am-Feldweg-07.09.2013-067-3-300x199.jpg 300w, http:\/\/www.denkfried.de\/wp\/wp-content\/uploads\/2013\/09\/AzannesNr.I-1.W.K.811-deutsche-am-Feldweg-07.09.2013-067-3.jpg 720w\" sizes=\"auto, (max-width: 300px) 100vw, 300px\" \/><\/a> <a href=\"http:\/\/www.denkfried.de\/wp\/wp-content\/uploads\/2013\/09\/AzannesNr.I-1.W.K.-deutsch-am-Feldweg-07.09.2013-067-6.jpg\"><img loading=\"lazy\" decoding=\"async\" class=\"alignnone size-medium wp-image-32856\" alt=\"Azannes,Nr.I- 1.W.K. deutsch, am Feldweg, 07.09.2013 067 (6)\" src=\"http:\/\/www.denkfried.de\/wp\/wp-content\/uploads\/2013\/09\/AzannesNr.I-1.W.K.-deutsch-am-Feldweg-07.09.2013-067-6-199x300.jpg\" width=\"199\" height=\"300\" srcset=\"http:\/\/www.denkfried.de\/wp\/wp-content\/uploads\/2013\/09\/AzannesNr.I-1.W.K.-deutsch-am-Feldweg-07.09.2013-067-6-199x300.jpg 199w, http:\/\/www.denkfried.de\/wp\/wp-content\/uploads\/2013\/09\/AzannesNr.I-1.W.K.-deutsch-am-Feldweg-07.09.2013-067-6.jpg 478w\" sizes=\"auto, (max-width: 199px) 100vw, 199px\" \/><\/a> <a href=\"http:\/\/www.denkfried.de\/wp\/wp-content\/uploads\/2013\/09\/AzannesNr.I-1.W.K.-deutsch-am-Feldweg-07.09.2013-067-12.jpg\"><img loading=\"lazy\" decoding=\"async\" class=\"alignnone size-medium wp-image-32857\" alt=\"Azannes,Nr.I- 1.W.K. deutsch, am Feldweg, 07.09.2013 067 (12)\" src=\"http:\/\/www.denkfried.de\/wp\/wp-content\/uploads\/2013\/09\/AzannesNr.I-1.W.K.-deutsch-am-Feldweg-07.09.2013-067-12-199x300.jpg\" width=\"199\" height=\"300\" srcset=\"http:\/\/www.denkfried.de\/wp\/wp-content\/uploads\/2013\/09\/AzannesNr.I-1.W.K.-deutsch-am-Feldweg-07.09.2013-067-12-199x300.jpg 199w, http:\/\/www.denkfried.de\/wp\/wp-content\/uploads\/2013\/09\/AzannesNr.I-1.W.K.-deutsch-am-Feldweg-07.09.2013-067-12.jpg 478w\" sizes=\"auto, (max-width: 199px) 100vw, 199px\" \/><\/a> <a href=\"http:\/\/www.denkfried.de\/wp\/wp-content\/uploads\/2013\/09\/AzannesNr.I-1.W.K.811-deutsche-am-Feldweg-07.09.2013-067-8.jpg\"><img loading=\"lazy\" decoding=\"async\" class=\"alignnone size-medium wp-image-32858\" alt=\"Azannes,Nr.I- 1.W.K.811 deutsche, am Feldweg, 07.09.2013 067 (8)\" src=\"http:\/\/www.denkfried.de\/wp\/wp-content\/uploads\/2013\/09\/AzannesNr.I-1.W.K.811-deutsche-am-Feldweg-07.09.2013-067-8-300x199.jpg\" width=\"300\" height=\"199\" srcset=\"http:\/\/www.denkfried.de\/wp\/wp-content\/uploads\/2013\/09\/AzannesNr.I-1.W.K.811-deutsche-am-Feldweg-07.09.2013-067-8-300x199.jpg 300w, http:\/\/www.denkfried.de\/wp\/wp-content\/uploads\/2013\/09\/AzannesNr.I-1.W.K.811-deutsche-am-Feldweg-07.09.2013-067-8.jpg 720w\" sizes=\"auto, (max-width: 300px) 100vw, 300px\" \/><\/a> <a href=\"http:\/\/www.denkfried.de\/wp\/wp-content\/uploads\/2013\/09\/AzannesNr.I-1.W.K.811-deutsche-am-Feldweg-07.09.2013-067-9.jpg\"><img loading=\"lazy\" decoding=\"async\" class=\"alignnone size-medium wp-image-32859\" alt=\"Azannes,Nr.I- 1.W.K.811 deutsche, am Feldweg, 07.09.2013 067 (9)\" src=\"http:\/\/www.denkfried.de\/wp\/wp-content\/uploads\/2013\/09\/AzannesNr.I-1.W.K.811-deutsche-am-Feldweg-07.09.2013-067-9-199x300.jpg\" width=\"199\" height=\"300\" srcset=\"http:\/\/www.denkfried.de\/wp\/wp-content\/uploads\/2013\/09\/AzannesNr.I-1.W.K.811-deutsche-am-Feldweg-07.09.2013-067-9-199x300.jpg 199w, http:\/\/www.denkfried.de\/wp\/wp-content\/uploads\/2013\/09\/AzannesNr.I-1.W.K.811-deutsche-am-Feldweg-07.09.2013-067-9.jpg 478w\" sizes=\"auto, (max-width: 199px) 100vw, 199px\" \/><\/a> <a href=\"http:\/\/www.denkfried.de\/wp\/wp-content\/uploads\/2013\/09\/AzannesNr.I-1.W.K.811-deutsche-am-Feldweg-07.09.2013-067-10.jpg\"><img loading=\"lazy\" decoding=\"async\" class=\"alignnone size-medium wp-image-32860\" alt=\"Azannes,Nr.I- 1.W.K.811 deutsche, am Feldweg, 07.09.2013 067 (10)\" src=\"http:\/\/www.denkfried.de\/wp\/wp-content\/uploads\/2013\/09\/AzannesNr.I-1.W.K.811-deutsche-am-Feldweg-07.09.2013-067-10-199x300.jpg\" width=\"199\" height=\"300\" srcset=\"http:\/\/www.denkfried.de\/wp\/wp-content\/uploads\/2013\/09\/AzannesNr.I-1.W.K.811-deutsche-am-Feldweg-07.09.2013-067-10-199x300.jpg 199w, http:\/\/www.denkfried.de\/wp\/wp-content\/uploads\/2013\/09\/AzannesNr.I-1.W.K.811-deutsche-am-Feldweg-07.09.2013-067-10.jpg 478w\" sizes=\"auto, (max-width: 199px) 100vw, 199px\" \/><\/a> <a href=\"http:\/\/www.denkfried.de\/wp\/wp-content\/uploads\/2013\/09\/AzannesNr.I-1.W.K.-deutsch-am-Feldweg-07.09.2013-067-18.jpg\"><img loading=\"lazy\" decoding=\"async\" class=\"alignnone size-medium wp-image-32861\" alt=\"Azannes,Nr.I- 1.W.K. deutsch, am Feldweg, 07.09.2013 067 (18)\" src=\"http:\/\/www.denkfried.de\/wp\/wp-content\/uploads\/2013\/09\/AzannesNr.I-1.W.K.-deutsch-am-Feldweg-07.09.2013-067-18-300x199.jpg\" width=\"300\" height=\"199\" srcset=\"http:\/\/www.denkfried.de\/wp\/wp-content\/uploads\/2013\/09\/AzannesNr.I-1.W.K.-deutsch-am-Feldweg-07.09.2013-067-18-300x199.jpg 300w, http:\/\/www.denkfried.de\/wp\/wp-content\/uploads\/2013\/09\/AzannesNr.I-1.W.K.-deutsch-am-Feldweg-07.09.2013-067-18.jpg 720w\" sizes=\"auto, (max-width: 300px) 100vw, 300px\" \/><\/a> <a href=\"http:\/\/www.denkfried.de\/wp\/wp-content\/uploads\/2013\/09\/AzannesNr.I-1.W.K.811-deutsche-am-Feldweg-07.09.2013-067-4.jpg\"><img loading=\"lazy\" decoding=\"async\" class=\"alignnone size-medium wp-image-32862\" alt=\"Azannes,Nr.I- 1.W.K.811 deutsche, am Feldweg, 07.09.2013 067 (4)\" src=\"http:\/\/www.denkfried.de\/wp\/wp-content\/uploads\/2013\/09\/AzannesNr.I-1.W.K.811-deutsche-am-Feldweg-07.09.2013-067-4-300x199.jpg\" width=\"300\" height=\"199\" srcset=\"http:\/\/www.denkfried.de\/wp\/wp-content\/uploads\/2013\/09\/AzannesNr.I-1.W.K.811-deutsche-am-Feldweg-07.09.2013-067-4-300x199.jpg 300w, http:\/\/www.denkfried.de\/wp\/wp-content\/uploads\/2013\/09\/AzannesNr.I-1.W.K.811-deutsche-am-Feldweg-07.09.2013-067-4.jpg 720w\" sizes=\"auto, (max-width: 300px) 100vw, 300px\" \/><\/a> <a href=\"http:\/\/www.denkfried.de\/wp\/wp-content\/uploads\/2013\/09\/AzannesNr.I-1.W.K.811-deutsche-am-Feldweg-07.09.2013-067-5.jpg\"><img loading=\"lazy\" decoding=\"async\" class=\"alignnone size-medium wp-image-32863\" alt=\"Azannes,Nr.I- 1.W.K.811 deutsche, am Feldweg, 07.09.2013 067 (5)\" src=\"http:\/\/www.denkfried.de\/wp\/wp-content\/uploads\/2013\/09\/AzannesNr.I-1.W.K.811-deutsche-am-Feldweg-07.09.2013-067-5-300x199.jpg\" width=\"300\" height=\"199\" srcset=\"http:\/\/www.denkfried.de\/wp\/wp-content\/uploads\/2013\/09\/AzannesNr.I-1.W.K.811-deutsche-am-Feldweg-07.09.2013-067-5-300x199.jpg 300w, http:\/\/www.denkfried.de\/wp\/wp-content\/uploads\/2013\/09\/AzannesNr.I-1.W.K.811-deutsche-am-Feldweg-07.09.2013-067-5.jpg 720w\" sizes=\"auto, (max-width: 300px) 100vw, 300px\" \/><\/a> <a href=\"http:\/\/www.denkfried.de\/wp\/wp-content\/uploads\/2013\/09\/AzannesNr.I-1.W.K.811-deutsche-am-Feldweg-07.09.2013-067-7.jpg\"><img loading=\"lazy\" decoding=\"async\" class=\"alignnone size-medium wp-image-32864\" alt=\"Azannes,Nr.I- 1.W.K.811 deutsche, am Feldweg, 07.09.2013 067 (7)\" src=\"http:\/\/www.denkfried.de\/wp\/wp-content\/uploads\/2013\/09\/AzannesNr.I-1.W.K.811-deutsche-am-Feldweg-07.09.2013-067-7-199x300.jpg\" width=\"199\" height=\"300\" srcset=\"http:\/\/www.denkfried.de\/wp\/wp-content\/uploads\/2013\/09\/AzannesNr.I-1.W.K.811-deutsche-am-Feldweg-07.09.2013-067-7-199x300.jpg 199w, http:\/\/www.denkfried.de\/wp\/wp-content\/uploads\/2013\/09\/AzannesNr.I-1.W.K.811-deutsche-am-Feldweg-07.09.2013-067-7.jpg 478w\" sizes=\"auto, (max-width: 199px) 100vw, 199px\" \/><\/a> <a href=\"http:\/\/www.denkfried.de\/wp\/wp-content\/uploads\/2013\/09\/AzannesNr.I-1.W.K.811-deutsche-am-Feldweg-07.09.2013-067-12.jpg\"><img loading=\"lazy\" decoding=\"async\" class=\"alignnone size-medium wp-image-32865\" alt=\"Azannes,Nr.I- 1.W.K.811 deutsche, am Feldweg, 07.09.2013 067 (12)\" src=\"http:\/\/www.denkfried.de\/wp\/wp-content\/uploads\/2013\/09\/AzannesNr.I-1.W.K.811-deutsche-am-Feldweg-07.09.2013-067-12-199x300.jpg\" width=\"199\" height=\"300\" srcset=\"http:\/\/www.denkfried.de\/wp\/wp-content\/uploads\/2013\/09\/AzannesNr.I-1.W.K.811-deutsche-am-Feldweg-07.09.2013-067-12-199x300.jpg 199w, http:\/\/www.denkfried.de\/wp\/wp-content\/uploads\/2013\/09\/AzannesNr.I-1.W.K.811-deutsche-am-Feldweg-07.09.2013-067-12.jpg 478w\" sizes=\"auto, (max-width: 199px) 100vw, 199px\" \/><\/a> <a href=\"http:\/\/www.denkfried.de\/wp\/wp-content\/uploads\/2013\/09\/AzannesNr.I-1.W.K.811-deutsche-am-Feldweg-07.09.2013-067-13.jpg\"><img loading=\"lazy\" decoding=\"async\" class=\"alignnone size-medium wp-image-32866\" alt=\"Azannes,Nr.I- 1.W.K.811 deutsche, am Feldweg, 07.09.2013 067 (13)\" src=\"http:\/\/www.denkfried.de\/wp\/wp-content\/uploads\/2013\/09\/AzannesNr.I-1.W.K.811-deutsche-am-Feldweg-07.09.2013-067-13-199x300.jpg\" width=\"199\" height=\"300\" srcset=\"http:\/\/www.denkfried.de\/wp\/wp-content\/uploads\/2013\/09\/AzannesNr.I-1.W.K.811-deutsche-am-Feldweg-07.09.2013-067-13-199x300.jpg 199w, http:\/\/www.denkfried.de\/wp\/wp-content\/uploads\/2013\/09\/AzannesNr.I-1.W.K.811-deutsche-am-Feldweg-07.09.2013-067-13.jpg 478w\" sizes=\"auto, (max-width: 199px) 100vw, 199px\" \/><\/a> <a href=\"http:\/\/www.denkfried.de\/wp\/wp-content\/uploads\/2013\/09\/AzannesNr.I-1.W.K.811-deutsche-am-Feldweg-07.09.2013-067-15.jpg\"><img loading=\"lazy\" decoding=\"async\" class=\"alignnone size-medium wp-image-32867\" alt=\"Azannes,Nr.I- 1.W.K.811 deutsche, am Feldweg, 07.09.2013 067 (15)\" src=\"http:\/\/www.denkfried.de\/wp\/wp-content\/uploads\/2013\/09\/AzannesNr.I-1.W.K.811-deutsche-am-Feldweg-07.09.2013-067-15-300x199.jpg\" width=\"300\" height=\"199\" srcset=\"http:\/\/www.denkfried.de\/wp\/wp-content\/uploads\/2013\/09\/AzannesNr.I-1.W.K.811-deutsche-am-Feldweg-07.09.2013-067-15-300x199.jpg 300w, http:\/\/www.denkfried.de\/wp\/wp-content\/uploads\/2013\/09\/AzannesNr.I-1.W.K.811-deutsche-am-Feldweg-07.09.2013-067-15.jpg 720w\" sizes=\"auto, (max-width: 300px) 100vw, 300px\" \/><\/a><\/p>\n","protected":false},"excerpt":{"rendered":"<p>&nbsp; 55150 Azannes I Am 07.09.2013 erreichen wir in der Region Lotringen, Department Maas an einem Feldweg etwas ausserhalb des Ortes Azannes den Soldatenfriedhof f\u00fcr 811 gefallene deutsche Soldaten aus dem 1.Weltkrieg. Metallkreuze mit jeweils zwei Namen auf der Vorder-und &hellip; <a href=\"http:\/\/www.denkfried.de\/wp\/?page_id=32852\">Weiterlesen <span class=\"meta-nav\">&rarr;<\/span><\/a><\/p>\n","protected":false},"author":7,"featured_media":0,"parent":8262,"menu_order":0,"comment_status":"closed","ping_status":"open","template":"","meta":{"footnotes":""},"class_list":["post-32852","page","type-page","status-publish","hentry"],"_links":{"self":[{"href":"http:\/\/www.denkfried.de\/wp\/index.php?rest_route=\/wp\/v2\/pages\/32852","targetHints":{"allow":["GET"]}}],"collection":[{"href":"http:\/\/www.denkfried.de\/wp\/index.php?rest_route=\/wp\/v2\/pages"}],"about":[{"href":"http:\/\/www.denkfried.de\/wp\/index.php?rest_route=\/wp\/v2\/types\/page"}],"author":[{"embeddable":true,"href":"http:\/\/www.denkfried.de\/wp\/index.php?rest_route=\/wp\/v2\/users\/7"}],"replies":[{"embeddable":true,"href":"http:\/\/www.denkfried.de\/wp\/index.php?rest_route=%2Fwp%2Fv2%2Fcomments&post=32852"}],"version-history":[{"count":1,"href":"http:\/\/www.denkfried.de\/wp\/index.php?rest_route=\/wp\/v2\/pages\/32852\/revisions"}],"predecessor-version":[{"id":32868,"href":"http:\/\/www.denkfried.de\/wp\/index.php?rest_route=\/wp\/v2\/pages\/32852\/revisions\/32868"}],"up":[{"embeddable":true,"href":"http:\/\/www.denkfried.de\/wp\/index.php?rest_route=\/wp\/v2\/pages\/8262"}],"wp:attachment":[{"href":"http:\/\/www.denkfried.de\/wp\/index.php?rest_route=%2Fwp%2Fv2%2Fmedia&parent=32852"}],"curies":[{"name":"wp","href":"https:\/\/api.w.org\/{rel}","templated":true}]}}