{"id":328,"date":"2011-04-02T15:49:36","date_gmt":"2011-04-02T13:49:36","guid":{"rendered":"http:\/\/www.bilderstapel.de\/test\/wp\/?page_id=328"},"modified":"2012-05-16T19:58:11","modified_gmt":"2012-05-16T17:58:11","slug":"osterreich","status":"publish","type":"page","link":"http:\/\/www.denkfried.de\/wp\/?page_id=328","title":{"rendered":"\u00d6sterreich"},"content":{"rendered":"<p>&nbsp;<\/p>\n<p>Hauptstadt: Wien<br \/>\n\u00dcber 45.000 Angeh\u00f6rige der ehem.Deutschen Wehrmacht(deutscher u.\u00f6sterreichischer Herkunft) starben w\u00e4hrend des Zweiten Weltkrieges auf dem Boden \u00d6sterreichs. Der gr\u00f6\u00dfte Teil starb w\u00e4hrend der schweren R\u00fcckzugsk\u00e4mpfe in den letzten Kriegsmonaten.<\/p>\n<p>Burgenland: Umbettungen nach Mattersberg<br \/>\nOber\u00f6sterreich: Sammelfriedhof Freistadt\/jaunitzbachtal<br \/>\nK\u00e4rnten: Umbettungen nach St.Veit<br \/>\nSteiermark u.Nieder\u00f6sterreich: Sammelfriedh\u00f6fe Feldbach,Graz, Retz, Allentsteig, oberw\u00f6lbing, Blurnau<br \/>\nWien: Zentralfriedhof\u00a0 (Gruppe 97 -dt.Gefallene des 2.WK)<br \/>\n(Gruppe 91 -\u00f6ster.\/Ung.Gefallene des 1.WK)<\/p>\n<p>Die Anzahl der Toten erheben nicht den Anspruch auf Richtigkeit und Vollst\u00e4ndigkeit. Durch zwischenzeitliche Bergungen k\u00f6nnen sich die Zahlen st\u00e4ndig \u00e4ndern.<\/p>\n<p>Dokumentation zu sowjetischen Friedh\u00f6fen findet man hier:<\/p>\n<p><a href=\"http:\/\/www.rusemb.at\/data\/all\/doc\/sowtoted.pdf\">http:\/\/www.rusemb.at\/data\/all\/doc\/sowtoted.pdf<\/a><\/p>\n<p><a href=\"http:\/\/www.denkfried.de\/wp\/?page_id=2501\"><span style=\"text-decoration: underline;\"><strong>Burgenland<\/strong><\/span><\/a><br \/>\nBad Tatzenmannsdorf<br \/>\nBuchschachen<br \/>\nFrauenkirchen<br \/>\nGro\u00dfpetersdorf<br \/>\nLoipersdorf-Kitzladen<br \/>\nMattersburg<br \/>\nNeustift an der Lafnitz<br \/>\nObersch\u00fctzen<br \/>\nOberwart<\/p>\n<p><a href=\"http:\/\/www.denkfried.de\/wp\/?page_id=2504\"><span style=\"text-decoration: underline;\"><strong>K\u00e4rnten<\/strong><\/span><\/a><br \/>\nDellach (Gailtal)<br \/>\nKlagenfurt \u2013 Zentralfriedhof<br \/>\n&#8211; Waidmannsdorf (britischer FH)<\/p>\n<p><a title=\"K\u00f6tschach-Mauthen\" href=\"http:\/\/www.denkfried.de\/wp\/?page_id=2509\">K\u00f6tschach-Mauthen<\/a><br \/>\nSpittal an der Drau<br \/>\nV\u00f6lkermarkt<\/p>\n<p><a href=\"http:\/\/www.denkfried.de\/wp\/?page_id=2524\"><span style=\"text-decoration: underline;\"><strong>Nieder\u00f6sterreich<\/strong><\/span><\/a><br \/>\n<a title=\"Allentsteig-Zwettl\" href=\"http:\/\/www.denkfried.de\/wp\/?page_id=2560\">Allentsteig-Zwettl<\/a><br \/>\nBlumau-Neuri\u00dfhof<br \/>\n<a title=\"Breitenwaida\" href=\"http:\/\/www.denkfried.de\/wp\/?page_id=2563\">BreiteneichBreitenwaida<\/a><\/p>\n<p><a title=\"Leobendorf\" href=\"http:\/\/www.denkfried.de\/wp\/?page_id=2569\">Leobendorf<\/a><\/p>\n<p><a title=\"Niederhollabrunn\" href=\"http:\/\/www.denkfried.de\/wp\/?page_id=2574\">Niederhollabrunn<\/a><br \/>\nOberw\u00f6lbling<\/p>\n<p>Pottschach<br \/>\nRetz<br \/>\nSigmundsberg<br \/>\nSommerein<br \/>\nSankt Georgen am Steinfelde<br \/>\nSankt P\u00f6lten<\/p>\n<p><a title=\"Schwechat-Mannsw\u00f6rth\" href=\"http:\/\/www.denkfried.de\/wp\/?page_id=2579\">Schwechat-Mannsw\u00f6rth<\/a><\/p>\n<p><a title=\"Sulz i.Weinviertel \u2013 Niedersulz\" href=\"http:\/\/www.denkfried.de\/wp\/?page_id=2588\">Sulz i.Weinviertel-Niedersulz<\/a><\/p>\n<p><a title=\"Sulz i.Weinviertel \u2013 Obersulz\" href=\"http:\/\/www.denkfried.de\/wp\/?page_id=2594\">Sulz i.Weinviertel-Obersulz<\/a><\/p>\n<p><a title=\"W\u00f6lbling\" href=\"http:\/\/www.denkfried.de\/wp\/?page_id=2600\">W\u00f6lbling<\/a><\/p>\n<p><a title=\"Zistersdorf\" href=\"http:\/\/www.denkfried.de\/wp\/?page_id=2606\">Zisterdorf<\/a><\/p>\n<p>&nbsp;<\/p>\n<p>&nbsp;<\/p>\n<p><a href=\"http:\/\/www.denkfried.de\/wp\/?page_id=2527\"><span style=\"text-decoration: underline;\"><strong>Ober\u00f6sterreich<\/strong><\/span><\/a><\/p>\n<ul>\n<li><a href=\"http:\/\/www.denkfried.de\/wp\/?page_id=19577\">Braunau<\/a><\/li>\n<li>Eferding<\/li>\n<li>Freistadt-Jaunitzbachta<\/li>\n<li>Gmunden<\/li>\n<li>Hartkirchen<\/li>\n<li>Klaus a.d. Pyhrnbahn<\/li>\n<li>Linz<\/li>\n<li>Linz \u2013 St.Barbara<\/li>\n<li>Linz \u2013 Urfahr<\/li>\n<li>Mauthausen<\/li>\n<li>Perg<\/li>\n<li>Ried im Innkreis<\/li>\n<li>Rohrbach<\/li>\n<li>Sch\u00e4rding<\/li>\n<li>Steyr-Land<\/li>\n<li>Urfahr-Umgebung<\/li>\n<li>V\u00f6cklabruck<\/li>\n<li>Wels Land<\/li>\n<\/ul>\n<p><a href=\"http:\/\/www.denkfried.de\/wp\/?page_id=2530\"><span style=\"text-decoration: underline;\"><strong>Salzburg<\/strong><\/span><\/a><br \/>\nLend<\/p>\n<p><a href=\"http:\/\/www.denkfried.de\/wp\/?page_id=2533\"><span style=\"text-decoration: underline;\"><strong>Steiermark<\/strong><\/span><\/a><br \/>\nBirkfeld<br \/>\nBurgau<br \/>\nEibiswald<br \/>\nFeldbach-M\u00fchldorf<br \/>\nFischbach<br \/>\nFriedberg<br \/>\nF\u00fcrstenfeld<br \/>\nGraz<br \/>\nHartberg<br \/>\nIlz<br \/>\nKrieglach<br \/>\nM\u00f6nichwald<br \/>\nM\u00fcrzzuschlag<br \/>\nNiederwechsel<br \/>\nPinggau<br \/>\nP\u00f6llau<br \/>\nP\u00f6lten<br \/>\nRatten<br \/>\nReinberg<br \/>\nRettenegg<br \/>\nSch\u00e4ffern<br \/>\nSpital am Semmering<br \/>\nSankt Johann i.d.Haide<br \/>\nSankt Kathrein am Hauenstein<br \/>\nSankt Lorenzen am Wechsel<br \/>\nWaldbach<br \/>\nWenigzell<br \/>\nWildon<\/p>\n<p><a href=\"http:\/\/www.denkfried.de\/wp\/?page_id=2536\"><span style=\"text-decoration: underline;\"><strong>Tirol<\/strong><\/span><\/a><br \/>\nArnbach<\/p>\n<p><a title=\"Fulpmes\" href=\"http:\/\/www.denkfried.de\/wp\/?page_id=2616\">Fulpmes<\/a><\/p>\n<p>Hall in Tirol<br \/>\nHolbruck (Kartitsch)<br \/>\nHopfgarten im Brixental<br \/>\nInnsbruck \u2013 Amras<br \/>\n&#8211; Pradl<\/p>\n<p><a title=\"Kartitsch \u2013 Hochgr\u00e4nten\" href=\"http:\/\/www.denkfried.de\/wp\/?page_id=2619\">Kartitsch-Hochgr\u00e4nten<\/a><br \/>\nLandeck<br \/>\nLienz<br \/>\nLienz \u2013 Peggetz<\/p>\n<p><a title=\"Obstansersee\" href=\"http:\/\/www.denkfried.de\/wp\/?page_id=2624\">Obstansersee<\/a><\/p>\n<p><a href=\"http:\/\/www.denkfried.de\/wp\/?page_id=2538\"><span style=\"text-decoration: underline;\"><strong>Vorarlberg<\/strong><\/span><\/a><br \/>\nBregenz<br \/>\nRankweil<\/p>\n<p><a href=\"http:\/\/www.denkfried.de\/wp\/?page_id=2541\"><span style=\"text-decoration: underline;\"><strong>Wien<\/strong><\/span><\/a><br \/>\n-Zentralfriedhof\u00a0 \u00a0 \u00a0 \u00a0 \u00a0 \u00a0 \u00a0 \u00a0 \u00d6sterreich\/Wien-Zentralfriedhof<\/p>\n","protected":false},"excerpt":{"rendered":"<p>&nbsp; Hauptstadt: Wien \u00dcber 45.000 Angeh\u00f6rige der ehem.Deutschen Wehrmacht(deutscher u.\u00f6sterreichischer Herkunft) starben w\u00e4hrend des Zweiten Weltkrieges auf dem Boden \u00d6sterreichs. Der gr\u00f6\u00dfte Teil starb w\u00e4hrend der schweren R\u00fcckzugsk\u00e4mpfe in den letzten Kriegsmonaten. Burgenland: Umbettungen nach Mattersberg Ober\u00f6sterreich: Sammelfriedhof Freistadt\/jaunitzbachtal K\u00e4rnten: &hellip; <a href=\"http:\/\/www.denkfried.de\/wp\/?page_id=328\">Weiterlesen <span class=\"meta-nav\">&rarr;<\/span><\/a><\/p>\n","protected":false},"author":2,"featured_media":0,"parent":122,"menu_order":22,"comment_status":"open","ping_status":"open","template":"","meta":{"footnotes":""},"class_list":["post-328","page","type-page","status-publish","hentry"],"_links":{"self":[{"href":"http:\/\/www.denkfried.de\/wp\/index.php?rest_route=\/wp\/v2\/pages\/328","targetHints":{"allow":["GET"]}}],"collection":[{"href":"http:\/\/www.denkfried.de\/wp\/index.php?rest_route=\/wp\/v2\/pages"}],"about":[{"href":"http:\/\/www.denkfried.de\/wp\/index.php?rest_route=\/wp\/v2\/types\/page"}],"author":[{"embeddable":true,"href":"http:\/\/www.denkfried.de\/wp\/index.php?rest_route=\/wp\/v2\/users\/2"}],"replies":[{"embeddable":true,"href":"http:\/\/www.denkfried.de\/wp\/index.php?rest_route=%2Fwp%2Fv2%2Fcomments&post=328"}],"version-history":[{"count":11,"href":"http:\/\/www.denkfried.de\/wp\/index.php?rest_route=\/wp\/v2\/pages\/328\/revisions"}],"predecessor-version":[{"id":8539,"href":"http:\/\/www.denkfried.de\/wp\/index.php?rest_route=\/wp\/v2\/pages\/328\/revisions\/8539"}],"up":[{"embeddable":true,"href":"http:\/\/www.denkfried.de\/wp\/index.php?rest_route=\/wp\/v2\/pages\/122"}],"wp:attachment":[{"href":"http:\/\/www.denkfried.de\/wp\/index.php?rest_route=%2Fwp%2Fv2%2Fmedia&parent=328"}],"curies":[{"name":"wp","href":"https:\/\/api.w.org\/{rel}","templated":true}]}}