{"id":32754,"date":"2013-09-27T17:57:32","date_gmt":"2013-09-27T15:57:32","guid":{"rendered":"http:\/\/www.denkfried.de\/wp\/?page_id=32754"},"modified":"2013-10-09T22:05:44","modified_gmt":"2013-10-09T20:05:44","slug":"thornaby-on-tees","status":"publish","type":"page","link":"http:\/\/www.denkfried.de\/wp\/?page_id=32754","title":{"rendered":"Thornaby-on-Tees"},"content":{"rendered":"<p>&nbsp;<\/p>\n<p><b>Thornaby-on-Tees<\/b> ist eine Mittelstadt in der Konurbation Teesside in North East England. Sie liegt im s\u00fcdlichen Borough Stockton-on-Tees und wird zur zeremoniellen Grafschaft North Yorkshire gez\u00e4hlt.<\/p>\n<p>Beitrag von Thomas <a href=\"http:\/\/potsdamer-ehrenmale.de.tl\/Hauptseite.htm\">Potsdamer-Ehrenmale.de<\/a><br \/>\nBilder von Rob Hamilton &#8211; 2013<\/p>\n<div id='gallery-1' class='gallery galleryid-32754 gallery-columns-3 gallery-size-thumbnail'><dl class='gallery-item'>\n\t\t\t<dt class='gallery-icon landscape'>\n\t\t\t\t<a href='http:\/\/www.denkfried.de\/wp\/?attachment_id=33288'><img loading=\"lazy\" decoding=\"async\" width=\"150\" height=\"150\" src=\"http:\/\/www.denkfried.de\/wp\/wp-content\/uploads\/2013\/09\/Thornaby-on-Tees-Kriegsgr\u00e4berst\u00e4tte-150x150.jpg\" class=\"attachment-thumbnail size-thumbnail\" alt=\"\" \/><\/a>\n\t\t\t<\/dt><\/dl><dl class='gallery-item'>\n\t\t\t<dt class='gallery-icon landscape'>\n\t\t\t\t<a href='http:\/\/www.denkfried.de\/wp\/?attachment_id=32757'><img loading=\"lazy\" decoding=\"async\" width=\"150\" height=\"150\" src=\"http:\/\/www.denkfried.de\/wp\/wp-content\/uploads\/2013\/09\/Thornaby-on-Tees-Deutsche-Kriegsgr\u00e4ber-2-150x150.jpg\" class=\"attachment-thumbnail size-thumbnail\" alt=\"\" \/><\/a>\n\t\t\t<\/dt><\/dl><dl class='gallery-item'>\n\t\t\t<dt class='gallery-icon landscape'>\n\t\t\t\t<a href='http:\/\/www.denkfried.de\/wp\/?attachment_id=32759'><img loading=\"lazy\" decoding=\"async\" width=\"150\" height=\"150\" src=\"http:\/\/www.denkfried.de\/wp\/wp-content\/uploads\/2013\/09\/Thornaby-on-Tees-Deutsche-Kriegsgr\u00e4ber-4-150x150.jpg\" class=\"attachment-thumbnail size-thumbnail\" alt=\"\" \/><\/a>\n\t\t\t<\/dt><\/dl><br style=\"clear: both\" \/><dl class='gallery-item'>\n\t\t\t<dt class='gallery-icon landscape'>\n\t\t\t\t<a href='http:\/\/www.denkfried.de\/wp\/?attachment_id=32758'><img loading=\"lazy\" decoding=\"async\" width=\"150\" height=\"150\" src=\"http:\/\/www.denkfried.de\/wp\/wp-content\/uploads\/2013\/09\/Thornaby-on-Tees-Deutsche-Kriegsgr\u00e4ber-3-150x150.jpg\" class=\"attachment-thumbnail size-thumbnail\" alt=\"\" \/><\/a>\n\t\t\t<\/dt><\/dl><dl class='gallery-item'>\n\t\t\t<dt class='gallery-icon landscape'>\n\t\t\t\t<a href='http:\/\/www.denkfried.de\/wp\/?attachment_id=33287'><img loading=\"lazy\" decoding=\"async\" width=\"150\" height=\"150\" src=\"http:\/\/www.denkfried.de\/wp\/wp-content\/uploads\/2013\/09\/Thornaby-on-Tees-Denkmal-2-150x150.jpg\" class=\"attachment-thumbnail size-thumbnail\" alt=\"\" \/><\/a>\n\t\t\t<\/dt><\/dl><dl class='gallery-item'>\n\t\t\t<dt class='gallery-icon landscape'>\n\t\t\t\t<a href='http:\/\/www.denkfried.de\/wp\/?attachment_id=33286'><img loading=\"lazy\" decoding=\"async\" width=\"150\" height=\"150\" src=\"http:\/\/www.denkfried.de\/wp\/wp-content\/uploads\/2013\/09\/Thornaby-on-Tees-Denkmal-150x150.jpg\" class=\"attachment-thumbnail size-thumbnail\" alt=\"\" \/><\/a>\n\t\t\t<\/dt><\/dl><br style=\"clear: both\" \/>\n\t\t<\/div>\n\n<p><strong>Kriegsgr\u00e4berst\u00e4tte<\/strong><\/p>\n<p>Auf dem Friedhof ruhen Tote des ersten und zweiten Weltkrieg. Vom ersten Weltkrieg gibt es 30 Commonwealth Bestattungen. Vom zweiten Weltkrieg ruhen hier 86 Kriegstote, darunter 30 Deutsche Soldaten.<\/p>\n<p>Inschrift am Gedenkkreuz:<\/p>\n<address style=\"text-align: center;\"><em><strong>1914 &#8211; 1918<\/strong><\/em><\/address>\n<address style=\"text-align: center;\"><em><strong>1939 &#8211; 1945<\/strong><\/em><\/address>\n<address style=\"text-align: center;\"><em><strong>Thiss Cross bears witness to the<\/strong><\/em><\/address>\n<address style=\"text-align: center;\"><em><strong>sacrifice of the Men and Women<\/strong><\/em><\/address>\n<address style=\"text-align: center;\"><em><strong>of the Services who gave their<\/strong><\/em><\/address>\n<address style=\"text-align: center;\"><em><strong>Lives in two Wars and lie buried<\/strong><\/em><\/address>\n<address style=\"text-align: center;\"><em><strong>in thies Cementery<\/strong><\/em><\/address>\n<address style=\"text-align: center;\">\u00a0<\/address>\n<p>\u00dcbersetzt:<\/p>\n<p>Diese Kreuz zeugt von der Opfer, der M\u00e4nner und Frauen die in Ihrem Dienste starben. Diese sind hier begraben, auf diesem Friedhof.<\/p>\n<p><strong>Deutsche Kriegstote<\/strong><\/p>\n<p>Es konnten 29 Namen in die <em><a href=\"http:\/\/s2wk.gedenk-tafel.de\/comb\/login.php\">Datenbank<\/a><\/em> eingepflegt werden. Ein deutscher Soldat ist Unbekannt geblieben.<\/p>\n","protected":false},"excerpt":{"rendered":"<p>&nbsp; Thornaby-on-Tees ist eine Mittelstadt in der Konurbation Teesside in North East England. Sie liegt im s\u00fcdlichen Borough Stockton-on-Tees und wird zur zeremoniellen Grafschaft North Yorkshire gez\u00e4hlt. Beitrag von Thomas Potsdamer-Ehrenmale.de Bilder von Rob Hamilton &#8211; 2013 Kriegsgr\u00e4berst\u00e4tte Auf dem &hellip; <a href=\"http:\/\/www.denkfried.de\/wp\/?page_id=32754\">Weiterlesen <span class=\"meta-nav\">&rarr;<\/span><\/a><\/p>\n","protected":false},"author":9,"featured_media":0,"parent":278,"menu_order":0,"comment_status":"closed","ping_status":"open","template":"","meta":{"footnotes":""},"class_list":["post-32754","page","type-page","status-publish","hentry"],"_links":{"self":[{"href":"http:\/\/www.denkfried.de\/wp\/index.php?rest_route=\/wp\/v2\/pages\/32754","targetHints":{"allow":["GET"]}}],"collection":[{"href":"http:\/\/www.denkfried.de\/wp\/index.php?rest_route=\/wp\/v2\/pages"}],"about":[{"href":"http:\/\/www.denkfried.de\/wp\/index.php?rest_route=\/wp\/v2\/types\/page"}],"author":[{"embeddable":true,"href":"http:\/\/www.denkfried.de\/wp\/index.php?rest_route=\/wp\/v2\/users\/9"}],"replies":[{"embeddable":true,"href":"http:\/\/www.denkfried.de\/wp\/index.php?rest_route=%2Fwp%2Fv2%2Fcomments&post=32754"}],"version-history":[{"count":13,"href":"http:\/\/www.denkfried.de\/wp\/index.php?rest_route=\/wp\/v2\/pages\/32754\/revisions"}],"predecessor-version":[{"id":33293,"href":"http:\/\/www.denkfried.de\/wp\/index.php?rest_route=\/wp\/v2\/pages\/32754\/revisions\/33293"}],"up":[{"embeddable":true,"href":"http:\/\/www.denkfried.de\/wp\/index.php?rest_route=\/wp\/v2\/pages\/278"}],"wp:attachment":[{"href":"http:\/\/www.denkfried.de\/wp\/index.php?rest_route=%2Fwp%2Fv2%2Fmedia&parent=32754"}],"curies":[{"name":"wp","href":"https:\/\/api.w.org\/{rel}","templated":true}]}}