{"id":325,"date":"2011-04-02T15:48:45","date_gmt":"2011-04-02T13:48:45","guid":{"rendered":"http:\/\/www.bilderstapel.de\/test\/wp\/?page_id=325"},"modified":"2011-05-16T15:57:16","modified_gmt":"2011-05-16T13:57:16","slug":"norwegen","status":"publish","type":"page","link":"http:\/\/www.denkfried.de\/wp\/?page_id=325","title":{"rendered":"Norwegen"},"content":{"rendered":"<p>&nbsp;<\/p>\n<p>Hauptstadt: <span style=\"text-decoration: underline; color: #ff0000;\"><strong>Oslo<\/strong><\/span><\/p>\n<p>Kriegsgr\u00e4berabkommen: 22.10.1953<\/p>\n<p>Die  Anzahl der Toten erheben nicht den Anspruch auf Richtigkeit und  Vollst\u00e4ndigkeit. Durch zwischenzeitliche Bergungen k\u00f6nnen sich die  Zahlen st\u00e4ndig \u00e4ndern.<\/p>\n<ul>\n<li><a href=\"http:\/\/www.denkfried.de\/wp\/?page_id=1746\">Bergen-Solheim<\/a><\/li>\n<li><a href=\"http:\/\/www.denkfried.de\/wp\/?page_id=1750\">Botn-Rognan<\/a><\/li>\n<li><a href=\"http:\/\/www.denkfried.de\/wp\/?page_id=1754\">Narvik<\/a><\/li>\n<li>Oslo-Alfaset \u00a0 \u00a0 \u00a0 \u00a0 \u00a0 \u00a0\u00a0 Norwegen\/Oslo-Alfaset<\/li>\n<li>Tj\u00f6tta<\/li>\n<li><a href=\"http:\/\/www.denkfried.de\/wp\/?page_id=1757\">Trondheim-Havenstein<\/a><\/li>\n<\/ul>\n","protected":false},"excerpt":{"rendered":"<p>&nbsp; Hauptstadt: Oslo Kriegsgr\u00e4berabkommen: 22.10.1953 Die Anzahl der Toten erheben nicht den Anspruch auf Richtigkeit und Vollst\u00e4ndigkeit. Durch zwischenzeitliche Bergungen k\u00f6nnen sich die Zahlen st\u00e4ndig \u00e4ndern. Bergen-Solheim Botn-Rognan Narvik Oslo-Alfaset \u00a0 \u00a0 \u00a0 \u00a0 \u00a0 \u00a0\u00a0 Norwegen\/Oslo-Alfaset Tj\u00f6tta Trondheim-Havenstein<\/p>\n","protected":false},"author":2,"featured_media":0,"parent":122,"menu_order":21,"comment_status":"open","ping_status":"open","template":"","meta":{"footnotes":""},"class_list":["post-325","page","type-page","status-publish","hentry"],"_links":{"self":[{"href":"http:\/\/www.denkfried.de\/wp\/index.php?rest_route=\/wp\/v2\/pages\/325","targetHints":{"allow":["GET"]}}],"collection":[{"href":"http:\/\/www.denkfried.de\/wp\/index.php?rest_route=\/wp\/v2\/pages"}],"about":[{"href":"http:\/\/www.denkfried.de\/wp\/index.php?rest_route=\/wp\/v2\/types\/page"}],"author":[{"embeddable":true,"href":"http:\/\/www.denkfried.de\/wp\/index.php?rest_route=\/wp\/v2\/users\/2"}],"replies":[{"embeddable":true,"href":"http:\/\/www.denkfried.de\/wp\/index.php?rest_route=%2Fwp%2Fv2%2Fcomments&post=325"}],"version-history":[{"count":5,"href":"http:\/\/www.denkfried.de\/wp\/index.php?rest_route=\/wp\/v2\/pages\/325\/revisions"}],"predecessor-version":[{"id":1744,"href":"http:\/\/www.denkfried.de\/wp\/index.php?rest_route=\/wp\/v2\/pages\/325\/revisions\/1744"}],"up":[{"embeddable":true,"href":"http:\/\/www.denkfried.de\/wp\/index.php?rest_route=\/wp\/v2\/pages\/122"}],"wp:attachment":[{"href":"http:\/\/www.denkfried.de\/wp\/index.php?rest_route=%2Fwp%2Fv2%2Fmedia&parent=325"}],"curies":[{"name":"wp","href":"https:\/\/api.w.org\/{rel}","templated":true}]}}