{"id":32405,"date":"2013-09-02T22:44:52","date_gmt":"2013-09-02T20:44:52","guid":{"rendered":"http:\/\/www.denkfried.de\/wp\/?page_id=32405"},"modified":"2015-12-30T22:29:36","modified_gmt":"2015-12-30T21:29:36","slug":"stuelpe","status":"publish","type":"page","link":"http:\/\/www.denkfried.de\/wp\/?page_id=32405","title":{"rendered":"St\u00fclpe"},"content":{"rendered":"<p>&nbsp;<\/p>\n<p><strong>St\u00fclpe<\/strong> ist ein Ortsteil der Gemeinde Nuthe-Urstromtal<\/p>\n<p>Bericht und Bilder von Thomas\u00a0 <a href=\"http:\/\/g-bb.jimdo.com\/\">Gefallenendenkm\u00e4ler Berlin\/Brandenburg<\/a><\/p>\n<div id='gallery-1' class='gallery galleryid-32405 gallery-columns-4 gallery-size-thumbnail'><dl class='gallery-item'>\n\t\t\t<dt class='gallery-icon portrait'>\n\t\t\t\t<a href='http:\/\/www.denkfried.de\/wp\/?attachment_id=32407'><img loading=\"lazy\" decoding=\"async\" width=\"150\" height=\"150\" src=\"http:\/\/www.denkfried.de\/wp\/wp-content\/uploads\/2013\/09\/St\u00fclpe-Ehrenmal-Denkmal-150x150.jpg\" class=\"attachment-thumbnail size-thumbnail\" alt=\"\" \/><\/a>\n\t\t\t<\/dt><\/dl><dl class='gallery-item'>\n\t\t\t<dt class='gallery-icon portrait'>\n\t\t\t\t<a href='http:\/\/www.denkfried.de\/wp\/?attachment_id=32408'><img loading=\"lazy\" decoding=\"async\" width=\"150\" height=\"150\" src=\"http:\/\/www.denkfried.de\/wp\/wp-content\/uploads\/2013\/09\/St\u00fclpe-Ehrenmal-Denkmal-3-150x150.jpg\" class=\"attachment-thumbnail size-thumbnail\" alt=\"\" \/><\/a>\n\t\t\t<\/dt><\/dl><dl class='gallery-item'>\n\t\t\t<dt class='gallery-icon landscape'>\n\t\t\t\t<a href='http:\/\/www.denkfried.de\/wp\/?attachment_id=32409'><img loading=\"lazy\" decoding=\"async\" width=\"150\" height=\"150\" src=\"http:\/\/www.denkfried.de\/wp\/wp-content\/uploads\/2013\/09\/St\u00fclpe-Ehrenmal-Denkmal-7-150x150.jpg\" class=\"attachment-thumbnail size-thumbnail\" alt=\"\" \/><\/a>\n\t\t\t<\/dt><\/dl><dl class='gallery-item'>\n\t\t\t<dt class='gallery-icon portrait'>\n\t\t\t\t<a href='http:\/\/www.denkfried.de\/wp\/?attachment_id=32410'><img loading=\"lazy\" decoding=\"async\" width=\"150\" height=\"150\" src=\"http:\/\/www.denkfried.de\/wp\/wp-content\/uploads\/2013\/09\/St\u00fclpe-Gedenktafel-150x150.jpg\" class=\"attachment-thumbnail size-thumbnail\" alt=\"\" \/><\/a>\n\t\t\t<\/dt><\/dl><br style=\"clear: both\" \/>\n\t\t<\/div>\n\n<p>An der Dorfkirche befindet sich ein Denkmal, f\u00fcr die gefallenen des ersten Weltkrieges. Auf dem Denkmal ist ein bronzener Adler, unter ihm sind die Namen aufgef\u00fchrt. Am Sockel, seitlich sind die Kriegsjahre und folgende Inschrift:<\/p>\n<p style=\"text-align: center;\"><strong>1914 &#8211; 1918 Unseren Helden<\/strong><\/p>\n<p>\u00fcber den Namen:<\/p>\n<p style=\"text-align: center;\"><strong>Es starben f\u00fcr ihr Vaterland<\/strong><\/p>\n<p>unter den Namen:<\/p>\n<address style=\"text-align: center;\"><em><strong>Niemand hat gr\u00f6\u00dfere Liebe denn die,<\/strong><\/em><\/address>\n<address style=\"text-align: center;\"><em><strong>da\u00df er sein Leben l\u00e4\u00dft, f\u00fcr seine Freunde.<\/strong><\/em><\/address>\n<address style=\"text-align: center;\">\u00a0<\/address>\n<p>Insgesamt sind hier 30 Namen verzeichnet.<\/p>\n<p>An der Dorfkirche sind Gr\u00e4ber, eine Tafel befindet sich an der Kirche.<\/p>\n<p>Hier ruht <strong>Rochus von Rochow<\/strong>, Leutnant im 2. Leibhusarenregiment w\u00e4hrend des Befreiungskrieges gegen Frankreich. Sowie Gottlieb Ludwig von Beville, kgl. pr. General der Infanterie, Ritter des schwarzen Adlerordens.<\/p>\n<p>In der Dorfkirche befindet sich eine weitere Gedenktafel, wahrscheinlich auch f\u00fcr die gefallenen des Befreiungskrieges 1813-15.<\/p>\n<p>Die Namen der Gefallenen des ersten Weltkrieges, wurden in die Datenbank eingepflegt.<\/p>\n","protected":false},"excerpt":{"rendered":"<p>&nbsp; St\u00fclpe ist ein Ortsteil der Gemeinde Nuthe-Urstromtal Bericht und Bilder von Thomas\u00a0 Gefallenendenkm\u00e4ler Berlin\/Brandenburg An der Dorfkirche befindet sich ein Denkmal, f\u00fcr die gefallenen des ersten Weltkrieges. Auf dem Denkmal ist ein bronzener Adler, unter ihm sind die Namen &hellip; <a href=\"http:\/\/www.denkfried.de\/wp\/?page_id=32405\">Weiterlesen <span class=\"meta-nav\">&rarr;<\/span><\/a><\/p>\n","protected":false},"author":9,"featured_media":0,"parent":24135,"menu_order":0,"comment_status":"closed","ping_status":"open","template":"","meta":{"footnotes":""},"class_list":["post-32405","page","type-page","status-publish","hentry"],"_links":{"self":[{"href":"http:\/\/www.denkfried.de\/wp\/index.php?rest_route=\/wp\/v2\/pages\/32405","targetHints":{"allow":["GET"]}}],"collection":[{"href":"http:\/\/www.denkfried.de\/wp\/index.php?rest_route=\/wp\/v2\/pages"}],"about":[{"href":"http:\/\/www.denkfried.de\/wp\/index.php?rest_route=\/wp\/v2\/types\/page"}],"author":[{"embeddable":true,"href":"http:\/\/www.denkfried.de\/wp\/index.php?rest_route=\/wp\/v2\/users\/9"}],"replies":[{"embeddable":true,"href":"http:\/\/www.denkfried.de\/wp\/index.php?rest_route=%2Fwp%2Fv2%2Fcomments&post=32405"}],"version-history":[{"count":11,"href":"http:\/\/www.denkfried.de\/wp\/index.php?rest_route=\/wp\/v2\/pages\/32405\/revisions"}],"predecessor-version":[{"id":40359,"href":"http:\/\/www.denkfried.de\/wp\/index.php?rest_route=\/wp\/v2\/pages\/32405\/revisions\/40359"}],"up":[{"embeddable":true,"href":"http:\/\/www.denkfried.de\/wp\/index.php?rest_route=\/wp\/v2\/pages\/24135"}],"wp:attachment":[{"href":"http:\/\/www.denkfried.de\/wp\/index.php?rest_route=%2Fwp%2Fv2%2Fmedia&parent=32405"}],"curies":[{"name":"wp","href":"https:\/\/api.w.org\/{rel}","templated":true}]}}