{"id":32344,"date":"2013-09-02T22:07:03","date_gmt":"2013-09-02T20:07:03","guid":{"rendered":"http:\/\/www.denkfried.de\/wp\/?page_id=32344"},"modified":"2015-12-30T21:26:09","modified_gmt":"2015-12-30T20:26:09","slug":"kloster-zinna-dm-tafeln","status":"publish","type":"page","link":"http:\/\/www.denkfried.de\/wp\/?page_id=32344","title":{"rendered":"Kloster Zinna DM, Tafeln"},"content":{"rendered":"<p>&nbsp;<\/p>\n<p><strong>14913\u00a0Kloster Zinna <\/strong>geh\u00f6rt zur Stadt J\u00fcterbog<\/p>\n<p>Bericht und Bilder von Thomas\u00a0 <a href=\"http:\/\/g-bb.jimdo.com\/\">Gefallenendenkm\u00e4ler Berlin\/Brandenburg<\/a><\/p>\n<div id='gallery-1' class='gallery galleryid-32344 gallery-columns-4 gallery-size-thumbnail'><dl class='gallery-item'>\n\t\t\t<dt class='gallery-icon landscape'>\n\t\t\t\t<a href='http:\/\/www.denkfried.de\/wp\/?attachment_id=32351'><img loading=\"lazy\" decoding=\"async\" width=\"150\" height=\"150\" src=\"http:\/\/www.denkfried.de\/wp\/wp-content\/uploads\/2013\/09\/Kloster-Zinna-Ehrentafeln-150x150.jpg\" class=\"attachment-thumbnail size-thumbnail\" alt=\"\" \/><\/a>\n\t\t\t<\/dt><\/dl><dl class='gallery-item'>\n\t\t\t<dt class='gallery-icon landscape'>\n\t\t\t\t<a href='http:\/\/www.denkfried.de\/wp\/?attachment_id=32353'><img loading=\"lazy\" decoding=\"async\" width=\"150\" height=\"150\" src=\"http:\/\/www.denkfried.de\/wp\/wp-content\/uploads\/2013\/09\/kloster-Zinna-Gedenktafel-150x150.jpg\" class=\"attachment-thumbnail size-thumbnail\" alt=\"\" \/><\/a>\n\t\t\t<\/dt><\/dl><dl class='gallery-item'>\n\t\t\t<dt class='gallery-icon portrait'>\n\t\t\t\t<a href='http:\/\/www.denkfried.de\/wp\/?attachment_id=32350'><img loading=\"lazy\" decoding=\"async\" width=\"150\" height=\"150\" src=\"http:\/\/www.denkfried.de\/wp\/wp-content\/uploads\/2013\/09\/Kloster-Zinna-Ehrentafel-Erster-Weltkrieg-150x150.jpg\" class=\"attachment-thumbnail size-thumbnail\" alt=\"\" \/><\/a>\n\t\t\t<\/dt><\/dl><dl class='gallery-item'>\n\t\t\t<dt class='gallery-icon landscape'>\n\t\t\t\t<a href='http:\/\/www.denkfried.de\/wp\/?attachment_id=32354'><img loading=\"lazy\" decoding=\"async\" width=\"150\" height=\"150\" src=\"http:\/\/www.denkfried.de\/wp\/wp-content\/uploads\/2013\/09\/Kloster-Zinna-Gedenktafel-1914-1918-150x150.jpg\" class=\"attachment-thumbnail size-thumbnail\" alt=\"\" \/><\/a>\n\t\t\t<\/dt><\/dl><br style=\"clear: both\" \/><dl class='gallery-item'>\n\t\t\t<dt class='gallery-icon landscape'>\n\t\t\t\t<a href='http:\/\/www.denkfried.de\/wp\/?attachment_id=32347'><img loading=\"lazy\" decoding=\"async\" width=\"150\" height=\"150\" src=\"http:\/\/www.denkfried.de\/wp\/wp-content\/uploads\/2013\/09\/Kloster-Zinna-Denkmal-Ehrenmal-150x150.jpg\" class=\"attachment-thumbnail size-thumbnail\" alt=\"\" \/><\/a>\n\t\t\t<\/dt><\/dl><dl class='gallery-item'>\n\t\t\t<dt class='gallery-icon portrait'>\n\t\t\t\t<a href='http:\/\/www.denkfried.de\/wp\/?attachment_id=32348'><img loading=\"lazy\" decoding=\"async\" width=\"150\" height=\"150\" src=\"http:\/\/www.denkfried.de\/wp\/wp-content\/uploads\/2013\/09\/Kloster-Zinna-Denkmal-Ehrenmal-2-150x150.jpg\" class=\"attachment-thumbnail size-thumbnail\" alt=\"\" \/><\/a>\n\t\t\t<\/dt><\/dl><dl class='gallery-item'>\n\t\t\t<dt class='gallery-icon portrait'>\n\t\t\t\t<a href='http:\/\/www.denkfried.de\/wp\/?attachment_id=32349'><img loading=\"lazy\" decoding=\"async\" width=\"150\" height=\"150\" src=\"http:\/\/www.denkfried.de\/wp\/wp-content\/uploads\/2013\/09\/Kloster-Zinna-Denkmal-Ehrenmal-4-150x150.jpg\" class=\"attachment-thumbnail size-thumbnail\" alt=\"\" \/><\/a>\n\t\t\t<\/dt><\/dl><dl class='gallery-item'>\n\t\t\t<dt class='gallery-icon landscape'>\n\t\t\t\t<a href='http:\/\/www.denkfried.de\/wp\/?attachment_id=32352'><img loading=\"lazy\" decoding=\"async\" width=\"150\" height=\"150\" src=\"http:\/\/www.denkfried.de\/wp\/wp-content\/uploads\/2013\/09\/Kloster-Zinna-Friedrich-der-Gro\u00dfe-150x150.jpg\" class=\"attachment-thumbnail size-thumbnail\" alt=\"\" \/><\/a>\n\t\t\t<\/dt><\/dl><br style=\"clear: both\" \/>\n\t\t<\/div>\n\n<p>Gedenktafel in der Kloster Kirche<\/p>\n<p><span style=\"text-decoration: underline;\"><strong>Tafel 1<\/strong><\/span><\/p>\n<address style=\"text-align: center;\"><em><strong>Gedenktafel der Veteranen der Stadt Zinna<\/strong><\/em><\/address>\n<address style=\"text-align: center;\"><em><strong>welche in den Befreiungskrieg 1813-1815 mitgemacht<\/strong><\/em><\/address>\n<address style=\"text-align: center;\"><em><strong>haben, so wie auch 1806 miz zu Felde gewesen sind, und zwar:<\/strong><\/em><\/address>\n<address style=\"text-align: center;\">\u00a0<\/address>\n<p>Aufgef\u00fchrt sind die Namen in folgenden Kategorien:<\/p>\n<p>In Schlachten geblieben, verstorben und vermi\u00dften:<br \/>\nwelche von da an bis zum 1. Nov. 1851 verstorben waren:<br \/>\nDiejenigen die nach dem 1. Nov. 1851 noch am Leben sind:<\/p>\n<p>Namensliste &#8230;in Arbeit<\/p>\n<p><span style=\"text-decoration: underline;\"><strong>Tafel 2<\/strong><\/span><\/p>\n<address style=\"text-align: center;\"><em><strong>Gedenktafel f\u00fcr die in den<\/strong><\/em><\/address>\n<address style=\"text-align: center;\"><em><strong>denkmw\u00fcrdigen Kriegsjahren<\/strong><\/em><\/address>\n<address style=\"text-align: center;\"><em><strong>1848-49, 1864, 1866, 1870-71<\/strong><\/em><\/address>\n<address style=\"text-align: center;\"><em><strong>beteiligt gewesenen Krieger hierselbst.<\/strong><\/em><\/address>\n<p>Namensliste &#8230;in Arbeit<\/p>\n<p><span style=\"text-decoration: underline;\"><strong>Tafel 3<\/strong><\/span><\/p>\n<p style=\"text-align: center;\"><em><strong>Zu Ehren der im Weltkriege &#8222;Gefallenen&#8220;.<\/strong><\/em><\/p>\n<p style=\"text-align: center;\"><em><strong>Es starben f\u00fcr das Vaterland<\/strong><\/em><\/p>\n<p style=\"text-align: center;\"><em><strong>Friede sei mit Euch!<\/strong><\/em><\/p>\n<p>Die Namen werden in die Datenbank eingepflegt.<\/p>\n<p><span style=\"text-decoration: underline;\"><strong>Denkm\u00e4ler<\/strong><\/span><\/p>\n<p>In richtung J\u00fcterbog befindet sich ein Denkmal, f\u00fcr den begr\u00fcnder des Stadt im Jahre 1764. Das Denkmal f\u00fcr Friedrich dem Grossen wurde 1864 eingeweiht. Auf der gegen\u00fcberliegenden Strassenseite, ist das Denkmal f\u00fcr die im ersten Weltkriege gebliebenen. Das Sandstein Denkmal tr\u00e4gt folgende Inschriften:<\/p>\n<address style=\"text-align: center;\"><em><strong>Es starben den Heldentod<\/strong><\/em><\/address>\n<address style=\"text-align: center;\"><em><strong>f\u00fcr das Vaterland:<\/strong><\/em><\/address>\n<address style=\"text-align: center;\">\u00a0<\/address>\n<p>Erg\u00e4nzende Gedenktafel:<\/p>\n<address style=\"text-align: center;\"><em><strong>Den Toten zum Gedenken<\/strong><\/em><\/address>\n<address style=\"text-align: center;\"><em><strong>Den lebenden zur Mahnung<\/strong><\/em><\/address>\n<address style=\"text-align: center;\"><em><strong>1939 &#8211; 1945<\/strong><\/em><\/address>\n<address style=\"text-align: center;\">\u00a0<\/address>\n<p>Die Namen werden in die Datenbank eingepflegt.<\/p>\n<p>&nbsp;<\/p>\n","protected":false},"excerpt":{"rendered":"<p>&nbsp; 14913\u00a0Kloster Zinna geh\u00f6rt zur Stadt J\u00fcterbog Bericht und Bilder von Thomas\u00a0 Gefallenendenkm\u00e4ler Berlin\/Brandenburg Gedenktafel in der Kloster Kirche Tafel 1 Gedenktafel der Veteranen der Stadt Zinna welche in den Befreiungskrieg 1813-1815 mitgemacht haben, so wie auch 1806 miz zu &hellip; <a href=\"http:\/\/www.denkfried.de\/wp\/?page_id=32344\">Weiterlesen <span class=\"meta-nav\">&rarr;<\/span><\/a><\/p>\n","protected":false},"author":9,"featured_media":0,"parent":15708,"menu_order":0,"comment_status":"closed","ping_status":"open","template":"","meta":{"footnotes":""},"class_list":["post-32344","page","type-page","status-publish","hentry"],"_links":{"self":[{"href":"http:\/\/www.denkfried.de\/wp\/index.php?rest_route=\/wp\/v2\/pages\/32344","targetHints":{"allow":["GET"]}}],"collection":[{"href":"http:\/\/www.denkfried.de\/wp\/index.php?rest_route=\/wp\/v2\/pages"}],"about":[{"href":"http:\/\/www.denkfried.de\/wp\/index.php?rest_route=\/wp\/v2\/types\/page"}],"author":[{"embeddable":true,"href":"http:\/\/www.denkfried.de\/wp\/index.php?rest_route=\/wp\/v2\/users\/9"}],"replies":[{"embeddable":true,"href":"http:\/\/www.denkfried.de\/wp\/index.php?rest_route=%2Fwp%2Fv2%2Fcomments&post=32344"}],"version-history":[{"count":10,"href":"http:\/\/www.denkfried.de\/wp\/index.php?rest_route=\/wp\/v2\/pages\/32344\/revisions"}],"predecessor-version":[{"id":40304,"href":"http:\/\/www.denkfried.de\/wp\/index.php?rest_route=\/wp\/v2\/pages\/32344\/revisions\/40304"}],"up":[{"embeddable":true,"href":"http:\/\/www.denkfried.de\/wp\/index.php?rest_route=\/wp\/v2\/pages\/15708"}],"wp:attachment":[{"href":"http:\/\/www.denkfried.de\/wp\/index.php?rest_route=%2Fwp%2Fv2%2Fmedia&parent=32344"}],"curies":[{"name":"wp","href":"https:\/\/api.w.org\/{rel}","templated":true}]}}