{"id":322,"date":"2011-04-02T15:47:27","date_gmt":"2011-04-02T13:47:27","guid":{"rendered":"http:\/\/www.bilderstapel.de\/test\/wp\/?page_id=322"},"modified":"2011-05-31T21:39:25","modified_gmt":"2011-05-31T19:39:25","slug":"niederlande","status":"publish","type":"page","link":"http:\/\/www.denkfried.de\/wp\/?page_id=322","title":{"rendered":"Niederlande"},"content":{"rendered":"<p>&nbsp;<\/p>\n<p>Hauptstadt:\u00a0 <span style=\"text-decoration: underline; color: #ff0000;\"><strong>Amsterdam<\/strong><\/span><\/p>\n<p>Kriegsgr\u00e4berabkommen:\u00a0 15.04.1976<\/p>\n<p>Die  Anzahl der Toten erheben nicht den Anspruch auf Richtigkeit und  Vollst\u00e4ndigkeit. Durch zwischenzeitliche Bergungen k\u00f6nnen sich die  Zahlen st\u00e4ndig \u00e4ndern.<\/p>\n<p><a title=\"YSSELSTEYN\" href=\"http:\/\/www.denkfried.de\/wp\/?page_id=1733\">Ysselsteyn<\/a><\/p>\n<p><span style=\"text-decoration: underline;\"><strong>Amerikanische Kriegsgr\u00e4ber<\/strong> <\/span><\/p>\n<p><strong>Margraten<\/strong><br \/>\n2.WK:\u00a0 \u00a0 \u00a08.301<\/p>\n<p>&nbsp;<\/p>\n","protected":false},"excerpt":{"rendered":"<p>&nbsp; Hauptstadt:\u00a0 Amsterdam Kriegsgr\u00e4berabkommen:\u00a0 15.04.1976 Die Anzahl der Toten erheben nicht den Anspruch auf Richtigkeit und Vollst\u00e4ndigkeit. Durch zwischenzeitliche Bergungen k\u00f6nnen sich die Zahlen st\u00e4ndig \u00e4ndern. Ysselsteyn Amerikanische Kriegsgr\u00e4ber Margraten 2.WK:\u00a0 \u00a0 \u00a08.301 &nbsp;<\/p>\n","protected":false},"author":2,"featured_media":0,"parent":122,"menu_order":20,"comment_status":"open","ping_status":"open","template":"","meta":{"footnotes":""},"class_list":["post-322","page","type-page","status-publish","hentry"],"_links":{"self":[{"href":"http:\/\/www.denkfried.de\/wp\/index.php?rest_route=\/wp\/v2\/pages\/322","targetHints":{"allow":["GET"]}}],"collection":[{"href":"http:\/\/www.denkfried.de\/wp\/index.php?rest_route=\/wp\/v2\/pages"}],"about":[{"href":"http:\/\/www.denkfried.de\/wp\/index.php?rest_route=\/wp\/v2\/types\/page"}],"author":[{"embeddable":true,"href":"http:\/\/www.denkfried.de\/wp\/index.php?rest_route=\/wp\/v2\/users\/2"}],"replies":[{"embeddable":true,"href":"http:\/\/www.denkfried.de\/wp\/index.php?rest_route=%2Fwp%2Fv2%2Fcomments&post=322"}],"version-history":[{"count":5,"href":"http:\/\/www.denkfried.de\/wp\/index.php?rest_route=\/wp\/v2\/pages\/322\/revisions"}],"predecessor-version":[{"id":1731,"href":"http:\/\/www.denkfried.de\/wp\/index.php?rest_route=\/wp\/v2\/pages\/322\/revisions\/1731"}],"up":[{"embeddable":true,"href":"http:\/\/www.denkfried.de\/wp\/index.php?rest_route=\/wp\/v2\/pages\/122"}],"wp:attachment":[{"href":"http:\/\/www.denkfried.de\/wp\/index.php?rest_route=%2Fwp%2Fv2%2Fmedia&parent=322"}],"curies":[{"name":"wp","href":"https:\/\/api.w.org\/{rel}","templated":true}]}}