{"id":32023,"date":"2013-08-09T21:10:17","date_gmt":"2013-08-09T19:10:17","guid":{"rendered":"http:\/\/www.denkfried.de\/wp\/?page_id=32023"},"modified":"2013-08-09T21:10:17","modified_gmt":"2013-08-09T19:10:17","slug":"coswig-cobbelsdorf-puelzig","status":"publish","type":"page","link":"http:\/\/www.denkfried.de\/wp\/?page_id=32023","title":{"rendered":"Coswig-Cobbelsdorf-P\u00fclzig"},"content":{"rendered":"<p>&nbsp;<\/p>\n<p><span style=\"text-decoration: underline;\">06869 Coswig-Cobbelsdorf &#8211; <strong>P\u00fclzig<\/strong><\/span><\/p>\n<p>Der Ortsteil P\u00fclzig geh\u00f6rte zu Cobbelsdorf. 2007 wurde die Gemeinde Cobbelsdorf mit ihren Ortsteilen in die Stadt Coswig eingemeindet.<\/p>\n<p><strong>Kriegerdenkmal<\/strong><\/p>\n<p>Foto von chiquitaman \u00a0\u00a0 <a href=\"http:\/\/www.geschichte-md.de\">www.geschichte-md.de<\/a><\/p>\n<p><a href=\"http:\/\/www.denkfried.de\/wp\/?attachment_id=32024\" rel=\"attachment wp-att-32024\"><img loading=\"lazy\" decoding=\"async\" class=\"aligncenter size-medium wp-image-32024\" alt=\"P\u00fclzig\" src=\"http:\/\/www.denkfried.de\/wp\/wp-content\/uploads\/2013\/08\/P\u00fclzig-225x300.jpg\" width=\"225\" height=\"300\" srcset=\"http:\/\/www.denkfried.de\/wp\/wp-content\/uploads\/2013\/08\/P\u00fclzig-225x300.jpg 225w, http:\/\/www.denkfried.de\/wp\/wp-content\/uploads\/2013\/08\/P\u00fclzig.jpg 480w\" sizes=\"auto, (max-width: 225px) 100vw, 225px\" \/><\/a><\/p>\n","protected":false},"excerpt":{"rendered":"<p>&nbsp; 06869 Coswig-Cobbelsdorf &#8211; P\u00fclzig Der Ortsteil P\u00fclzig geh\u00f6rte zu Cobbelsdorf. 2007 wurde die Gemeinde Cobbelsdorf mit ihren Ortsteilen in die Stadt Coswig eingemeindet. Kriegerdenkmal Foto von chiquitaman \u00a0\u00a0 www.geschichte-md.de<\/p>\n","protected":false},"author":2,"featured_media":0,"parent":6104,"menu_order":0,"comment_status":"closed","ping_status":"open","template":"","meta":{"footnotes":""},"class_list":["post-32023","page","type-page","status-publish","hentry"],"_links":{"self":[{"href":"http:\/\/www.denkfried.de\/wp\/index.php?rest_route=\/wp\/v2\/pages\/32023","targetHints":{"allow":["GET"]}}],"collection":[{"href":"http:\/\/www.denkfried.de\/wp\/index.php?rest_route=\/wp\/v2\/pages"}],"about":[{"href":"http:\/\/www.denkfried.de\/wp\/index.php?rest_route=\/wp\/v2\/types\/page"}],"author":[{"embeddable":true,"href":"http:\/\/www.denkfried.de\/wp\/index.php?rest_route=\/wp\/v2\/users\/2"}],"replies":[{"embeddable":true,"href":"http:\/\/www.denkfried.de\/wp\/index.php?rest_route=%2Fwp%2Fv2%2Fcomments&post=32023"}],"version-history":[{"count":1,"href":"http:\/\/www.denkfried.de\/wp\/index.php?rest_route=\/wp\/v2\/pages\/32023\/revisions"}],"predecessor-version":[{"id":32025,"href":"http:\/\/www.denkfried.de\/wp\/index.php?rest_route=\/wp\/v2\/pages\/32023\/revisions\/32025"}],"up":[{"embeddable":true,"href":"http:\/\/www.denkfried.de\/wp\/index.php?rest_route=\/wp\/v2\/pages\/6104"}],"wp:attachment":[{"href":"http:\/\/www.denkfried.de\/wp\/index.php?rest_route=%2Fwp%2Fv2%2Fmedia&parent=32023"}],"curies":[{"name":"wp","href":"https:\/\/api.w.org\/{rel}","templated":true}]}}