{"id":31960,"date":"2013-07-31T16:19:46","date_gmt":"2013-07-31T14:19:46","guid":{"rendered":"http:\/\/www.denkfried.de\/wp\/?page_id=31960"},"modified":"2016-02-26T08:27:00","modified_gmt":"2016-02-26T07:27:00","slug":"alt-tegel-dorfkirche","status":"publish","type":"page","link":"http:\/\/www.denkfried.de\/wp\/?page_id=31960","title":{"rendered":"Alt Tegel Dorfkirche"},"content":{"rendered":"<p>&nbsp;<\/p>\n<p><strong>Berlin-Alt Tegel<\/strong> Dorfkirche<\/p>\n<p>Bericht von Thomas\u00a0<a href=\"http:\/\/g-bb.jimdo.com\/\">Gefallenendenkm\u00e4ler Berlin\/Brandenburg<\/a><\/p>\n<div id='gallery-1' class='gallery galleryid-31960 gallery-columns-4 gallery-size-thumbnail'><dl class='gallery-item'>\n\t\t\t<dt class='gallery-icon landscape'>\n\t\t\t\t<a href='http:\/\/www.denkfried.de\/wp\/?attachment_id=40489'><img loading=\"lazy\" decoding=\"async\" width=\"150\" height=\"150\" src=\"http:\/\/www.denkfried.de\/wp\/wp-content\/uploads\/2013\/07\/Tegel-Dorfkirche-150x150.jpg\" class=\"attachment-thumbnail size-thumbnail\" alt=\"\" \/><\/a>\n\t\t\t<\/dt><\/dl><dl class='gallery-item'>\n\t\t\t<dt class='gallery-icon landscape'>\n\t\t\t\t<a href='http:\/\/www.denkfried.de\/wp\/?attachment_id=31967'><img loading=\"lazy\" decoding=\"async\" width=\"150\" height=\"150\" src=\"http:\/\/www.denkfried.de\/wp\/wp-content\/uploads\/2013\/07\/Tegel-Gedenktafel-1870-71-150x150.jpg\" class=\"attachment-thumbnail size-thumbnail\" alt=\"\" \/><\/a>\n\t\t\t<\/dt><\/dl><dl class='gallery-item'>\n\t\t\t<dt class='gallery-icon landscape'>\n\t\t\t\t<a href='http:\/\/www.denkfried.de\/wp\/?attachment_id=31965'><img loading=\"lazy\" decoding=\"async\" width=\"150\" height=\"150\" src=\"http:\/\/www.denkfried.de\/wp\/wp-content\/uploads\/2013\/07\/Tegel-Ehrentafel-1914-1918-150x150.jpg\" class=\"attachment-thumbnail size-thumbnail\" alt=\"\" \/><\/a>\n\t\t\t<\/dt><\/dl><dl class='gallery-item'>\n\t\t\t<dt class='gallery-icon landscape'>\n\t\t\t\t<a href='http:\/\/www.denkfried.de\/wp\/?attachment_id=31964'><img loading=\"lazy\" decoding=\"async\" width=\"150\" height=\"150\" src=\"http:\/\/www.denkfried.de\/wp\/wp-content\/uploads\/2013\/07\/DSCF2394-150x150.jpg\" class=\"attachment-thumbnail size-thumbnail\" alt=\"\" \/><\/a>\n\t\t\t<\/dt><\/dl><br style=\"clear: both\" \/><dl class='gallery-item'>\n\t\t\t<dt class='gallery-icon landscape'>\n\t\t\t\t<a href='http:\/\/www.denkfried.de\/wp\/?attachment_id=31966'><img loading=\"lazy\" decoding=\"async\" width=\"150\" height=\"150\" src=\"http:\/\/www.denkfried.de\/wp\/wp-content\/uploads\/2013\/07\/Tegel-Gedenken-1939-1945-150x150.jpg\" class=\"attachment-thumbnail size-thumbnail\" alt=\"\" \/><\/a>\n\t\t\t<\/dt><\/dl><dl class='gallery-item'>\n\t\t\t<dt class='gallery-icon landscape'>\n\t\t\t\t<a href='http:\/\/www.denkfried.de\/wp\/?attachment_id=23346'><img loading=\"lazy\" decoding=\"async\" width=\"150\" height=\"150\" src=\"http:\/\/www.denkfried.de\/wp\/wp-content\/uploads\/2011\/10\/Alt-Tegel-2-150x150.jpg\" class=\"attachment-thumbnail size-thumbnail\" alt=\"\" \/><\/a>\n\t\t\t<\/dt><\/dl><dl class='gallery-item'>\n\t\t\t<dt class='gallery-icon landscape'>\n\t\t\t\t<a href='http:\/\/www.denkfried.de\/wp\/?attachment_id=23345'><img loading=\"lazy\" decoding=\"async\" width=\"150\" height=\"150\" src=\"http:\/\/www.denkfried.de\/wp\/wp-content\/uploads\/2011\/10\/Alt-Tegel-150x150.jpg\" class=\"attachment-thumbnail size-thumbnail\" alt=\"\" \/><\/a>\n\t\t\t<\/dt><\/dl><dl class='gallery-item'>\n\t\t\t<dt class='gallery-icon landscape'>\n\t\t\t\t<a href='http:\/\/www.denkfried.de\/wp\/?attachment_id=23347'><img loading=\"lazy\" decoding=\"async\" width=\"150\" height=\"150\" src=\"http:\/\/www.denkfried.de\/wp\/wp-content\/uploads\/2011\/10\/Alt-Tegel-3-150x150.jpg\" class=\"attachment-thumbnail size-thumbnail\" alt=\"\" \/><\/a>\n\t\t\t<\/dt><\/dl><br style=\"clear: both\" \/>\n\t\t<\/div>\n\n<p><strong>1870-1871 Gedenktafel<\/strong><\/p>\n<address style=\"text-align: center;\">Aus dem Kirchspiele Tegel sind in dem glorreichen<\/address>\n<address style=\"text-align: center;\">Kriege gegen Frankreich 1870-1871 geblieben:<\/address>\n<address style=\"text-align: center;\">\u00a0<\/address>\n<address style=\"text-align: center;\">\u00a0Die Br\u00fcder<\/address>\n<address style=\"text-align: center;\">August Kosewsky,<\/address>\n<address style=\"text-align: center;\">F\u00fcsilierim 35. Infanterie-Regiment, geb. zu Tegel am 14 M\u00e4rz 1842<\/address>\n<address style=\"text-align: center;\">gefallen in der Schlacht bei Vionville am 16 August 1870.<\/address>\n<address style=\"text-align: center;\">Hermann Kosewsky<\/address>\n<address style=\"text-align: center;\">F\u00fcsilier im 60 Infanterie-Regiment, geb. zu Tegel am 24 Januar<\/address>\n<address style=\"text-align: center;\">1846, verwundet am 18 August in der Schlacht bei Gravelotte<\/address>\n<address style=\"text-align: center;\">gest. am 30 August 1870 im Lazareth daselbst.<\/address>\n<address style=\"text-align: center;\">\u00a0<\/address>\n<address style=\"text-align: center;\">Sei getreu bis an den Tod, so will ich dir die Krone des Lebens geben.<\/address>\n<address style=\"text-align: center;\">\u00a0<\/address>\n<p><strong>1914-1918 Gedenktafel<\/strong><\/p>\n<p>Die Tafeln sind, links und rechts zum Eingang des Kirchsaals. Die Gefallenen sind hier, in den Jahren geordnet in dem sie fielen oder verstarben. Die zwei Tafel sind aus Holz und Identisch, \u00fcber den Namen ein adler Relief. Insgesamt sind hier 504 Namen verzeichnet.<\/p>\n<p><strong>1939-1945 Gedenktafel<\/strong><\/p>\n<p>Gegen\u00fcber der Tafeln des ersten Weltkrieges, befindet sich die Steintafel. Unter der Tafel ist ein Gedenkstein f\u00fcr die Kirchhofs-Zwangsarbeiter. Die Tafel tr\u00e4gt folgende Inschrift:<\/p>\n<address style=\"text-align: center;\"><em><strong>Gedenket der Opfer<\/strong><\/em><\/address>\n<address style=\"text-align: center;\"><em><strong>von Krieg und Gewalt<\/strong><\/em><\/address>\n<address style=\"text-align: center;\">\u00a0<\/address>\n<address style=\"text-align: center;\"><em><strong>Vergib uns unsere Schuld<\/strong><\/em><\/address>\n<address style=\"text-align: center;\">\u00a0<\/address>\n<p><strong>Denkmal Weltkriege<br \/>\n<\/strong><\/p>\n<p>Eine Denkmal gegen\u00fcber dem Eingang zur Kirche. Errichtet f\u00fcr die Gefallenen im Ersten Weltkrieg, sp\u00e4ter erweitert. Von Oben sind die Kriegsjahre beider Weltkriege zu erkennen, am Denkmal ist folgende Inschrift:<\/p>\n<address style=\"text-align: center;\"><em><strong>Kein Mann gedeiht ohne Vaterland, h\u00f6rt es<\/strong><\/em><\/address>\n<address style=\"text-align: center;\"><em><strong>denn alles andere ist L\u00fcge.<\/strong><\/em><\/address>\n<address style=\"text-align: center;\">\u00a0<\/address>\n<address style=\"text-align: center;\"><em><strong>Den Opfern der Kriege und der Gewalt<\/strong><\/em><\/address>\n<address>\u00a0<\/address>\n<p>\u00a0Die Namen wurden in die Datenbank eingepflegt.<\/p>\n","protected":false},"excerpt":{"rendered":"<p>&nbsp; Berlin-Alt Tegel Dorfkirche Bericht von Thomas\u00a0Gefallenendenkm\u00e4ler Berlin\/Brandenburg 1870-1871 Gedenktafel Aus dem Kirchspiele Tegel sind in dem glorreichen Kriege gegen Frankreich 1870-1871 geblieben: \u00a0 \u00a0Die Br\u00fcder August Kosewsky, F\u00fcsilierim 35. Infanterie-Regiment, geb. zu Tegel am 14 M\u00e4rz 1842 gefallen in &hellip; <a href=\"http:\/\/www.denkfried.de\/wp\/?page_id=31960\">Weiterlesen <span class=\"meta-nav\">&rarr;<\/span><\/a><\/p>\n","protected":false},"author":9,"featured_media":0,"parent":23365,"menu_order":0,"comment_status":"closed","ping_status":"open","template":"","meta":{"footnotes":""},"class_list":["post-31960","page","type-page","status-publish","hentry"],"_links":{"self":[{"href":"http:\/\/www.denkfried.de\/wp\/index.php?rest_route=\/wp\/v2\/pages\/31960","targetHints":{"allow":["GET"]}}],"collection":[{"href":"http:\/\/www.denkfried.de\/wp\/index.php?rest_route=\/wp\/v2\/pages"}],"about":[{"href":"http:\/\/www.denkfried.de\/wp\/index.php?rest_route=\/wp\/v2\/types\/page"}],"author":[{"embeddable":true,"href":"http:\/\/www.denkfried.de\/wp\/index.php?rest_route=\/wp\/v2\/users\/9"}],"replies":[{"embeddable":true,"href":"http:\/\/www.denkfried.de\/wp\/index.php?rest_route=%2Fwp%2Fv2%2Fcomments&post=31960"}],"version-history":[{"count":17,"href":"http:\/\/www.denkfried.de\/wp\/index.php?rest_route=\/wp\/v2\/pages\/31960\/revisions"}],"predecessor-version":[{"id":40490,"href":"http:\/\/www.denkfried.de\/wp\/index.php?rest_route=\/wp\/v2\/pages\/31960\/revisions\/40490"}],"up":[{"embeddable":true,"href":"http:\/\/www.denkfried.de\/wp\/index.php?rest_route=\/wp\/v2\/pages\/23365"}],"wp:attachment":[{"href":"http:\/\/www.denkfried.de\/wp\/index.php?rest_route=%2Fwp%2Fv2%2Fmedia&parent=31960"}],"curies":[{"name":"wp","href":"https:\/\/api.w.org\/{rel}","templated":true}]}}