{"id":316,"date":"2011-04-02T15:45:38","date_gmt":"2011-04-02T13:45:38","guid":{"rendered":"http:\/\/www.bilderstapel.de\/test\/wp\/?page_id=316"},"modified":"2011-04-09T20:43:58","modified_gmt":"2011-04-09T18:43:58","slug":"mazedonien-montenegro","status":"publish","type":"page","link":"http:\/\/www.denkfried.de\/wp\/?page_id=316","title":{"rendered":"Mazedonien + Montenegro"},"content":{"rendered":"<p>&nbsp;<\/p>\n<p><span style=\"text-decoration: underline; color: #ff0000;\"><strong>Mazedonien<\/strong><\/span><\/p>\n<p>Hauptstadt:\u00a0 Skopje<\/p>\n<p>Die  Anzahl der Toten erheben nicht den Anspruch auf Richtigkeit und  Vollst\u00e4ndigkeit. Durch zwischenzeitliche Bergungen k\u00f6nnen sich die  Zahlen st\u00e4ndig \u00e4ndern.<\/p>\n<p>Bitola\u00a0 \u00a0 \u00a0 \u00a0 \u00a0 \u00a0 \u00a0 \u00a0 1.WK:\u00a0 3.406<br \/>\nPrilep\u00a0 \u00a0 \u00a0 \u00a0 \u00a0 \u00a0 \u00a0 \u00a0 1.WK:\u00a0 1.683\u00a0 \u00a0 \u00a0 \u00a0 \u00a0 \u00a0 \u00a0 \u00a0 \u00a0 \u00a0 \u00a0 \u00a0 \u00a0 \u00a0 2.WK:\u00a0 50<\/p>\n<p>&nbsp;<\/p>\n<p><span style=\"text-decoration: underline; color: #ff0000;\"><strong>Montenegro<\/strong><\/span><\/p>\n<p>Hauptstadt: Podgorica<br \/>\nMontenegro ist ein d\u00fcnn besiedeltes und \u00fcberwiegend schwer zug\u00e4ngliches verkarstetes, waldreiches Gebirgsland.<\/p>\n<p>Kriegsgr\u00e4berst\u00e4tte: Podgorice<\/p>\n<p>F\u00fcr  den Bereich der beiden Staaten liegen 15.611 Verlustmeldungen f\u00fcr  Soldaten des Zweiten Weltkrieges vor. Die Toten ruhen in 589 Orten.<br \/>\nDie  Anzahl der Kriegsgr\u00e4ber aus dem Ersten Weltkrieg ist nicht bekannt. Es  gibt mit beiden L\u00e4ndern noch keine Kriegsgr\u00e4berabkommen. Trotzdem  konnten 1988 auf dem Belgrader Friedhof Banovo Brdo an dem  &#8222;Mackensen-Denkmal&#8220; aus dem Ersten Weltkrieg Tafeln mit den Namen von  974 im Zweiten Weltkrieg in Belgrad gefallenen deutschen Soldaten  angebracht worden.<br \/>\nIn Podgorica wurden 2007 die Gebeine von Soldaten bei Stra\u00dfenarbeiten geborgen.<\/p>\n","protected":false},"excerpt":{"rendered":"<p>&nbsp; Mazedonien Hauptstadt:\u00a0 Skopje Die Anzahl der Toten erheben nicht den Anspruch auf Richtigkeit und Vollst\u00e4ndigkeit. Durch zwischenzeitliche Bergungen k\u00f6nnen sich die Zahlen st\u00e4ndig \u00e4ndern. Bitola\u00a0 \u00a0 \u00a0 \u00a0 \u00a0 \u00a0 \u00a0 \u00a0 1.WK:\u00a0 3.406 Prilep\u00a0 \u00a0 \u00a0 \u00a0 \u00a0 &hellip; <a href=\"http:\/\/www.denkfried.de\/wp\/?page_id=316\">Weiterlesen <span class=\"meta-nav\">&rarr;<\/span><\/a><\/p>\n","protected":false},"author":2,"featured_media":0,"parent":122,"menu_order":18,"comment_status":"open","ping_status":"open","template":"","meta":{"footnotes":""},"class_list":["post-316","page","type-page","status-publish","hentry"],"_links":{"self":[{"href":"http:\/\/www.denkfried.de\/wp\/index.php?rest_route=\/wp\/v2\/pages\/316","targetHints":{"allow":["GET"]}}],"collection":[{"href":"http:\/\/www.denkfried.de\/wp\/index.php?rest_route=\/wp\/v2\/pages"}],"about":[{"href":"http:\/\/www.denkfried.de\/wp\/index.php?rest_route=\/wp\/v2\/types\/page"}],"author":[{"embeddable":true,"href":"http:\/\/www.denkfried.de\/wp\/index.php?rest_route=\/wp\/v2\/users\/2"}],"replies":[{"embeddable":true,"href":"http:\/\/www.denkfried.de\/wp\/index.php?rest_route=%2Fwp%2Fv2%2Fcomments&post=316"}],"version-history":[{"count":5,"href":"http:\/\/www.denkfried.de\/wp\/index.php?rest_route=\/wp\/v2\/pages\/316\/revisions"}],"predecessor-version":[{"id":1727,"href":"http:\/\/www.denkfried.de\/wp\/index.php?rest_route=\/wp\/v2\/pages\/316\/revisions\/1727"}],"up":[{"embeddable":true,"href":"http:\/\/www.denkfried.de\/wp\/index.php?rest_route=\/wp\/v2\/pages\/122"}],"wp:attachment":[{"href":"http:\/\/www.denkfried.de\/wp\/index.php?rest_route=%2Fwp%2Fv2%2Fmedia&parent=316"}],"curies":[{"name":"wp","href":"https:\/\/api.w.org\/{rel}","templated":true}]}}