{"id":31583,"date":"2013-07-20T19:09:05","date_gmt":"2013-07-20T17:09:05","guid":{"rendered":"http:\/\/www.denkfried.de\/wp\/?page_id=31583"},"modified":"2015-11-28T18:13:33","modified_gmt":"2015-11-28T17:13:33","slug":"columbiadamm-kgst","status":"publish","type":"page","link":"http:\/\/www.denkfried.de\/wp\/?page_id=31583","title":{"rendered":"Columbiadamm KGST"},"content":{"rendered":"<p>&nbsp;<\/p>\n<p><strong>Berlin-Neuk\u00f6lln <\/strong>Landeseigner Friedhof Columbiadamm<strong><br \/>\n<\/strong><\/p>\n<p>Bericht und Bilder von Thomas\u00a0<a href=\"http:\/\/g-bb.jimdo.com\/\">Gefallenendenkm\u00e4ler Berlin\/Brandenburg<\/a><\/p>\n<p>Der 1861 er\u00f6ffnete Friedhof war haupts\u00e4chlich den Angeh\u00f6rigen der Berliner Garnision vorbehalten. Aus der Zeit des napoleonischen Befreiungskrieges bis zum Zweiten Weltkrieg wurden hier Milit\u00e4rangeh\u00f6rige bestattet. Daher findet man hier zahlreiche Denkmale die jeweils an diese Epochen erinnern. Die meisten Denkmale stammen aus der Zeit des Ersten Weltkrieges.<br \/>\nMit dem Ende des Zweiten Weltkrieges gibt es keine Berliner Garnision mehr und somit tr\u00e4gt dieser Friedhof auch nicht mehr den Namen Garnisionsfriedhof.<br \/>\nDer Friedhof hat im Laufe der Zeit Parkcharakter angenommen.<\/p>\n<div id='gallery-1' class='gallery galleryid-31583 gallery-columns-3 gallery-size-thumbnail'><dl class='gallery-item'>\n\t\t\t<dt class='gallery-icon landscape'>\n\t\t\t\t<a href='http:\/\/www.denkfried.de\/wp\/?attachment_id=31591'><img loading=\"lazy\" decoding=\"async\" width=\"150\" height=\"150\" src=\"http:\/\/www.denkfried.de\/wp\/wp-content\/uploads\/2013\/07\/Friedhof-Columbiadamm-Kriegsgr\u00e4ber-3-150x150.jpg\" class=\"attachment-thumbnail size-thumbnail\" alt=\"\" \/><\/a>\n\t\t\t<\/dt><\/dl><dl class='gallery-item'>\n\t\t\t<dt class='gallery-icon landscape'>\n\t\t\t\t<a href='http:\/\/www.denkfried.de\/wp\/?attachment_id=31587'><img loading=\"lazy\" decoding=\"async\" width=\"150\" height=\"150\" src=\"http:\/\/www.denkfried.de\/wp\/wp-content\/uploads\/2013\/07\/Friedhof-Columbiadamm-Kriegsgr\u00e4ber-2-150x150.jpg\" class=\"attachment-thumbnail size-thumbnail\" alt=\"\" \/><\/a>\n\t\t\t<\/dt><\/dl><dl class='gallery-item'>\n\t\t\t<dt class='gallery-icon landscape'>\n\t\t\t\t<a href='http:\/\/www.denkfried.de\/wp\/?attachment_id=31590'><img loading=\"lazy\" decoding=\"async\" width=\"150\" height=\"150\" src=\"http:\/\/www.denkfried.de\/wp\/wp-content\/uploads\/2013\/07\/Friedhof-Columbiadamm-Kriegsgr\u00e4ber-150x150.jpg\" class=\"attachment-thumbnail size-thumbnail\" alt=\"\" \/><\/a>\n\t\t\t<\/dt><\/dl><br style=\"clear: both\" \/><dl class='gallery-item'>\n\t\t\t<dt class='gallery-icon landscape'>\n\t\t\t\t<a href='http:\/\/www.denkfried.de\/wp\/?attachment_id=31588'><img loading=\"lazy\" decoding=\"async\" width=\"150\" height=\"150\" src=\"http:\/\/www.denkfried.de\/wp\/wp-content\/uploads\/2013\/07\/Private-Gr\u00e4ber-150x150.jpg\" class=\"attachment-thumbnail size-thumbnail\" alt=\"\" \/><\/a>\n\t\t\t<\/dt><\/dl><dl class='gallery-item'>\n\t\t\t<dt class='gallery-icon portrait'>\n\t\t\t\t<a href='http:\/\/www.denkfried.de\/wp\/?attachment_id=31589'><img loading=\"lazy\" decoding=\"async\" width=\"150\" height=\"150\" src=\"http:\/\/www.denkfried.de\/wp\/wp-content\/uploads\/2013\/07\/Private-Gr\u00e4ber-3-150x150.jpg\" class=\"attachment-thumbnail size-thumbnail\" alt=\"\" \/><\/a>\n\t\t\t<\/dt><\/dl><dl class='gallery-item'>\n\t\t\t<dt class='gallery-icon portrait'>\n\t\t\t\t<a href='http:\/\/www.denkfried.de\/wp\/?attachment_id=31592'><img loading=\"lazy\" decoding=\"async\" width=\"150\" height=\"150\" src=\"http:\/\/www.denkfried.de\/wp\/wp-content\/uploads\/2013\/07\/Private-Gr\u00e4ber-2-150x150.jpg\" class=\"attachment-thumbnail size-thumbnail\" alt=\"\" \/><\/a>\n\t\t\t<\/dt><\/dl><br style=\"clear: both\" \/>\n\t\t<\/div>\n\n<p>Auf dem Friedhof sind insgesamt 7.395 Einzelgr\u00e4ber und die Anzahl der Toten wird auf ca. 7400 beziffert. Bestattet sind hier \u00fcberwigend Soldaten des ersten und zweiten Weltkrieges sowie\u00a0 Zivilpersonen.<\/p>\n","protected":false},"excerpt":{"rendered":"<p>&nbsp; Berlin-Neuk\u00f6lln Landeseigner Friedhof Columbiadamm Bericht und Bilder von Thomas\u00a0Gefallenendenkm\u00e4ler Berlin\/Brandenburg Der 1861 er\u00f6ffnete Friedhof war haupts\u00e4chlich den Angeh\u00f6rigen der Berliner Garnision vorbehalten. Aus der Zeit des napoleonischen Befreiungskrieges bis zum Zweiten Weltkrieg wurden hier Milit\u00e4rangeh\u00f6rige bestattet. Daher findet man &hellip; <a href=\"http:\/\/www.denkfried.de\/wp\/?page_id=31583\">Weiterlesen <span class=\"meta-nav\">&rarr;<\/span><\/a><\/p>\n","protected":false},"author":9,"featured_media":0,"parent":19078,"menu_order":0,"comment_status":"closed","ping_status":"open","template":"","meta":{"footnotes":""},"class_list":["post-31583","page","type-page","status-publish","hentry"],"_links":{"self":[{"href":"http:\/\/www.denkfried.de\/wp\/index.php?rest_route=\/wp\/v2\/pages\/31583","targetHints":{"allow":["GET"]}}],"collection":[{"href":"http:\/\/www.denkfried.de\/wp\/index.php?rest_route=\/wp\/v2\/pages"}],"about":[{"href":"http:\/\/www.denkfried.de\/wp\/index.php?rest_route=\/wp\/v2\/types\/page"}],"author":[{"embeddable":true,"href":"http:\/\/www.denkfried.de\/wp\/index.php?rest_route=\/wp\/v2\/users\/9"}],"replies":[{"embeddable":true,"href":"http:\/\/www.denkfried.de\/wp\/index.php?rest_route=%2Fwp%2Fv2%2Fcomments&post=31583"}],"version-history":[{"count":6,"href":"http:\/\/www.denkfried.de\/wp\/index.php?rest_route=\/wp\/v2\/pages\/31583\/revisions"}],"predecessor-version":[{"id":39610,"href":"http:\/\/www.denkfried.de\/wp\/index.php?rest_route=\/wp\/v2\/pages\/31583\/revisions\/39610"}],"up":[{"embeddable":true,"href":"http:\/\/www.denkfried.de\/wp\/index.php?rest_route=\/wp\/v2\/pages\/19078"}],"wp:attachment":[{"href":"http:\/\/www.denkfried.de\/wp\/index.php?rest_route=%2Fwp%2Fv2%2Fmedia&parent=31583"}],"curies":[{"name":"wp","href":"https:\/\/api.w.org\/{rel}","templated":true}]}}