{"id":31493,"date":"2013-07-17T22:29:31","date_gmt":"2013-07-17T20:29:31","guid":{"rendered":"http:\/\/www.denkfried.de\/wp\/?page_id=31493"},"modified":"2015-12-28T21:04:45","modified_gmt":"2015-12-28T20:04:45","slug":"friedrichshagen-kgst","status":"publish","type":"page","link":"http:\/\/www.denkfried.de\/wp\/?page_id=31493","title":{"rendered":"Friedrichshagen KGST"},"content":{"rendered":"<p>&nbsp;<\/p>\n<p><strong>Berlin-Friedrichshagen <\/strong>Friedhof in der Peter-Hille-Str. 84<\/p>\n<p>Bericht und Bilder von Thomas\u00a0<a href=\"http:\/\/g-bb.jimdo.com\/\">Gefallenendenkm\u00e4ler Berlin\/Brandenburg<\/a><\/p>\n<div id='gallery-1' class='gallery galleryid-31493 gallery-columns-3 gallery-size-thumbnail'><dl class='gallery-item'>\n\t\t\t<dt class='gallery-icon landscape'>\n\t\t\t\t<a href='http:\/\/www.denkfried.de\/wp\/?attachment_id=31518'><img loading=\"lazy\" decoding=\"async\" width=\"150\" height=\"150\" src=\"http:\/\/www.denkfried.de\/wp\/wp-content\/uploads\/2013\/07\/Friedrichshagen-Erster-Weltkrieg-2-150x150.jpg\" class=\"attachment-thumbnail size-thumbnail\" alt=\"\" aria-describedby=\"gallery-1-31518\" \/><\/a>\n\t\t\t<\/dt>\n\t\t\t\t<dd class='wp-caption-text gallery-caption' id='gallery-1-31518'>\n\t\t\t\t1914-1918\n\t\t\t\t<\/dd><\/dl><dl class='gallery-item'>\n\t\t\t<dt class='gallery-icon portrait'>\n\t\t\t\t<a href='http:\/\/www.denkfried.de\/wp\/?attachment_id=31513'><img loading=\"lazy\" decoding=\"async\" width=\"150\" height=\"150\" src=\"http:\/\/www.denkfried.de\/wp\/wp-content\/uploads\/2013\/07\/Friedrichshagen-Erster-Weltkrieg-3-150x150.jpg\" class=\"attachment-thumbnail size-thumbnail\" alt=\"\" aria-describedby=\"gallery-1-31513\" \/><\/a>\n\t\t\t<\/dt>\n\t\t\t\t<dd class='wp-caption-text gallery-caption' id='gallery-1-31513'>\n\t\t\t\t1914-1918\n\t\t\t\t<\/dd><\/dl><dl class='gallery-item'>\n\t\t\t<dt class='gallery-icon landscape'>\n\t\t\t\t<a href='http:\/\/www.denkfried.de\/wp\/?attachment_id=31516'><img loading=\"lazy\" decoding=\"async\" width=\"150\" height=\"150\" src=\"http:\/\/www.denkfried.de\/wp\/wp-content\/uploads\/2013\/07\/Friedrichshagen-Erster-Weltkrieg-150x150.jpg\" class=\"attachment-thumbnail size-thumbnail\" alt=\"\" aria-describedby=\"gallery-1-31516\" \/><\/a>\n\t\t\t<\/dt>\n\t\t\t\t<dd class='wp-caption-text gallery-caption' id='gallery-1-31516'>\n\t\t\t\t1914-1918\n\t\t\t\t<\/dd><\/dl><br style=\"clear: both\" \/><dl class='gallery-item'>\n\t\t\t<dt class='gallery-icon landscape'>\n\t\t\t\t<a href='http:\/\/www.denkfried.de\/wp\/?attachment_id=31514'><img loading=\"lazy\" decoding=\"async\" width=\"150\" height=\"150\" src=\"http:\/\/www.denkfried.de\/wp\/wp-content\/uploads\/2013\/07\/Friedrichshagen-Zweiter-Weltkrieg-150x150.jpg\" class=\"attachment-thumbnail size-thumbnail\" alt=\"\" aria-describedby=\"gallery-1-31514\" \/><\/a>\n\t\t\t<\/dt>\n\t\t\t\t<dd class='wp-caption-text gallery-caption' id='gallery-1-31514'>\n\t\t\t\t1939-1945\n\t\t\t\t<\/dd><\/dl><dl class='gallery-item'>\n\t\t\t<dt class='gallery-icon landscape'>\n\t\t\t\t<a href='http:\/\/www.denkfried.de\/wp\/?attachment_id=31515'><img loading=\"lazy\" decoding=\"async\" width=\"150\" height=\"150\" src=\"http:\/\/www.denkfried.de\/wp\/wp-content\/uploads\/2013\/07\/Friedrichshagen-Zweiter-Weltkrieg-2-150x150.jpg\" class=\"attachment-thumbnail size-thumbnail\" alt=\"\" aria-describedby=\"gallery-1-31515\" \/><\/a>\n\t\t\t<\/dt>\n\t\t\t\t<dd class='wp-caption-text gallery-caption' id='gallery-1-31515'>\n\t\t\t\t1939-1945\n\t\t\t\t<\/dd><\/dl><dl class='gallery-item'>\n\t\t\t<dt class='gallery-icon landscape'>\n\t\t\t\t<a href='http:\/\/www.denkfried.de\/wp\/?attachment_id=31517'><img loading=\"lazy\" decoding=\"async\" width=\"150\" height=\"150\" src=\"http:\/\/www.denkfried.de\/wp\/wp-content\/uploads\/2013\/07\/Berlin-Friedrichshagen-privates-Gedenken-150x150.jpg\" class=\"attachment-thumbnail size-thumbnail\" alt=\"\" aria-describedby=\"gallery-1-31517\" \/><\/a>\n\t\t\t<\/dt>\n\t\t\t\t<dd class='wp-caption-text gallery-caption' id='gallery-1-31517'>\n\t\t\t\tPrivates Gedenken\n\t\t\t\t<\/dd><\/dl><br style=\"clear: both\" \/>\n\t\t<\/div>\n\n<p>Im vorderem Bereich befindet sich ein Kriegsgr\u00e4berfeld, mit gefallenen des Zweiten Weltkrieges. Unter den Toten ruht ein Unbekannter Soldat. Ein weiteres Kriegsgr\u00e4berfeld ist f\u00fcr Gefallene des ersten Weltkrieges, im hinteren Friedhofteil Angelegt. Hier sind auch 6 Gr\u00e4ber von Toten des Zweiten Weltkrieges. Hier blieben 6 Unbekannt (ein Grab zerst\u00f6rt). Mittig der Anlage steht ein Denkmal.<\/p>\n<p style=\"text-align: center;\"><em><strong>\u201eNiemand hat gr\u00f6ssere Liebe denn dass er sein Leben lasset f\u00fcr Freunde.\u201c<\/strong><\/em><\/p>\n<p style=\"text-align: center;\"><em><strong>\u201eDenen im Weltkriege 1914 \u2013 1918 gefallenen S\u00f6hnen Friedrichshagens<\/strong><\/em><br \/>\n<em><strong>Die evangelische Kirchengemeinde\u201c<\/strong><\/em><\/p>\n<p>Es konnten noch 13 private Gedenken dokumentiert werden. Die Namen wurden in die Datenbanken eingepflegt.<\/p>\n","protected":false},"excerpt":{"rendered":"<p>&nbsp; Berlin-Friedrichshagen Friedhof in der Peter-Hille-Str. 84 Bericht und Bilder von Thomas\u00a0Gefallenendenkm\u00e4ler Berlin\/Brandenburg Im vorderem Bereich befindet sich ein Kriegsgr\u00e4berfeld, mit gefallenen des Zweiten Weltkrieges. Unter den Toten ruht ein Unbekannter Soldat. Ein weiteres Kriegsgr\u00e4berfeld ist f\u00fcr Gefallene des ersten &hellip; <a href=\"http:\/\/www.denkfried.de\/wp\/?page_id=31493\">Weiterlesen <span class=\"meta-nav\">&rarr;<\/span><\/a><\/p>\n","protected":false},"author":9,"featured_media":0,"parent":4574,"menu_order":0,"comment_status":"closed","ping_status":"open","template":"","meta":{"footnotes":""},"class_list":["post-31493","page","type-page","status-publish","hentry"],"_links":{"self":[{"href":"http:\/\/www.denkfried.de\/wp\/index.php?rest_route=\/wp\/v2\/pages\/31493","targetHints":{"allow":["GET"]}}],"collection":[{"href":"http:\/\/www.denkfried.de\/wp\/index.php?rest_route=\/wp\/v2\/pages"}],"about":[{"href":"http:\/\/www.denkfried.de\/wp\/index.php?rest_route=\/wp\/v2\/types\/page"}],"author":[{"embeddable":true,"href":"http:\/\/www.denkfried.de\/wp\/index.php?rest_route=\/wp\/v2\/users\/9"}],"replies":[{"embeddable":true,"href":"http:\/\/www.denkfried.de\/wp\/index.php?rest_route=%2Fwp%2Fv2%2Fcomments&post=31493"}],"version-history":[{"count":7,"href":"http:\/\/www.denkfried.de\/wp\/index.php?rest_route=\/wp\/v2\/pages\/31493\/revisions"}],"predecessor-version":[{"id":40061,"href":"http:\/\/www.denkfried.de\/wp\/index.php?rest_route=\/wp\/v2\/pages\/31493\/revisions\/40061"}],"up":[{"embeddable":true,"href":"http:\/\/www.denkfried.de\/wp\/index.php?rest_route=\/wp\/v2\/pages\/4574"}],"wp:attachment":[{"href":"http:\/\/www.denkfried.de\/wp\/index.php?rest_route=%2Fwp%2Fv2%2Fmedia&parent=31493"}],"curies":[{"name":"wp","href":"https:\/\/api.w.org\/{rel}","templated":true}]}}