{"id":3140,"date":"2011-04-16T14:16:40","date_gmt":"2011-04-16T12:16:40","guid":{"rendered":"http:\/\/www.denkfried.de\/wp\/?page_id=3140"},"modified":"2013-07-20T20:14:00","modified_gmt":"2013-07-20T18:14:00","slug":"heilbronn-bocklingen","status":"publish","type":"page","link":"http:\/\/www.denkfried.de\/wp\/?page_id=3140","title":{"rendered":"&#8211; B\u00f6ckingen"},"content":{"rendered":"<p>&nbsp;<\/p>\n<p><span style=\"text-decoration: underline; color: #000000;\">74080 Heilbronn &#8211;<strong> OT B\u00f6ckingen<\/strong><\/span><\/p>\n<p>Friedhof B\u00f6ckingen, Heidelberger Stra\u00dfe<\/p>\n<p>Hier ruhen 281 B\u00f6ckinger B\u00fcrger die w\u00e4hrend des Luftangriffs vom 10.September 1944 ihr Leben verloren.<\/p>\n<p>Au\u00dferdem sind ca.400 Kriegsgefangene bestattet, die im Kriegsgefangenenlager PWTE C-3 der Alliierten auf der Trappenh\u00f6he gestorben sind.<\/p>\n","protected":false},"excerpt":{"rendered":"<p>&nbsp; 74080 Heilbronn &#8211; OT B\u00f6ckingen Friedhof B\u00f6ckingen, Heidelberger Stra\u00dfe Hier ruhen 281 B\u00f6ckinger B\u00fcrger die w\u00e4hrend des Luftangriffs vom 10.September 1944 ihr Leben verloren. Au\u00dferdem sind ca.400 Kriegsgefangene bestattet, die im Kriegsgefangenenlager PWTE C-3 der Alliierten auf der Trappenh\u00f6he &hellip; <a href=\"http:\/\/www.denkfried.de\/wp\/?page_id=3140\">Weiterlesen <span class=\"meta-nav\">&rarr;<\/span><\/a><\/p>\n","protected":false},"author":2,"featured_media":0,"parent":3131,"menu_order":0,"comment_status":"closed","ping_status":"open","template":"","meta":{"footnotes":""},"class_list":["post-3140","page","type-page","status-publish","hentry"],"_links":{"self":[{"href":"http:\/\/www.denkfried.de\/wp\/index.php?rest_route=\/wp\/v2\/pages\/3140","targetHints":{"allow":["GET"]}}],"collection":[{"href":"http:\/\/www.denkfried.de\/wp\/index.php?rest_route=\/wp\/v2\/pages"}],"about":[{"href":"http:\/\/www.denkfried.de\/wp\/index.php?rest_route=\/wp\/v2\/types\/page"}],"author":[{"embeddable":true,"href":"http:\/\/www.denkfried.de\/wp\/index.php?rest_route=\/wp\/v2\/users\/2"}],"replies":[{"embeddable":true,"href":"http:\/\/www.denkfried.de\/wp\/index.php?rest_route=%2Fwp%2Fv2%2Fcomments&post=3140"}],"version-history":[{"count":5,"href":"http:\/\/www.denkfried.de\/wp\/index.php?rest_route=\/wp\/v2\/pages\/3140\/revisions"}],"predecessor-version":[{"id":23547,"href":"http:\/\/www.denkfried.de\/wp\/index.php?rest_route=\/wp\/v2\/pages\/3140\/revisions\/23547"}],"up":[{"embeddable":true,"href":"http:\/\/www.denkfried.de\/wp\/index.php?rest_route=\/wp\/v2\/pages\/3131"}],"wp:attachment":[{"href":"http:\/\/www.denkfried.de\/wp\/index.php?rest_route=%2Fwp%2Fv2%2Fmedia&parent=3140"}],"curies":[{"name":"wp","href":"https:\/\/api.w.org\/{rel}","templated":true}]}}