{"id":3137,"date":"2011-04-16T14:15:29","date_gmt":"2011-04-16T12:15:29","guid":{"rendered":"http:\/\/www.denkfried.de\/wp\/?page_id=3137"},"modified":"2013-07-20T20:15:52","modified_gmt":"2013-07-20T18:15:52","slug":"heilbronn-kopfer","status":"publish","type":"page","link":"http:\/\/www.denkfried.de\/wp\/?page_id=3137","title":{"rendered":"&#8211; K\u00f6pfer"},"content":{"rendered":"<p><span style=\"text-decoration: underline;\">74074 Heilbronn &#8211; <strong>OT K\u00f6pfer<\/strong><\/span><\/p>\n<p><span style=\"color: #000000;\">Ehrenfriedhof<\/span> am K\u00f6pfer, Arndtstra\u00dfe<\/p>\n<p>Mit der Gestaltung des <strong>Ehrenfriedhofes im K\u00f6pfer<\/strong> war der deutsche Architekt und Stadtplaner Hermann Wahl beauftragt. (9.7.1947)<br \/>\nHier ruhen ca. 7.000 Bombenopfer. Sie starben bei einem Bombenangriff am 4.Dezember 1944. Auf dem Massengrab stehen Granitkreuze. Die Namen der Toten sind in einem Namenbuch verzeichnet.<\/p>\n<p>&nbsp;<\/p>\n","protected":false},"excerpt":{"rendered":"<p>74074 Heilbronn &#8211; OT K\u00f6pfer Ehrenfriedhof am K\u00f6pfer, Arndtstra\u00dfe Mit der Gestaltung des Ehrenfriedhofes im K\u00f6pfer war der deutsche Architekt und Stadtplaner Hermann Wahl beauftragt. (9.7.1947) Hier ruhen ca. 7.000 Bombenopfer. Sie starben bei einem Bombenangriff am 4.Dezember 1944. Auf &hellip; <a href=\"http:\/\/www.denkfried.de\/wp\/?page_id=3137\">Weiterlesen <span class=\"meta-nav\">&rarr;<\/span><\/a><\/p>\n","protected":false},"author":2,"featured_media":0,"parent":3131,"menu_order":0,"comment_status":"closed","ping_status":"open","template":"","meta":{"footnotes":""},"class_list":["post-3137","page","type-page","status-publish","hentry"],"_links":{"self":[{"href":"http:\/\/www.denkfried.de\/wp\/index.php?rest_route=\/wp\/v2\/pages\/3137","targetHints":{"allow":["GET"]}}],"collection":[{"href":"http:\/\/www.denkfried.de\/wp\/index.php?rest_route=\/wp\/v2\/pages"}],"about":[{"href":"http:\/\/www.denkfried.de\/wp\/index.php?rest_route=\/wp\/v2\/types\/page"}],"author":[{"embeddable":true,"href":"http:\/\/www.denkfried.de\/wp\/index.php?rest_route=\/wp\/v2\/users\/2"}],"replies":[{"embeddable":true,"href":"http:\/\/www.denkfried.de\/wp\/index.php?rest_route=%2Fwp%2Fv2%2Fcomments&post=3137"}],"version-history":[{"count":5,"href":"http:\/\/www.denkfried.de\/wp\/index.php?rest_route=\/wp\/v2\/pages\/3137\/revisions"}],"predecessor-version":[{"id":23549,"href":"http:\/\/www.denkfried.de\/wp\/index.php?rest_route=\/wp\/v2\/pages\/3137\/revisions\/23549"}],"up":[{"embeddable":true,"href":"http:\/\/www.denkfried.de\/wp\/index.php?rest_route=\/wp\/v2\/pages\/3131"}],"wp:attachment":[{"href":"http:\/\/www.denkfried.de\/wp\/index.php?rest_route=%2Fwp%2Fv2%2Fmedia&parent=3137"}],"curies":[{"name":"wp","href":"https:\/\/api.w.org\/{rel}","templated":true}]}}