{"id":3131,"date":"2011-04-16T14:14:02","date_gmt":"2011-04-16T12:14:02","guid":{"rendered":"http:\/\/www.denkfried.de\/wp\/?page_id=3131"},"modified":"2012-12-29T10:57:10","modified_gmt":"2012-12-29T09:57:10","slug":"kreisfreie-stadt-heilbronn","status":"publish","type":"page","link":"http:\/\/www.denkfried.de\/wp\/?page_id=3131","title":{"rendered":"Kreisfreie Stadt: HEILBRONN"},"content":{"rendered":"<p><a href=\"http:\/\/www.denkfried.de\/wp\/?attachment_id=3132\" rel=\"attachment wp-att-3132\"><img loading=\"lazy\" decoding=\"async\" class=\"alignleft size-full wp-image-3132\" title=\"Wappen-LK Heilbronn\" alt=\"\" src=\"http:\/\/www.denkfried.de\/wp\/wp-content\/uploads\/2011\/04\/Wappen-LK-Heilbronn1.png\" width=\"50\" height=\"59\" \/><\/a><\/p>\n<p>&nbsp;<\/p>\n<p>Stadtverwaltung:\u00a0 \u00a0<strong>74072 Heilbronn<\/strong> , Marktplatz 7<br \/>\n**********************************************************<\/p>\n<p><span style=\"text-decoration: underline; color: #ff0000;\"><strong>Heilbronn<\/strong><\/span> (10\/7.266)\u00a0\u00a0\u00a0 Gesamt<\/p>\n<p>+++++++++++++++++++++++++++++++++++++++++++++<\/p>\n<p>Hauptfriedhof Heilbronn, Wollhausstra\u00dfe 132, 74074 Heilbronn<\/p>\n<p>Die Gr\u00e4beranlage befindet sich auf dem <strong>Hauptfriedhof<\/strong>. Hier ruhen Tote des 1. und 2.WK.<\/p>\n<p>Kriegsgr\u00e4berst\u00e4tte mit ca.6400 Toten des 2.WK.<\/p>\n<p>Der Hauptfriedhof (auch Neuer Friedhof) wurde 1882 er\u00f6ffnet.<\/p>\n<p>***********************************************************<\/p>\n<ul>\n<li><a href=\"http:\/\/www.denkfried.de\/wp\/?page_id=28971\">Heilbronn &#8211; Denkm\u00e4ler<\/a><\/li>\n<li><a href=\"http:\/\/www.denkfried.de\/wp\/?page_id=27484\">Heilbronn &#8211; Gedenkb\u00fccher<\/a><\/li>\n<li><a href=\"http:\/\/www.denkfried.de\/wp\/?page_id=28961\">Heilbronn &#8211; Gedenktafel<\/a><\/li>\n<li>Friedhof Frankenbach Stauchenstra\u00dfe, 74078 Heilbronn-Frankenbach<\/li>\n<li>Ehrenhalle f\u00fcr die Gefallenen des Ortes 1.WK u.2.WK<\/li>\n<\/ul>\n<ul>\n<li><a title=\"Heilbronn-B\u00f6cklingen\" href=\"http:\/\/www.denkfried.de\/wp\/?page_id=3140\">Heilbronn-B\u00f6ckingen<\/a><\/li>\n<li><a title=\"Heilbronn-K\u00f6pfer\" href=\"http:\/\/www.denkfried.de\/wp\/?page_id=3137\">Heilbronn-K\u00f6pfer<\/a><\/li>\n<\/ul>\n<p>&nbsp;<\/p>\n","protected":false},"excerpt":{"rendered":"<p>&nbsp; Stadtverwaltung:\u00a0 \u00a074072 Heilbronn , Marktplatz 7 ********************************************************** Heilbronn (10\/7.266)\u00a0\u00a0\u00a0 Gesamt +++++++++++++++++++++++++++++++++++++++++++++ Hauptfriedhof Heilbronn, Wollhausstra\u00dfe 132, 74074 Heilbronn Die Gr\u00e4beranlage befindet sich auf dem Hauptfriedhof. Hier ruhen Tote des 1. und 2.WK. Kriegsgr\u00e4berst\u00e4tte mit ca.6400 Toten des 2.WK. Der Hauptfriedhof &hellip; <a href=\"http:\/\/www.denkfried.de\/wp\/?page_id=3131\">Weiterlesen <span class=\"meta-nav\">&rarr;<\/span><\/a><\/p>\n","protected":false},"author":2,"featured_media":0,"parent":367,"menu_order":0,"comment_status":"closed","ping_status":"open","template":"","meta":{"footnotes":""},"class_list":["post-3131","page","type-page","status-publish","hentry"],"_links":{"self":[{"href":"http:\/\/www.denkfried.de\/wp\/index.php?rest_route=\/wp\/v2\/pages\/3131","targetHints":{"allow":["GET"]}}],"collection":[{"href":"http:\/\/www.denkfried.de\/wp\/index.php?rest_route=\/wp\/v2\/pages"}],"about":[{"href":"http:\/\/www.denkfried.de\/wp\/index.php?rest_route=\/wp\/v2\/types\/page"}],"author":[{"embeddable":true,"href":"http:\/\/www.denkfried.de\/wp\/index.php?rest_route=\/wp\/v2\/users\/2"}],"replies":[{"embeddable":true,"href":"http:\/\/www.denkfried.de\/wp\/index.php?rest_route=%2Fwp%2Fv2%2Fcomments&post=3131"}],"version-history":[{"count":28,"href":"http:\/\/www.denkfried.de\/wp\/index.php?rest_route=\/wp\/v2\/pages\/3131\/revisions"}],"predecessor-version":[{"id":28981,"href":"http:\/\/www.denkfried.de\/wp\/index.php?rest_route=\/wp\/v2\/pages\/3131\/revisions\/28981"}],"up":[{"embeddable":true,"href":"http:\/\/www.denkfried.de\/wp\/index.php?rest_route=\/wp\/v2\/pages\/367"}],"wp:attachment":[{"href":"http:\/\/www.denkfried.de\/wp\/index.php?rest_route=%2Fwp%2Fv2%2Fmedia&parent=3131"}],"curies":[{"name":"wp","href":"https:\/\/api.w.org\/{rel}","templated":true}]}}