{"id":3127,"date":"2011-04-16T14:09:57","date_gmt":"2011-04-16T12:09:57","guid":{"rendered":"http:\/\/www.denkfried.de\/wp\/?page_id=3127"},"modified":"2014-05-03T12:59:59","modified_gmt":"2014-05-03T10:59:59","slug":"lk-schwabisch-hall","status":"publish","type":"page","link":"http:\/\/www.denkfried.de\/wp\/?page_id=3127","title":{"rendered":"LK SCHW\u00c4BISCH HALL"},"content":{"rendered":"<p><a href=\"http:\/\/www.denkfried.de\/wp\/?attachment_id=3128\" rel=\"attachment wp-att-3128\"><img loading=\"lazy\" decoding=\"async\" class=\"alignleft size-full wp-image-3128\" title=\"Wappen-Schw\u00e4bisch Hall\" src=\"http:\/\/www.denkfried.de\/wp\/wp-content\/uploads\/2011\/04\/Wappen-Schw\u00e4bisch-Hall.png\" alt=\"\" width=\"44\" height=\"53\" \/><\/a><\/p>\n<p>&nbsp;<\/p>\n<p>Verwaltungssitz:\u00a0 \u00a0<strong>74523 Schw\u00e4bisch-Hall<\/strong> , M\u00fcnzstra\u00dfe 1<\/p>\n<p>**********************************************************<\/p>\n<blockquote>\n<ul>\n<li>74572 Blaufelden\u00a0\u00a0\u00a0\u00a0\u00a0\u00a0\u00a0\u00a0\u00a0\u00a0\u00a0\u00a0\u00a0\u00a0\u00a0\u00a0\u00a0\u00a0\u00a0\u00a0\u00a0\u00a0\u00a0\u00a0\u00a0 4 KGST\u00a0 mit 45 Toten<\/li>\n<li>74542 Braunsbach\u00a0\u00a0\u00a0\u00a0\u00a0\u00a0\u00a0\u00a0\u00a0\u00a0\u00a0\u00a0\u00a0\u00a0\u00a0\u00a0\u00a0\u00a0\u00a0\u00a0 \u00a0 1 KGST\u00a0 mit 5 Toten<\/li>\n<li>74424 B\u00fchlertann\u00a0\u00a0\u00a0\u00a0\u00a0\u00a0\u00a0\u00a0\u00a0\u00a0\u00a0\u00a0\u00a0\u00a0\u00a0\u00a0\u00a0\u00a0\u00a0\u00a0\u00a0\u00a0\u00a0 2 KGST\u00a0 mit 6 Toten<\/li>\n<li>74426 B\u00fchlerzell\u00a0\u00a0\u00a0\u00a0\u00a0\u00a0\u00a0\u00a0\u00a0\u00a0\u00a0\u00a0\u00a0\u00a0\u00a0\u00a0\u00a0\u00a0\u00a0\u00a0\u00a0\u00a0\u00a0\u00a0\u00a0 2 KGST\u00a0 mit 18 Toten<\/li>\n<li>74564 Crailsheim\u00a0\u00a0\u00a0\u00a0\u00a0\u00a0\u00a0\u00a0\u00a0\u00a0\u00a0\u00a0\u00a0\u00a0\u00a0\u00a0\u00a0\u00a0\u00a0\u00a0\u00a0\u00a0 \u00a0 7 KGST\u00a0 mit 600 Toten<\/li>\n<li>74579 <strong>Fichtenau<\/strong>\u00a0\u00a0\u00a0\u00a0\u00a0\u00a0\u00a0\u00a0\u00a0\u00a0\u00a0\u00a0\u00a0\u00a0\u00a0\u00a0\u00a0\u00a0\u00a0\u00a0\u00a0\u00a0\u00a0\u00a0\u00a0\u00a0 1 KGST\u00a0 mit 1 Toten<\/li>\n<\/ul>\n<p><em>\u00a0\u00a0\u00a0\u00a0\u00a0\u00a0\u00a0\u00a0\u00a0\u00a0\u00a0 <a title=\"- Lautenbach\" href=\"http:\/\/www.denkfried.de\/wp\/?page_id=31199\">Lautenbach<\/a><\/em><br \/>\n<em>\u00a0\u00a0\u00a0\u00a0\u00a0\u00a0\u00a0\u00a0\u00a0\u00a0\u00a0 <a title=\"- Wildenstein\" href=\"http:\/\/www.denkfried.de\/wp\/?page_id=31116\">Wildenstein<\/a><\/em><\/p>\n<ul>\n<li>74427 Fichtenberg\u00a0\u00a0\u00a0\u00a0\u00a0\u00a0\u00a0\u00a0\u00a0\u00a0\u00a0\u00a0\u00a0\u00a0\u00a0\u00a0\u00a0\u00a0\u00a0\u00a0\u00a0\u00a0\u00a0 1 KGST\u00a0 mit 3 Toten<\/li>\n<\/ul>\n<\/blockquote>\n<p>&nbsp;<\/p>\n<p>&nbsp;<\/p>\n","protected":false},"excerpt":{"rendered":"<p>&nbsp; Verwaltungssitz:\u00a0 \u00a074523 Schw\u00e4bisch-Hall , M\u00fcnzstra\u00dfe 1 ********************************************************** 74572 Blaufelden\u00a0\u00a0\u00a0\u00a0\u00a0\u00a0\u00a0\u00a0\u00a0\u00a0\u00a0\u00a0\u00a0\u00a0\u00a0\u00a0\u00a0\u00a0\u00a0\u00a0\u00a0\u00a0\u00a0\u00a0\u00a0 4 KGST\u00a0 mit 45 Toten 74542 Braunsbach\u00a0\u00a0\u00a0\u00a0\u00a0\u00a0\u00a0\u00a0\u00a0\u00a0\u00a0\u00a0\u00a0\u00a0\u00a0\u00a0\u00a0\u00a0\u00a0\u00a0 \u00a0 1 KGST\u00a0 mit 5 Toten 74424 B\u00fchlertann\u00a0\u00a0\u00a0\u00a0\u00a0\u00a0\u00a0\u00a0\u00a0\u00a0\u00a0\u00a0\u00a0\u00a0\u00a0\u00a0\u00a0\u00a0\u00a0\u00a0\u00a0\u00a0\u00a0 2 KGST\u00a0 mit 6 Toten 74426 B\u00fchlerzell\u00a0\u00a0\u00a0\u00a0\u00a0\u00a0\u00a0\u00a0\u00a0\u00a0\u00a0\u00a0\u00a0\u00a0\u00a0\u00a0\u00a0\u00a0\u00a0\u00a0\u00a0\u00a0\u00a0\u00a0\u00a0 2 KGST\u00a0 mit 18 Toten 74564 Crailsheim\u00a0\u00a0\u00a0\u00a0\u00a0\u00a0\u00a0\u00a0\u00a0\u00a0\u00a0\u00a0\u00a0\u00a0\u00a0\u00a0\u00a0\u00a0\u00a0\u00a0\u00a0\u00a0 \u00a0 &hellip; <a href=\"http:\/\/www.denkfried.de\/wp\/?page_id=3127\">Weiterlesen <span class=\"meta-nav\">&rarr;<\/span><\/a><\/p>\n","protected":false},"author":2,"featured_media":0,"parent":367,"menu_order":30,"comment_status":"closed","ping_status":"open","template":"","meta":{"footnotes":""},"class_list":["post-3127","page","type-page","status-publish","hentry"],"_links":{"self":[{"href":"http:\/\/www.denkfried.de\/wp\/index.php?rest_route=\/wp\/v2\/pages\/3127","targetHints":{"allow":["GET"]}}],"collection":[{"href":"http:\/\/www.denkfried.de\/wp\/index.php?rest_route=\/wp\/v2\/pages"}],"about":[{"href":"http:\/\/www.denkfried.de\/wp\/index.php?rest_route=\/wp\/v2\/types\/page"}],"author":[{"embeddable":true,"href":"http:\/\/www.denkfried.de\/wp\/index.php?rest_route=\/wp\/v2\/users\/2"}],"replies":[{"embeddable":true,"href":"http:\/\/www.denkfried.de\/wp\/index.php?rest_route=%2Fwp%2Fv2%2Fcomments&post=3127"}],"version-history":[{"count":7,"href":"http:\/\/www.denkfried.de\/wp\/index.php?rest_route=\/wp\/v2\/pages\/3127\/revisions"}],"predecessor-version":[{"id":35133,"href":"http:\/\/www.denkfried.de\/wp\/index.php?rest_route=\/wp\/v2\/pages\/3127\/revisions\/35133"}],"up":[{"embeddable":true,"href":"http:\/\/www.denkfried.de\/wp\/index.php?rest_route=\/wp\/v2\/pages\/367"}],"wp:attachment":[{"href":"http:\/\/www.denkfried.de\/wp\/index.php?rest_route=%2Fwp%2Fv2%2Fmedia&parent=3127"}],"curies":[{"name":"wp","href":"https:\/\/api.w.org\/{rel}","templated":true}]}}