{"id":31175,"date":"2013-07-07T21:36:45","date_gmt":"2013-07-07T19:36:45","guid":{"rendered":"http:\/\/www.denkfried.de\/wp\/?page_id=31175"},"modified":"2015-12-23T16:43:01","modified_gmt":"2015-12-23T15:43:01","slug":"st-hedwig-iv","status":"publish","type":"page","link":"http:\/\/www.denkfried.de\/wp\/?page_id=31175","title":{"rendered":"St. Hedwig II"},"content":{"rendered":"<p>&nbsp;<\/p>\n<p><strong>Berlin-Wei\u00dfensee<\/strong> Friedhof St. Hedwig II, Smetanastra\u00dfe 36-54<\/p>\n<p>Bericht und Bilder von Thomas\u00a0<a href=\"http:\/\/g-bb.jimdo.com\/\">Gefallenendenkm\u00e4ler Berlin\/Brandenburg<\/a><\/p>\n<div id='gallery-1' class='gallery galleryid-31175 gallery-columns-3 gallery-size-thumbnail'><dl class='gallery-item'>\n\t\t\t<dt class='gallery-icon landscape'>\n\t\t\t\t<a href='http:\/\/www.denkfried.de\/wp\/?attachment_id=31179'><img loading=\"lazy\" decoding=\"async\" width=\"150\" height=\"150\" src=\"http:\/\/www.denkfried.de\/wp\/wp-content\/uploads\/2013\/07\/Berlin-wei\u00dfensee-Friedhof-St.-Hedwig-II-Kriegsgr\u00e4ber-150x150.jpg\" class=\"attachment-thumbnail size-thumbnail\" alt=\"\" \/><\/a>\n\t\t\t<\/dt><\/dl><dl class='gallery-item'>\n\t\t\t<dt class='gallery-icon landscape'>\n\t\t\t\t<a href='http:\/\/www.denkfried.de\/wp\/?attachment_id=31181'><img loading=\"lazy\" decoding=\"async\" width=\"150\" height=\"150\" src=\"http:\/\/www.denkfried.de\/wp\/wp-content\/uploads\/2013\/07\/Berlin-wei\u00dfensee-Friedhof-St.-Hedwig-II-Kriegsgr\u00e4ber-5-150x150.jpg\" class=\"attachment-thumbnail size-thumbnail\" alt=\"\" \/><\/a>\n\t\t\t<\/dt><\/dl><dl class='gallery-item'>\n\t\t\t<dt class='gallery-icon landscape'>\n\t\t\t\t<a href='http:\/\/www.denkfried.de\/wp\/?attachment_id=31183'><img loading=\"lazy\" decoding=\"async\" width=\"150\" height=\"150\" src=\"http:\/\/www.denkfried.de\/wp\/wp-content\/uploads\/2013\/07\/Berlin-wei\u00dfensee-Friedhof-St.-Hedwig-II-Kriegsgr\u00e4ber-2-150x150.jpg\" class=\"attachment-thumbnail size-thumbnail\" alt=\"\" \/><\/a>\n\t\t\t<\/dt><\/dl><br style=\"clear: both\" \/><dl class='gallery-item'>\n\t\t\t<dt class='gallery-icon landscape'>\n\t\t\t\t<a href='http:\/\/www.denkfried.de\/wp\/?attachment_id=31184'><img loading=\"lazy\" decoding=\"async\" width=\"150\" height=\"150\" src=\"http:\/\/www.denkfried.de\/wp\/wp-content\/uploads\/2013\/07\/Berlin-wei\u00dfensee-Friedhof-St.-Hedwig-II-Kriegsgr\u00e4ber-4-150x150.jpg\" class=\"attachment-thumbnail size-thumbnail\" alt=\"\" \/><\/a>\n\t\t\t<\/dt><\/dl><dl class='gallery-item'>\n\t\t\t<dt class='gallery-icon landscape'>\n\t\t\t\t<a href='http:\/\/www.denkfried.de\/wp\/?attachment_id=31180'><img loading=\"lazy\" decoding=\"async\" width=\"150\" height=\"150\" src=\"http:\/\/www.denkfried.de\/wp\/wp-content\/uploads\/2013\/07\/Berlin-wei\u00dfensee-Friedhof-St.-Hedwig-II-Kriegsgr\u00e4ber-3-150x150.jpg\" class=\"attachment-thumbnail size-thumbnail\" alt=\"\" \/><\/a>\n\t\t\t<\/dt><\/dl><dl class='gallery-item'>\n\t\t\t<dt class='gallery-icon landscape'>\n\t\t\t\t<a href='http:\/\/www.denkfried.de\/wp\/?attachment_id=31185'><img loading=\"lazy\" decoding=\"async\" width=\"150\" height=\"150\" src=\"http:\/\/www.denkfried.de\/wp\/wp-content\/uploads\/2013\/07\/Berlin-wei\u00dfensee-Friedhof-St.-Hedwig-II-Kriegsgr\u00e4ber-6-150x150.jpg\" class=\"attachment-thumbnail size-thumbnail\" alt=\"\" \/><\/a>\n\t\t\t<\/dt><\/dl><br style=\"clear: both\" \/>\n\t\t<\/div>\n\n<p><span style=\"text-decoration: underline;\"><strong>Kriegsgr\u00e4ber<\/strong><\/span><\/p>\n<p>Auf dem Friedhof sind Verteielt angelegt Kriegsgr\u00e4ber, leider schlecht zu erkennen. Einzig ein kleines schwarzes Schild tr\u00e4gt die Namen der Toten. Teilweise sind noch die privaten Gr\u00e4ber erhalten geblieben. Es konnten 19 Gr\u00e4ber \u00fcbernommen werden, nach Angaben der berliner Stadtentwicklung ruhen hier 61 Kriegsopfer. Es konnte noch ein privates Gedenken, an einem Familiengrab dokumentiert werden.<\/p>\n<p><span style=\"text-decoration: underline;\"><strong>Gedenktafel<\/strong><\/span><\/p>\n<p>Im hinteren Bereich des Friedhofs h\u00e4ngt eine Gedenktafel.<\/p>\n<address style=\"text-align: center;\"><em><strong>An dieser Stelle, wurden in den Fr\u00fchjahrstagen 1945.<\/strong><\/em><\/address>\n<address style=\"text-align: center;\"><em><strong>Drei Menschen standrechtlich erschossen.<\/strong><\/em><\/address>\n<address style=\"text-align: center;\"><em><strong>Die Opfer und die T\u00e4ter sind heute Unbekannt.<\/strong><\/em><\/address>\n<address style=\"text-align: center;\"><em><strong>Das Motiv Liegt im Dunkeln.<\/strong><\/em><\/address>\n<address style=\"text-align: center;\"><em><strong>Gott, erbame dich ihrer und<\/strong><\/em><\/address>\n<address style=\"text-align: center;\"><em><strong>Schenke ihnen deinen Frieden<\/strong><\/em><\/address>\n<address style=\"text-align: center;\">\u00a0<\/address>\n<p>Um der Tafel herum, sind noch die Einschussl\u00f6cher zu Sehen.<\/p>\n<p>Die Namen wurden in die Datenbank eingepflegt.<\/p>\n","protected":false},"excerpt":{"rendered":"<p>&nbsp; Berlin-Wei\u00dfensee Friedhof St. Hedwig II, Smetanastra\u00dfe 36-54 Bericht und Bilder von Thomas\u00a0Gefallenendenkm\u00e4ler Berlin\/Brandenburg Kriegsgr\u00e4ber Auf dem Friedhof sind Verteielt angelegt Kriegsgr\u00e4ber, leider schlecht zu erkennen. Einzig ein kleines schwarzes Schild tr\u00e4gt die Namen der Toten. Teilweise sind noch die &hellip; <a href=\"http:\/\/www.denkfried.de\/wp\/?page_id=31175\">Weiterlesen <span class=\"meta-nav\">&rarr;<\/span><\/a><\/p>\n","protected":false},"author":9,"featured_media":0,"parent":16829,"menu_order":0,"comment_status":"closed","ping_status":"open","template":"","meta":{"footnotes":""},"class_list":["post-31175","page","type-page","status-publish","hentry"],"_links":{"self":[{"href":"http:\/\/www.denkfried.de\/wp\/index.php?rest_route=\/wp\/v2\/pages\/31175","targetHints":{"allow":["GET"]}}],"collection":[{"href":"http:\/\/www.denkfried.de\/wp\/index.php?rest_route=\/wp\/v2\/pages"}],"about":[{"href":"http:\/\/www.denkfried.de\/wp\/index.php?rest_route=\/wp\/v2\/types\/page"}],"author":[{"embeddable":true,"href":"http:\/\/www.denkfried.de\/wp\/index.php?rest_route=\/wp\/v2\/users\/9"}],"replies":[{"embeddable":true,"href":"http:\/\/www.denkfried.de\/wp\/index.php?rest_route=%2Fwp%2Fv2%2Fcomments&post=31175"}],"version-history":[{"count":13,"href":"http:\/\/www.denkfried.de\/wp\/index.php?rest_route=\/wp\/v2\/pages\/31175\/revisions"}],"predecessor-version":[{"id":39698,"href":"http:\/\/www.denkfried.de\/wp\/index.php?rest_route=\/wp\/v2\/pages\/31175\/revisions\/39698"}],"up":[{"embeddable":true,"href":"http:\/\/www.denkfried.de\/wp\/index.php?rest_route=\/wp\/v2\/pages\/16829"}],"wp:attachment":[{"href":"http:\/\/www.denkfried.de\/wp\/index.php?rest_route=%2Fwp%2Fv2%2Fmedia&parent=31175"}],"curies":[{"name":"wp","href":"https:\/\/api.w.org\/{rel}","templated":true}]}}