{"id":31118,"date":"2013-07-07T21:17:00","date_gmt":"2013-07-07T19:17:00","guid":{"rendered":"http:\/\/www.denkfried.de\/wp\/?page_id=31118"},"modified":"2015-11-22T19:21:49","modified_gmt":"2015-11-22T18:21:49","slug":"hedwig-friedhof-iv","status":"publish","type":"page","link":"http:\/\/www.denkfried.de\/wp\/?page_id=31118","title":{"rendered":"Hedwig Friedhof IV"},"content":{"rendered":"<p>&nbsp;<\/p>\n<p><strong>Berlin-Hohensch\u00f6nhausen<\/strong> St. Hedwig Friedhof IV, Konrad-Wolf-Str. 31-32<\/p>\n<p>Bericht und Bilder von Thomas\u00a0<a href=\"http:\/\/g-bb.jimdo.com\/\">Gefallenendenkm\u00e4ler Berlin\/Brandenburg<\/a><\/p>\n<div id='gallery-1' class='gallery galleryid-31118 gallery-columns-3 gallery-size-thumbnail'><dl class='gallery-item'>\n\t\t\t<dt class='gallery-icon landscape'>\n\t\t\t\t<a href='http:\/\/www.denkfried.de\/wp\/?attachment_id=31126'><img loading=\"lazy\" decoding=\"async\" width=\"150\" height=\"150\" src=\"http:\/\/www.denkfried.de\/wp\/wp-content\/uploads\/2013\/07\/Berlin-Hohensch\u00f6nhausen-Friedhof-Hedwig-IV-3-150x150.jpg\" class=\"attachment-thumbnail size-thumbnail\" alt=\"\" \/><\/a>\n\t\t\t<\/dt><\/dl><dl class='gallery-item'>\n\t\t\t<dt class='gallery-icon landscape'>\n\t\t\t\t<a href='http:\/\/www.denkfried.de\/wp\/?attachment_id=31121'><img loading=\"lazy\" decoding=\"async\" width=\"150\" height=\"150\" src=\"http:\/\/www.denkfried.de\/wp\/wp-content\/uploads\/2013\/07\/Berlin-Hohensch\u00f6nhausen-Friedhof-Hedwig-IV-2-150x150.jpg\" class=\"attachment-thumbnail size-thumbnail\" alt=\"\" \/><\/a>\n\t\t\t<\/dt><\/dl><dl class='gallery-item'>\n\t\t\t<dt class='gallery-icon landscape'>\n\t\t\t\t<a href='http:\/\/www.denkfried.de\/wp\/?attachment_id=31127'><img loading=\"lazy\" decoding=\"async\" width=\"150\" height=\"150\" src=\"http:\/\/www.denkfried.de\/wp\/wp-content\/uploads\/2013\/07\/Berlin-Hohensch\u00f6nhausen-Friedhof-Hedwig-IV-5-150x150.jpg\" class=\"attachment-thumbnail size-thumbnail\" alt=\"\" \/><\/a>\n\t\t\t<\/dt><\/dl><br style=\"clear: both\" \/><dl class='gallery-item'>\n\t\t\t<dt class='gallery-icon portrait'>\n\t\t\t\t<a href='http:\/\/www.denkfried.de\/wp\/?attachment_id=31123'><img loading=\"lazy\" decoding=\"async\" width=\"150\" height=\"150\" src=\"http:\/\/www.denkfried.de\/wp\/wp-content\/uploads\/2013\/07\/Berlin-Hohensch\u00f6nhausen-Friedhof-Hedwig-IV-4-150x150.jpg\" class=\"attachment-thumbnail size-thumbnail\" alt=\"\" \/><\/a>\n\t\t\t<\/dt><\/dl><dl class='gallery-item'>\n\t\t\t<dt class='gallery-icon landscape'>\n\t\t\t\t<a href='http:\/\/www.denkfried.de\/wp\/?attachment_id=31125'><img loading=\"lazy\" decoding=\"async\" width=\"150\" height=\"150\" src=\"http:\/\/www.denkfried.de\/wp\/wp-content\/uploads\/2013\/07\/Berlin-Hohensch\u00f6nhausen-Friedhof-Hedwig-IV-150x150.jpg\" class=\"attachment-thumbnail size-thumbnail\" alt=\"\" \/><\/a>\n\t\t\t<\/dt><\/dl><dl class='gallery-item'>\n\t\t\t<dt class='gallery-icon landscape'>\n\t\t\t\t<a href='http:\/\/www.denkfried.de\/wp\/?attachment_id=31124'><img loading=\"lazy\" decoding=\"async\" width=\"150\" height=\"150\" src=\"http:\/\/www.denkfried.de\/wp\/wp-content\/uploads\/2013\/07\/Berlin-Hohensch\u00f6nhausen-Friedhof-Hedwig-IV-6-150x150.jpg\" class=\"attachment-thumbnail size-thumbnail\" alt=\"\" \/><\/a>\n\t\t\t<\/dt><\/dl><br style=\"clear: both\" \/>\n\t\t<\/div>\n\n<p><strong>Den Opfern von Krieg und Gewaltherrschaft<\/strong><\/p>\n<p>In diesen Grabfeldern wurden in den Jahren 1943 bis 1946 mehr als 2.000 Kriegsopfer verschiedener Nationen in Einzel- und Sammelgr\u00e4bern bestattet. Darunter befinden sich \u00fcberwiegend Verstorbene aus der ehemaligen Sowjetunion, aus Polen sowie aus Deutschland. Der katholische St. Hedwig Friedhof IV ist einer von weiteren Berliner Friedh\u00f6fen, auf denen w\u00e4hrend des Zweiten Weltkrieges nach Deutschland deportierte ausl\u00e4ndische Zwangsarbeiter &#8211; M\u00e4nner, Frauen und auch Kinder &#8211; in hoher Anzahl bestattet wurden.<\/p>\n<p>Seit 1954\/55 erinnern zwei Gedenksteine nur hinsichtlich der damaligen Kriegshandlungen an osteurop\u00e4ische und deutsche Opfer, die hier ihre letzte Ruhe fanden. Die grundlegende, auch g\u00e4rtnerische Neugestaltung der Grabfelder erfolgte im Jahr 2006.\u00a0 Die Grabst\u00e4tten sind durch 430 Einzelstelen mit jeweils vier Namen gekennzeichnet. An jene Opfer, f\u00fcr die ein Einzelgrab nicht mehr nachweisbar ist, erinnern Bronzetafeln.<\/p>\n<p><strong>Sammelgrabanlage:<\/strong><\/p>\n<p>Ein Gedenkstein befindet sich neben den Bronzetafeln:<\/p>\n<address style=\"text-align: center;\"><em><strong>Hier ruhen in Gott<\/strong><\/em><\/address>\n<address style=\"text-align: center;\"><em><strong>959 Deutsche Soldaten und B\u00fcrger<\/strong><\/em><\/address>\n<address style=\"text-align: center;\"><em><strong>Sie fielen w\u00e4hrend des Zweiten Weltkrieges<\/strong><\/em><\/address>\n<address style=\"text-align: center;\"><em><strong>in den K\u00e4mpfen um Berlin<\/strong><\/em><\/address>\n<address style=\"text-align: center;\">\u00a0<\/address>\n<address style=\"text-align: center;\"><em><strong>Lamm Gottes, du nimmst hinweg<\/strong><\/em><\/address>\n<address style=\"text-align: center;\"><em><strong>die S\u00fcnden der Welt:<\/strong><\/em><\/address>\n<address style=\"text-align: center;\"><em><strong>Gib uns den Frieden!<\/strong><\/em><\/address>\n<address style=\"text-align: center;\">\u00a0<\/address>\n<p>In den Sammelgr\u00e4bern ruhen <em>1223 Kriegsopfer,<\/em> hier konnten noch einige Idenifiziert werden. Auf den Tafeln sind 494 Namen verzeichnet, es blieben 728 Unbekannt.<\/p>\n<p>Die Namen wurden in die Datenbank eingepflegt.<\/p>\n","protected":false},"excerpt":{"rendered":"<p>&nbsp; Berlin-Hohensch\u00f6nhausen St. Hedwig Friedhof IV, Konrad-Wolf-Str. 31-32 Bericht und Bilder von Thomas\u00a0Gefallenendenkm\u00e4ler Berlin\/Brandenburg Den Opfern von Krieg und Gewaltherrschaft In diesen Grabfeldern wurden in den Jahren 1943 bis 1946 mehr als 2.000 Kriegsopfer verschiedener Nationen in Einzel- und Sammelgr\u00e4bern &hellip; <a href=\"http:\/\/www.denkfried.de\/wp\/?page_id=31118\">Weiterlesen <span class=\"meta-nav\">&rarr;<\/span><\/a><\/p>\n","protected":false},"author":9,"featured_media":0,"parent":21219,"menu_order":0,"comment_status":"closed","ping_status":"open","template":"","meta":{"footnotes":""},"class_list":["post-31118","page","type-page","status-publish","hentry"],"_links":{"self":[{"href":"http:\/\/www.denkfried.de\/wp\/index.php?rest_route=\/wp\/v2\/pages\/31118","targetHints":{"allow":["GET"]}}],"collection":[{"href":"http:\/\/www.denkfried.de\/wp\/index.php?rest_route=\/wp\/v2\/pages"}],"about":[{"href":"http:\/\/www.denkfried.de\/wp\/index.php?rest_route=\/wp\/v2\/types\/page"}],"author":[{"embeddable":true,"href":"http:\/\/www.denkfried.de\/wp\/index.php?rest_route=\/wp\/v2\/users\/9"}],"replies":[{"embeddable":true,"href":"http:\/\/www.denkfried.de\/wp\/index.php?rest_route=%2Fwp%2Fv2%2Fcomments&post=31118"}],"version-history":[{"count":9,"href":"http:\/\/www.denkfried.de\/wp\/index.php?rest_route=\/wp\/v2\/pages\/31118\/revisions"}],"predecessor-version":[{"id":39515,"href":"http:\/\/www.denkfried.de\/wp\/index.php?rest_route=\/wp\/v2\/pages\/31118\/revisions\/39515"}],"up":[{"embeddable":true,"href":"http:\/\/www.denkfried.de\/wp\/index.php?rest_route=\/wp\/v2\/pages\/21219"}],"wp:attachment":[{"href":"http:\/\/www.denkfried.de\/wp\/index.php?rest_route=%2Fwp%2Fv2%2Fmedia&parent=31118"}],"curies":[{"name":"wp","href":"https:\/\/api.w.org\/{rel}","templated":true}]}}