{"id":311,"date":"2011-04-02T15:33:11","date_gmt":"2011-04-02T13:33:11","guid":{"rendered":"http:\/\/www.bilderstapel.de\/test\/wp\/?page_id=311"},"modified":"2012-11-29T22:05:30","modified_gmt":"2012-11-29T21:05:30","slug":"litauen","status":"publish","type":"page","link":"http:\/\/www.denkfried.de\/wp\/?page_id=311","title":{"rendered":"Litauen"},"content":{"rendered":"<p>&nbsp;<\/p>\n<p>Hauptstadt: <span style=\"text-decoration: underline; color: #ff0000;\"><strong>Vilnius<\/strong><\/span><\/p>\n<p>Kriegsgr\u00e4berabkommen: 30.08.1997<br \/>\nDie Zahl der deutschen Kriegstoten des Zweiten Weltkrieges wird f\u00fcr Litauen auf 20.000 gesch\u00e4tzt. Sie verteilen sich auf etwa 2.100 Grablageorte. Weitere 190 Friedhofsanlagen des Ersten Weltkrieges sind bekannt.<\/p>\n<p>Die Anzahl der Toten erheben nicht den Anspruch auf Richtigkeit und Vollst\u00e4ndigkeit. Durch zwischenzeitliche Bergungen k\u00f6nnen sich die Zahlen st\u00e4ndig \u00e4ndern.<\/p>\n<ul>\n<li>Kaschiukai<\/li>\n<li><a href=\"http:\/\/www.denkfried.de\/wp\/?page_id=1649\">Kaunas<\/a><\/li>\n<li><a href=\"http:\/\/www.denkfried.de\/wp\/?page_id=1656\">Klaipeda<\/a><\/li>\n<li><a href=\"http:\/\/www.denkfried.de\/wp\/?page_id=1663\">Kudirkos<\/a><\/li>\n<li>Olbikischkes<\/li>\n<li><a href=\"http:\/\/www.denkfried.de\/wp\/?page_id=1666\">Siauliai (Schaulen)<\/a><\/li>\n<li><a href=\"http:\/\/www.denkfried.de\/wp\/?page_id=1672\">Taurage<\/a><\/li>\n<li><a href=\"http:\/\/www.denkfried.de\/wp\/?page_id=1678\">Vilnius<\/a><\/li>\n<\/ul>\n<p>&nbsp;<\/p>\n<p>Kriegsgefangenenfriedh\u00f6fe<\/p>\n<p>Silute-Macikai (Heydekrug)<\/p>\n","protected":false},"excerpt":{"rendered":"<p>&nbsp; Hauptstadt: Vilnius Kriegsgr\u00e4berabkommen: 30.08.1997 Die Zahl der deutschen Kriegstoten des Zweiten Weltkrieges wird f\u00fcr Litauen auf 20.000 gesch\u00e4tzt. Sie verteilen sich auf etwa 2.100 Grablageorte. Weitere 190 Friedhofsanlagen des Ersten Weltkrieges sind bekannt. Die Anzahl der Toten erheben nicht &hellip; <a href=\"http:\/\/www.denkfried.de\/wp\/?page_id=311\">Weiterlesen <span class=\"meta-nav\">&rarr;<\/span><\/a><\/p>\n","protected":false},"author":2,"featured_media":0,"parent":122,"menu_order":16,"comment_status":"open","ping_status":"open","template":"","meta":{"footnotes":""},"class_list":["post-311","page","type-page","status-publish","hentry"],"_links":{"self":[{"href":"http:\/\/www.denkfried.de\/wp\/index.php?rest_route=\/wp\/v2\/pages\/311","targetHints":{"allow":["GET"]}}],"collection":[{"href":"http:\/\/www.denkfried.de\/wp\/index.php?rest_route=\/wp\/v2\/pages"}],"about":[{"href":"http:\/\/www.denkfried.de\/wp\/index.php?rest_route=\/wp\/v2\/types\/page"}],"author":[{"embeddable":true,"href":"http:\/\/www.denkfried.de\/wp\/index.php?rest_route=\/wp\/v2\/users\/2"}],"replies":[{"embeddable":true,"href":"http:\/\/www.denkfried.de\/wp\/index.php?rest_route=%2Fwp%2Fv2%2Fcomments&post=311"}],"version-history":[{"count":6,"href":"http:\/\/www.denkfried.de\/wp\/index.php?rest_route=\/wp\/v2\/pages\/311\/revisions"}],"predecessor-version":[{"id":27426,"href":"http:\/\/www.denkfried.de\/wp\/index.php?rest_route=\/wp\/v2\/pages\/311\/revisions\/27426"}],"up":[{"embeddable":true,"href":"http:\/\/www.denkfried.de\/wp\/index.php?rest_route=\/wp\/v2\/pages\/122"}],"wp:attachment":[{"href":"http:\/\/www.denkfried.de\/wp\/index.php?rest_route=%2Fwp%2Fv2%2Fmedia&parent=311"}],"curies":[{"name":"wp","href":"https:\/\/api.w.org\/{rel}","templated":true}]}}