{"id":31019,"date":"2013-06-19T18:46:58","date_gmt":"2013-06-19T16:46:58","guid":{"rendered":"http:\/\/www.denkfried.de\/wp\/?page_id=31019"},"modified":"2015-11-17T18:35:12","modified_gmt":"2015-11-17T17:35:12","slug":"berlin-buch-schloskirche","status":"publish","type":"page","link":"http:\/\/www.denkfried.de\/wp\/?page_id=31019","title":{"rendered":"Berlin Buch Schlo\u00dfkirche"},"content":{"rendered":"<p>&nbsp;<\/p>\n<p><strong>Berlin-Buch<\/strong> Schlo\u00dfkirche, Alt-Buch 36<\/p>\n<p>Bericht und Bilder von Thomas\u00a0<a href=\"http:\/\/g-bb.jimdo.com\/\">Gefallenendenkm\u00e4ler Berlin\/Brandenburg<\/a><\/p>\n<div id='gallery-1' class='gallery galleryid-31019 gallery-columns-2 gallery-size-thumbnail'><dl class='gallery-item'>\n\t\t\t<dt class='gallery-icon portrait'>\n\t\t\t\t<a href='http:\/\/www.denkfried.de\/wp\/?attachment_id=31028'><img loading=\"lazy\" decoding=\"async\" width=\"150\" height=\"150\" src=\"http:\/\/www.denkfried.de\/wp\/wp-content\/uploads\/2013\/06\/Berlin-Buch-Schlo\u00dfkirchhof-150x150.jpg\" class=\"attachment-thumbnail size-thumbnail\" alt=\"\" \/><\/a>\n\t\t\t<\/dt><\/dl><dl class='gallery-item'>\n\t\t\t<dt class='gallery-icon landscape'>\n\t\t\t\t<a href='http:\/\/www.denkfried.de\/wp\/?attachment_id=31029'><img loading=\"lazy\" decoding=\"async\" width=\"150\" height=\"150\" src=\"http:\/\/www.denkfried.de\/wp\/wp-content\/uploads\/2013\/06\/Berlin-Buch-Schlo\u00dfkirchhof-3-150x150.jpg\" class=\"attachment-thumbnail size-thumbnail\" alt=\"\" \/><\/a>\n\t\t\t<\/dt><\/dl><br style=\"clear: both\" \/>\n\t\t<\/div>\n\n<p>Auf den Kirchhof konnte ein Grab des Teilnehmers in den Befreiungskriegen, Gustav Graf von Voss-Buch, und ein privates Gedenken an zwei im Zweiten Weltkrieg gefallene Dokumentiert werden.<\/p>\n<p>Im Zweiten Weltkrieg wurde die Kirche stark besch\u00e4digt, so das die Gedenktafel wahrscheinlich auch verloren ging.<\/p>\n<p><strong>Gedenktafel 1914-1918<\/strong><\/p>\n<p>In Buch sind es 86 Krieger, deren Namen auf der am 1. M\u00e4rz 1925 enth\u00fcllten Gedenktafel in der Kirche uns an die Verantwortung gemahnen, die wir f\u00fcr das neu werdende Deutschland tragen, da\u00df es aus dem Tr\u00fcbsalsfeuer gel\u00e4utert hervorgehe. Die Inschrift der vom Karower Kunstmaler Otto Bartelt ausgef\u00fchrten Tafel lautet:<\/p>\n<address style=\"text-align: center;\"><strong>F\u00fcr\u00b4s Vaterland opferten im Weltkriege 1914\/18<\/strong><\/address>\n<address style=\"text-align: center;\"><strong>aus der Gemeinde Buch ihr Leben:<\/strong><\/address>\n<address style=\"text-align: center;\">\u00a0<\/address>\n<address style=\"text-align: center;\"><strong>Niemand hat gr\u00f6\u00dfere Liebe denn die,\u00a0<\/strong><\/address>\n<address style=\"text-align: center;\"><strong>das er sein Leben lasset f\u00fcr seine Freunde<\/strong><em><strong>.<\/strong><\/em><\/address>\n<address style=\"text-align: center;\">\u00a0<\/address>\n<address>\u00a0<\/address>\n<address>\u00a0<\/address>\n<ul>\n<li><strong><a href=\"http:\/\/www.denkfried.de\/wp\/wp-content\/uploads\/2012\/01\/Buch.html\">Namensliste<\/a><\/strong><\/li>\n<li><\/li>\n<\/ul>\n<address>Quellenangabe:<\/address>\n<address>Der Text wurde von <a href=\"http:\/\/www.alt-karow.de\/index.php\">www.alt-karow.de<\/a> zur Verf\u00fcgung gestellt.<\/address>\n","protected":false},"excerpt":{"rendered":"<p>&nbsp; Berlin-Buch Schlo\u00dfkirche, Alt-Buch 36 Bericht und Bilder von Thomas\u00a0Gefallenendenkm\u00e4ler Berlin\/Brandenburg Auf den Kirchhof konnte ein Grab des Teilnehmers in den Befreiungskriegen, Gustav Graf von Voss-Buch, und ein privates Gedenken an zwei im Zweiten Weltkrieg gefallene Dokumentiert werden. Im Zweiten &hellip; <a href=\"http:\/\/www.denkfried.de\/wp\/?page_id=31019\">Weiterlesen <span class=\"meta-nav\">&rarr;<\/span><\/a><\/p>\n","protected":false},"author":9,"featured_media":0,"parent":23189,"menu_order":0,"comment_status":"closed","ping_status":"open","template":"","meta":{"footnotes":""},"class_list":["post-31019","page","type-page","status-publish","hentry"],"_links":{"self":[{"href":"http:\/\/www.denkfried.de\/wp\/index.php?rest_route=\/wp\/v2\/pages\/31019","targetHints":{"allow":["GET"]}}],"collection":[{"href":"http:\/\/www.denkfried.de\/wp\/index.php?rest_route=\/wp\/v2\/pages"}],"about":[{"href":"http:\/\/www.denkfried.de\/wp\/index.php?rest_route=\/wp\/v2\/types\/page"}],"author":[{"embeddable":true,"href":"http:\/\/www.denkfried.de\/wp\/index.php?rest_route=\/wp\/v2\/users\/9"}],"replies":[{"embeddable":true,"href":"http:\/\/www.denkfried.de\/wp\/index.php?rest_route=%2Fwp%2Fv2%2Fcomments&post=31019"}],"version-history":[{"count":9,"href":"http:\/\/www.denkfried.de\/wp\/index.php?rest_route=\/wp\/v2\/pages\/31019\/revisions"}],"predecessor-version":[{"id":39469,"href":"http:\/\/www.denkfried.de\/wp\/index.php?rest_route=\/wp\/v2\/pages\/31019\/revisions\/39469"}],"up":[{"embeddable":true,"href":"http:\/\/www.denkfried.de\/wp\/index.php?rest_route=\/wp\/v2\/pages\/23189"}],"wp:attachment":[{"href":"http:\/\/www.denkfried.de\/wp\/index.php?rest_route=%2Fwp%2Fv2%2Fmedia&parent=31019"}],"curies":[{"name":"wp","href":"https:\/\/api.w.org\/{rel}","templated":true}]}}