{"id":30973,"date":"2013-06-15T10:11:32","date_gmt":"2013-06-15T08:11:32","guid":{"rendered":"http:\/\/www.denkfried.de\/wp\/?page_id=30973"},"modified":"2013-06-16T16:35:44","modified_gmt":"2013-06-16T14:35:44","slug":"rosdorf-gedenkbuch","status":"publish","type":"page","link":"http:\/\/www.denkfried.de\/wp\/?page_id=30973","title":{"rendered":"Ro\u00dfdorf Gedenkbuch"},"content":{"rendered":"<p>&nbsp;<\/p>\n<p><strong>Ro\u00dfdorf<\/strong> Gedenkbuch 1939-1945 &#8211; <strong>Wir gedenken unserer Kriegsopfer<\/strong><\/p>\n<p>Bericht und Bilder von Thomas <a href=\"http:\/\/potsdamer-ehrenmale.de.tl\/Hauptseite.htm\">Potsdamer-Ehrenmale.de<\/a><\/p>\n<p>Das Buch erschien 1986 vom Historischem verein Ro\u00dfdorf und Gunderhausen e.V.<\/p>\n<div id='gallery-1' class='gallery galleryid-30973 gallery-columns-4 gallery-size-thumbnail'><dl class='gallery-item'>\n\t\t\t<dt class='gallery-icon landscape'>\n\t\t\t\t<a href='http:\/\/www.denkfried.de\/wp\/?attachment_id=30988'><img loading=\"lazy\" decoding=\"async\" width=\"150\" height=\"150\" src=\"http:\/\/www.denkfried.de\/wp\/wp-content\/uploads\/2013\/06\/Ro\u00dfdorf-Kriegsopfer-Gedenkbuch-3-150x150.jpg\" class=\"attachment-thumbnail size-thumbnail\" alt=\"\" \/><\/a>\n\t\t\t<\/dt><\/dl><dl class='gallery-item'>\n\t\t\t<dt class='gallery-icon landscape'>\n\t\t\t\t<a href='http:\/\/www.denkfried.de\/wp\/?attachment_id=30989'><img loading=\"lazy\" decoding=\"async\" width=\"150\" height=\"150\" src=\"http:\/\/www.denkfried.de\/wp\/wp-content\/uploads\/2013\/06\/Ro\u00dfdorf-Kriegsopfer-Gedenkbuch-4-150x150.jpg\" class=\"attachment-thumbnail size-thumbnail\" alt=\"\" \/><\/a>\n\t\t\t<\/dt><\/dl><dl class='gallery-item'>\n\t\t\t<dt class='gallery-icon portrait'>\n\t\t\t\t<a href='http:\/\/www.denkfried.de\/wp\/?attachment_id=30987'><img loading=\"lazy\" decoding=\"async\" width=\"150\" height=\"150\" src=\"http:\/\/www.denkfried.de\/wp\/wp-content\/uploads\/2013\/06\/Ro\u00dfdorf-Kriegsopfer-Gedenkbuch-2-150x150.jpg\" class=\"attachment-thumbnail size-thumbnail\" alt=\"\" \/><\/a>\n\t\t\t<\/dt><\/dl><dl class='gallery-item'>\n\t\t\t<dt class='gallery-icon landscape'>\n\t\t\t\t<a href='http:\/\/www.denkfried.de\/wp\/?attachment_id=30986'><img loading=\"lazy\" decoding=\"async\" width=\"150\" height=\"150\" src=\"http:\/\/www.denkfried.de\/wp\/wp-content\/uploads\/2013\/06\/Ro\u00dfdorf-Kriegsopfer-Gedenkbuch-150x150.jpg\" class=\"attachment-thumbnail size-thumbnail\" alt=\"\" \/><\/a>\n\t\t\t<\/dt><\/dl><br style=\"clear: both\" \/>\n\t\t<\/div>\n\n<p>Dieses gedenkbuch soll die Erinnerung an jene 230 Ro\u00dfd\u00f6rfer Mitb\u00fcrger wachhalten, die ihr Leben im Zweiten Weltkrieg opfern mu\u00dften. Wir wollen uns unserer gefallenen V\u00e4ter, Gro\u00dfv\u00e4ter, Kinder, Schulkameraden, Freunde, Verwandten, Nachbarn und Gemeindemitglieder erinnern, die wie wir ihr Leben in Hoffnung geplant und gestaltet hatten, es aber nicht in Frieden zu Ende leben durften. Viele von ihnen mu\u00dften so jung sterben, da\u00df ihreigentliches Leben noch gar nicht richtig begonnen hatte. Wir wollen an die Verzweiflung, die Tragik, das Leid und das vergebliche Hoffen denken, da\u00df ihr Leben am Ende belastete. Sicher weilten viele mit ihren letzten Gedanken bei uns, bei ihren Frauen und Kindern, ihren M\u00fcttern, V\u00e4tern, Geschwistern und Freunden.<\/p>\n<p>Nicht wenige m\u00f6gen im Bewu\u00dftsein, ihre Pflicht zu erf\u00fcllen, in den Tod gegangen sein. F\u00fcr uns heute gibt es an ihrem Tod nichts, was zu verkl\u00e4ren bzw. zu \u00e4sthetisieren w\u00e4re. Zu grausam ist die Brutalit\u00e4t des Krieges, sind die Verachtung der Menschenw\u00fcrde, der Verfall von Werten und der moralischen Niedergang.<\/p>\n<p>Die Namen werden in die Datenbank eingepflegt.<\/p>\n","protected":false},"excerpt":{"rendered":"<p>&nbsp; Ro\u00dfdorf Gedenkbuch 1939-1945 &#8211; Wir gedenken unserer Kriegsopfer Bericht und Bilder von Thomas Potsdamer-Ehrenmale.de Das Buch erschien 1986 vom Historischem verein Ro\u00dfdorf und Gunderhausen e.V. Dieses gedenkbuch soll die Erinnerung an jene 230 Ro\u00dfd\u00f6rfer Mitb\u00fcrger wachhalten, die ihr Leben &hellip; <a href=\"http:\/\/www.denkfried.de\/wp\/?page_id=30973\">Weiterlesen <span class=\"meta-nav\">&rarr;<\/span><\/a><\/p>\n","protected":false},"author":9,"featured_media":0,"parent":30967,"menu_order":0,"comment_status":"closed","ping_status":"open","template":"","meta":{"footnotes":""},"class_list":["post-30973","page","type-page","status-publish","hentry"],"_links":{"self":[{"href":"http:\/\/www.denkfried.de\/wp\/index.php?rest_route=\/wp\/v2\/pages\/30973","targetHints":{"allow":["GET"]}}],"collection":[{"href":"http:\/\/www.denkfried.de\/wp\/index.php?rest_route=\/wp\/v2\/pages"}],"about":[{"href":"http:\/\/www.denkfried.de\/wp\/index.php?rest_route=\/wp\/v2\/types\/page"}],"author":[{"embeddable":true,"href":"http:\/\/www.denkfried.de\/wp\/index.php?rest_route=\/wp\/v2\/users\/9"}],"replies":[{"embeddable":true,"href":"http:\/\/www.denkfried.de\/wp\/index.php?rest_route=%2Fwp%2Fv2%2Fcomments&post=30973"}],"version-history":[{"count":12,"href":"http:\/\/www.denkfried.de\/wp\/index.php?rest_route=\/wp\/v2\/pages\/30973\/revisions"}],"predecessor-version":[{"id":30979,"href":"http:\/\/www.denkfried.de\/wp\/index.php?rest_route=\/wp\/v2\/pages\/30973\/revisions\/30979"}],"up":[{"embeddable":true,"href":"http:\/\/www.denkfried.de\/wp\/index.php?rest_route=\/wp\/v2\/pages\/30967"}],"wp:attachment":[{"href":"http:\/\/www.denkfried.de\/wp\/index.php?rest_route=%2Fwp%2Fv2%2Fmedia&parent=30973"}],"curies":[{"name":"wp","href":"https:\/\/api.w.org\/{rel}","templated":true}]}}