{"id":3097,"date":"2011-04-14T22:55:34","date_gmt":"2011-04-14T20:55:34","guid":{"rendered":"http:\/\/www.denkfried.de\/wp\/?page_id=3097"},"modified":"2013-07-20T21:18:16","modified_gmt":"2013-07-20T19:18:16","slug":"bad-mergentheim-ot-stuppach","status":"publish","type":"page","link":"http:\/\/www.denkfried.de\/wp\/?page_id=3097","title":{"rendered":"&#8211; Stuppach"},"content":{"rendered":"<p><span style=\"text-decoration: underline;\">97980 Bad Mergentheim &#8211;<strong> OT Stuppach<\/strong><\/span><\/p>\n<p><strong>Kriegsgr\u00e4berst\u00e4tte<\/strong>:\u00a0 2.WK\u00a0 \u00a0 63 Tote<\/p>\n<p>Eine Tafel tr\u00e4gt folgende Inschrift:<\/p>\n<address style=\"padding-left: 90px;\"><em>&#8222;Wer in sich Zukunft tr\u00e4gt, darf das Tote beschw\u00f6ren&#8220;<\/em><\/address>\n<address style=\"padding-left: 90px;\">&#8222;Hier ruhen 63 deutsche Soldaten. Sie fielen am 6.April 1945&#8220;<\/address>\n<address style=\"padding-left: 90px;\">\u00a0<\/address>\n<p>Unter ihnen neun Sch\u00fcler des Duisburger Steinbart-Gymnasiums und 16 unbekannte Soldaten&#8220;.<\/p>\n<p>Junge Menschen haben den Sinnspruch f\u00fcr ihre gefallenen Schulkameraden, die hier liegen, gepr\u00e4gt.<\/p>\n","protected":false},"excerpt":{"rendered":"<p>97980 Bad Mergentheim &#8211; OT Stuppach Kriegsgr\u00e4berst\u00e4tte:\u00a0 2.WK\u00a0 \u00a0 63 Tote Eine Tafel tr\u00e4gt folgende Inschrift: &#8222;Wer in sich Zukunft tr\u00e4gt, darf das Tote beschw\u00f6ren&#8220; &#8222;Hier ruhen 63 deutsche Soldaten. Sie fielen am 6.April 1945&#8220; \u00a0 Unter ihnen neun Sch\u00fcler &hellip; <a href=\"http:\/\/www.denkfried.de\/wp\/?page_id=3097\">Weiterlesen <span class=\"meta-nav\">&rarr;<\/span><\/a><\/p>\n","protected":false},"author":2,"featured_media":0,"parent":3045,"menu_order":0,"comment_status":"closed","ping_status":"open","template":"","meta":{"footnotes":""},"class_list":["post-3097","page","type-page","status-publish","hentry"],"_links":{"self":[{"href":"http:\/\/www.denkfried.de\/wp\/index.php?rest_route=\/wp\/v2\/pages\/3097","targetHints":{"allow":["GET"]}}],"collection":[{"href":"http:\/\/www.denkfried.de\/wp\/index.php?rest_route=\/wp\/v2\/pages"}],"about":[{"href":"http:\/\/www.denkfried.de\/wp\/index.php?rest_route=\/wp\/v2\/types\/page"}],"author":[{"embeddable":true,"href":"http:\/\/www.denkfried.de\/wp\/index.php?rest_route=\/wp\/v2\/users\/2"}],"replies":[{"embeddable":true,"href":"http:\/\/www.denkfried.de\/wp\/index.php?rest_route=%2Fwp%2Fv2%2Fcomments&post=3097"}],"version-history":[{"count":4,"href":"http:\/\/www.denkfried.de\/wp\/index.php?rest_route=\/wp\/v2\/pages\/3097\/revisions"}],"predecessor-version":[{"id":31616,"href":"http:\/\/www.denkfried.de\/wp\/index.php?rest_route=\/wp\/v2\/pages\/3097\/revisions\/31616"}],"up":[{"embeddable":true,"href":"http:\/\/www.denkfried.de\/wp\/index.php?rest_route=\/wp\/v2\/pages\/3045"}],"wp:attachment":[{"href":"http:\/\/www.denkfried.de\/wp\/index.php?rest_route=%2Fwp%2Fv2%2Fmedia&parent=3097"}],"curies":[{"name":"wp","href":"https:\/\/api.w.org\/{rel}","templated":true}]}}