{"id":30962,"date":"2013-06-15T09:59:22","date_gmt":"2013-06-15T07:59:22","guid":{"rendered":"http:\/\/www.denkfried.de\/wp\/?page_id=30962"},"modified":"2013-06-15T10:09:28","modified_gmt":"2013-06-15T08:09:28","slug":"lk-darmstadt-dieburg","status":"publish","type":"page","link":"http:\/\/www.denkfried.de\/wp\/?page_id=30962","title":{"rendered":"LK Darmstadt-Dieburg"},"content":{"rendered":"<p>&nbsp;<\/p>\n<p>Landkreis Darmstadt-Dieburg<\/p>\n<p><strong>St\u00e4dte<\/strong><\/p>\n<ul>\n<li>Babenhausen<\/li>\n<li>Dieburg<\/li>\n<li>Griesheim<\/li>\n<li>Gro\u00df-Bieberau<\/li>\n<li>Gro\u00df-Umstadt<\/li>\n<li>Ober-Ramstadt<\/li>\n<li>Pfungstadt<\/li>\n<li>Reinheim<\/li>\n<li>Weiterstadt<\/li>\n<\/ul>\n<p><strong>Gemeinden<\/strong><\/p>\n<ul>\n<li>Alsbach-H\u00e4hnlein<\/li>\n<li>Bickenbach<\/li>\n<li>Eppertshausen<\/li>\n<li>Erzhausen<\/li>\n<li>Fischbachtal<\/li>\n<li>Gro\u00df-Zimmern<\/li>\n<li>Messel<\/li>\n<li>Modautal<\/li>\n<li>M\u00fchltal<\/li>\n<li>M\u00fcnster<\/li>\n<li>Otzberg<\/li>\n<li><a href=\"http:\/\/www.denkfried.de\/wp\/?page_id=30967\">Ro\u00dfdorf<\/a><\/li>\n<li>Schaafheim<\/li>\n<li>Seeheim-Jugenheim<\/li>\n<\/ul>\n<p>&nbsp;<\/p>\n","protected":false},"excerpt":{"rendered":"<p>&nbsp; Landkreis Darmstadt-Dieburg St\u00e4dte Babenhausen Dieburg Griesheim Gro\u00df-Bieberau Gro\u00df-Umstadt Ober-Ramstadt Pfungstadt Reinheim Weiterstadt Gemeinden Alsbach-H\u00e4hnlein Bickenbach Eppertshausen Erzhausen Fischbachtal Gro\u00df-Zimmern Messel Modautal M\u00fchltal M\u00fcnster Otzberg Ro\u00dfdorf Schaafheim Seeheim-Jugenheim &nbsp;<\/p>\n","protected":false},"author":9,"featured_media":0,"parent":383,"menu_order":0,"comment_status":"closed","ping_status":"open","template":"","meta":{"footnotes":""},"class_list":["post-30962","page","type-page","status-publish","hentry"],"_links":{"self":[{"href":"http:\/\/www.denkfried.de\/wp\/index.php?rest_route=\/wp\/v2\/pages\/30962","targetHints":{"allow":["GET"]}}],"collection":[{"href":"http:\/\/www.denkfried.de\/wp\/index.php?rest_route=\/wp\/v2\/pages"}],"about":[{"href":"http:\/\/www.denkfried.de\/wp\/index.php?rest_route=\/wp\/v2\/types\/page"}],"author":[{"embeddable":true,"href":"http:\/\/www.denkfried.de\/wp\/index.php?rest_route=\/wp\/v2\/users\/9"}],"replies":[{"embeddable":true,"href":"http:\/\/www.denkfried.de\/wp\/index.php?rest_route=%2Fwp%2Fv2%2Fcomments&post=30962"}],"version-history":[{"count":4,"href":"http:\/\/www.denkfried.de\/wp\/index.php?rest_route=\/wp\/v2\/pages\/30962\/revisions"}],"predecessor-version":[{"id":30972,"href":"http:\/\/www.denkfried.de\/wp\/index.php?rest_route=\/wp\/v2\/pages\/30962\/revisions\/30972"}],"up":[{"embeddable":true,"href":"http:\/\/www.denkfried.de\/wp\/index.php?rest_route=\/wp\/v2\/pages\/383"}],"wp:attachment":[{"href":"http:\/\/www.denkfried.de\/wp\/index.php?rest_route=%2Fwp%2Fv2%2Fmedia&parent=30962"}],"curies":[{"name":"wp","href":"https:\/\/api.w.org\/{rel}","templated":true}]}}