{"id":30928,"date":"2013-06-14T19:20:00","date_gmt":"2013-06-14T17:20:00","guid":{"rendered":"http:\/\/www.denkfried.de\/wp\/?page_id=30928"},"modified":"2015-12-28T19:56:54","modified_gmt":"2015-12-28T18:56:54","slug":"ehem-denkmal-schoneberg","status":"publish","type":"page","link":"http:\/\/www.denkfried.de\/wp\/?page_id=30928","title":{"rendered":"ehem. Denkmal Sch\u00f6neberg"},"content":{"rendered":"<p>&nbsp;<\/p>\n<p><strong>Berlin-Sch\u00f6neberg<\/strong> ehemaliges Denkmal<\/p>\n<p>Bericht von Thomas\u00a0<a href=\"http:\/\/g-bb.jimdo.com\/\">Gefallenendenkm\u00e4ler Berlin\/Brandenburg<\/a><br \/>\nBilder von <a href=\"http:\/\/www.fotomarburg.de\/\">fotomarburg.de<\/a><\/p>\n<div id='gallery-1' class='gallery galleryid-30928 gallery-columns-2 gallery-size-thumbnail'><dl class='gallery-item'>\n\t\t\t<dt class='gallery-icon landscape'>\n\t\t\t\t<a href='http:\/\/www.denkfried.de\/wp\/?attachment_id=30932'><img loading=\"lazy\" decoding=\"async\" width=\"150\" height=\"150\" src=\"http:\/\/www.denkfried.de\/wp\/wp-content\/uploads\/2013\/06\/Ehrenmal-Berlin-Sch\u00f6neberg-Storkow-2-150x150.jpg\" class=\"attachment-thumbnail size-thumbnail\" alt=\"\" \/><\/a>\n\t\t\t<\/dt><\/dl><dl class='gallery-item'>\n\t\t\t<dt class='gallery-icon portrait'>\n\t\t\t\t<a href='http:\/\/www.denkfried.de\/wp\/?attachment_id=30931'><img loading=\"lazy\" decoding=\"async\" width=\"150\" height=\"150\" src=\"http:\/\/www.denkfried.de\/wp\/wp-content\/uploads\/2013\/06\/Ehrenmal-Berlin-Sch\u00f6neberg-Storkow-150x150.jpg\" class=\"attachment-thumbnail size-thumbnail\" alt=\"\" \/><\/a>\n\t\t\t<\/dt><\/dl><br style=\"clear: both\" \/>\n\t\t<\/div>\n\n<p style=\"text-align: left;\">Das Denkmal f\u00fcr die preu\u00df. Eisenbahnregimenter 1 und 4, wurde 1929-30 eingeweiht. Das von Willy Meller geschaffene Denkmal, wurde im Stadtpark von Sch\u00f6neberg aufgestellt. Unweit vom Rathaus Sch\u00f6neberg, in zusammenarbeit mit dem Essener Architekten Otto Siepenkothen. Das aufgesetzte bronzene Fl\u00fcgelrad, wurde 1942 abgebaut und wahrscheinlich eingeschmolzen. Wegen Vandalismus wurde 1993 das Denkmal abgebaut und der Kurmark-Kaserne in Storkow (Mark) \u00fcbergeben. Beim Aufbau wurde das Fl\u00fcgelrad wieder aufgesetzt und nun wurde auch den Toten des Zweiten Weltkrieges gedacht.<\/p>\n<address style=\"text-align: center;\">\u00a0<\/address>\n<address style=\"text-align: center;\"><span style=\"font-size: medium;\">Den im Weltkriege 1914-1918<\/span><\/address>\n<address style=\"text-align: center;\"><span style=\"font-size: medium;\">gefallenen Kameraden der<\/span><\/address>\n<address style=\"text-align: center;\"><span style=\"font-size: medium;\">deutschen Eisenbahntruppen<\/span><\/address>\n<address style=\"text-align: center;\">\u00a0<\/address>\n<address style=\"text-align: center;\"><span style=\"font-size: medium;\">-und denen, die gleich ihnen<\/span><\/address>\n<address style=\"text-align: center;\"><span style=\"font-size: medium;\">im 2. Weltkriege starben 1939-1945 <\/span><\/address>\n<address style=\"text-align: center;\">\u00a0<\/address>\n<address style=\"text-align: center;\">\u00a0<\/address>\n","protected":false},"excerpt":{"rendered":"<p>&nbsp; Berlin-Sch\u00f6neberg ehemaliges Denkmal Bericht von Thomas\u00a0Gefallenendenkm\u00e4ler Berlin\/Brandenburg Bilder von fotomarburg.de Das Denkmal f\u00fcr die preu\u00df. Eisenbahnregimenter 1 und 4, wurde 1929-30 eingeweiht. Das von Willy Meller geschaffene Denkmal, wurde im Stadtpark von Sch\u00f6neberg aufgestellt. Unweit vom Rathaus Sch\u00f6neberg, in &hellip; <a href=\"http:\/\/www.denkfried.de\/wp\/?page_id=30928\">Weiterlesen <span class=\"meta-nav\">&rarr;<\/span><\/a><\/p>\n","protected":false},"author":9,"featured_media":0,"parent":16742,"menu_order":0,"comment_status":"closed","ping_status":"open","template":"","meta":{"footnotes":""},"class_list":["post-30928","page","type-page","status-publish","hentry"],"_links":{"self":[{"href":"http:\/\/www.denkfried.de\/wp\/index.php?rest_route=\/wp\/v2\/pages\/30928","targetHints":{"allow":["GET"]}}],"collection":[{"href":"http:\/\/www.denkfried.de\/wp\/index.php?rest_route=\/wp\/v2\/pages"}],"about":[{"href":"http:\/\/www.denkfried.de\/wp\/index.php?rest_route=\/wp\/v2\/types\/page"}],"author":[{"embeddable":true,"href":"http:\/\/www.denkfried.de\/wp\/index.php?rest_route=\/wp\/v2\/users\/9"}],"replies":[{"embeddable":true,"href":"http:\/\/www.denkfried.de\/wp\/index.php?rest_route=%2Fwp%2Fv2%2Fcomments&post=30928"}],"version-history":[{"count":14,"href":"http:\/\/www.denkfried.de\/wp\/index.php?rest_route=\/wp\/v2\/pages\/30928\/revisions"}],"predecessor-version":[{"id":40028,"href":"http:\/\/www.denkfried.de\/wp\/index.php?rest_route=\/wp\/v2\/pages\/30928\/revisions\/40028"}],"up":[{"embeddable":true,"href":"http:\/\/www.denkfried.de\/wp\/index.php?rest_route=\/wp\/v2\/pages\/16742"}],"wp:attachment":[{"href":"http:\/\/www.denkfried.de\/wp\/index.php?rest_route=%2Fwp%2Fv2%2Fmedia&parent=30928"}],"curies":[{"name":"wp","href":"https:\/\/api.w.org\/{rel}","templated":true}]}}