{"id":30720,"date":"2013-06-04T00:29:57","date_gmt":"2013-06-03T22:29:57","guid":{"rendered":"http:\/\/www.denkfried.de\/wp\/?page_id=30720"},"modified":"2013-06-04T00:30:34","modified_gmt":"2013-06-03T22:30:34","slug":"grafenhainichen-judenberg","status":"publish","type":"page","link":"http:\/\/www.denkfried.de\/wp\/?page_id=30720","title":{"rendered":"Gr\u00e4fenhainichen &#8211; J\u00fcdenberg"},"content":{"rendered":"<p>&nbsp;<\/p>\n<p><span style=\"text-decoration: underline;\">06773 Gr\u00e4fenhainichen &#8211; <strong>OT J\u00fcdenberg<\/strong><\/span><\/p>\n<p><strong>Gedenkstein<\/strong> auf dem Ortsfriedhof in J\u00fcdenberg f\u00fcr einen namentlich bekannten italienischen Milit\u00e4rinternierten. Er wurde 1944 ein Opfer von Zwangsarbeit.<\/p>\n<p>++++++++++++++++++++++++++++++++++++++++++++++++++++++++++<\/p>\n<p>Gedenkstele f\u00fcr die j\u00fcdischen Opfer der Landwirtschaftsschule im Geh\u00f6ft Bomsdorf, die beim Novemberpogrom 1938 von SA-M\u00e4nnern ermordert wurden.<\/p>\n<p>++++++++++++++++++++++++++++++++++++++++++++++++++++++++++<\/p>\n<p><strong>Kriegerdenkmal<\/strong><\/p>\n<p>Die Gefallenen des 1.WK sind aus J\u00fcdenberg und Zschiesewitz. J\u00fcdenberg liegt zwischen Gr\u00e4fenhainichen und Oranienbaum S.A<\/p>\n<p>Fotos von Rolf4-Joachim<\/p>\n<div id='gallery-1' class='gallery galleryid-30720 gallery-columns-3 gallery-size-thumbnail'><dl class='gallery-item'>\n\t\t\t<dt class='gallery-icon landscape'>\n\t\t\t\t<a href='http:\/\/www.denkfried.de\/wp\/?attachment_id=30721'><img loading=\"lazy\" decoding=\"async\" width=\"150\" height=\"150\" src=\"http:\/\/www.denkfried.de\/wp\/wp-content\/uploads\/2013\/06\/Kriegerdenkmal-J\u00fcdenberg-1914-1918-150x150.jpg\" class=\"attachment-thumbnail size-thumbnail\" alt=\"\" \/><\/a>\n\t\t\t<\/dt><\/dl><dl class='gallery-item'>\n\t\t\t<dt class='gallery-icon portrait'>\n\t\t\t\t<a href='http:\/\/www.denkfried.de\/wp\/?attachment_id=30722'><img loading=\"lazy\" decoding=\"async\" width=\"134\" height=\"150\" src=\"http:\/\/www.denkfried.de\/wp\/wp-content\/uploads\/2013\/06\/J\u00fcdenberg-1914-1918-134x150.jpg\" class=\"attachment-thumbnail size-thumbnail\" alt=\"\" \/><\/a>\n\t\t\t<\/dt><\/dl>\n\t\t\t<br style='clear: both' \/>\n\t\t<\/div>\n\n","protected":false},"excerpt":{"rendered":"<p>&nbsp; 06773 Gr\u00e4fenhainichen &#8211; OT J\u00fcdenberg Gedenkstein auf dem Ortsfriedhof in J\u00fcdenberg f\u00fcr einen namentlich bekannten italienischen Milit\u00e4rinternierten. Er wurde 1944 ein Opfer von Zwangsarbeit. ++++++++++++++++++++++++++++++++++++++++++++++++++++++++++ Gedenkstele f\u00fcr die j\u00fcdischen Opfer der Landwirtschaftsschule im Geh\u00f6ft Bomsdorf, die beim Novemberpogrom 1938 &hellip; <a href=\"http:\/\/www.denkfried.de\/wp\/?page_id=30720\">Weiterlesen <span class=\"meta-nav\">&rarr;<\/span><\/a><\/p>\n","protected":false},"author":2,"featured_media":0,"parent":30717,"menu_order":0,"comment_status":"closed","ping_status":"open","template":"","meta":{"footnotes":""},"class_list":["post-30720","page","type-page","status-publish","hentry"],"_links":{"self":[{"href":"http:\/\/www.denkfried.de\/wp\/index.php?rest_route=\/wp\/v2\/pages\/30720","targetHints":{"allow":["GET"]}}],"collection":[{"href":"http:\/\/www.denkfried.de\/wp\/index.php?rest_route=\/wp\/v2\/pages"}],"about":[{"href":"http:\/\/www.denkfried.de\/wp\/index.php?rest_route=\/wp\/v2\/types\/page"}],"author":[{"embeddable":true,"href":"http:\/\/www.denkfried.de\/wp\/index.php?rest_route=\/wp\/v2\/users\/2"}],"replies":[{"embeddable":true,"href":"http:\/\/www.denkfried.de\/wp\/index.php?rest_route=%2Fwp%2Fv2%2Fcomments&post=30720"}],"version-history":[{"count":3,"href":"http:\/\/www.denkfried.de\/wp\/index.php?rest_route=\/wp\/v2\/pages\/30720\/revisions"}],"predecessor-version":[{"id":30725,"href":"http:\/\/www.denkfried.de\/wp\/index.php?rest_route=\/wp\/v2\/pages\/30720\/revisions\/30725"}],"up":[{"embeddable":true,"href":"http:\/\/www.denkfried.de\/wp\/index.php?rest_route=\/wp\/v2\/pages\/30717"}],"wp:attachment":[{"href":"http:\/\/www.denkfried.de\/wp\/index.php?rest_route=%2Fwp%2Fv2%2Fmedia&parent=30720"}],"curies":[{"name":"wp","href":"https:\/\/api.w.org\/{rel}","templated":true}]}}