{"id":30717,"date":"2013-06-04T00:14:05","date_gmt":"2013-06-03T22:14:05","guid":{"rendered":"http:\/\/www.denkfried.de\/wp\/?page_id=30717"},"modified":"2013-06-04T00:14:05","modified_gmt":"2013-06-03T22:14:05","slug":"grafenhainichen","status":"publish","type":"page","link":"http:\/\/www.denkfried.de\/wp\/?page_id=30717","title":{"rendered":"Gr\u00e4fenhainichen"},"content":{"rendered":"<p>&nbsp;<\/p>\n<p>Verwaltungssitz: 06773 Gr\u00e4fenhainichen, Markt 1<\/p>\n<p>************************************************************<\/p>\n<p><span style=\"text-decoration: underline;\"><strong>Ortsteile:<\/strong><\/span><\/p>\n<blockquote>\n<blockquote>\n<ul>\n<li>Buchholz<\/li>\n<li>Hohenlubast<\/li>\n<li>J\u00fcdenberg<\/li>\n<li>M\u00f6hlau<\/li>\n<li>Schk\u00f6na<\/li>\n<li>Tornau<\/li>\n<li>Zschornewitz<\/li>\n<\/ul>\n<\/blockquote>\n<\/blockquote>\n<p>&nbsp;<\/p>\n","protected":false},"excerpt":{"rendered":"<p>&nbsp; Verwaltungssitz: 06773 Gr\u00e4fenhainichen, Markt 1 ************************************************************ Ortsteile: Buchholz Hohenlubast J\u00fcdenberg M\u00f6hlau Schk\u00f6na Tornau Zschornewitz &nbsp;<\/p>\n","protected":false},"author":2,"featured_media":0,"parent":6104,"menu_order":0,"comment_status":"closed","ping_status":"open","template":"","meta":{"footnotes":""},"class_list":["post-30717","page","type-page","status-publish","hentry"],"_links":{"self":[{"href":"http:\/\/www.denkfried.de\/wp\/index.php?rest_route=\/wp\/v2\/pages\/30717","targetHints":{"allow":["GET"]}}],"collection":[{"href":"http:\/\/www.denkfried.de\/wp\/index.php?rest_route=\/wp\/v2\/pages"}],"about":[{"href":"http:\/\/www.denkfried.de\/wp\/index.php?rest_route=\/wp\/v2\/types\/page"}],"author":[{"embeddable":true,"href":"http:\/\/www.denkfried.de\/wp\/index.php?rest_route=\/wp\/v2\/users\/2"}],"replies":[{"embeddable":true,"href":"http:\/\/www.denkfried.de\/wp\/index.php?rest_route=%2Fwp%2Fv2%2Fcomments&post=30717"}],"version-history":[{"count":2,"href":"http:\/\/www.denkfried.de\/wp\/index.php?rest_route=\/wp\/v2\/pages\/30717\/revisions"}],"predecessor-version":[{"id":30719,"href":"http:\/\/www.denkfried.de\/wp\/index.php?rest_route=\/wp\/v2\/pages\/30717\/revisions\/30719"}],"up":[{"embeddable":true,"href":"http:\/\/www.denkfried.de\/wp\/index.php?rest_route=\/wp\/v2\/pages\/6104"}],"wp:attachment":[{"href":"http:\/\/www.denkfried.de\/wp\/index.php?rest_route=%2Fwp%2Fv2%2Fmedia&parent=30717"}],"curies":[{"name":"wp","href":"https:\/\/api.w.org\/{rel}","templated":true}]}}