{"id":30706,"date":"2013-06-04T00:02:27","date_gmt":"2013-06-03T22:02:27","guid":{"rendered":"http:\/\/www.denkfried.de\/wp\/?page_id=30706"},"modified":"2013-06-04T00:02:27","modified_gmt":"2013-06-03T22:02:27","slug":"rinteln-todenmann","status":"publish","type":"page","link":"http:\/\/www.denkfried.de\/wp\/?page_id=30706","title":{"rendered":"Rinteln &#8211; Todenmann"},"content":{"rendered":"<p>&nbsp;<\/p>\n<p><span style=\"text-decoration: underline;\">31737 Rinteln &#8211; <strong>OT Todenmann<\/strong><\/span><\/p>\n<p>Der Ort tr\u00e4gt auch liebevoll den Namen &#8222;Kirschendorf&#8220;.<\/p>\n<p>Im Jahr 2009 wird bekannt das Todenmann seinen alten Friedhof in einen Baumpark umwandeln m\u00f6chte. Aber eine letzte Beisetzung verz\u00f6gert die Pl\u00e4ne.<\/p>\n<p><strong>Kriegerdenkmal auf dem Friedhof<\/strong><\/p>\n<p><em>Inschrift:<\/em><\/p>\n<h5 style=\"padding-left: 120px;\"><em>1.Weltkrieg\u00a0<\/em><\/h5>\n<h5 style=\"padding-left: 120px;\"><em>\u00a0\u00a0\u00a0\u00a0\u00a0 <img loading=\"lazy\" decoding=\"async\" alt=\"\" src=\"http:\/\/www.denkmalprojekt.org\/images\/ek1disp.gif\" width=\"26\" height=\"25\" border=\"0\" \/><\/em><\/h5>\n<h5 style=\"padding-left: 120px;\"><em>IHREN GEFALLENEN<\/em><\/h5>\n<h5 style=\"padding-left: 120px;\"><em>DIE<\/em><\/h5>\n<h5 style=\"padding-left: 120px;\"><em>GEMEINDE TONDENMANN <\/em><\/h5>\n<h5 style=\"padding-left: 120px;\"><em>1914-1918<\/em><\/h5>\n<h5 style=\"padding-left: 120px;\"><em>Christus spricht<\/em><\/h5>\n<h5 style=\"padding-left: 120px;\"><em>Ich lebe und ihr sollt auch leben.<\/em><\/h5>\n<h5 style=\"padding-left: 120px;\"><em>In der Heimat unvergessen<\/em><\/h5>\n<h5 style=\"padding-left: 120px;\"><em>F\u00fcr die Heimat gefallen<\/em><\/h5>\n<h5 style=\"padding-left: 120px;\"><em>2.Weltkrieg<\/em><\/h5>\n<h5 style=\"padding-left: 120px;\"><em>1939-1945<\/em><\/h5>\n<div id='gallery-1' class='gallery galleryid-30706 gallery-columns-4 gallery-size-thumbnail'><dl class='gallery-item'>\n\t\t\t<dt class='gallery-icon landscape'>\n\t\t\t\t<a href='http:\/\/www.denkfried.de\/wp\/?attachment_id=30711'><img loading=\"lazy\" decoding=\"async\" width=\"150\" height=\"150\" src=\"http:\/\/www.denkfried.de\/wp\/wp-content\/uploads\/2013\/06\/Todenmann-AK-19.05.2008-1-150x150.jpg\" class=\"attachment-thumbnail size-thumbnail\" alt=\"\" \/><\/a>\n\t\t\t<\/dt><\/dl><dl class='gallery-item'>\n\t\t\t<dt class='gallery-icon portrait'>\n\t\t\t\t<a href='http:\/\/www.denkfried.de\/wp\/?attachment_id=30712'><img loading=\"lazy\" decoding=\"async\" width=\"150\" height=\"150\" src=\"http:\/\/www.denkfried.de\/wp\/wp-content\/uploads\/2013\/06\/Todenmann-AK-19.05.2008-5-150x150.jpg\" class=\"attachment-thumbnail size-thumbnail\" alt=\"\" \/><\/a>\n\t\t\t<\/dt><\/dl><dl class='gallery-item'>\n\t\t\t<dt class='gallery-icon landscape'>\n\t\t\t\t<a href='http:\/\/www.denkfried.de\/wp\/?attachment_id=30707'><img loading=\"lazy\" decoding=\"async\" width=\"150\" height=\"150\" src=\"http:\/\/www.denkfried.de\/wp\/wp-content\/uploads\/2013\/06\/Todenmann-AK-19.05.2008-33-150x150.jpg\" class=\"attachment-thumbnail size-thumbnail\" alt=\"\" \/><\/a>\n\t\t\t<\/dt><\/dl><dl class='gallery-item'>\n\t\t\t<dt class='gallery-icon portrait'>\n\t\t\t\t<a href='http:\/\/www.denkfried.de\/wp\/?attachment_id=30708'><img loading=\"lazy\" decoding=\"async\" width=\"150\" height=\"150\" src=\"http:\/\/www.denkfried.de\/wp\/wp-content\/uploads\/2013\/06\/Todenmann-AK-19.05.2008-47-150x150.jpg\" class=\"attachment-thumbnail size-thumbnail\" alt=\"\" \/><\/a>\n\t\t\t<\/dt><\/dl><br style=\"clear: both\" \/><dl class='gallery-item'>\n\t\t\t<dt class='gallery-icon portrait'>\n\t\t\t\t<a href='http:\/\/www.denkfried.de\/wp\/?attachment_id=30713'><img loading=\"lazy\" decoding=\"async\" width=\"150\" height=\"150\" src=\"http:\/\/www.denkfried.de\/wp\/wp-content\/uploads\/2013\/06\/Todenmann-AK-19.05.2008-6-150x150.jpg\" class=\"attachment-thumbnail size-thumbnail\" alt=\"\" \/><\/a>\n\t\t\t<\/dt><\/dl><dl class='gallery-item'>\n\t\t\t<dt class='gallery-icon landscape'>\n\t\t\t\t<a href='http:\/\/www.denkfried.de\/wp\/?attachment_id=30714'><img loading=\"lazy\" decoding=\"async\" width=\"150\" height=\"150\" src=\"http:\/\/www.denkfried.de\/wp\/wp-content\/uploads\/2013\/06\/Todenmann-AK-19.05.2008-8-150x150.jpg\" class=\"attachment-thumbnail size-thumbnail\" alt=\"\" \/><\/a>\n\t\t\t<\/dt><\/dl><dl class='gallery-item'>\n\t\t\t<dt class='gallery-icon landscape'>\n\t\t\t\t<a href='http:\/\/www.denkfried.de\/wp\/?attachment_id=30710'><img loading=\"lazy\" decoding=\"async\" width=\"150\" height=\"150\" src=\"http:\/\/www.denkfried.de\/wp\/wp-content\/uploads\/2013\/06\/Todenmann-Frh.-AK-19.05.2008-12-150x150.jpg\" class=\"attachment-thumbnail size-thumbnail\" alt=\"\" \/><\/a>\n\t\t\t<\/dt><\/dl><dl class='gallery-item'>\n\t\t\t<dt class='gallery-icon landscape'>\n\t\t\t\t<a href='http:\/\/www.denkfried.de\/wp\/?attachment_id=30709'><img loading=\"lazy\" decoding=\"async\" width=\"150\" height=\"150\" src=\"http:\/\/www.denkfried.de\/wp\/wp-content\/uploads\/2013\/06\/Todenmann-Frh.-AK-19.05.2008-11-150x150.jpg\" class=\"attachment-thumbnail size-thumbnail\" alt=\"\" \/><\/a>\n\t\t\t<\/dt><\/dl><br style=\"clear: both\" \/>\n\t\t<\/div>\n\n<p>&nbsp;<\/p>\n","protected":false},"excerpt":{"rendered":"<p>&nbsp; 31737 Rinteln &#8211; OT Todenmann Der Ort tr\u00e4gt auch liebevoll den Namen &#8222;Kirschendorf&#8220;. Im Jahr 2009 wird bekannt das Todenmann seinen alten Friedhof in einen Baumpark umwandeln m\u00f6chte. Aber eine letzte Beisetzung verz\u00f6gert die Pl\u00e4ne. Kriegerdenkmal auf dem Friedhof &hellip; <a href=\"http:\/\/www.denkfried.de\/wp\/?page_id=30706\">Weiterlesen <span class=\"meta-nav\">&rarr;<\/span><\/a><\/p>\n","protected":false},"author":2,"featured_media":0,"parent":30687,"menu_order":0,"comment_status":"closed","ping_status":"open","template":"","meta":{"footnotes":""},"class_list":["post-30706","page","type-page","status-publish","hentry"],"_links":{"self":[{"href":"http:\/\/www.denkfried.de\/wp\/index.php?rest_route=\/wp\/v2\/pages\/30706","targetHints":{"allow":["GET"]}}],"collection":[{"href":"http:\/\/www.denkfried.de\/wp\/index.php?rest_route=\/wp\/v2\/pages"}],"about":[{"href":"http:\/\/www.denkfried.de\/wp\/index.php?rest_route=\/wp\/v2\/types\/page"}],"author":[{"embeddable":true,"href":"http:\/\/www.denkfried.de\/wp\/index.php?rest_route=\/wp\/v2\/users\/2"}],"replies":[{"embeddable":true,"href":"http:\/\/www.denkfried.de\/wp\/index.php?rest_route=%2Fwp%2Fv2%2Fcomments&post=30706"}],"version-history":[{"count":2,"href":"http:\/\/www.denkfried.de\/wp\/index.php?rest_route=\/wp\/v2\/pages\/30706\/revisions"}],"predecessor-version":[{"id":30716,"href":"http:\/\/www.denkfried.de\/wp\/index.php?rest_route=\/wp\/v2\/pages\/30706\/revisions\/30716"}],"up":[{"embeddable":true,"href":"http:\/\/www.denkfried.de\/wp\/index.php?rest_route=\/wp\/v2\/pages\/30687"}],"wp:attachment":[{"href":"http:\/\/www.denkfried.de\/wp\/index.php?rest_route=%2Fwp%2Fv2%2Fmedia&parent=30706"}],"curies":[{"name":"wp","href":"https:\/\/api.w.org\/{rel}","templated":true}]}}