{"id":30687,"date":"2013-06-03T17:22:09","date_gmt":"2013-06-03T15:22:09","guid":{"rendered":"http:\/\/www.denkfried.de\/wp\/?page_id=30687"},"modified":"2013-06-03T22:36:05","modified_gmt":"2013-06-03T20:36:05","slug":"rinteln","status":"publish","type":"page","link":"http:\/\/www.denkfried.de\/wp\/?page_id=30687","title":{"rendered":"Rinteln"},"content":{"rendered":"<p>&nbsp;<\/p>\n<p><span style=\"text-decoration: underline;\"><strong>31737 Rinteln<\/strong><\/span><\/p>\n<p>1974 sind 18 benachbarte Gemeinden in die Stadt Rinteln eingegliedert worden.<\/p>\n<blockquote>\n<blockquote>\n<ul>\n<li>Ahe<\/li>\n<li>Deckbergen<\/li>\n<li>Engern<\/li>\n<li>Exten<\/li>\n<li>Friedrichswald<\/li>\n<li>Goldbeck<\/li>\n<li>Hohenrode<\/li>\n<li>Kohlenst\u00e4dt<\/li>\n<li>Krankenhagen<\/li>\n<li>M\u00f6llenbeck<\/li>\n<li>Schaumburg<\/li>\n<li>Steinbergen<\/li>\n<li>Str\u00fccken<\/li>\n<li>Todenmann<\/li>\n<li>Uchtorf<\/li>\n<li>Volksen<\/li>\n<li>Wennenkamp<\/li>\n<li>Westendorf<\/li>\n<\/ul>\n<\/blockquote>\n<\/blockquote>\n<p>&nbsp;<\/p>\n<p>J\u00e4gerdenkmal am Blumenwall<\/p>\n<p>Zur Erinnerung an das Res.-J\u00e4ger Batl.-Nr.2\u00a0\u00a0\u00a0 1914-1918<\/p>\n<p>++++++++++++++++++++++++++++++++++++++++++++++<\/p>\n<p>Kriegerdenkmal 1870\/71 am Blumenwall<\/p>\n<p>++++++++++++++++++++++++++++++++++++++++++++++<\/p>\n<p>Gedenkstein auf dem Kollegienplatz<\/p>\n<p>Der Gedenkstein geht auf den 1922 gefassten Plan zur\u00fcck, ein Denkmal f\u00fcr ihre im 1.Weltkrieg gefallenen 109 Mitsch\u00fcler des Gymnasiums zu errichten.<\/p>\n<p>Der Gedenkstein wurde im April 2009 von Unbekannten beschmiert und im Mai 2009 versucht zu reinigen was eher mi\u00dflang. Im Herbst 2010 waren die Schmierereien noch immer sichtbar.<\/p>\n<p>Eine danach angebrachte Gedenktafel tr\u00e4gt folgende Zeilen:<\/p>\n<h5 style=\"padding-left: 60px;\"><em>1933 von ehemaligen Gymniasten f\u00fcr ihre gefallenen Mitsch\u00fcler gesetzt<\/em><\/h5>\n<h5 style=\"padding-left: 60px;\"><em>1936 von Nationalsozialisten beschriftet und vereinnahmt.<\/em><\/h5>\n<h5 style=\"padding-left: 60px;\"><em>Vor 1950 um das Gedenken an die Toten des Zweiten Weltkrieges erg\u00e4nzt<\/em><em>\u00a0bleibt dieser Stein als erinnerndes Zeugnis seiner Zeit erhalten.<\/em><\/h5>\n<h5 style=\"padding-left: 120px;\">\u00a0\u00a0\u00a0\u00a0\u00a0\u00a0\u00a0\u00a0\u00a0\u00a0\u00a0\u00a0\u00a0\u00a0\u00a0\u00a0\u00a0\u00a0\u00a0\u00a0\u00a0\u00a0\u00a0\u00a0\u00a0\u00a0\u00a0\u00a0\u00a0\u00a0\u00a0\u00a0\u00a0\u00a0\u00a0\u00a0\u00a0\u00a0\u00a0\u00a0\u00a0\u00a0\u00a0\u00a0\u00a0\u00a0\u00a0\u00a0\u00a0\u00a0\u00a0\u00a0\u00a0\u00a0\u00a0\u00a0\u00a0\u00a0\u00a0\u00a0\u00a0 <em>Rinteln im Juni 2010<\/em><\/h5>\n<p>&nbsp;<\/p>\n<p>&nbsp;<\/p>\n","protected":false},"excerpt":{"rendered":"<p>&nbsp; 31737 Rinteln 1974 sind 18 benachbarte Gemeinden in die Stadt Rinteln eingegliedert worden. Ahe Deckbergen Engern Exten Friedrichswald Goldbeck Hohenrode Kohlenst\u00e4dt Krankenhagen M\u00f6llenbeck Schaumburg Steinbergen Str\u00fccken Todenmann Uchtorf Volksen Wennenkamp Westendorf &nbsp; J\u00e4gerdenkmal am Blumenwall Zur Erinnerung an das &hellip; <a href=\"http:\/\/www.denkfried.de\/wp\/?page_id=30687\">Weiterlesen <span class=\"meta-nav\">&rarr;<\/span><\/a><\/p>\n","protected":false},"author":2,"featured_media":0,"parent":30677,"menu_order":0,"comment_status":"closed","ping_status":"open","template":"","meta":{"footnotes":""},"class_list":["post-30687","page","type-page","status-publish","hentry"],"_links":{"self":[{"href":"http:\/\/www.denkfried.de\/wp\/index.php?rest_route=\/wp\/v2\/pages\/30687","targetHints":{"allow":["GET"]}}],"collection":[{"href":"http:\/\/www.denkfried.de\/wp\/index.php?rest_route=\/wp\/v2\/pages"}],"about":[{"href":"http:\/\/www.denkfried.de\/wp\/index.php?rest_route=\/wp\/v2\/types\/page"}],"author":[{"embeddable":true,"href":"http:\/\/www.denkfried.de\/wp\/index.php?rest_route=\/wp\/v2\/users\/2"}],"replies":[{"embeddable":true,"href":"http:\/\/www.denkfried.de\/wp\/index.php?rest_route=%2Fwp%2Fv2%2Fcomments&post=30687"}],"version-history":[{"count":4,"href":"http:\/\/www.denkfried.de\/wp\/index.php?rest_route=\/wp\/v2\/pages\/30687\/revisions"}],"predecessor-version":[{"id":30704,"href":"http:\/\/www.denkfried.de\/wp\/index.php?rest_route=\/wp\/v2\/pages\/30687\/revisions\/30704"}],"up":[{"embeddable":true,"href":"http:\/\/www.denkfried.de\/wp\/index.php?rest_route=\/wp\/v2\/pages\/30677"}],"wp:attachment":[{"href":"http:\/\/www.denkfried.de\/wp\/index.php?rest_route=%2Fwp%2Fv2%2Fmedia&parent=30687"}],"curies":[{"name":"wp","href":"https:\/\/api.w.org\/{rel}","templated":true}]}}