{"id":30680,"date":"2013-06-03T15:48:34","date_gmt":"2013-06-03T13:48:34","guid":{"rendered":"http:\/\/www.denkfried.de\/wp\/?page_id=30680"},"modified":"2013-06-03T22:29:06","modified_gmt":"2013-06-03T20:29:06","slug":"rinteln-steinbergen","status":"publish","type":"page","link":"http:\/\/www.denkfried.de\/wp\/?page_id=30680","title":{"rendered":"Rinteln &#8211; Steinbergen"},"content":{"rendered":"<p>&nbsp;<\/p>\n<p><span style=\"text-decoration: underline;\">31737 Rinteln &#8211; <strong>OT Steinbergen<\/strong><\/span><\/p>\n<p>In einem Nebengeb\u00e4ude von Schlo\u00df Arensburg befand sich KZ-Au\u00dfenlager der Insassen im Steinbruch am Messingberg schuften mussten. Sie wurden zu Tode geschunden, von den Felsen gest\u00fcrzt oder erschossen.\u00a0 Eine Gedenktafel wurde erst im Jahre 2000 hier angebracht.<\/p>\n<p>Kriegerdenkmal 1914-1918 f\u00fcr die Gemeinden Ahe, Bucholz, Engern, Steinbergen<\/p>\n<p>++++++++++++++++++++++++++++++++++++++++++++++++++++++++++++++<\/p>\n<p>Denkmal des Zweiten Welkrieges<\/p>\n<p>Friedhof Kirchstra\u00dfe<\/p>\n<p>Im Gemeindehaus befindet sich eine Papptafel mit Fotos der im zweiten Weltkrieg gefallenen B\u00fcrger von Steinbergen, Buchholz und Ahe.<\/p>\n<p>++++++++++++++++++++++++++++++++++++++++++++++++++++++++++++++<\/p>\n<p>Kriegsgr\u00e4ber und privates Gedenken<\/p>\n<p>+++++++++++++++++++++++++++++++++++++++++++++++++++++++++++++<\/p>\n<p>Fotos: kka67<\/p>\n<div id='gallery-1' class='gallery galleryid-30680 gallery-columns-4 gallery-size-thumbnail'><dl class='gallery-item'>\n\t\t\t<dt class='gallery-icon portrait'>\n\t\t\t\t<a href='http:\/\/www.denkfried.de\/wp\/?attachment_id=30701'><img loading=\"lazy\" decoding=\"async\" width=\"150\" height=\"150\" src=\"http:\/\/www.denkfried.de\/wp\/wp-content\/uploads\/2013\/06\/Steinbergen+Ahe+Buchholz+Engern-AK-04.07.2007-0-150x150.jpg\" class=\"attachment-thumbnail size-thumbnail\" alt=\"\" \/><\/a>\n\t\t\t<\/dt><\/dl><dl class='gallery-item'>\n\t\t\t<dt class='gallery-icon landscape'>\n\t\t\t\t<a href='http:\/\/www.denkfried.de\/wp\/?attachment_id=30694'><img loading=\"lazy\" decoding=\"async\" width=\"150\" height=\"150\" src=\"http:\/\/www.denkfried.de\/wp\/wp-content\/uploads\/2013\/06\/Steinbergen+Ahe+Buchholz+Engern-AK-04.07.2007-1-150x150.jpg\" class=\"attachment-thumbnail size-thumbnail\" alt=\"\" \/><\/a>\n\t\t\t<\/dt><\/dl><dl class='gallery-item'>\n\t\t\t<dt class='gallery-icon landscape'>\n\t\t\t\t<a href='http:\/\/www.denkfried.de\/wp\/?attachment_id=30697'><img loading=\"lazy\" decoding=\"async\" width=\"150\" height=\"150\" src=\"http:\/\/www.denkfried.de\/wp\/wp-content\/uploads\/2013\/06\/Steinbergen-2.WK-AK-04.07.2007-2-150x150.jpg\" class=\"attachment-thumbnail size-thumbnail\" alt=\"\" \/><\/a>\n\t\t\t<\/dt><\/dl><dl class='gallery-item'>\n\t\t\t<dt class='gallery-icon landscape'>\n\t\t\t\t<a href='http:\/\/www.denkfried.de\/wp\/?attachment_id=30698'><img loading=\"lazy\" decoding=\"async\" width=\"150\" height=\"150\" src=\"http:\/\/www.denkfried.de\/wp\/wp-content\/uploads\/2013\/06\/Steinbergen-AK-04.07.2007--150x150.jpg\" class=\"attachment-thumbnail size-thumbnail\" alt=\"\" \/><\/a>\n\t\t\t<\/dt><\/dl><br style=\"clear: both\" \/><dl class='gallery-item'>\n\t\t\t<dt class='gallery-icon portrait'>\n\t\t\t\t<a href='http:\/\/www.denkfried.de\/wp\/?attachment_id=30700'><img loading=\"lazy\" decoding=\"async\" width=\"150\" height=\"150\" src=\"http:\/\/www.denkfried.de\/wp\/wp-content\/uploads\/2013\/06\/Steinbergen-AK-04.07.2007-6-150x150.jpg\" class=\"attachment-thumbnail size-thumbnail\" alt=\"\" \/><\/a>\n\t\t\t<\/dt><\/dl><dl class='gallery-item'>\n\t\t\t<dt class='gallery-icon landscape'>\n\t\t\t\t<a href='http:\/\/www.denkfried.de\/wp\/?attachment_id=30699'><img loading=\"lazy\" decoding=\"async\" width=\"150\" height=\"150\" src=\"http:\/\/www.denkfried.de\/wp\/wp-content\/uploads\/2013\/06\/Steinbergen-AK-04.07.2007-2-150x150.jpg\" class=\"attachment-thumbnail size-thumbnail\" alt=\"\" \/><\/a>\n\t\t\t<\/dt><\/dl><dl class='gallery-item'>\n\t\t\t<dt class='gallery-icon portrait'>\n\t\t\t\t<a href='http:\/\/www.denkfried.de\/wp\/?attachment_id=30695'><img loading=\"lazy\" decoding=\"async\" width=\"150\" height=\"150\" src=\"http:\/\/www.denkfried.de\/wp\/wp-content\/uploads\/2013\/06\/Steinbergen-Frh.AK-04.07.2007-8-150x150.jpg\" class=\"attachment-thumbnail size-thumbnail\" alt=\"\" \/><\/a>\n\t\t\t<\/dt><\/dl><dl class='gallery-item'>\n\t\t\t<dt class='gallery-icon landscape'>\n\t\t\t\t<a href='http:\/\/www.denkfried.de\/wp\/?attachment_id=30696'><img loading=\"lazy\" decoding=\"async\" width=\"150\" height=\"150\" src=\"http:\/\/www.denkfried.de\/wp\/wp-content\/uploads\/2013\/06\/Steinbergen-Frh.AK-04.07.2007-9-150x150.jpg\" class=\"attachment-thumbnail size-thumbnail\" alt=\"\" \/><\/a>\n\t\t\t<\/dt><\/dl><br style=\"clear: both\" \/>\n\t\t<\/div>\n\n","protected":false},"excerpt":{"rendered":"<p>&nbsp; 31737 Rinteln &#8211; OT Steinbergen In einem Nebengeb\u00e4ude von Schlo\u00df Arensburg befand sich KZ-Au\u00dfenlager der Insassen im Steinbruch am Messingberg schuften mussten. Sie wurden zu Tode geschunden, von den Felsen gest\u00fcrzt oder erschossen.\u00a0 Eine Gedenktafel wurde erst im Jahre &hellip; <a href=\"http:\/\/www.denkfried.de\/wp\/?page_id=30680\">Weiterlesen <span class=\"meta-nav\">&rarr;<\/span><\/a><\/p>\n","protected":false},"author":2,"featured_media":0,"parent":30687,"menu_order":0,"comment_status":"closed","ping_status":"open","template":"","meta":{"footnotes":""},"class_list":["post-30680","page","type-page","status-publish","hentry"],"_links":{"self":[{"href":"http:\/\/www.denkfried.de\/wp\/index.php?rest_route=\/wp\/v2\/pages\/30680","targetHints":{"allow":["GET"]}}],"collection":[{"href":"http:\/\/www.denkfried.de\/wp\/index.php?rest_route=\/wp\/v2\/pages"}],"about":[{"href":"http:\/\/www.denkfried.de\/wp\/index.php?rest_route=\/wp\/v2\/types\/page"}],"author":[{"embeddable":true,"href":"http:\/\/www.denkfried.de\/wp\/index.php?rest_route=\/wp\/v2\/users\/2"}],"replies":[{"embeddable":true,"href":"http:\/\/www.denkfried.de\/wp\/index.php?rest_route=%2Fwp%2Fv2%2Fcomments&post=30680"}],"version-history":[{"count":10,"href":"http:\/\/www.denkfried.de\/wp\/index.php?rest_route=\/wp\/v2\/pages\/30680\/revisions"}],"predecessor-version":[{"id":30685,"href":"http:\/\/www.denkfried.de\/wp\/index.php?rest_route=\/wp\/v2\/pages\/30680\/revisions\/30685"}],"up":[{"embeddable":true,"href":"http:\/\/www.denkfried.de\/wp\/index.php?rest_route=\/wp\/v2\/pages\/30687"}],"wp:attachment":[{"href":"http:\/\/www.denkfried.de\/wp\/index.php?rest_route=%2Fwp%2Fv2%2Fmedia&parent=30680"}],"curies":[{"name":"wp","href":"https:\/\/api.w.org\/{rel}","templated":true}]}}