{"id":30479,"date":"2013-05-13T22:24:10","date_gmt":"2013-05-13T20:24:10","guid":{"rendered":"http:\/\/www.denkfried.de\/wp\/?page_id=30479"},"modified":"2015-11-09T16:49:17","modified_gmt":"2015-11-09T15:49:17","slug":"lauchhammer-sud","status":"publish","type":"page","link":"http:\/\/www.denkfried.de\/wp\/?page_id=30479","title":{"rendered":"Lauchhammer &#8211; S\u00fcd"},"content":{"rendered":"<p><span style=\"text-decoration: underline;\"><strong>01979 Lauchhammer-S\u00fcd<\/strong><\/span><\/p>\n<h5><span style=\"text-decoration: underline;\"><strong>St\u00e4dtischer Friedhof <\/strong><\/span><\/h5>\n<p>Kriegsgr\u00e4berst\u00e4tte<\/p>\n<p>Hier sind 6 Gr\u00e4ber, davon liegen 2 Unbekannte in einem Grab.<\/p>\n<div id='gallery-1' class='gallery galleryid-30479 gallery-columns-3 gallery-size-thumbnail'><dl class='gallery-item'>\n\t\t\t<dt class='gallery-icon landscape'>\n\t\t\t\t<a href='http:\/\/www.denkfried.de\/wp\/?attachment_id=30482'><img loading=\"lazy\" decoding=\"async\" width=\"150\" height=\"150\" src=\"http:\/\/www.denkfried.de\/wp\/wp-content\/uploads\/2013\/05\/DSCF4060-150x150.jpg\" class=\"attachment-thumbnail size-thumbnail\" alt=\"\" \/><\/a>\n\t\t\t<\/dt><\/dl><dl class='gallery-item'>\n\t\t\t<dt class='gallery-icon landscape'>\n\t\t\t\t<a href='http:\/\/www.denkfried.de\/wp\/?attachment_id=30480'><img loading=\"lazy\" decoding=\"async\" width=\"150\" height=\"150\" src=\"http:\/\/www.denkfried.de\/wp\/wp-content\/uploads\/2013\/05\/DSCF4058-150x150.jpg\" class=\"attachment-thumbnail size-thumbnail\" alt=\"\" \/><\/a>\n\t\t\t<\/dt><\/dl><dl class='gallery-item'>\n\t\t\t<dt class='gallery-icon landscape'>\n\t\t\t\t<a href='http:\/\/www.denkfried.de\/wp\/?attachment_id=30481'><img loading=\"lazy\" decoding=\"async\" width=\"150\" height=\"150\" src=\"http:\/\/www.denkfried.de\/wp\/wp-content\/uploads\/2013\/05\/DSCF4059-150x150.jpg\" class=\"attachment-thumbnail size-thumbnail\" alt=\"\" \/><\/a>\n\t\t\t<\/dt><\/dl><br style=\"clear: both\" \/><dl class='gallery-item'>\n\t\t\t<dt class='gallery-icon landscape'>\n\t\t\t\t<a href='http:\/\/www.denkfried.de\/wp\/?attachment_id=30483'><img loading=\"lazy\" decoding=\"async\" width=\"150\" height=\"150\" src=\"http:\/\/www.denkfried.de\/wp\/wp-content\/uploads\/2013\/05\/DSCF4054-150x150.jpg\" class=\"attachment-thumbnail size-thumbnail\" alt=\"\" \/><\/a>\n\t\t\t<\/dt><\/dl><dl class='gallery-item'>\n\t\t\t<dt class='gallery-icon landscape'>\n\t\t\t\t<a href='http:\/\/www.denkfried.de\/wp\/?attachment_id=30484'><img loading=\"lazy\" decoding=\"async\" width=\"150\" height=\"150\" src=\"http:\/\/www.denkfried.de\/wp\/wp-content\/uploads\/2013\/05\/DSCF4056-150x150.jpg\" class=\"attachment-thumbnail size-thumbnail\" alt=\"\" \/><\/a>\n\t\t\t<\/dt><\/dl><dl class='gallery-item'>\n\t\t\t<dt class='gallery-icon landscape'>\n\t\t\t\t<a href='http:\/\/www.denkfried.de\/wp\/?attachment_id=30485'><img loading=\"lazy\" decoding=\"async\" width=\"150\" height=\"150\" src=\"http:\/\/www.denkfried.de\/wp\/wp-content\/uploads\/2013\/05\/DSCF4057-150x150.jpg\" class=\"attachment-thumbnail size-thumbnail\" alt=\"\" \/><\/a>\n\t\t\t<\/dt><\/dl><br style=\"clear: both\" \/>\n\t\t<\/div>\n\n<p>&nbsp;<\/p>\n<p>Dolsthaida, wie es ehemals hie\u00df, ist heute ein Stadtteil von Lauchhammer-S\u00fcd.<\/p>\n<p>B\u00e4rhaus war fr\u00fcher eine Siedlung und wurde nach Dolsthaida eingemeindet. Deshalb auch die 2 Ortsnamen auf dem Denkmal.<\/p>\n<div id=\"attachment_35119\" style=\"width: 310px\" class=\"wp-caption alignnone\"><img loading=\"lazy\" decoding=\"async\" aria-describedby=\"caption-attachment-35119\" class=\"wp-image-35119 size-medium\" src=\"http:\/\/www.denkfried.de\/wp\/wp-content\/uploads\/2013\/05\/Scannen0017-300x204.jpg\" alt=\"Scannen0017\" width=\"300\" height=\"204\" srcset=\"http:\/\/www.denkfried.de\/wp\/wp-content\/uploads\/2013\/05\/Scannen0017-300x204.jpg 300w, http:\/\/www.denkfried.de\/wp\/wp-content\/uploads\/2013\/05\/Scannen0017-1024x698.jpg 1024w, http:\/\/www.denkfried.de\/wp\/wp-content\/uploads\/2013\/05\/Scannen0017.jpg 1254w\" sizes=\"auto, (max-width: 300px) 100vw, 300px\" \/><p id=\"caption-attachment-35119\" class=\"wp-caption-text\">Kriegerdenkmal auf dem Friedhof Lauchhammer-S\u00fcd<\/p><\/div>\n<div id='gallery-2' class='gallery galleryid-30479 gallery-columns-3 gallery-size-thumbnail'><dl class='gallery-item'>\n\t\t\t<dt class='gallery-icon landscape'>\n\t\t\t\t<a href='http:\/\/www.denkfried.de\/wp\/?attachment_id=39383'><img loading=\"lazy\" decoding=\"async\" width=\"150\" height=\"150\" src=\"http:\/\/www.denkfried.de\/wp\/wp-content\/uploads\/2013\/05\/IMG_0071-150x150.jpg\" class=\"attachment-thumbnail size-thumbnail\" alt=\"\" \/><\/a>\n\t\t\t<\/dt><\/dl><dl class='gallery-item'>\n\t\t\t<dt class='gallery-icon landscape'>\n\t\t\t\t<a href='http:\/\/www.denkfried.de\/wp\/?attachment_id=39382'><img loading=\"lazy\" decoding=\"async\" width=\"150\" height=\"150\" src=\"http:\/\/www.denkfried.de\/wp\/wp-content\/uploads\/2013\/05\/IMG_0070-150x150.jpg\" class=\"attachment-thumbnail size-thumbnail\" alt=\"\" \/><\/a>\n\t\t\t<\/dt><\/dl><dl class='gallery-item'>\n\t\t\t<dt class='gallery-icon portrait'>\n\t\t\t\t<a href='http:\/\/www.denkfried.de\/wp\/?attachment_id=39386'><img loading=\"lazy\" decoding=\"async\" width=\"150\" height=\"150\" src=\"http:\/\/www.denkfried.de\/wp\/wp-content\/uploads\/2013\/05\/IMG_0065-150x150.jpg\" class=\"attachment-thumbnail size-thumbnail\" alt=\"\" \/><\/a>\n\t\t\t<\/dt><\/dl><br style=\"clear: both\" \/>\n\t\t<\/div>\n\n<p>Namen vom DM 2.Weltkrieg sind in der Datenbank erfasst.<\/p>\n<p>&nbsp;<\/p>\n","protected":false},"excerpt":{"rendered":"<p>01979 Lauchhammer-S\u00fcd St\u00e4dtischer Friedhof Kriegsgr\u00e4berst\u00e4tte Hier sind 6 Gr\u00e4ber, davon liegen 2 Unbekannte in einem Grab. &nbsp; Dolsthaida, wie es ehemals hie\u00df, ist heute ein Stadtteil von Lauchhammer-S\u00fcd. B\u00e4rhaus war fr\u00fcher eine Siedlung und wurde nach Dolsthaida eingemeindet. Deshalb auch &hellip; <a href=\"http:\/\/www.denkfried.de\/wp\/?page_id=30479\">Weiterlesen <span class=\"meta-nav\">&rarr;<\/span><\/a><\/p>\n","protected":false},"author":2,"featured_media":0,"parent":5023,"menu_order":0,"comment_status":"closed","ping_status":"open","template":"","meta":{"footnotes":""},"class_list":["post-30479","page","type-page","status-publish","hentry"],"_links":{"self":[{"href":"http:\/\/www.denkfried.de\/wp\/index.php?rest_route=\/wp\/v2\/pages\/30479","targetHints":{"allow":["GET"]}}],"collection":[{"href":"http:\/\/www.denkfried.de\/wp\/index.php?rest_route=\/wp\/v2\/pages"}],"about":[{"href":"http:\/\/www.denkfried.de\/wp\/index.php?rest_route=\/wp\/v2\/types\/page"}],"author":[{"embeddable":true,"href":"http:\/\/www.denkfried.de\/wp\/index.php?rest_route=\/wp\/v2\/users\/2"}],"replies":[{"embeddable":true,"href":"http:\/\/www.denkfried.de\/wp\/index.php?rest_route=%2Fwp%2Fv2%2Fcomments&post=30479"}],"version-history":[{"count":8,"href":"http:\/\/www.denkfried.de\/wp\/index.php?rest_route=\/wp\/v2\/pages\/30479\/revisions"}],"predecessor-version":[{"id":39388,"href":"http:\/\/www.denkfried.de\/wp\/index.php?rest_route=\/wp\/v2\/pages\/30479\/revisions\/39388"}],"up":[{"embeddable":true,"href":"http:\/\/www.denkfried.de\/wp\/index.php?rest_route=\/wp\/v2\/pages\/5023"}],"wp:attachment":[{"href":"http:\/\/www.denkfried.de\/wp\/index.php?rest_route=%2Fwp%2Fv2%2Fmedia&parent=30479"}],"curies":[{"name":"wp","href":"https:\/\/api.w.org\/{rel}","templated":true}]}}