{"id":30288,"date":"2013-04-28T16:28:29","date_gmt":"2013-04-28T14:28:29","guid":{"rendered":"http:\/\/www.denkfried.de\/wp\/?page_id=30288"},"modified":"2014-05-03T14:40:46","modified_gmt":"2014-05-03T12:40:46","slug":"kreisfreie-stadt-bamberg","status":"publish","type":"page","link":"http:\/\/www.denkfried.de\/wp\/?page_id=30288","title":{"rendered":"Kreisfreie Stadt Bamberg"},"content":{"rendered":"<p>Verwaltungssitz:\u00a0 <strong><span style=\"text-decoration: underline;\">96047 Bamberg<\/span><\/strong>, Maximiliansplatz 3<\/p>\n<p>__________________________________________________________<\/p>\n<p>St\u00e4dtischer Friedhof:<\/p>\n<p>Grab u.Denkmal f.d.Widerstandsk\u00e4mpfer Hans W\u00f6lfel, der 1944 in g\u00f6rden ermordert wurde.<\/p>\n<p>In der N\u00e4he des Ehrenfriedhofes f\u00fcr get\u00f6tete Wehrmachtssoldaten befindet sich noch eine Grabanlage f\u00fcr 52 ausl\u00e4ndische Zwangsarbeiter.<\/p>\n<p>Weitere Friedh\u00f6fe in den Stadteilen Bug, Gaustadt und Wildensorg.<\/p>\n<p>**************************************************************************<\/p>\n<p><strong>Ged\u00e4chtnistafel f\u00fcr die Krieger 1870\/71<\/strong><\/p>\n<p>Die Gedenktafel befindet sich im Kloster Michaelsberg in Bamberg.<br \/>\nDie Klosteranlage St. Michael zu Bamberg zeigt in ihrer barocken Pracht den Wohlstand des fr\u00fcher ans\u00e4ssigen Benediktinerordens. Die Gew\u00f6lbemalerei in der Klosterkirche stellt den Himmelsgarten dar, ein umfangreiches Lexikon der Botanik, nicht wie \u00fcblich der kirchlichen Motive.<\/p>\n<p>Text u.Fotos von md11<\/p>\n<div id='gallery-1' class='gallery galleryid-30288 gallery-columns-3 gallery-size-thumbnail'><dl class='gallery-item'>\n\t\t\t<dt class='gallery-icon landscape'>\n\t\t\t\t<a href='http:\/\/www.denkfried.de\/wp\/?attachment_id=35152'><img loading=\"lazy\" decoding=\"async\" width=\"150\" height=\"150\" src=\"http:\/\/www.denkfried.de\/wp\/wp-content\/uploads\/2013\/04\/4-150x150.jpg\" class=\"attachment-thumbnail size-thumbnail\" alt=\"\" \/><\/a>\n\t\t\t<\/dt><\/dl><dl class='gallery-item'>\n\t\t\t<dt class='gallery-icon landscape'>\n\t\t\t\t<a href='http:\/\/www.denkfried.de\/wp\/?attachment_id=35151'><img loading=\"lazy\" decoding=\"async\" width=\"150\" height=\"150\" src=\"http:\/\/www.denkfried.de\/wp\/wp-content\/uploads\/2013\/04\/3-150x150.jpg\" class=\"attachment-thumbnail size-thumbnail\" alt=\"\" \/><\/a>\n\t\t\t<\/dt><\/dl><dl class='gallery-item'>\n\t\t\t<dt class='gallery-icon landscape'>\n\t\t\t\t<a href='http:\/\/www.denkfried.de\/wp\/?attachment_id=35150'><img loading=\"lazy\" decoding=\"async\" width=\"150\" height=\"150\" src=\"http:\/\/www.denkfried.de\/wp\/wp-content\/uploads\/2013\/04\/PA-1104-150x150.jpg\" class=\"attachment-thumbnail size-thumbnail\" alt=\"\" \/><\/a>\n\t\t\t<\/dt><\/dl><br style=\"clear: both\" \/><dl class='gallery-item'>\n\t\t\t<dt class='gallery-icon portrait'>\n\t\t\t\t<a href='http:\/\/www.denkfried.de\/wp\/?attachment_id=35149'><img loading=\"lazy\" decoding=\"async\" width=\"150\" height=\"150\" src=\"http:\/\/www.denkfried.de\/wp\/wp-content\/uploads\/2013\/04\/PA-1101-150x150.jpg\" class=\"attachment-thumbnail size-thumbnail\" alt=\"\" \/><\/a>\n\t\t\t<\/dt><\/dl><dl class='gallery-item'>\n\t\t\t<dt class='gallery-icon landscape'>\n\t\t\t\t<a href='http:\/\/www.denkfried.de\/wp\/?attachment_id=35147'><img loading=\"lazy\" decoding=\"async\" width=\"150\" height=\"150\" src=\"http:\/\/www.denkfried.de\/wp\/wp-content\/uploads\/2013\/04\/PA-1106-150x150.jpg\" class=\"attachment-thumbnail size-thumbnail\" alt=\"\" \/><\/a>\n\t\t\t<\/dt><\/dl><dl class='gallery-item'>\n\t\t\t<dt class='gallery-icon portrait'>\n\t\t\t\t<a href='http:\/\/www.denkfried.de\/wp\/?attachment_id=35148'><img loading=\"lazy\" decoding=\"async\" width=\"150\" height=\"150\" src=\"http:\/\/www.denkfried.de\/wp\/wp-content\/uploads\/2013\/04\/PA-1098-150x150.jpg\" class=\"attachment-thumbnail size-thumbnail\" alt=\"\" \/><\/a>\n\t\t\t<\/dt><\/dl><br style=\"clear: both\" \/>\n\t\t<\/div>\n\n","protected":false},"excerpt":{"rendered":"<p>Verwaltungssitz:\u00a0 96047 Bamberg, Maximiliansplatz 3 __________________________________________________________ St\u00e4dtischer Friedhof: Grab u.Denkmal f.d.Widerstandsk\u00e4mpfer Hans W\u00f6lfel, der 1944 in g\u00f6rden ermordert wurde. In der N\u00e4he des Ehrenfriedhofes f\u00fcr get\u00f6tete Wehrmachtssoldaten befindet sich noch eine Grabanlage f\u00fcr 52 ausl\u00e4ndische Zwangsarbeiter. Weitere Friedh\u00f6fe in den &hellip; <a href=\"http:\/\/www.denkfried.de\/wp\/?page_id=30288\">Weiterlesen <span class=\"meta-nav\">&rarr;<\/span><\/a><\/p>\n","protected":false},"author":2,"featured_media":0,"parent":27813,"menu_order":0,"comment_status":"closed","ping_status":"open","template":"","meta":{"footnotes":""},"class_list":["post-30288","page","type-page","status-publish","hentry"],"_links":{"self":[{"href":"http:\/\/www.denkfried.de\/wp\/index.php?rest_route=\/wp\/v2\/pages\/30288","targetHints":{"allow":["GET"]}}],"collection":[{"href":"http:\/\/www.denkfried.de\/wp\/index.php?rest_route=\/wp\/v2\/pages"}],"about":[{"href":"http:\/\/www.denkfried.de\/wp\/index.php?rest_route=\/wp\/v2\/types\/page"}],"author":[{"embeddable":true,"href":"http:\/\/www.denkfried.de\/wp\/index.php?rest_route=\/wp\/v2\/users\/2"}],"replies":[{"embeddable":true,"href":"http:\/\/www.denkfried.de\/wp\/index.php?rest_route=%2Fwp%2Fv2%2Fcomments&post=30288"}],"version-history":[{"count":6,"href":"http:\/\/www.denkfried.de\/wp\/index.php?rest_route=\/wp\/v2\/pages\/30288\/revisions"}],"predecessor-version":[{"id":35153,"href":"http:\/\/www.denkfried.de\/wp\/index.php?rest_route=\/wp\/v2\/pages\/30288\/revisions\/35153"}],"up":[{"embeddable":true,"href":"http:\/\/www.denkfried.de\/wp\/index.php?rest_route=\/wp\/v2\/pages\/27813"}],"wp:attachment":[{"href":"http:\/\/www.denkfried.de\/wp\/index.php?rest_route=%2Fwp%2Fv2%2Fmedia&parent=30288"}],"curies":[{"name":"wp","href":"https:\/\/api.w.org\/{rel}","templated":true}]}}