{"id":30115,"date":"2013-04-03T20:44:07","date_gmt":"2013-04-03T18:44:07","guid":{"rendered":"http:\/\/www.denkfried.de\/wp\/?page_id=30115"},"modified":"2013-04-03T20:46:27","modified_gmt":"2013-04-03T18:46:27","slug":"lager-lambsdorf-labinowice","status":"publish","type":"page","link":"http:\/\/www.denkfried.de\/wp\/?page_id=30115","title":{"rendered":"Lager Lambsdorf-Labinowice"},"content":{"rendered":"<p>&nbsp;<\/p>\n<p><span style=\"text-decoration: underline;\"><strong>Lager Lambsdorf\/Labinowice<\/strong><\/span><\/p>\n<p>Bei meiner Breslau Reise besuchten wir auch das Kriegsgefangenenlager Lambsdorf mit der Ausstellung des Lagers. Danach machten wir einen Besuch der Kriegsgr\u00e4berst\u00e4tte f\u00fcr die umgekommenen des Internierungslagers.<\/p>\n<div>\n<h2>Lambsdorf \/ Lambinowice<\/h2>\n<p>Die rund 550 Friedh\u00f6fe des Ersten Weltkrieges stehen unter polnischen Denkmalschutz. Sie werden durch die zust\u00e4ndigen polnischen Beh\u00f6rden, soweit wie m\u00f6glich, instand gehalten und gepflegt.<br \/>\nDer Volksbund hilft dabei sowohl mit finanziellen Zusch\u00fcssen und fachlichem Rat als auch mit Einsatz von Jugendlagern und Bundeswehreins\u00e4tze.<\/p>\n<p>Das ehemalige Lambsdorf war seit dem Krieg 1870\/71 Standort f\u00fcr ein Kriegsgefangenenlager. Auf der Friedhofsfl\u00e4che von 4,37 ha ruhen insgesamt 7.019 Tote.<\/p>\n<p>Aus der Zeit des franz\u00f6sisch-preussischen Krieges ruhen hier 60 Franzosen. Aus dem I. Weltkrieg fanden 3.573 russische Soldaten, 3.231 \u00f6sterreichisch-ungarische Soldaten, 20 deutsche Soldaten, sowie Soldaten aus anderen Nationen hier ihre letzte Ruhest\u00e4tte.<\/p>\n<p>Das Gel\u00e4nde ist mit einem Metallgitterzaun eingefasst; die Gr\u00e4ber haben Einzelkreuze aus Naturstein oder Beton. Mehrere Denkmale der verschiedenen Nationen sind aufgestellt.<\/p>\n<p>Der Landesverband Rheinland-Pfalz hat in den Jahren 1997 bis 2002 j\u00e4hrlich ein deutsch-polnisches Jugendlager auf dem Gel\u00e4nde durchgef\u00fchrt.<\/p>\n<p>Das ehemalige Lagergel\u00e4nde kann besucht werden, es gibt eine Ausstellung in einem der Geb\u00e4ude.<\/p>\n<p>Auf dem Gel\u00e4nde befindet sich ein russischer Friedhof mit 40.000 Toten des II. Weltkrieges und eine Gedenkst\u00e4tte f\u00fcr die nach dem II. Weltkrieg internierten verstorbenen Deutschen.<\/p>\n<p>Quelle Volksbund<\/p>\n<p>&nbsp;<\/p>\n<p>Gr\u00fc\u00dfe Hubert<\/p>\n<p><a href=\"http:\/\/www.denkfried.de\/wp\/wp-content\/uploads\/2013\/04\/252.jpg\"><img loading=\"lazy\" decoding=\"async\" class=\"alignleft size-medium wp-image-30116\" alt=\"Hinweistafel\" src=\"http:\/\/www.denkfried.de\/wp\/wp-content\/uploads\/2013\/04\/252-199x300.jpg\" width=\"199\" height=\"300\" srcset=\"http:\/\/www.denkfried.de\/wp\/wp-content\/uploads\/2013\/04\/252-199x300.jpg 199w, http:\/\/www.denkfried.de\/wp\/wp-content\/uploads\/2013\/04\/252.jpg 425w\" sizes=\"auto, (max-width: 199px) 100vw, 199px\" \/><\/a><a href=\"http:\/\/www.denkfried.de\/wp\/wp-content\/uploads\/2013\/04\/253.jpg\"><img loading=\"lazy\" decoding=\"async\" class=\"alignleft size-medium wp-image-30117\" alt=\"Grundriss Lagerplan\" src=\"http:\/\/www.denkfried.de\/wp\/wp-content\/uploads\/2013\/04\/253-300x199.jpg\" width=\"300\" height=\"199\" srcset=\"http:\/\/www.denkfried.de\/wp\/wp-content\/uploads\/2013\/04\/253-300x199.jpg 300w, http:\/\/www.denkfried.de\/wp\/wp-content\/uploads\/2013\/04\/253.jpg 640w\" sizes=\"auto, (max-width: 300px) 100vw, 300px\" \/><\/a><a href=\"http:\/\/www.denkfried.de\/wp\/wp-content\/uploads\/2013\/04\/254.jpg\"><img loading=\"lazy\" decoding=\"async\" class=\"alignleft size-medium wp-image-30118\" alt=\"Lager\" src=\"http:\/\/www.denkfried.de\/wp\/wp-content\/uploads\/2013\/04\/254-300x199.jpg\" width=\"300\" height=\"199\" srcset=\"http:\/\/www.denkfried.de\/wp\/wp-content\/uploads\/2013\/04\/254-300x199.jpg 300w, http:\/\/www.denkfried.de\/wp\/wp-content\/uploads\/2013\/04\/254.jpg 640w\" sizes=\"auto, (max-width: 300px) 100vw, 300px\" \/><\/a><a href=\"http:\/\/www.denkfried.de\/wp\/wp-content\/uploads\/2013\/04\/255.jpg\"><img loading=\"lazy\" decoding=\"async\" class=\"aligncenter size-medium wp-image-30119\" alt=\"Ansicht Hochkreutz\" src=\"http:\/\/www.denkfried.de\/wp\/wp-content\/uploads\/2013\/04\/255-300x199.jpg\" width=\"300\" height=\"199\" srcset=\"http:\/\/www.denkfried.de\/wp\/wp-content\/uploads\/2013\/04\/255-300x199.jpg 300w, http:\/\/www.denkfried.de\/wp\/wp-content\/uploads\/2013\/04\/255.jpg 640w\" sizes=\"auto, (max-width: 300px) 100vw, 300px\" \/><\/a><a href=\"http:\/\/www.denkfried.de\/wp\/wp-content\/uploads\/2013\/04\/259.jpg\"><img loading=\"lazy\" decoding=\"async\" class=\"aligncenter size-medium wp-image-30120\" alt=\"Inschrift Hochkreutz\" src=\"http:\/\/www.denkfried.de\/wp\/wp-content\/uploads\/2013\/04\/259-199x300.jpg\" width=\"199\" height=\"300\" srcset=\"http:\/\/www.denkfried.de\/wp\/wp-content\/uploads\/2013\/04\/259-199x300.jpg 199w, http:\/\/www.denkfried.de\/wp\/wp-content\/uploads\/2013\/04\/259.jpg 425w\" sizes=\"auto, (max-width: 199px) 100vw, 199px\" \/><\/a><a href=\"http:\/\/www.denkfried.de\/wp\/wp-content\/uploads\/2013\/04\/260.jpg\"><img loading=\"lazy\" decoding=\"async\" class=\"aligncenter size-medium wp-image-30121\" alt=\"Ansicht Gr\u00e4berfeld\" src=\"http:\/\/www.denkfried.de\/wp\/wp-content\/uploads\/2013\/04\/260-300x199.jpg\" width=\"300\" height=\"199\" srcset=\"http:\/\/www.denkfried.de\/wp\/wp-content\/uploads\/2013\/04\/260-300x199.jpg 300w, http:\/\/www.denkfried.de\/wp\/wp-content\/uploads\/2013\/04\/260.jpg 640w\" sizes=\"auto, (max-width: 300px) 100vw, 300px\" \/><\/a><a href=\"http:\/\/www.denkfried.de\/wp\/wp-content\/uploads\/2013\/04\/261.jpg\"><img loading=\"lazy\" decoding=\"async\" class=\"aligncenter size-medium wp-image-30122\" alt=\"Gedenkstein\" src=\"http:\/\/www.denkfried.de\/wp\/wp-content\/uploads\/2013\/04\/261-300x199.jpg\" width=\"300\" height=\"199\" srcset=\"http:\/\/www.denkfried.de\/wp\/wp-content\/uploads\/2013\/04\/261-300x199.jpg 300w, http:\/\/www.denkfried.de\/wp\/wp-content\/uploads\/2013\/04\/261.jpg 640w\" sizes=\"auto, (max-width: 300px) 100vw, 300px\" \/><\/a><a href=\"http:\/\/www.denkfried.de\/wp\/wp-content\/uploads\/2013\/04\/262.jpg\"><img loading=\"lazy\" decoding=\"async\" class=\"aligncenter size-medium wp-image-30123\" alt=\"Gedenkstein\" src=\"http:\/\/www.denkfried.de\/wp\/wp-content\/uploads\/2013\/04\/262-300x199.jpg\" width=\"300\" height=\"199\" srcset=\"http:\/\/www.denkfried.de\/wp\/wp-content\/uploads\/2013\/04\/262-300x199.jpg 300w, http:\/\/www.denkfried.de\/wp\/wp-content\/uploads\/2013\/04\/262.jpg 640w\" sizes=\"auto, (max-width: 300px) 100vw, 300px\" \/><\/a><a href=\"http:\/\/www.denkfried.de\/wp\/wp-content\/uploads\/2013\/04\/263.jpg\"><img loading=\"lazy\" decoding=\"async\" class=\"aligncenter size-medium wp-image-30124\" alt=\"Gedenkstein\" src=\"http:\/\/www.denkfried.de\/wp\/wp-content\/uploads\/2013\/04\/263-300x199.jpg\" width=\"300\" height=\"199\" srcset=\"http:\/\/www.denkfried.de\/wp\/wp-content\/uploads\/2013\/04\/263-300x199.jpg 300w, http:\/\/www.denkfried.de\/wp\/wp-content\/uploads\/2013\/04\/263.jpg 640w\" sizes=\"auto, (max-width: 300px) 100vw, 300px\" \/><\/a><a href=\"http:\/\/www.denkfried.de\/wp\/wp-content\/uploads\/2013\/04\/264.jpg\"><img loading=\"lazy\" decoding=\"async\" class=\"aligncenter size-medium wp-image-30125\" alt=\"Namenstafel bei Hochkreutz\" src=\"http:\/\/www.denkfried.de\/wp\/wp-content\/uploads\/2013\/04\/264-199x300.jpg\" width=\"199\" height=\"300\" srcset=\"http:\/\/www.denkfried.de\/wp\/wp-content\/uploads\/2013\/04\/264-199x300.jpg 199w, http:\/\/www.denkfried.de\/wp\/wp-content\/uploads\/2013\/04\/264.jpg 425w\" sizes=\"auto, (max-width: 199px) 100vw, 199px\" \/><\/a><a href=\"http:\/\/www.denkfried.de\/wp\/wp-content\/uploads\/2013\/04\/265.jpg\"><img loading=\"lazy\" decoding=\"async\" class=\"aligncenter size-medium wp-image-30126\" alt=\"Ansicht Namensplatten \" src=\"http:\/\/www.denkfried.de\/wp\/wp-content\/uploads\/2013\/04\/265-300x199.jpg\" width=\"300\" height=\"199\" srcset=\"http:\/\/www.denkfried.de\/wp\/wp-content\/uploads\/2013\/04\/265-300x199.jpg 300w, http:\/\/www.denkfried.de\/wp\/wp-content\/uploads\/2013\/04\/265.jpg 640w\" sizes=\"auto, (max-width: 300px) 100vw, 300px\" \/><\/a><a href=\"http:\/\/www.denkfried.de\/wp\/wp-content\/uploads\/2013\/04\/268.jpg\"><img loading=\"lazy\" decoding=\"async\" class=\"aligncenter size-medium wp-image-30127\" alt=\"Grabschmuck\" src=\"http:\/\/www.denkfried.de\/wp\/wp-content\/uploads\/2013\/04\/268-199x300.jpg\" width=\"199\" height=\"300\" srcset=\"http:\/\/www.denkfried.de\/wp\/wp-content\/uploads\/2013\/04\/268-199x300.jpg 199w, http:\/\/www.denkfried.de\/wp\/wp-content\/uploads\/2013\/04\/268.jpg 425w\" sizes=\"auto, (max-width: 199px) 100vw, 199px\" \/><\/a><a href=\"http:\/\/www.denkfried.de\/wp\/wp-content\/uploads\/2013\/04\/269.jpg\"><img loading=\"lazy\" decoding=\"async\" class=\"aligncenter size-medium wp-image-30128\" alt=\"Ansicht Gr\u00e4berfeld\" src=\"http:\/\/www.denkfried.de\/wp\/wp-content\/uploads\/2013\/04\/269-300x199.jpg\" width=\"300\" height=\"199\" srcset=\"http:\/\/www.denkfried.de\/wp\/wp-content\/uploads\/2013\/04\/269-300x199.jpg 300w, http:\/\/www.denkfried.de\/wp\/wp-content\/uploads\/2013\/04\/269.jpg 640w\" sizes=\"auto, (max-width: 300px) 100vw, 300px\" \/><\/a><\/p>\n<\/div>\n","protected":false},"excerpt":{"rendered":"<p>&nbsp; Lager Lambsdorf\/Labinowice Bei meiner Breslau Reise besuchten wir auch das Kriegsgefangenenlager Lambsdorf mit der Ausstellung des Lagers. Danach machten wir einen Besuch der Kriegsgr\u00e4berst\u00e4tte f\u00fcr die umgekommenen des Internierungslagers. Lambsdorf \/ Lambinowice Die rund 550 Friedh\u00f6fe des Ersten Weltkrieges &hellip; <a href=\"http:\/\/www.denkfried.de\/wp\/?page_id=30115\">Weiterlesen <span class=\"meta-nav\">&rarr;<\/span><\/a><\/p>\n","protected":false},"author":7,"featured_media":0,"parent":331,"menu_order":0,"comment_status":"closed","ping_status":"open","template":"","meta":{"footnotes":""},"class_list":["post-30115","page","type-page","status-publish","hentry"],"_links":{"self":[{"href":"http:\/\/www.denkfried.de\/wp\/index.php?rest_route=\/wp\/v2\/pages\/30115","targetHints":{"allow":["GET"]}}],"collection":[{"href":"http:\/\/www.denkfried.de\/wp\/index.php?rest_route=\/wp\/v2\/pages"}],"about":[{"href":"http:\/\/www.denkfried.de\/wp\/index.php?rest_route=\/wp\/v2\/types\/page"}],"author":[{"embeddable":true,"href":"http:\/\/www.denkfried.de\/wp\/index.php?rest_route=\/wp\/v2\/users\/7"}],"replies":[{"embeddable":true,"href":"http:\/\/www.denkfried.de\/wp\/index.php?rest_route=%2Fwp%2Fv2%2Fcomments&post=30115"}],"version-history":[{"count":3,"href":"http:\/\/www.denkfried.de\/wp\/index.php?rest_route=\/wp\/v2\/pages\/30115\/revisions"}],"predecessor-version":[{"id":30136,"href":"http:\/\/www.denkfried.de\/wp\/index.php?rest_route=\/wp\/v2\/pages\/30115\/revisions\/30136"}],"up":[{"embeddable":true,"href":"http:\/\/www.denkfried.de\/wp\/index.php?rest_route=\/wp\/v2\/pages\/331"}],"wp:attachment":[{"href":"http:\/\/www.denkfried.de\/wp\/index.php?rest_route=%2Fwp%2Fv2%2Fmedia&parent=30115"}],"curies":[{"name":"wp","href":"https:\/\/api.w.org\/{rel}","templated":true}]}}