{"id":30098,"date":"2013-04-03T20:15:54","date_gmt":"2013-04-03T18:15:54","guid":{"rendered":"http:\/\/www.denkfried.de\/wp\/?page_id=30098"},"modified":"2013-04-03T20:15:54","modified_gmt":"2013-04-03T18:15:54","slug":"gros-nadlitz","status":"publish","type":"page","link":"http:\/\/www.denkfried.de\/wp\/?page_id=30098","title":{"rendered":"Gro\u00df N\u00e4dlitz"},"content":{"rendered":"<p>&nbsp;<\/p>\n<p><span style=\"text-decoration: underline;\"><strong>Gro\u00df N\u00e4dlitz<\/strong><\/span><\/p>\n<p>Ich war im M\u00e4rz 2013 mit einer Reisegruppe auf den deutschen Soldatenfriedhof Gro\u00df N\u00e4dlitz und legten einen Kranz nieder.Anschlie\u00dfend machte ich noch die beigef\u00fcgten Fotos.Nur etwa 15 Kilometer vom Stadtzentrum entfernt entstand in Nadolice Wielkie (fr\u00fcher Gro\u00df N\u00e4dlitz) auf einem \u00fcber drei Hektar gro\u00dfen Gel\u00e4nde eine deutsche Kriegsgr\u00e4berst\u00e4tte f\u00fcr etwa 18000 Gefallene; ein Sammelfriedhof, auf dem alle im Raum Niederschlesien noch zu bergenden Kriegsopfer eine endg\u00fcltige Ruhest\u00e4tte erhalten.Seit 1998 wurden etwa 12500 Kriegstote umgebettet.<\/p>\n<p>Bei der Planung dieses Friedhofes wurde die Idee f\u00fcr einen Friedenspark in die Gesamtgestaltung \u00fcbernommen. Die Begr\u00fcnung der Anlage erfolgte unter anderem mit \u00fcber 600 Laubb\u00e4umen (Ebereschen, Ahorne und Eichen). Jeder Baum hat einen Paten, der f\u00fcr die Pflanzung einen Betrag von 250 Euro gespendet und damit auch den Ausbau des Friedhofes mitfinanziert hat. Jeder Baum tr\u00e4gt eine Plakette mit einer Nummer und dem Namen des Spenders.<\/p>\n<p>Im Eingangsgeb\u00e4ude, in dem auch eine kleine Ausstellung \u00fcber die Aufgaben und Ziele des Volksbundes Deutsche Kriegsgr\u00e4berf\u00fcrsorge informiert, liegen B\u00fccher mit Namen und Daten der bereits identifizierten Gefallenen und der Baumpaten aus. Die Namen und Daten der hier Ruhenden sind auf Granitstelen angebracht, die am Rande des jeweiligen Belegungsblockes aufgestellt werden.<\/p>\n<p>In 2012 fanden umfangreiche Neubeschriftungen statt. In den Bl\u00f6cken 3, 5 und 8 wurden daher neue Namenstelen und Pultsteine angebracht.<\/p>\n<p>Am 5. Oktober 2002 fand die Einweihung dieser Anlage statt.<\/p>\n<p>Quelle Volksbund<\/p>\n<p>&nbsp;<\/p>\n<p>Gr\u00fc\u00dfe Hubert<a href=\"http:\/\/www.denkfried.de\/wp\/wp-content\/uploads\/2013\/04\/173.jpg\"><img loading=\"lazy\" decoding=\"async\" class=\"alignright size-medium wp-image-30106\" alt=\"Ansicht Friedenspark\" src=\"http:\/\/www.denkfried.de\/wp\/wp-content\/uploads\/2013\/04\/173-300x199.jpg\" width=\"300\" height=\"199\" srcset=\"http:\/\/www.denkfried.de\/wp\/wp-content\/uploads\/2013\/04\/173-300x199.jpg 300w, http:\/\/www.denkfried.de\/wp\/wp-content\/uploads\/2013\/04\/173.jpg 640w\" sizes=\"auto, (max-width: 300px) 100vw, 300px\" \/><\/a> <a href=\"http:\/\/www.denkfried.de\/wp\/wp-content\/uploads\/2013\/04\/183.jpg\"><img loading=\"lazy\" decoding=\"async\" class=\"alignleft size-medium wp-image-30107\" alt=\"Blick Eingangshalle\" src=\"http:\/\/www.denkfried.de\/wp\/wp-content\/uploads\/2013\/04\/183-300x199.jpg\" width=\"300\" height=\"199\" srcset=\"http:\/\/www.denkfried.de\/wp\/wp-content\/uploads\/2013\/04\/183-300x199.jpg 300w, http:\/\/www.denkfried.de\/wp\/wp-content\/uploads\/2013\/04\/183.jpg 640w\" sizes=\"auto, (max-width: 300px) 100vw, 300px\" \/><\/a> <a href=\"http:\/\/www.denkfried.de\/wp\/wp-content\/uploads\/2013\/04\/194.jpg\"><img loading=\"lazy\" decoding=\"async\" class=\"alignleft size-medium wp-image-30108\" alt=\"Hochkreutz\" src=\"http:\/\/www.denkfried.de\/wp\/wp-content\/uploads\/2013\/04\/194-199x300.jpg\" width=\"199\" height=\"300\" srcset=\"http:\/\/www.denkfried.de\/wp\/wp-content\/uploads\/2013\/04\/194-199x300.jpg 199w, http:\/\/www.denkfried.de\/wp\/wp-content\/uploads\/2013\/04\/194.jpg 425w\" sizes=\"auto, (max-width: 199px) 100vw, 199px\" \/><\/a> <a href=\"http:\/\/www.denkfried.de\/wp\/wp-content\/uploads\/2013\/04\/196.jpg\"><img loading=\"lazy\" decoding=\"async\" class=\"alignright size-medium wp-image-30109\" alt=\"Denkschrift Hochkreutz\" src=\"http:\/\/www.denkfried.de\/wp\/wp-content\/uploads\/2013\/04\/196-300x199.jpg\" width=\"300\" height=\"199\" srcset=\"http:\/\/www.denkfried.de\/wp\/wp-content\/uploads\/2013\/04\/196-300x199.jpg 300w, http:\/\/www.denkfried.de\/wp\/wp-content\/uploads\/2013\/04\/196.jpg 640w\" sizes=\"auto, (max-width: 300px) 100vw, 300px\" \/><\/a> <a href=\"http:\/\/www.denkfried.de\/wp\/wp-content\/uploads\/2013\/04\/201.jpg\"><img loading=\"lazy\" decoding=\"async\" class=\"aligncenter size-medium wp-image-30110\" alt=\"Ansicht Gruppenkreutze\" src=\"http:\/\/www.denkfried.de\/wp\/wp-content\/uploads\/2013\/04\/201-300x199.jpg\" width=\"300\" height=\"199\" srcset=\"http:\/\/www.denkfried.de\/wp\/wp-content\/uploads\/2013\/04\/201-300x199.jpg 300w, http:\/\/www.denkfried.de\/wp\/wp-content\/uploads\/2013\/04\/201.jpg 640w\" sizes=\"auto, (max-width: 300px) 100vw, 300px\" \/><\/a> <a href=\"http:\/\/www.denkfried.de\/wp\/wp-content\/uploads\/2013\/04\/207.jpg\"><img loading=\"lazy\" decoding=\"async\" class=\"alignright size-medium wp-image-30111\" alt=\"Ansicht Hochkreutz \" src=\"http:\/\/www.denkfried.de\/wp\/wp-content\/uploads\/2013\/04\/207-300x199.jpg\" width=\"300\" height=\"199\" srcset=\"http:\/\/www.denkfried.de\/wp\/wp-content\/uploads\/2013\/04\/207-300x199.jpg 300w, http:\/\/www.denkfried.de\/wp\/wp-content\/uploads\/2013\/04\/207.jpg 640w\" sizes=\"auto, (max-width: 300px) 100vw, 300px\" \/><\/a> <a href=\"http:\/\/www.denkfried.de\/wp\/wp-content\/uploads\/2013\/04\/209.jpg\"><img loading=\"lazy\" decoding=\"async\" class=\"alignleft size-medium wp-image-30112\" alt=\"Ansicht Gr\u00e4berfeld\" src=\"http:\/\/www.denkfried.de\/wp\/wp-content\/uploads\/2013\/04\/209-300x199.jpg\" width=\"300\" height=\"199\" srcset=\"http:\/\/www.denkfried.de\/wp\/wp-content\/uploads\/2013\/04\/209-300x199.jpg 300w, http:\/\/www.denkfried.de\/wp\/wp-content\/uploads\/2013\/04\/209.jpg 640w\" sizes=\"auto, (max-width: 300px) 100vw, 300px\" \/><\/a> <a href=\"http:\/\/www.denkfried.de\/wp\/wp-content\/uploads\/2013\/04\/214.jpg\"><img loading=\"lazy\" decoding=\"async\" class=\"aligncenter size-medium wp-image-30113\" alt=\"Namenssteelen \" src=\"http:\/\/www.denkfried.de\/wp\/wp-content\/uploads\/2013\/04\/214-300x199.jpg\" width=\"300\" height=\"199\" srcset=\"http:\/\/www.denkfried.de\/wp\/wp-content\/uploads\/2013\/04\/214-300x199.jpg 300w, http:\/\/www.denkfried.de\/wp\/wp-content\/uploads\/2013\/04\/214.jpg 640w\" sizes=\"auto, (max-width: 300px) 100vw, 300px\" \/><\/a><a href=\"http:\/\/www.denkfried.de\/wp\/wp-content\/uploads\/2013\/04\/157.jpg\"><img loading=\"lazy\" decoding=\"async\" class=\"alignleft size-medium wp-image-30099\" alt=\"Eingangsgeb\u00e4ude Gro\u00df N\u00e4dlitz\" src=\"http:\/\/www.denkfried.de\/wp\/wp-content\/uploads\/2013\/04\/157-199x300.jpg\" width=\"199\" height=\"300\" srcset=\"http:\/\/www.denkfried.de\/wp\/wp-content\/uploads\/2013\/04\/157-199x300.jpg 199w, http:\/\/www.denkfried.de\/wp\/wp-content\/uploads\/2013\/04\/157.jpg 425w\" sizes=\"auto, (max-width: 199px) 100vw, 199px\" \/><\/a><a href=\"http:\/\/www.denkfried.de\/wp\/wp-content\/uploads\/2013\/04\/158.jpg\"><img loading=\"lazy\" decoding=\"async\" class=\"aligncenter size-medium wp-image-30100\" alt=\"Hinweistafel\" src=\"http:\/\/www.denkfried.de\/wp\/wp-content\/uploads\/2013\/04\/158-199x300.jpg\" width=\"199\" height=\"300\" srcset=\"http:\/\/www.denkfried.de\/wp\/wp-content\/uploads\/2013\/04\/158-199x300.jpg 199w, http:\/\/www.denkfried.de\/wp\/wp-content\/uploads\/2013\/04\/158.jpg 425w\" sizes=\"auto, (max-width: 199px) 100vw, 199px\" \/><\/a><a href=\"http:\/\/www.denkfried.de\/wp\/wp-content\/uploads\/2013\/04\/164.jpg\"><img loading=\"lazy\" decoding=\"async\" class=\"aligncenter size-medium wp-image-30101\" alt=\"Gedenkstein mit Gr\u00e4berfeld\" src=\"http:\/\/www.denkfried.de\/wp\/wp-content\/uploads\/2013\/04\/164-300x199.jpg\" width=\"300\" height=\"199\" srcset=\"http:\/\/www.denkfried.de\/wp\/wp-content\/uploads\/2013\/04\/164-300x199.jpg 300w, http:\/\/www.denkfried.de\/wp\/wp-content\/uploads\/2013\/04\/164.jpg 640w\" sizes=\"auto, (max-width: 300px) 100vw, 300px\" \/><\/a><\/p>\n","protected":false},"excerpt":{"rendered":"<p>&nbsp; Gro\u00df N\u00e4dlitz Ich war im M\u00e4rz 2013 mit einer Reisegruppe auf den deutschen Soldatenfriedhof Gro\u00df N\u00e4dlitz und legten einen Kranz nieder.Anschlie\u00dfend machte ich noch die beigef\u00fcgten Fotos.Nur etwa 15 Kilometer vom Stadtzentrum entfernt entstand in Nadolice Wielkie (fr\u00fcher Gro\u00df &hellip; <a href=\"http:\/\/www.denkfried.de\/wp\/?page_id=30098\">Weiterlesen <span class=\"meta-nav\">&rarr;<\/span><\/a><\/p>\n","protected":false},"author":7,"featured_media":0,"parent":331,"menu_order":0,"comment_status":"closed","ping_status":"open","template":"","meta":{"footnotes":""},"class_list":["post-30098","page","type-page","status-publish","hentry"],"_links":{"self":[{"href":"http:\/\/www.denkfried.de\/wp\/index.php?rest_route=\/wp\/v2\/pages\/30098","targetHints":{"allow":["GET"]}}],"collection":[{"href":"http:\/\/www.denkfried.de\/wp\/index.php?rest_route=\/wp\/v2\/pages"}],"about":[{"href":"http:\/\/www.denkfried.de\/wp\/index.php?rest_route=\/wp\/v2\/types\/page"}],"author":[{"embeddable":true,"href":"http:\/\/www.denkfried.de\/wp\/index.php?rest_route=\/wp\/v2\/users\/7"}],"replies":[{"embeddable":true,"href":"http:\/\/www.denkfried.de\/wp\/index.php?rest_route=%2Fwp%2Fv2%2Fcomments&post=30098"}],"version-history":[{"count":1,"href":"http:\/\/www.denkfried.de\/wp\/index.php?rest_route=\/wp\/v2\/pages\/30098\/revisions"}],"predecessor-version":[{"id":30114,"href":"http:\/\/www.denkfried.de\/wp\/index.php?rest_route=\/wp\/v2\/pages\/30098\/revisions\/30114"}],"up":[{"embeddable":true,"href":"http:\/\/www.denkfried.de\/wp\/index.php?rest_route=\/wp\/v2\/pages\/331"}],"wp:attachment":[{"href":"http:\/\/www.denkfried.de\/wp\/index.php?rest_route=%2Fwp%2Fv2%2Fmedia&parent=30098"}],"curies":[{"name":"wp","href":"https:\/\/api.w.org\/{rel}","templated":true}]}}