{"id":30062,"date":"2013-03-28T13:19:55","date_gmt":"2013-03-28T12:19:55","guid":{"rendered":"http:\/\/www.denkfried.de\/wp\/?page_id=30062"},"modified":"2015-11-16T19:53:44","modified_gmt":"2015-11-16T18:53:44","slug":"friedenssaule","status":"publish","type":"page","link":"http:\/\/www.denkfried.de\/wp\/?page_id=30062","title":{"rendered":"&#8211; Friedenss\u00e4ule"},"content":{"rendered":"<p>&nbsp;<\/p>\n<p><span style=\"text-decoration: underline;\">10969 Berlin-<strong>Kreuzberg<\/strong><\/span> Friedenss\u00e4ule am Mehringplatz<\/p>\n<p>Bericht und Bilder von Thomas\u00a0<a href=\"http:\/\/g-bb.jimdo.com\/\">Gefallenendenkm\u00e4ler Berlin\/Brandenburg<\/a><\/p>\n<div id='gallery-1' class='gallery galleryid-30062 gallery-columns-3 gallery-size-thumbnail'><dl class='gallery-item'>\n\t\t\t<dt class='gallery-icon landscape'>\n\t\t\t\t<a href='http:\/\/www.denkfried.de\/wp\/?attachment_id=30069'><img loading=\"lazy\" decoding=\"async\" width=\"150\" height=\"150\" src=\"http:\/\/www.denkfried.de\/wp\/wp-content\/uploads\/2013\/03\/Berlin-kreuzberg-Ehrenmal-Friedenss\u00e4ule-150x150.jpg\" class=\"attachment-thumbnail size-thumbnail\" alt=\"\" \/><\/a>\n\t\t\t<\/dt><\/dl><dl class='gallery-item'>\n\t\t\t<dt class='gallery-icon landscape'>\n\t\t\t\t<a href='http:\/\/www.denkfried.de\/wp\/?attachment_id=34915'><img loading=\"lazy\" decoding=\"async\" width=\"150\" height=\"150\" src=\"http:\/\/www.denkfried.de\/wp\/wp-content\/uploads\/2013\/03\/Berlin-Kreuzberg-Friedenss\u00e4ule-Mehringsplatz-150x150.jpg\" class=\"attachment-thumbnail size-thumbnail\" alt=\"\" \/><\/a>\n\t\t\t<\/dt><\/dl><dl class='gallery-item'>\n\t\t\t<dt class='gallery-icon landscape'>\n\t\t\t\t<a href='http:\/\/www.denkfried.de\/wp\/?attachment_id=34916'><img loading=\"lazy\" decoding=\"async\" width=\"150\" height=\"150\" src=\"http:\/\/www.denkfried.de\/wp\/wp-content\/uploads\/2013\/03\/Berlin-Kreuzberg-Friedenss\u00e4ule-Mehringsplatz-3-150x150.jpg\" class=\"attachment-thumbnail size-thumbnail\" alt=\"\" \/><\/a>\n\t\t\t<\/dt><\/dl><br style=\"clear: both\" \/><dl class='gallery-item'>\n\t\t\t<dt class='gallery-icon portrait'>\n\t\t\t\t<a href='http:\/\/www.denkfried.de\/wp\/?attachment_id=35737'><img loading=\"lazy\" decoding=\"async\" width=\"150\" height=\"150\" src=\"http:\/\/www.denkfried.de\/wp\/wp-content\/uploads\/2013\/03\/Berlin-Kreuzberg-Friedenss\u00e4ule-150x150.jpg\" class=\"attachment-thumbnail size-thumbnail\" alt=\"\" \/><\/a>\n\t\t\t<\/dt><\/dl><dl class='gallery-item'>\n\t\t\t<dt class='gallery-icon portrait'>\n\t\t\t\t<a href='http:\/\/www.denkfried.de\/wp\/?attachment_id=35738'><img loading=\"lazy\" decoding=\"async\" width=\"150\" height=\"150\" src=\"http:\/\/www.denkfried.de\/wp\/wp-content\/uploads\/2013\/03\/Friedensengel-Berlin-kreuzberg-2-150x150.jpg\" class=\"attachment-thumbnail size-thumbnail\" alt=\"\" \/><\/a>\n\t\t\t<\/dt><\/dl><dl class='gallery-item'>\n\t\t\t<dt class='gallery-icon portrait'>\n\t\t\t\t<a href='http:\/\/www.denkfried.de\/wp\/?attachment_id=35739'><img loading=\"lazy\" decoding=\"async\" width=\"150\" height=\"150\" src=\"http:\/\/www.denkfried.de\/wp\/wp-content\/uploads\/2013\/03\/Friedensengel-Berlin-kreuzberg-3-150x150.jpg\" class=\"attachment-thumbnail size-thumbnail\" alt=\"\" \/><\/a>\n\t\t\t<\/dt><\/dl><br style=\"clear: both\" \/>\n\t\t<\/div>\n\n<p>Ein Gedenkbrunnen mit Friedenss\u00e4ule und Siegesg\u00f6ttin, wurde 1843 errichtet. Der Platz wurde am 22. Oktober 1815 nach den Befreiungskrieg unbenannt von Rondell am Halleschen Thore zu Belle-Alliance-Platz. Auschlagebend war hierf\u00fcr die Schlacht bei Waterloo am 18. Juni 1815 in der englische und preu\u00dfische Truppen unter Wellington und Bl\u00fccher die Armee Napoleons entscheidend besiegten. Bl\u00fccher benannte die Schlacht sp\u00e4ter nach dem Geh\u00f6ft Belle-Alliance, s\u00fcdlich von Waterloo in Belgien gelegen, in dem er mit dem englischen Heerf\u00fchrer zusammentraf. Wellington gab der Schlacht den Namen des Dorfes Waterloo, in dem er sein Hauptquartier hatte. Die S\u00e4ule ist fast 19 Meter hoch. Ein alte Postkarte zweigt das Denkmal im Jahre 1904, vom Photografen Max Skladanowsky.<\/p>\n<p>Inzwischen ist es dem Fachbereich Gr\u00fcnfl\u00e4chen des Bezirksamts gelungen, die erforderlichen Mittel zu akquirieren, damit im Anschluss an die Arbeiten der BVG das gesamte Ensemble wieder aufgebaut werden kann.<br \/>\nDie BVG wird ihre Arbeiten an der Tunneldecke in diesem Bereich am 1.09.2013 abschlie\u00dfen. Mit der Aufstellung der S\u00e4ule und des Brunnens durch den Fachbereich Gr\u00fcnfl\u00e4chen kann ab dem 2.9.2013 begonnen werden.<\/p>\n<p>Mit der Restaurierung des Friedens-Engel wurde bereits im Juli 2013 begonnen. Diese Arbeiten werden im September 2013 abgeschlossen sein.<br \/>\nNach derzeitiger Einsch\u00e4tzung wird die Gesamtanlage zu Ostern 2014 fertiggestellt sein. Die Gesamtkosten belaufen sich auf 700000,00 Euro und werden aus dem Programm\u201e St\u00e4dtebaulichen Denkmalschutz 2012\u201c finanziert.<\/p>\n<p>Bei meinem Besuch am 6. Juli 2014 war die &#8222;Victoriafigur&#8220; wieder auf dem Denkmal aufgesetzt. Die gesamte Anlage wird jedoch noch bis Anfang 2015 bebaut.<\/p>\n<p>Quelle: berlin.de<\/p>\n","protected":false},"excerpt":{"rendered":"<p>&nbsp; 10969 Berlin-Kreuzberg Friedenss\u00e4ule am Mehringplatz Bericht und Bilder von Thomas\u00a0Gefallenendenkm\u00e4ler Berlin\/Brandenburg Ein Gedenkbrunnen mit Friedenss\u00e4ule und Siegesg\u00f6ttin, wurde 1843 errichtet. Der Platz wurde am 22. Oktober 1815 nach den Befreiungskrieg unbenannt von Rondell am Halleschen Thore zu Belle-Alliance-Platz. Auschlagebend &hellip; <a href=\"http:\/\/www.denkfried.de\/wp\/?page_id=30062\">Weiterlesen <span class=\"meta-nav\">&rarr;<\/span><\/a><\/p>\n","protected":false},"author":9,"featured_media":0,"parent":16063,"menu_order":0,"comment_status":"closed","ping_status":"open","template":"","meta":{"footnotes":""},"class_list":["post-30062","page","type-page","status-publish","hentry"],"_links":{"self":[{"href":"http:\/\/www.denkfried.de\/wp\/index.php?rest_route=\/wp\/v2\/pages\/30062","targetHints":{"allow":["GET"]}}],"collection":[{"href":"http:\/\/www.denkfried.de\/wp\/index.php?rest_route=\/wp\/v2\/pages"}],"about":[{"href":"http:\/\/www.denkfried.de\/wp\/index.php?rest_route=\/wp\/v2\/types\/page"}],"author":[{"embeddable":true,"href":"http:\/\/www.denkfried.de\/wp\/index.php?rest_route=\/wp\/v2\/users\/9"}],"replies":[{"embeddable":true,"href":"http:\/\/www.denkfried.de\/wp\/index.php?rest_route=%2Fwp%2Fv2%2Fcomments&post=30062"}],"version-history":[{"count":20,"href":"http:\/\/www.denkfried.de\/wp\/index.php?rest_route=\/wp\/v2\/pages\/30062\/revisions"}],"predecessor-version":[{"id":39449,"href":"http:\/\/www.denkfried.de\/wp\/index.php?rest_route=\/wp\/v2\/pages\/30062\/revisions\/39449"}],"up":[{"embeddable":true,"href":"http:\/\/www.denkfried.de\/wp\/index.php?rest_route=\/wp\/v2\/pages\/16063"}],"wp:attachment":[{"href":"http:\/\/www.denkfried.de\/wp\/index.php?rest_route=%2Fwp%2Fv2%2Fmedia&parent=30062"}],"curies":[{"name":"wp","href":"https:\/\/api.w.org\/{rel}","templated":true}]}}