{"id":29819,"date":"2013-03-15T20:45:56","date_gmt":"2013-03-15T19:45:56","guid":{"rendered":"http:\/\/www.denkfried.de\/wp\/?page_id=29819"},"modified":"2015-12-29T20:06:00","modified_gmt":"2015-12-29T19:06:00","slug":"mellensee","status":"publish","type":"page","link":"http:\/\/www.denkfried.de\/wp\/?page_id=29819","title":{"rendered":"Mellensee"},"content":{"rendered":"<p>&nbsp;<\/p>\n<p><strong><em>Mellensee<\/em><\/strong> am gleichnamigen Mellensee gelegen, ist ein Ortsteil der amtsfreien Gemeinde Am Mellensee im Landkreis Teltow-Fl\u00e4ming.<\/p>\n<p>Bericht von Thomas\u00a0<a href=\"http:\/\/g-bb.jimdo.com\/\">Gefallenendenkm\u00e4ler Berlin\/Brandenburg<\/a><\/p>\n<div id='gallery-1' class='gallery galleryid-29819 gallery-columns-4 gallery-size-thumbnail'><dl class='gallery-item'>\n\t\t\t<dt class='gallery-icon landscape'>\n\t\t\t\t<a href='http:\/\/www.denkfried.de\/wp\/?attachment_id=32224'><img loading=\"lazy\" decoding=\"async\" width=\"150\" height=\"150\" src=\"http:\/\/www.denkfried.de\/wp\/wp-content\/uploads\/2013\/03\/Mellensee-Heldenfriedhof-1813-150x150.jpg\" class=\"attachment-thumbnail size-thumbnail\" alt=\"\" \/><\/a>\n\t\t\t<\/dt><\/dl><dl class='gallery-item'>\n\t\t\t<dt class='gallery-icon landscape'>\n\t\t\t\t<a href='http:\/\/www.denkfried.de\/wp\/?attachment_id=32223'><img loading=\"lazy\" decoding=\"async\" width=\"150\" height=\"150\" src=\"http:\/\/www.denkfried.de\/wp\/wp-content\/uploads\/2013\/03\/Mellensee-Grab-1813-150x150.jpg\" class=\"attachment-thumbnail size-thumbnail\" alt=\"\" \/><\/a>\n\t\t\t<\/dt><\/dl><dl class='gallery-item'>\n\t\t\t<dt class='gallery-icon landscape'>\n\t\t\t\t<a href='http:\/\/www.denkfried.de\/wp\/?attachment_id=32221'><img loading=\"lazy\" decoding=\"async\" width=\"150\" height=\"150\" src=\"http:\/\/www.denkfried.de\/wp\/wp-content\/uploads\/2013\/03\/Mellensee-Gedenktafel-Friedhof-1813-150x150.jpg\" class=\"attachment-thumbnail size-thumbnail\" alt=\"\" \/><\/a>\n\t\t\t<\/dt><\/dl><dl class='gallery-item'>\n\t\t\t<dt class='gallery-icon portrait'>\n\t\t\t\t<a href='http:\/\/www.denkfried.de\/wp\/?attachment_id=32220'><img loading=\"lazy\" decoding=\"async\" width=\"150\" height=\"150\" src=\"http:\/\/www.denkfried.de\/wp\/wp-content\/uploads\/2013\/03\/Mellensee-Gedenkstein-1813-150x150.jpg\" class=\"attachment-thumbnail size-thumbnail\" alt=\"\" \/><\/a>\n\t\t\t<\/dt><\/dl><br style=\"clear: both\" \/><dl class='gallery-item'>\n\t\t\t<dt class='gallery-icon landscape'>\n\t\t\t\t<a href='http:\/\/www.denkfried.de\/wp\/?attachment_id=32225'><img loading=\"lazy\" decoding=\"async\" width=\"150\" height=\"150\" src=\"http:\/\/www.denkfried.de\/wp\/wp-content\/uploads\/2013\/03\/Gedenktafel-Schlacht-bei-Mellensee-1813-150x150.jpg\" class=\"attachment-thumbnail size-thumbnail\" alt=\"\" \/><\/a>\n\t\t\t<\/dt><\/dl><dl class='gallery-item'>\n\t\t\t<dt class='gallery-icon landscape'>\n\t\t\t\t<a href='http:\/\/www.denkfried.de\/wp\/?attachment_id=32222'><img loading=\"lazy\" decoding=\"async\" width=\"150\" height=\"150\" src=\"http:\/\/www.denkfried.de\/wp\/wp-content\/uploads\/2013\/03\/Mellensee-Gedenktafel-zum-Gefecht-1813-150x150.jpg\" class=\"attachment-thumbnail size-thumbnail\" alt=\"\" \/><\/a>\n\t\t\t<\/dt><\/dl><dl class='gallery-item'>\n\t\t\t<dt class='gallery-icon landscape'>\n\t\t\t\t<a href='http:\/\/www.denkfried.de\/wp\/?attachment_id=32218'><img loading=\"lazy\" decoding=\"async\" width=\"150\" height=\"150\" src=\"http:\/\/www.denkfried.de\/wp\/wp-content\/uploads\/2013\/03\/Mellensee-Denkmal-1914-1918-2-150x150.jpg\" class=\"attachment-thumbnail size-thumbnail\" alt=\"\" \/><\/a>\n\t\t\t<\/dt><\/dl><dl class='gallery-item'>\n\t\t\t<dt class='gallery-icon portrait'>\n\t\t\t\t<a href='http:\/\/www.denkfried.de\/wp\/?attachment_id=32219'><img loading=\"lazy\" decoding=\"async\" width=\"150\" height=\"150\" src=\"http:\/\/www.denkfried.de\/wp\/wp-content\/uploads\/2013\/03\/Mellensee-Denkmal-1914-1918-150x150.jpg\" class=\"attachment-thumbnail size-thumbnail\" alt=\"\" \/><\/a>\n\t\t\t<\/dt><\/dl><br style=\"clear: both\" \/>\n\t\t<\/div>\n\n<p>Am 21. August 1813 kam es am M\u00fchlenflie\u00df zu einem Gefecht zwischen preu\u00dfischen Truppen, die sich \u00f6stlich davon verschanzt hatten, und franz\u00f6sischen Truppen, die auf Zossen vorr\u00fccken wollten. Der Angriff wurde auf der Br\u00fccke zur\u00fcckgeschlagen. Die Verteidiger verloren zwei Offiziere und elf Soldaten. Vier Soldaten, die bei Mellensee gefallen waren, wurden auf einem kleinen Friedhof am Rande des damaligen Ortes beigesetzt. Heute ringrum bebaut liegt der Friedhof an der Hauptstra\u00dfe.<\/p>\n<p>Gedenkstein am Eingang:<\/p>\n<address style=\"text-align: center;\"><strong>Hier ruhen in Gott die im Freiheitskriege am<\/strong><\/address>\n<address style=\"text-align: center;\"><strong>21. August 1813 bei Mellensee gefallenen Krieger<\/strong><\/address>\n<address style=\"text-align: center;\">\u00a0<\/address>\n<p>Denkmal im hinterem Friedhofsteil:<\/p>\n<address style=\"text-align: center;\"><em><strong>Dem Andenken der hier am <\/strong><\/em><\/address>\n<address style=\"text-align: center;\"><em><strong>21. August 1813<\/strong><\/em><\/address>\n<address style=\"text-align: center;\"><em><strong>gefallenen Kriegern<\/strong><\/em><\/address>\n<address style=\"text-align: center;\">\u00a0<\/address>\n<p>Erneuert 1887 vom Grenadier-Regiment K\u00f6nig-Friedrich-Wilhelm IV (1. Pommersches Nr.2 ). Namentlich zu erkenende Gr\u00e4ber:<\/p>\n<p>Leutnant Leo von Borke und der freiwillige J\u00e4ger Eisenhardt, rechts vom Denkmal die F\u00fcsiliere Albrecht und Neukammer. Als Angeh\u00f6rige der preu\u00dfischen Armee starben sie am 21. August 1813 in dem Gefecht bei Mellen am \u00dcbergang der Nottekanals sie 2 Tage lang den franz\u00f6sischen Truppen Widerstand leisteten.<\/p>\n<p>Am \u00dcbergang der Nottebr\u00fccke, befindet sich eine Gedenktafel mit historischen Daten zum Gefecht 1813 in Mellen und Umgebung.<\/p>\n<p><span style=\"text-decoration: underline;\"><strong>Denkmal 1914-1918<\/strong><\/span> befindet sich, nahe des alten Bahnhofs in richtung Saalow.<\/p>\n<p>Das Denkmal ist auf einer kleinen Anh\u00f6he, ein Treppe f\u00fchrt zum Denkmal. Seitlich eingearbeitet zwei eiserne Kreuze, unter den 17 Namen ein Helm. Folgende Inschrift ist zu Lesen:<\/p>\n<address style=\"text-align: center;\"><em><strong>F\u00fcr\u00b4s Vaterland starben<\/strong><\/em><\/address>\n<address style=\"text-align: center;\"><em><strong>1914 &#8211; 1918<\/strong><\/em><\/address>\n<address style=\"text-align: center;\">\u00a0<\/address>\n<address style=\"text-align: center;\"><em><strong>Die dankbare Gemeinde<\/strong><\/em><\/address>\n<address style=\"text-align: center;\"><em><strong>Mellen ihren S\u00f6hnen<\/strong><\/em><\/address>\n<address style=\"text-align: center;\">\u00a0<\/address>\n<p>Die Namen wurden in die Datenbank eingepflegt.<\/p>\n","protected":false},"excerpt":{"rendered":"<p>&nbsp; Mellensee am gleichnamigen Mellensee gelegen, ist ein Ortsteil der amtsfreien Gemeinde Am Mellensee im Landkreis Teltow-Fl\u00e4ming. Bericht von Thomas\u00a0Gefallenendenkm\u00e4ler Berlin\/Brandenburg Am 21. August 1813 kam es am M\u00fchlenflie\u00df zu einem Gefecht zwischen preu\u00dfischen Truppen, die sich \u00f6stlich davon verschanzt &hellip; <a href=\"http:\/\/www.denkfried.de\/wp\/?page_id=29819\">Weiterlesen <span class=\"meta-nav\">&rarr;<\/span><\/a><\/p>\n","protected":false},"author":9,"featured_media":0,"parent":4749,"menu_order":0,"comment_status":"closed","ping_status":"open","template":"","meta":{"footnotes":""},"class_list":["post-29819","page","type-page","status-publish","hentry"],"_links":{"self":[{"href":"http:\/\/www.denkfried.de\/wp\/index.php?rest_route=\/wp\/v2\/pages\/29819","targetHints":{"allow":["GET"]}}],"collection":[{"href":"http:\/\/www.denkfried.de\/wp\/index.php?rest_route=\/wp\/v2\/pages"}],"about":[{"href":"http:\/\/www.denkfried.de\/wp\/index.php?rest_route=\/wp\/v2\/types\/page"}],"author":[{"embeddable":true,"href":"http:\/\/www.denkfried.de\/wp\/index.php?rest_route=\/wp\/v2\/users\/9"}],"replies":[{"embeddable":true,"href":"http:\/\/www.denkfried.de\/wp\/index.php?rest_route=%2Fwp%2Fv2%2Fcomments&post=29819"}],"version-history":[{"count":17,"href":"http:\/\/www.denkfried.de\/wp\/index.php?rest_route=\/wp\/v2\/pages\/29819\/revisions"}],"predecessor-version":[{"id":40198,"href":"http:\/\/www.denkfried.de\/wp\/index.php?rest_route=\/wp\/v2\/pages\/29819\/revisions\/40198"}],"up":[{"embeddable":true,"href":"http:\/\/www.denkfried.de\/wp\/index.php?rest_route=\/wp\/v2\/pages\/4749"}],"wp:attachment":[{"href":"http:\/\/www.denkfried.de\/wp\/index.php?rest_route=%2Fwp%2Fv2%2Fmedia&parent=29819"}],"curies":[{"name":"wp","href":"https:\/\/api.w.org\/{rel}","templated":true}]}}