{"id":29794,"date":"2013-03-15T19:33:03","date_gmt":"2013-03-15T18:33:03","guid":{"rendered":"http:\/\/www.denkfried.de\/wp\/?page_id=29794"},"modified":"2013-03-16T11:24:29","modified_gmt":"2013-03-16T10:24:29","slug":"mechtersheim","status":"publish","type":"page","link":"http:\/\/www.denkfried.de\/wp\/?page_id=29794","title":{"rendered":"Mechtersheim"},"content":{"rendered":"<p>&nbsp;<\/p>\n<p><strong>Mechtersheim<\/strong> in der Verbandsgemeinde R\u00f6merberg<\/p>\n<p>Beitrag von Thomas <a href=\"http:\/\/potsdamer-ehrenmale.de.tl\/Hauptseite.htm\">Potsdamer-Ehrenmale.de<\/a><\/p>\n<p>In der Nacht vom 24. zum 25. April 1944 kam es zu einem massiven Angriff englischer Fliegerbomber auf Mechterheim. Im Westteil des Dorfes fielen zahlreiche 60 cm lange und 8 cm dicke Phosphorstabbomben vom Himmel. Innerhalb k\u00fcrzester Zeit brannte es an 58 Stellen im Dorf. In der protestantische Kirche, vermutlich von Funkenflug getroffen, brannte der ganze Innenraum sowie der Glockenturm; die schlie\u00dflich zusammenbrechende Turmhaube st\u00fcrzte ins Kirchenschiff.<\/p>\n<p><a href=\"http:\/\/www.denkfried.de\/wp\/?attachment_id=29840\" rel=\"attachment wp-att-29840\"><img loading=\"lazy\" decoding=\"async\" class=\"alignnone size-medium wp-image-29840\" alt=\"Ehrengr\u00e4ber Mechtersheim\" src=\"http:\/\/www.denkfried.de\/wp\/wp-content\/uploads\/2013\/03\/Ehrengr\u00e4ber-Mechtersheim-300x216.jpg\" width=\"300\" height=\"216\" srcset=\"http:\/\/www.denkfried.de\/wp\/wp-content\/uploads\/2013\/03\/Ehrengr\u00e4ber-Mechtersheim-300x216.jpg 300w, http:\/\/www.denkfried.de\/wp\/wp-content\/uploads\/2013\/03\/Ehrengr\u00e4ber-Mechtersheim.jpg 640w\" sizes=\"auto, (max-width: 300px) 100vw, 300px\" \/><\/a><\/p>\n<p><span style=\"text-decoration: underline;\"><strong>Kriegsgr\u00e4ber<\/strong><\/span><\/p>\n<p>Auf dem Friedhof gibt es 8 Gr\u00e4ber von Gefallenen des Ersten Weltkrieges. Die Toten wurden im bzw. nach Kriegsende in die Heimat \u00fcberf\u00fchrt. Die Gr\u00e4ber befinden sich an der hinteren Friedhofsmauer. Auf den Steinkreuzen sind die Namen sowie Geburts- und Todesdatum angebracht.<\/p>\n<p><span style=\"text-decoration: underline;\"><strong>Denkmal<\/strong><\/span><\/p>\n<p>Vor dem Gemeinde Friedhof befindet sich ein Denkmal, zu erkennen sit hier ein Krieger im Kampf mit einem Drachen. Unter dem Reliefbild ist folgende Inschrift:<\/p>\n<p style=\"text-align: center;\"><strong><span style=\"font-size: medium;\">UNSEREN GEFALLENEN<br \/>\n1914 -1918 \/ 1939 -1945<\/span><\/strong><\/p>\n<p>Die Namen sind auch im Gedenkbuch der Gemeinde R\u00f6merberg verzeichnet, sie werden in die Datenbank eingepflegt.<\/p>\n<p>&nbsp;<\/p>\n","protected":false},"excerpt":{"rendered":"<p>&nbsp; Mechtersheim in der Verbandsgemeinde R\u00f6merberg Beitrag von Thomas Potsdamer-Ehrenmale.de In der Nacht vom 24. zum 25. April 1944 kam es zu einem massiven Angriff englischer Fliegerbomber auf Mechterheim. Im Westteil des Dorfes fielen zahlreiche 60 cm lange und 8 &hellip; <a href=\"http:\/\/www.denkfried.de\/wp\/?page_id=29794\">Weiterlesen <span class=\"meta-nav\">&rarr;<\/span><\/a><\/p>\n","protected":false},"author":9,"featured_media":0,"parent":29779,"menu_order":0,"comment_status":"closed","ping_status":"open","template":"","meta":{"footnotes":""},"class_list":["post-29794","page","type-page","status-publish","hentry"],"_links":{"self":[{"href":"http:\/\/www.denkfried.de\/wp\/index.php?rest_route=\/wp\/v2\/pages\/29794","targetHints":{"allow":["GET"]}}],"collection":[{"href":"http:\/\/www.denkfried.de\/wp\/index.php?rest_route=\/wp\/v2\/pages"}],"about":[{"href":"http:\/\/www.denkfried.de\/wp\/index.php?rest_route=\/wp\/v2\/types\/page"}],"author":[{"embeddable":true,"href":"http:\/\/www.denkfried.de\/wp\/index.php?rest_route=\/wp\/v2\/users\/9"}],"replies":[{"embeddable":true,"href":"http:\/\/www.denkfried.de\/wp\/index.php?rest_route=%2Fwp%2Fv2%2Fcomments&post=29794"}],"version-history":[{"count":10,"href":"http:\/\/www.denkfried.de\/wp\/index.php?rest_route=\/wp\/v2\/pages\/29794\/revisions"}],"predecessor-version":[{"id":29796,"href":"http:\/\/www.denkfried.de\/wp\/index.php?rest_route=\/wp\/v2\/pages\/29794\/revisions\/29796"}],"up":[{"embeddable":true,"href":"http:\/\/www.denkfried.de\/wp\/index.php?rest_route=\/wp\/v2\/pages\/29779"}],"wp:attachment":[{"href":"http:\/\/www.denkfried.de\/wp\/index.php?rest_route=%2Fwp%2Fv2%2Fmedia&parent=29794"}],"curies":[{"name":"wp","href":"https:\/\/api.w.org\/{rel}","templated":true}]}}